{"id":211,"date":"2023-11-09T17:35:41","date_gmt":"2023-11-09T20:35:41","guid":{"rendered":"https:\/\/wp.ufpel.edu.br\/musicalic\/?page_id=211"},"modified":"2023-11-09T18:49:16","modified_gmt":"2023-11-09T21:49:16","slug":"vox","status":"publish","type":"page","link":"https:\/\/wp.ufpel.edu.br\/musicalic\/vox\/","title":{"rendered":"Vox"},"content":{"rendered":"<p><span style=\"font-family: arial, helvetica, sans-serif; font-size: 12pt; color: #000000;\">O projeto de extens\u00e3o Grupo VOX caracteriza-se por ser um grupo vocal misto de vozes adultas. Articula-se com as disciplinas de Laborat\u00f3rio Coral I,II e II, Reg\u00eancia II e III do curso de m\u00fasica-licenciatura. Executa vocal de distintos g\u00eaneros, per\u00edodos e est\u00e9ticas e proporciona aos estudantes de m\u00fasica-licenciatura um campo para pr\u00e1tica e pesquisa na \u00e1rea de canto coral , educa\u00e7\u00e3o musical e reg\u00eancia.<\/span><\/p>\n<p><strong><span style=\"font-family: arial, helvetica, sans-serif; font-size: 12pt; color: #000000;\">Objetivo Geral:<\/span><\/strong><\/p>\n<p><span style=\"font-family: arial, helvetica, sans-serif; font-size: 12pt; color: #000000;\">O Grupo VOX tem por objetivo geral o estudo, a prepara\u00e7\u00e3o e a execu\u00e7\u00e3o de repert\u00f3rio coral em diferentes estilos, g\u00eaneros e est\u00e9ticas musicais.<\/span><\/p>\n<p><strong><span style=\"font-family: arial, helvetica, sans-serif; font-size: 12pt; color: #000000;\">Metodologia:<\/span><\/strong><\/p>\n<p><span style=\"font-family: arial, helvetica, sans-serif; font-size: 12pt; color: #000000;\">a) O Grupo VOX ter\u00e1 ensaios semanais com a dura\u00e7\u00e3o de 2hs. Os ensaios s\u00e3o sempre gerais, com subdivis\u00e3o em naipes quando necess\u00e1rio, constando de orienta\u00e7\u00e3o vocal, ensino das pe\u00e7as e interpreta\u00e7\u00e3o do repert\u00f3rio; Os ensaios ser\u00e3o em modo presencial e ser\u00e1 complementado por estudo individualizado realizado com o apoio de grava\u00e7\u00f5es e guias previamente gravadas;<\/span><br \/>\n<span style=\"font-family: arial, helvetica, sans-serif; font-size: 12pt; color: #000000;\">c) Concertos e apresenta\u00e7\u00f5es: nos concertos o Grupo VOX compartilhar\u00e1 com o p\u00fablico o programa montado ao longo dos ensaios.<\/span><br \/>\n<span style=\"font-family: arial, helvetica, sans-serif; font-size: 12pt; color: #000000;\">D) Em articula\u00e7\u00e3o com o ensino, o projeto Grupo Vox, servir\u00e1 de espa\u00e7o de aplica\u00e7\u00e3o pr\u00e1tica das disciplinas Laborat\u00f3rio Coral I, II e II e Reg\u00eancia II e III.<\/span><\/p>\n<p><span style=\"font-family: arial, helvetica, sans-serif; font-size: 12pt; color: #000000;\"><strong>Encontros:<\/strong><\/span><\/p>\n<p><span style=\"font-family: arial, helvetica, sans-serif; font-size: 12pt; color: #000000;\"><strong>Dia:<\/strong> Ter\u00e7a-feira<\/span><\/p>\n<p><span style=\"font-family: arial, helvetica, sans-serif; font-size: 12pt; color: #000000;\"><strong>Hor\u00e1rio:<\/strong> 19:00 at\u00e9 20:30<\/span><\/p>\n<p><span style=\"font-family: arial, helvetica, sans-serif; font-size: 12pt; color: #000000;\"><strong>Local:<\/strong> Sala 402 &#8211; Centro de Artes &#8211; Bloco 2<\/span><\/p>\n<p>&nbsp;<\/p>\n<p><span style=\"font-family: arial, helvetica, sans-serif; color: #000000; font-size: 12pt;\"><strong>Mais informa\u00e7\u00f5es:<\/strong><\/span><\/p>\n","protected":false},"excerpt":{"rendered":"<p>O projeto de extens\u00e3o Grupo VOX caracteriza-se por ser um grupo vocal misto de vozes adultas. Articula-se com as disciplinas de Laborat\u00f3rio Coral I,II e II, Reg\u00eancia II e III do curso de m\u00fasica-licenciatura. Executa vocal de distintos g\u00eaneros, per\u00edodos e est\u00e9ticas e proporciona aos estudantes de m\u00fasica-licenciatura um campo para pr\u00e1tica e pesquisa na&hellip;<\/p>\n","protected":false},"author":1343,"featured_media":0,"parent":0,"menu_order":0,"comment_status":"closed","ping_status":"closed","template":"","meta":{"footnotes":""},"class_list":["post-211","page","type-page","status-publish","hentry"],"jetpack_sharing_enabled":true,"_links":{"self":[{"href":"https:\/\/wp.ufpel.edu.br\/musicalic\/wp-json\/wp\/v2\/pages\/211","targetHints":{"allow":["GET"]}}],"collection":[{"href":"https:\/\/wp.ufpel.edu.br\/musicalic\/wp-json\/wp\/v2\/pages"}],"about":[{"href":"https:\/\/wp.ufpel.edu.br\/musicalic\/wp-json\/wp\/v2\/types\/page"}],"author":[{"embeddable":true,"href":"https:\/\/wp.ufpel.edu.br\/musicalic\/wp-json\/wp\/v2\/users\/1343"}],"replies":[{"embeddable":true,"href":"https:\/\/wp.ufpel.edu.br\/musicalic\/wp-json\/wp\/v2\/comments?post=211"}],"version-history":[{"count":5,"href":"https:\/\/wp.ufpel.edu.br\/musicalic\/wp-json\/wp\/v2\/pages\/211\/revisions"}],"predecessor-version":[{"id":277,"href":"https:\/\/wp.ufpel.edu.br\/musicalic\/wp-json\/wp\/v2\/pages\/211\/revisions\/277"}],"wp:attachment":[{"href":"https:\/\/wp.ufpel.edu.br\/musicalic\/wp-json\/wp\/v2\/media?parent=211"}],"curies":[{"name":"wp","href":"https:\/\/api.w.org\/{rel}","templated":true}]}}