{"id":199,"date":"2023-11-09T17:30:41","date_gmt":"2023-11-09T20:30:41","guid":{"rendered":"https:\/\/wp.ufpel.edu.br\/musicalic\/?page_id=199"},"modified":"2023-11-09T20:01:28","modified_gmt":"2023-11-09T23:01:28","slug":"orin-eko-musicalidade-memoria-e-cultura","status":"publish","type":"page","link":"https:\/\/wp.ufpel.edu.br\/musicalic\/orin-eko-musicalidade-memoria-e-cultura\/","title":{"rendered":"Orin \u00c8k\u00f3: Musicalidade, Mem\u00f3ria e Cultura"},"content":{"rendered":"<p><strong><span style=\"font-family: arial, helvetica, sans-serif; font-size: 18pt; color: #000000;\"><a href=\"http:\/\/dgp.cnpq.br\/dgp\/espelhogrupo\/7765718352929823\">Orin \u00c8k\u00f3: Musicalidade, Mem\u00f3ria e Cultura<\/a>\u00a0<\/span><\/strong><\/p>\n<p>&nbsp;<\/p>\n<p style=\"text-align: justify;\"><span style=\"font-family: arial, helvetica, sans-serif; font-size: 12pt; color: #000000;\">O Grupo de Pesquisa Orin \u00c8k\u00f3: Musicalidade, Mem\u00f3ria e Cultura busca corroborar com os espa\u00e7os de reflex\u00e3o sobre a di\u00e1spora africana no Brasil a partir das rela\u00e7\u00f5es entre a Musicalidade, a Mem\u00f3ria e a Cultura. A musicalidade \u00e9 entendida como um campo sem\u00e2ntico que abarca as diversas possibilidades de trato com a produ\u00e7\u00e3o sonora no contexto afrodiasp\u00f3rico, desde a organiza\u00e7\u00e3o do som e do sil\u00eancio at\u00e9 as rela\u00e7\u00f5es imbricadas na performance e nos processos de ensino aprendizagem deste contexto. A Mem\u00f3ria, em uma perspectiva que se aproxima da ideia de SANKOFA, assumindo o l\u00f3cus de movimento, que permite um olhar para o passado no sentido de transformar o presente na reden\u00e7\u00e3o de um futuro. E a Cultura, enquanto espa\u00e7o formativo que atravessa as reflex\u00f5es do grupo como forma de registro, compreens\u00e3o e organiza\u00e7\u00e3o dos sujeitos que produzem arte, especificamente as artes sonoras, no contexto da contemporaneidade.<\/span><\/p>\n","protected":false},"excerpt":{"rendered":"<p>Orin \u00c8k\u00f3: Musicalidade, Mem\u00f3ria e Cultura\u00a0 &nbsp; O Grupo de Pesquisa Orin \u00c8k\u00f3: Musicalidade, Mem\u00f3ria e Cultura busca corroborar com os espa\u00e7os de reflex\u00e3o sobre a di\u00e1spora africana no Brasil a partir das rela\u00e7\u00f5es entre a Musicalidade, a Mem\u00f3ria e a Cultura. A musicalidade \u00e9 entendida como um campo sem\u00e2ntico que abarca as diversas possibilidades&hellip;<\/p>\n","protected":false},"author":1343,"featured_media":0,"parent":0,"menu_order":0,"comment_status":"closed","ping_status":"closed","template":"","meta":{"footnotes":""},"class_list":["post-199","page","type-page","status-publish","hentry"],"jetpack_sharing_enabled":true,"_links":{"self":[{"href":"https:\/\/wp.ufpel.edu.br\/musicalic\/wp-json\/wp\/v2\/pages\/199","targetHints":{"allow":["GET"]}}],"collection":[{"href":"https:\/\/wp.ufpel.edu.br\/musicalic\/wp-json\/wp\/v2\/pages"}],"about":[{"href":"https:\/\/wp.ufpel.edu.br\/musicalic\/wp-json\/wp\/v2\/types\/page"}],"author":[{"embeddable":true,"href":"https:\/\/wp.ufpel.edu.br\/musicalic\/wp-json\/wp\/v2\/users\/1343"}],"replies":[{"embeddable":true,"href":"https:\/\/wp.ufpel.edu.br\/musicalic\/wp-json\/wp\/v2\/comments?post=199"}],"version-history":[{"count":4,"href":"https:\/\/wp.ufpel.edu.br\/musicalic\/wp-json\/wp\/v2\/pages\/199\/revisions"}],"predecessor-version":[{"id":290,"href":"https:\/\/wp.ufpel.edu.br\/musicalic\/wp-json\/wp\/v2\/pages\/199\/revisions\/290"}],"wp:attachment":[{"href":"https:\/\/wp.ufpel.edu.br\/musicalic\/wp-json\/wp\/v2\/media?parent=199"}],"curies":[{"name":"wp","href":"https:\/\/api.w.org\/{rel}","templated":true}]}}