{"id":190,"date":"2023-11-09T17:27:13","date_gmt":"2023-11-09T20:27:13","guid":{"rendered":"https:\/\/wp.ufpel.edu.br\/musicalic\/?page_id=190"},"modified":"2023-11-09T20:01:23","modified_gmt":"2023-11-09T23:01:23","slug":"gpedem-formacao-docente-e-educacao-musical","status":"publish","type":"page","link":"https:\/\/wp.ufpel.edu.br\/musicalic\/gpedem-formacao-docente-e-educacao-musical\/","title":{"rendered":"GPeDEM &#8211; Forma\u00e7\u00e3o Docente e Educa\u00e7\u00e3o Musical"},"content":{"rendered":"<p style=\"text-align: justify; padding-left: 40px;\"><span style=\"font-size: 18pt; font-family: 'times new roman', times, serif;\"><strong><a href=\"http:\/\/dgp.cnpq.br\/dgp\/espelhogrupo\/3393205596758580\">GPeDEM &#8211; Forma\u00e7\u00e3o Docente e Educa\u00e7\u00e3o Musical<\/a><\/strong><\/span><\/p>\n<p><span style=\"background-color: #ffffff; font-family: 'times new roman', times, serif; font-size: 12pt; color: #000000;\">Ampliar as reflex\u00f5es estudos e produ\u00e7\u00e3o cient\u00edfica proporcionando \u00e0 forma\u00e7\u00e3o docente em m\u00fasica um contribui\u00e7\u00e3o consider\u00e1vel e um espa\u00e7o privilegiado para produ\u00e7\u00e3o de conhecimento significativo para a \u00e1rea al\u00e9m de tra\u00e7ar um panorama de uma tem\u00e1tica emergente como os estudos da inf\u00e2ncia e educa\u00e7\u00e3o musical subsidiando outras pr\u00e1ticas e estudos semelhantes.<\/span><\/p>\n","protected":false},"excerpt":{"rendered":"<p>GPeDEM &#8211; Forma\u00e7\u00e3o Docente e Educa\u00e7\u00e3o Musical Ampliar as reflex\u00f5es estudos e produ\u00e7\u00e3o cient\u00edfica proporcionando \u00e0 forma\u00e7\u00e3o docente em m\u00fasica um contribui\u00e7\u00e3o consider\u00e1vel e um espa\u00e7o privilegiado para produ\u00e7\u00e3o de conhecimento significativo para a \u00e1rea al\u00e9m de tra\u00e7ar um panorama de uma tem\u00e1tica emergente como os estudos da inf\u00e2ncia e educa\u00e7\u00e3o musical subsidiando outras pr\u00e1ticas&hellip;<\/p>\n","protected":false},"author":1343,"featured_media":0,"parent":0,"menu_order":0,"comment_status":"closed","ping_status":"closed","template":"","meta":{"footnotes":""},"class_list":["post-190","page","type-page","status-publish","hentry"],"jetpack_sharing_enabled":true,"_links":{"self":[{"href":"https:\/\/wp.ufpel.edu.br\/musicalic\/wp-json\/wp\/v2\/pages\/190","targetHints":{"allow":["GET"]}}],"collection":[{"href":"https:\/\/wp.ufpel.edu.br\/musicalic\/wp-json\/wp\/v2\/pages"}],"about":[{"href":"https:\/\/wp.ufpel.edu.br\/musicalic\/wp-json\/wp\/v2\/types\/page"}],"author":[{"embeddable":true,"href":"https:\/\/wp.ufpel.edu.br\/musicalic\/wp-json\/wp\/v2\/users\/1343"}],"replies":[{"embeddable":true,"href":"https:\/\/wp.ufpel.edu.br\/musicalic\/wp-json\/wp\/v2\/comments?post=190"}],"version-history":[{"count":2,"href":"https:\/\/wp.ufpel.edu.br\/musicalic\/wp-json\/wp\/v2\/pages\/190\/revisions"}],"predecessor-version":[{"id":289,"href":"https:\/\/wp.ufpel.edu.br\/musicalic\/wp-json\/wp\/v2\/pages\/190\/revisions\/289"}],"wp:attachment":[{"href":"https:\/\/wp.ufpel.edu.br\/musicalic\/wp-json\/wp\/v2\/media?parent=190"}],"curies":[{"name":"wp","href":"https:\/\/api.w.org\/{rel}","templated":true}]}}