{"id":181,"date":"2023-11-09T16:53:37","date_gmt":"2023-11-09T19:53:37","guid":{"rendered":"https:\/\/wp.ufpel.edu.br\/musicalic\/?page_id=181"},"modified":"2023-11-09T16:53:37","modified_gmt":"2023-11-09T19:53:37","slug":"quebra-de-pre-requisitos-2","status":"publish","type":"page","link":"https:\/\/wp.ufpel.edu.br\/musicalic\/quebra-de-pre-requisitos-2\/","title":{"rendered":"Quebra de Pr\u00e9-requisitos"},"content":{"rendered":"<p class=\"western\" style=\"text-align: justify;\" align=\"justify\">A quebra de pr\u00e9-requisito pode ser requerida pelos discentes que t\u00eam a necessidade de cursar componente curricular sem ainda ter conclu\u00eddo todos os pr\u00e9-requisitos estabelecidos no projeto pedag\u00f3gico do curso.<\/p>\n<h5 style=\"text-align: justify;\">Como solicitar<\/h5>\n<p class=\"western\" style=\"text-align: justify;\" align=\"justify\">O aluno que deseja solicitar quebra de pr\u00e9-requisito deve fazer o pedido diretamente no Colegiado de Curso, que analisar\u00e1 com base em crit\u00e9rios estabelecidos na Nota t\u00e9cnica n\u00b0 03\/2017 do COCEPE. Em caso de deferimento, o pr\u00f3prio Colegiado conceder\u00e1 a matr\u00edcula especial na disciplina desejada pelo aluno e arquivar\u00e1 o processo.<\/p>\n<p class=\"western\" style=\"text-align: justify;\" align=\"justify\">Se o pedido for indeferido, por\u00e9m, o aluno pode requerer que sua solicita\u00e7\u00e3o seja encaminhada ao COCEPE, que atuar\u00e1 como inst\u00e2ncia recursal.<\/p>\n<hr \/>\n<p style=\"text-align: justify;\"><a class=\"mtli_attachment mtli_pdf\" href=\"https:\/\/wp.ufpel.edu.br\/cra\/files\/2020\/07\/Requerimento-de-quebra-pre-requisito.pdf\" target=\"_blank\" rel=\"noopener\">Requerimento de quebra de pr\u00e9-requisito<\/a><\/p>\n<hr \/>\n<h5 style=\"text-align: justify;\"><strong>Fluxograma<\/strong><\/h5>\n<table>\n<tbody>\n<tr>\n<td width=\"64\"><strong>Etapa<\/strong><\/td>\n<td width=\"132\"><strong>Respons\u00e1vel<\/strong><\/td>\n<td width=\"399\"><strong>Procedimento<\/strong><\/td>\n<\/tr>\n<tr>\n<td width=\"64\">1<\/td>\n<td width=\"132\">Discente<\/td>\n<td width=\"399\">\u2013 Solicitar a quebra de pr\u00e9-requisito no colegiado.<\/td>\n<\/tr>\n<tr>\n<td width=\"64\">2<\/td>\n<td width=\"132\">Colegiado de curso<\/td>\n<td width=\"399\">\u2013 Avaliar a solicita\u00e7\u00e3o;<br \/>\n\u2013 Informar o resultado ao discente;<br \/>\nSe deferida:<br \/>\n\u2013 Matricular no componente curricular;<\/td>\n<\/tr>\n<tr>\n<td width=\"64\"><\/td>\n<td width=\"132\"><\/td>\n<td width=\"399\">Se indeferido:<\/td>\n<\/tr>\n<tr>\n<td width=\"64\">3<\/td>\n<td width=\"132\">Discente<\/td>\n<td width=\"399\">\u2013 Poder\u00e1 recorrer da decis\u00e3o no colegiado do curso;<\/td>\n<\/tr>\n<tr>\n<td width=\"64\">4<\/td>\n<td width=\"132\">Colegiado de curso<\/td>\n<td width=\"399\">\u2013 Receber recurso;<br \/>\n\u2013 Enviar ao COCEPE.<\/td>\n<\/tr>\n<tr>\n<td width=\"64\">5<\/td>\n<td width=\"132\">COCEPE<\/td>\n<td width=\"399\">\u2013 Deliberar sobre a solicita\u00e7\u00e3o;<br \/>\n\u2013 Encaminhar a CRA para registro.<\/td>\n<\/tr>\n<tr>\n<td width=\"64\">6<\/td>\n<td width=\"132\">CRA<\/td>\n<td width=\"399\">\u2013 Registrar matr\u00edcula.<\/td>\n<\/tr>\n<\/tbody>\n<\/table>\n<p><\/p>\n","protected":false},"excerpt":{"rendered":"<p>A quebra de pr\u00e9-requisito pode ser requerida pelos discentes que t\u00eam a necessidade de cursar componente curricular sem ainda ter conclu\u00eddo todos os pr\u00e9-requisitos estabelecidos no projeto pedag\u00f3gico do curso. Como solicitar O aluno que deseja solicitar quebra de pr\u00e9-requisito deve fazer o pedido diretamente no Colegiado de Curso, que analisar\u00e1 com base em crit\u00e9rios&hellip;<\/p>\n","protected":false},"author":1343,"featured_media":0,"parent":0,"menu_order":0,"comment_status":"closed","ping_status":"closed","template":"","meta":{"footnotes":""},"class_list":["post-181","page","type-page","status-publish","hentry"],"jetpack_sharing_enabled":true,"_links":{"self":[{"href":"https:\/\/wp.ufpel.edu.br\/musicalic\/wp-json\/wp\/v2\/pages\/181","targetHints":{"allow":["GET"]}}],"collection":[{"href":"https:\/\/wp.ufpel.edu.br\/musicalic\/wp-json\/wp\/v2\/pages"}],"about":[{"href":"https:\/\/wp.ufpel.edu.br\/musicalic\/wp-json\/wp\/v2\/types\/page"}],"author":[{"embeddable":true,"href":"https:\/\/wp.ufpel.edu.br\/musicalic\/wp-json\/wp\/v2\/users\/1343"}],"replies":[{"embeddable":true,"href":"https:\/\/wp.ufpel.edu.br\/musicalic\/wp-json\/wp\/v2\/comments?post=181"}],"version-history":[{"count":1,"href":"https:\/\/wp.ufpel.edu.br\/musicalic\/wp-json\/wp\/v2\/pages\/181\/revisions"}],"predecessor-version":[{"id":183,"href":"https:\/\/wp.ufpel.edu.br\/musicalic\/wp-json\/wp\/v2\/pages\/181\/revisions\/183"}],"wp:attachment":[{"href":"https:\/\/wp.ufpel.edu.br\/musicalic\/wp-json\/wp\/v2\/media?parent=181"}],"curies":[{"name":"wp","href":"https:\/\/api.w.org\/{rel}","templated":true}]}}