{"id":167,"date":"2023-11-09T16:17:49","date_gmt":"2023-11-09T19:17:49","guid":{"rendered":"https:\/\/wp.ufpel.edu.br\/musicalic\/?page_id=167"},"modified":"2023-11-09T16:17:49","modified_gmt":"2023-11-09T19:17:49","slug":"solicitacao-no-cobalto","status":"publish","type":"page","link":"https:\/\/wp.ufpel.edu.br\/musicalic\/solicitacao-no-cobalto\/","title":{"rendered":"Solicita\u00e7\u00e3o no Cobalto"},"content":{"rendered":"<p style=\"text-align: justify;\">No menu do Sistema Cobalto, acesse:<\/p>\n<p style=\"text-align: justify;\">UFPel &gt; Aluno &gt; Cadastro &gt;\u00a0<strong><a href=\"https:\/\/cobalto.ufpel.edu.br\/academico\/alunos\/dadosAluno\" target=\"_blank\" rel=\"noopener\">Solicita\u00e7\u00e3o de formatura<\/a><\/strong>.<\/p>\n<p style=\"text-align: justify;\">Revisar seus dados pessoais para impress\u00e3o do diploma.<\/p>\n<p style=\"text-align: justify;\">Obs.: A UFPel conta com um site de informa\u00e7\u00f5es sobre\u00a0<strong><a href=\"https:\/\/wp.ufpel.edu.br\/formaturas\/\" target=\"_blank\" rel=\"noopener\">formaturas institucionais<\/a>.<\/strong><br \/>\n<em>&#8211;\u00a0<\/em>Sobre\u00a0<strong><a href=\"https:\/\/wp.ufpel.edu.br\/formaturas\/elementos-da-solenidade\/teste\/\" target=\"_blank\" rel=\"noopener\">elementos da solenidade<\/a><\/strong>.<br \/>\n&#8211; Como tirar<strong>\u00a0<a href=\"https:\/\/wp.ufpel.edu.br\/formaturas\/elementos-da-solenidade\/como-fazer-as-medidas-para-as-becas\/\" target=\"_blank\" rel=\"noopener\">medidas para as becas<\/a><\/strong>.<\/p>\n<p style=\"text-align: justify;\">Obs. Ao selecionar paraninfo, patrono e homenageado, \u00e9 fundamental informar, com a devida anteced\u00eancia (seja em grupo, ou individualmente), o\/a docente escolhido\/a. Do contr\u00e1rio, a informa\u00e7\u00e3o n\u00e3o chegar\u00e1 espontaneamente \u00e0s pessoas em quest\u00e3o.<\/p>\n","protected":false},"excerpt":{"rendered":"<p>No menu do Sistema Cobalto, acesse: UFPel &gt; Aluno &gt; Cadastro &gt;\u00a0Solicita\u00e7\u00e3o de formatura. Revisar seus dados pessoais para impress\u00e3o do diploma. Obs.: A UFPel conta com um site de informa\u00e7\u00f5es sobre\u00a0formaturas institucionais. &#8211;\u00a0Sobre\u00a0elementos da solenidade. &#8211; Como tirar\u00a0medidas para as becas. Obs. Ao selecionar paraninfo, patrono e homenageado, \u00e9 fundamental informar, com a devida&hellip;<\/p>\n","protected":false},"author":1343,"featured_media":0,"parent":0,"menu_order":0,"comment_status":"closed","ping_status":"closed","template":"","meta":{"footnotes":""},"class_list":["post-167","page","type-page","status-publish","hentry"],"jetpack_sharing_enabled":true,"_links":{"self":[{"href":"https:\/\/wp.ufpel.edu.br\/musicalic\/wp-json\/wp\/v2\/pages\/167","targetHints":{"allow":["GET"]}}],"collection":[{"href":"https:\/\/wp.ufpel.edu.br\/musicalic\/wp-json\/wp\/v2\/pages"}],"about":[{"href":"https:\/\/wp.ufpel.edu.br\/musicalic\/wp-json\/wp\/v2\/types\/page"}],"author":[{"embeddable":true,"href":"https:\/\/wp.ufpel.edu.br\/musicalic\/wp-json\/wp\/v2\/users\/1343"}],"replies":[{"embeddable":true,"href":"https:\/\/wp.ufpel.edu.br\/musicalic\/wp-json\/wp\/v2\/comments?post=167"}],"version-history":[{"count":1,"href":"https:\/\/wp.ufpel.edu.br\/musicalic\/wp-json\/wp\/v2\/pages\/167\/revisions"}],"predecessor-version":[{"id":169,"href":"https:\/\/wp.ufpel.edu.br\/musicalic\/wp-json\/wp\/v2\/pages\/167\/revisions\/169"}],"wp:attachment":[{"href":"https:\/\/wp.ufpel.edu.br\/musicalic\/wp-json\/wp\/v2\/media?parent=167"}],"curies":[{"name":"wp","href":"https:\/\/api.w.org\/{rel}","templated":true}]}}