{"id":163,"date":"2023-11-09T16:15:42","date_gmt":"2023-11-09T19:15:42","guid":{"rendered":"https:\/\/wp.ufpel.edu.br\/musicalic\/?page_id=163"},"modified":"2023-11-09T16:15:42","modified_gmt":"2023-11-09T19:15:42","slug":"manifestacao-de-resposta-a-coordenacao","status":"publish","type":"page","link":"https:\/\/wp.ufpel.edu.br\/musicalic\/manifestacao-de-resposta-a-coordenacao\/","title":{"rendered":"Manifesta\u00e7\u00e3o de resposta \u00e0 coordena\u00e7\u00e3o"},"content":{"rendered":"<p>Semestralmente entramos em contato com todos\/as discentes para que, aqueles\/as que est\u00e3o em vias de concluir o curso, respondam:\u00a0<em><strong>&#8220;Sou prov\u00e1vel formando do semestre x [vigente]&#8221;<\/strong><\/em>.\u00a0Prov\u00e1vel formando\u00a0\u00e9 aquele\/a que ter\u00e1 condi\u00e7\u00f5es de colar grau com as disciplinas que est\u00e1 cursando no semestre vigente, caso seja aprovado\/a.<\/p>\n","protected":false},"excerpt":{"rendered":"<p>Semestralmente entramos em contato com todos\/as discentes para que, aqueles\/as que est\u00e3o em vias de concluir o curso, respondam:\u00a0&#8220;Sou prov\u00e1vel formando do semestre x [vigente]&#8221;.\u00a0Prov\u00e1vel formando\u00a0\u00e9 aquele\/a que ter\u00e1 condi\u00e7\u00f5es de colar grau com as disciplinas que est\u00e1 cursando no semestre vigente, caso seja aprovado\/a.<\/p>\n","protected":false},"author":1343,"featured_media":0,"parent":0,"menu_order":0,"comment_status":"closed","ping_status":"closed","template":"","meta":{"footnotes":""},"class_list":["post-163","page","type-page","status-publish","hentry"],"jetpack_sharing_enabled":true,"_links":{"self":[{"href":"https:\/\/wp.ufpel.edu.br\/musicalic\/wp-json\/wp\/v2\/pages\/163","targetHints":{"allow":["GET"]}}],"collection":[{"href":"https:\/\/wp.ufpel.edu.br\/musicalic\/wp-json\/wp\/v2\/pages"}],"about":[{"href":"https:\/\/wp.ufpel.edu.br\/musicalic\/wp-json\/wp\/v2\/types\/page"}],"author":[{"embeddable":true,"href":"https:\/\/wp.ufpel.edu.br\/musicalic\/wp-json\/wp\/v2\/users\/1343"}],"replies":[{"embeddable":true,"href":"https:\/\/wp.ufpel.edu.br\/musicalic\/wp-json\/wp\/v2\/comments?post=163"}],"version-history":[{"count":1,"href":"https:\/\/wp.ufpel.edu.br\/musicalic\/wp-json\/wp\/v2\/pages\/163\/revisions"}],"predecessor-version":[{"id":165,"href":"https:\/\/wp.ufpel.edu.br\/musicalic\/wp-json\/wp\/v2\/pages\/163\/revisions\/165"}],"wp:attachment":[{"href":"https:\/\/wp.ufpel.edu.br\/musicalic\/wp-json\/wp\/v2\/media?parent=163"}],"curies":[{"name":"wp","href":"https:\/\/api.w.org\/{rel}","templated":true}]}}