{"id":137,"date":"2023-11-09T15:46:21","date_gmt":"2023-11-09T18:46:21","guid":{"rendered":"https:\/\/wp.ufpel.edu.br\/musicalic\/?page_id=137"},"modified":"2023-11-09T16:18:55","modified_gmt":"2023-11-09T19:18:55","slug":"formatura","status":"publish","type":"page","link":"https:\/\/wp.ufpel.edu.br\/musicalic\/formatura\/","title":{"rendered":"Formatura"},"content":{"rendered":"<p style=\"text-align: justify;\">H\u00e1 tr\u00eas modalidades de Cola\u00e7\u00e3o de Grau (ou Formatura):<\/p>\n<p style=\"text-align: justify;\"><strong>Institucional externa:<\/strong>\u00a0promovida pela UFPel, mediante edital da PRAE. Cabe ao aluno acompanhar a publica\u00e7\u00e3o do edital no\u00a0<a href=\"https:\/\/wp.ufpel.edu.br\/formaturas\/formatura-2023-1\/datas-e-horarios-das-cerimonias\/\" target=\"_blank\" rel=\"noopener\">site<\/a>.<\/p>\n<p style=\"text-align: justify;\"><strong>Interna (ou de gabinete):<\/strong>\u00a0vers\u00e3o simplificada e r\u00e1pida, na unidade respons\u00e1vel pelo curso (Centro de Artes).<\/p>\n<p style=\"text-align: justify;\"><strong>Externa:<\/strong>\u00a0quando os\u00a0formandos, por iniciativa pr\u00f3pria e por seus pr\u00f3prios meios, organizam uma solenidade particular.<\/p>\n<p style=\"text-align: justify;\">A UFPel conta com um\u00a0<a href=\"https:\/\/wp.ufpel.edu.br\/formaturas\/\" target=\"_blank\" rel=\"noopener\"><strong>site espec\u00edfico sobre formaturas institucionais<\/strong><\/a>, onde s\u00e3o concentradas as informa\u00e7\u00f5es necess\u00e1rias, como calend\u00e1rio, componentes da solenidade, d\u00favidas frequentes, dentre outros aspectos<\/p>\n","protected":false},"excerpt":{"rendered":"<p>H\u00e1 tr\u00eas modalidades de Cola\u00e7\u00e3o de Grau (ou Formatura): Institucional externa:\u00a0promovida pela UFPel, mediante edital da PRAE. Cabe ao aluno acompanhar a publica\u00e7\u00e3o do edital no\u00a0site. Interna (ou de gabinete):\u00a0vers\u00e3o simplificada e r\u00e1pida, na unidade respons\u00e1vel pelo curso (Centro de Artes). Externa:\u00a0quando os\u00a0formandos, por iniciativa pr\u00f3pria e por seus pr\u00f3prios meios, organizam uma solenidade particular.&hellip;<\/p>\n","protected":false},"author":1343,"featured_media":0,"parent":0,"menu_order":0,"comment_status":"closed","ping_status":"closed","template":"","meta":{"footnotes":""},"class_list":["post-137","page","type-page","status-publish","hentry"],"jetpack_sharing_enabled":true,"_links":{"self":[{"href":"https:\/\/wp.ufpel.edu.br\/musicalic\/wp-json\/wp\/v2\/pages\/137","targetHints":{"allow":["GET"]}}],"collection":[{"href":"https:\/\/wp.ufpel.edu.br\/musicalic\/wp-json\/wp\/v2\/pages"}],"about":[{"href":"https:\/\/wp.ufpel.edu.br\/musicalic\/wp-json\/wp\/v2\/types\/page"}],"author":[{"embeddable":true,"href":"https:\/\/wp.ufpel.edu.br\/musicalic\/wp-json\/wp\/v2\/users\/1343"}],"replies":[{"embeddable":true,"href":"https:\/\/wp.ufpel.edu.br\/musicalic\/wp-json\/wp\/v2\/comments?post=137"}],"version-history":[{"count":2,"href":"https:\/\/wp.ufpel.edu.br\/musicalic\/wp-json\/wp\/v2\/pages\/137\/revisions"}],"predecessor-version":[{"id":170,"href":"https:\/\/wp.ufpel.edu.br\/musicalic\/wp-json\/wp\/v2\/pages\/137\/revisions\/170"}],"wp:attachment":[{"href":"https:\/\/wp.ufpel.edu.br\/musicalic\/wp-json\/wp\/v2\/media?parent=137"}],"curies":[{"name":"wp","href":"https:\/\/api.w.org\/{rel}","templated":true}]}}