{"id":123,"date":"2023-11-09T15:15:10","date_gmt":"2023-11-09T18:15:10","guid":{"rendered":"https:\/\/wp.ufpel.edu.br\/musicalic\/?page_id=123"},"modified":"2023-11-09T15:45:12","modified_gmt":"2023-11-09T18:45:12","slug":"ingresso","status":"publish","type":"page","link":"https:\/\/wp.ufpel.edu.br\/musicalic\/ingresso\/","title":{"rendered":"Ingresso"},"content":{"rendered":"<p style=\"text-align: justify;\">O ingresso no curso de M\u00fasica Licenciatura se d\u00e1 sempre no in\u00edcio de cada ano acad\u00eamico pelo <strong><a href=\"https:\/\/acessounico.mec.gov.br\/sisu\" target=\"_blank\" rel=\"noopener\">Sistema de Sele\u00e7\u00e3o Unificada (SiSU\/MEC)<\/a><\/strong>. Atualmente existem duas formas principais de ingresso no curso, al\u00e9m das formas de ingresso extra vestibular:<\/p>\n<p style=\"text-align: justify;\"><strong>(1)<\/strong>\u00a0<a href=\"https:\/\/www.gov.br\/inep\/pt-br\/areas-de-atuacao\/avaliacao-e-exames-educacionais\/enem\" target=\"_blank\" rel=\"noopener\"><strong>Exame Nacional do Ensino M\u00e9dio (ENEM)<\/strong><\/a>\u00a0e a utiliza\u00e7\u00e3o de seu resultado por meio do Sistema de Sele\u00e7\u00e3o Unificada (SiSU);<\/p>\n<p style=\"text-align: justify;\"><strong>(2<\/strong><strong>)\u00a0<a href=\"https:\/\/wp.ufpel.edu.br\/pave\/\" target=\"_blank\" rel=\"noopener\">Programa de Avalia\u00e7\u00e3o da Vida Escolar (PAVE\/UFPEL)<\/a>,\u00a0<\/strong>uma modalidade alternativa de sele\u00e7\u00e3o para os cursos de gradua\u00e7\u00e3o que se constitui em um processo seriado composto por tr\u00eas etapas, gradual e sistem\u00e1tico, que acontece ao longo do Ensino M\u00e9dio (E.M.).<\/p>\n<p style=\"text-align: justify;\"><strong>Ou pelo ingresso extra vestibular (3),<\/strong>\u00a0nas seguintes modalidades:\u00a0<strong>(3.1)<\/strong>\u00a0<a href=\"https:\/\/wp.ufpel.edu.br\/cra\/formas-de-ingresso\/reopcao\/\" target=\"_blank\" rel=\"noopener\"><strong>Reop\u00e7\u00e3o<\/strong><\/a>\u00a0(para alunos da UFPEL que pretender mudar de curso);\u00a0<strong>(3.2)<\/strong>\u00a0<a href=\"https:\/\/wp.ufpel.edu.br\/cra\/formas-de-ingresso\/reingresso\/\" target=\"_blank\" rel=\"noopener\"><strong>Reingresso<\/strong><\/a>\u00a0(destinado a estudantes em trancamento que pretendem retornar ao curso);\u00a0<strong>(3.3)<\/strong>\u00a0<a href=\"https:\/\/wp.ufpel.edu.br\/cra\/formas-de-ingresso\/transferencia-voluntaria\/\" target=\"_blank\" rel=\"noopener\"><strong>Transfer\u00eancia volunt\u00e1ria<\/strong><\/a>\u00a0(para alunos de outras Institui\u00e7\u00f5es de Ensino Superior [IES] que pretendem ingressar no curso);\u00a0<strong>(3.4)<\/strong>\u00a0<a href=\"https:\/\/wp.ufpel.edu.br\/cra\/formas-de-ingresso\/portador-de-diploma\/\" target=\"_blank\" rel=\"noopener\"><strong>Portador de t\u00edtulo<\/strong>\u00a0<\/a>(para estudantes j\u00e1 graduados que pretendem realizar o curso).<\/p>\n<p style=\"text-align: justify;\">Todas as formas de ingresso s\u00e3o regulamentadas na UFPEL pela\u00a0<strong><a href=\"https:\/\/wp.ufpel.edu.br\/cra\/\" target=\"_blank\" rel=\"noopener\">Coordena\u00e7\u00e3o de Registros Acad\u00eamicos (CRA)<\/a><\/strong>\u00a0da\u00a0<strong><a href=\"https:\/\/wp.ufpel.edu.br\/pre\/\" target=\"_blank\" rel=\"noopener\">Pr\u00f3-reitoria de Ensino (PRE)<\/a>.\u00a0<\/strong>Geralmente os editais de ingresso s\u00e3o publicados cerca de dois meses antes do fim dos semestres acad\u00eamicos. Em cada semestre consta no edital o n\u00famero de vagas para cada curso e s\u00e3o publicados, em anexo, os crit\u00e9rios de sele\u00e7\u00e3o para o curso \u2013 em que s\u00e3o definidas as modalidades que ser\u00e3o aceitas, al\u00e9m de crit\u00e9rios eliminat\u00f3rios e classificat\u00f3rios de sele\u00e7\u00e3o dos candidatos.<\/p>\n","protected":false},"excerpt":{"rendered":"<p>O ingresso no curso de M\u00fasica Licenciatura se d\u00e1 sempre no in\u00edcio de cada ano acad\u00eamico pelo Sistema de Sele\u00e7\u00e3o Unificada (SiSU\/MEC). Atualmente existem duas formas principais de ingresso no curso, al\u00e9m das formas de ingresso extra vestibular: (1)\u00a0Exame Nacional do Ensino M\u00e9dio (ENEM)\u00a0e a utiliza\u00e7\u00e3o de seu resultado por meio do Sistema de Sele\u00e7\u00e3o&hellip;<\/p>\n","protected":false},"author":1343,"featured_media":0,"parent":0,"menu_order":0,"comment_status":"closed","ping_status":"closed","template":"","meta":{"footnotes":""},"class_list":["post-123","page","type-page","status-publish","hentry"],"jetpack_sharing_enabled":true,"_links":{"self":[{"href":"https:\/\/wp.ufpel.edu.br\/musicalic\/wp-json\/wp\/v2\/pages\/123","targetHints":{"allow":["GET"]}}],"collection":[{"href":"https:\/\/wp.ufpel.edu.br\/musicalic\/wp-json\/wp\/v2\/pages"}],"about":[{"href":"https:\/\/wp.ufpel.edu.br\/musicalic\/wp-json\/wp\/v2\/types\/page"}],"author":[{"embeddable":true,"href":"https:\/\/wp.ufpel.edu.br\/musicalic\/wp-json\/wp\/v2\/users\/1343"}],"replies":[{"embeddable":true,"href":"https:\/\/wp.ufpel.edu.br\/musicalic\/wp-json\/wp\/v2\/comments?post=123"}],"version-history":[{"count":2,"href":"https:\/\/wp.ufpel.edu.br\/musicalic\/wp-json\/wp\/v2\/pages\/123\/revisions"}],"predecessor-version":[{"id":150,"href":"https:\/\/wp.ufpel.edu.br\/musicalic\/wp-json\/wp\/v2\/pages\/123\/revisions\/150"}],"wp:attachment":[{"href":"https:\/\/wp.ufpel.edu.br\/musicalic\/wp-json\/wp\/v2\/media?parent=123"}],"curies":[{"name":"wp","href":"https:\/\/api.w.org\/{rel}","templated":true}]}}