{"id":487,"date":"2017-09-28T15:26:19","date_gmt":"2017-09-28T18:26:19","guid":{"rendered":"https:\/\/wp.ufpel.edu.br\/museumaciel\/?page_id=487"},"modified":"2017-09-28T16:08:51","modified_gmt":"2017-09-28T19:08:51","slug":"imigracao-italiana-no-rio-grande-do-sul","status":"publish","type":"page","link":"https:\/\/wp.ufpel.edu.br\/museumaciel\/imigracao-italiana-no-rio-grande-do-sul\/","title":{"rendered":"Imigra\u00e7\u00e3o Italiana no Rio Grande do Sul"},"content":{"rendered":"<p style=\"text-align: justify\">Entre 1870e 1872, o governo imperial decide povoar \u00e1reas da prov\u00edncia de S\u00e3o Pedro do Rio Grande do Sul, com o objetivo de ocupar vazios do territ\u00f3rio na sua por\u00e7\u00e3o mais meridional e de intensificar a produ\u00e7\u00e3o de alimentos para abastecer as cidades. Escolheram a Serra Ga\u00facha, em decorr\u00eancia de sua localiza\u00e7\u00e3o, mais pr\u00f3xima da capital, demarcando em 1874 as col\u00f4nias de Conde d\u2019Eu (Garibldi) e Dona Isabel (Bento Gon\u00e7alves).<br \/>\nEm <strong>20 de maio de 1875<\/strong>, os primeiros italianos chegaram ao Campos dos Bugres (Caxias do Sul). Inaugurou-se ent\u00e3o o primeiro ciclo imigrat\u00f3rio, de <strong>1875 a 1914. <\/strong>Instaram-se no Rio Grande do Sul 84 mil italianos vindos sobretudo da lombardia, V\u00eaneto e Tirol. O ponto culminante da imigra\u00e7\u00e3o foi entre <strong>1884 e 1894, <\/strong>abrangendo cerca de 60 mil italianos, diminuindo a partir de ent\u00e3o com o cancelamento da concess\u00e3o de passagem transoce\u00e2nicas pelo governo republicano.<br \/>\nAs cinco primeiras col\u00f4nias imperiais, reconhecidas pela historiografia, foram:<br \/>\n<strong>1874 <\/strong>Col\u00f4nia Dona Isabel (Bento Gon\u00e7alves) e Conde d\u2019Edu (Garibaldi)<br \/>\n<strong>1875 <\/strong>Col\u00f4nia Fundos de Nova Palmira (Caxias do Sul)<br \/>\n<strong>1877 <\/strong>Silveira Martins (pr\u00f3ximo a Santa Maria)<br \/>\n<strong>1884 <\/strong>Col\u00f4nia \u00c1lvaro Chaves (Veran\u00f3polis)<br \/>\n<strong>1885 <\/strong>S\u00e3o Marcos e Ant\u00f4nio Prado<br \/>\nNo entanto, \u00e9 necess\u00e1rio que a historiografia da imigra\u00e7\u00e3o reconhe\u00e7a a Col\u00f4nia Maciel como a <strong>quinta col\u00f4nia imperial, <\/strong>posto que foi criada oficialmente em 1881.<br \/>\nA primeira parada destes imigrantes era o Rio de Janeiro, de onde rumavam para o porto de Rio Grande, seguindo ent\u00e3o pela Lagoa dos Patos at\u00e9 Porto Alegre. Permaneciam semanas ou meses em barrac\u00f5es comuns, devendo prestar trabalho compuls\u00f3rio na abertura de estradas. Finalmente, recebiam do governo seu de terra, sementes e ferramentas agr\u00e1rias (machado, fac\u00e3o curvo, faca, enxada e p\u00e1)<br \/>\nTrouxeram consigo a cultura do vinho, cuja comercializa\u00e7\u00e3o lhes permitiu acumular capitais que mais tarde se tornaram pujantes ind\u00fastrias.<\/p>\n<p style=\"text-align: justify\">O elemento religioso era o centro da vida dessas comunidades cat\u00f3licas fervorosas. Por meio da religi\u00e3o, os italianos exerceram grande influ\u00eancia sobre a cultura rio-grandense. Padre e freiras tiveram uma intensa participa\u00e7\u00e3o na instru\u00e7\u00e3o religiosa e laica no estado.<\/p>\n<div id=\"attachment_503\" style=\"width: 434px\" class=\"wp-caption aligncenter\"><a href=\"https:\/\/wp.ufpel.edu.br\/museumaciel\/files\/2017\/09\/24481-imigracao-italiana-no-rio-grande-do-sul-comemora-142-anos.jpg\"><img loading=\"lazy\" decoding=\"async\" aria-describedby=\"caption-attachment-503\" class=\"size-medium wp-image-503\" src=\"https:\/\/wp.ufpel.edu.br\/museumaciel\/files\/2017\/09\/24481-imigracao-italiana-no-rio-grande-do-sul-comemora-142-anos-424x256.jpg\" alt=\"\" width=\"424\" height=\"256\" srcset=\"https:\/\/wp.ufpel.edu.br\/museumaciel\/files\/2017\/09\/24481-imigracao-italiana-no-rio-grande-do-sul-comemora-142-anos-424x256.jpg 424w, https:\/\/wp.ufpel.edu.br\/museumaciel\/files\/2017\/09\/24481-imigracao-italiana-no-rio-grande-do-sul-comemora-142-anos-212x128.jpg 212w, https:\/\/wp.ufpel.edu.br\/museumaciel\/files\/2017\/09\/24481-imigracao-italiana-no-rio-grande-do-sul-comemora-142-anos-600x363.jpg 600w, https:\/\/wp.ufpel.edu.br\/museumaciel\/files\/2017\/09\/24481-imigracao-italiana-no-rio-grande-do-sul-comemora-142-anos.jpg 620w\" sizes=\"auto, (max-width: 424px) 100vw, 424px\" \/><\/a><p id=\"caption-attachment-503\" class=\"wp-caption-text\"><br \/>Cena perfeita da vida colonial. Fam\u00edlia Boff. Caxias do Sul \u2013 1904. Fot\u00f3grafo: Domingos Mancuso. Acervo: Museu Municipal de Caxias do Sul<\/p><\/div>\n","protected":false},"excerpt":{"rendered":"<p>Entre 1870e 1872, o governo imperial decide povoar \u00e1reas da prov\u00edncia de S\u00e3o Pedro do Rio Grande do Sul, com o objetivo de ocupar vazios do territ\u00f3rio na sua por\u00e7\u00e3o mais meridional e de intensificar a produ\u00e7\u00e3o de alimentos para&#8230; <a class=\"more-link\" href=\"https:\/\/wp.ufpel.edu.br\/museumaciel\/imigracao-italiana-no-rio-grande-do-sul\/\">Continue lendo &rarr;<\/a><\/p>\n","protected":false},"author":493,"featured_media":0,"parent":0,"menu_order":0,"comment_status":"closed","ping_status":"closed","template":"","meta":{"footnotes":""},"class_list":["post-487","page","type-page","status-publish","hentry"],"_links":{"self":[{"href":"https:\/\/wp.ufpel.edu.br\/museumaciel\/wp-json\/wp\/v2\/pages\/487","targetHints":{"allow":["GET"]}}],"collection":[{"href":"https:\/\/wp.ufpel.edu.br\/museumaciel\/wp-json\/wp\/v2\/pages"}],"about":[{"href":"https:\/\/wp.ufpel.edu.br\/museumaciel\/wp-json\/wp\/v2\/types\/page"}],"author":[{"embeddable":true,"href":"https:\/\/wp.ufpel.edu.br\/museumaciel\/wp-json\/wp\/v2\/users\/493"}],"replies":[{"embeddable":true,"href":"https:\/\/wp.ufpel.edu.br\/museumaciel\/wp-json\/wp\/v2\/comments?post=487"}],"version-history":[{"count":3,"href":"https:\/\/wp.ufpel.edu.br\/museumaciel\/wp-json\/wp\/v2\/pages\/487\/revisions"}],"predecessor-version":[{"id":504,"href":"https:\/\/wp.ufpel.edu.br\/museumaciel\/wp-json\/wp\/v2\/pages\/487\/revisions\/504"}],"wp:attachment":[{"href":"https:\/\/wp.ufpel.edu.br\/museumaciel\/wp-json\/wp\/v2\/media?parent=487"}],"curies":[{"name":"wp","href":"https:\/\/api.w.org\/{rel}","templated":true}]}}