{"id":415,"date":"2017-09-14T17:45:23","date_gmt":"2017-09-14T20:45:23","guid":{"rendered":"https:\/\/wp.ufpel.edu.br\/museumaciel\/?page_id=415"},"modified":"2017-09-14T17:46:44","modified_gmt":"2017-09-14T20:46:44","slug":"os-primeiros-imigrantes","status":"publish","type":"page","link":"https:\/\/wp.ufpel.edu.br\/museumaciel\/os-primeiros-imigrantes\/","title":{"rendered":"Os primeiros imigrantes"},"content":{"rendered":"<p><span style=\"font-family: arial,helvetica,sans-serif\">No Livro Tombo da Igreja Matriz da Par\u00f3quia de Sant&#8217;Anna existe a rela\u00e7\u00e3o com os nomes e as profiss\u00f5es das primeiras fam\u00edlias que vieram \u00e0 Col\u00f4nia Maciel. Transcrevemos na sequ\u00eancia esta rela\u00e7\u00e3o:<br \/>\n<\/span><\/p>\n<p><strong><span style=\"font-family: arial,helvetica,sans-serif\">1884 a 1886<\/span><\/strong><\/p>\n<p><span style=\"font-family: arial,helvetica,sans-serif\">No\u00e9 Talamini \u2013 Moleiro, construiu a primeira casa.<\/span><br \/>\n<span style=\"font-family: arial,helvetica,sans-serif\">Jorge Bonat \u2013 Agricultor.<\/span><br \/>\n<span style=\"font-family: arial,helvetica,sans-serif\">Pedro Bonat \u2013 Agricultor.<\/span><br \/>\n<span style=\"font-family: arial,helvetica,sans-serif\">Antonio Marini \u2013 Comerciante.<\/span><br \/>\n<span style=\"font-family: arial,helvetica,sans-serif\">Domingos Franconi \u2013 Agricultor.<\/span><br \/>\n<span style=\"font-family: arial,helvetica,sans-serif\">Ant\u00f4nio Scaramuzza \u2013 Agricultor.<\/span><br \/>\n<span style=\"font-family: arial,helvetica,sans-serif\">Luiz\u00a0 Genini (Zanini)\u00a0 \u2013 por apelido Marespro \u2013 solteiro.<\/span><br \/>\n<span style=\"font-family: arial,helvetica,sans-serif\">Francisco Balbinotti \u2013 Agricultor.<\/span><br \/>\n<span style=\"font-family: arial,helvetica,sans-serif\">Matheus Campores \u2013 do Tyrol \u2013 solteiro.<\/span><br \/>\n<span style=\"font-family: arial,helvetica,sans-serif\">Leopoldo Aldrighi \u2013 Agricultor.<\/span><br \/>\n<span style=\"font-family: arial,helvetica,sans-serif\">Joaquim Aldrighi \u2013 Comerciante.<\/span><br \/>\n<span style=\"font-family: arial,helvetica,sans-serif\">Luiz Aldrighi \u2013 Agricultor.<\/span><br \/>\n<span style=\"font-family: arial,helvetica,sans-serif\">Jos\u00e9 Aldrighi \u2013 Agricultor.<\/span><br \/>\n<span style=\"font-family: arial,helvetica,sans-serif\">Domingos Gasparoni \u2013 Agricultor.<\/span><br \/>\n<span style=\"font-family: arial,helvetica,sans-serif\">Francisco Bich\u00e9 \u2013 Agricultor franc\u00eas.<\/span><br \/>\n<span style=\"font-family: arial,helvetica,sans-serif\">Jos\u00e9 Arb\u00e9s \u2013 Agricultor franc\u00eas.<\/span><br \/>\n<span style=\"font-family: arial,helvetica,sans-serif\">Eugenio Tassi \u2013 Agricultor.<\/span><br \/>\n<span style=\"font-family: arial,helvetica,sans-serif\">Manoel Bartolo \u2013 Agricultor \u2013 solteiro.<\/span><\/p>\n<p><strong><span style=\"font-family: arial,helvetica,sans-serif\">1887 em diante<\/span><\/strong><br \/>\n<span style=\"font-family: arial,helvetica,sans-serif\">C\u00e9sar Schiavon \u2013 Agricultor \u2013 Zanete, por apelido.<\/span><br \/>\n<span style=\"font-family: arial,helvetica,sans-serif\">Silv\u00e9rio Domingos Schiavon &#8211; Zanete, por apelido.<\/span><br \/>\n<span style=\"font-family: arial,helvetica,sans-serif\">Norberto (Celeste) Schiavon &#8211; Zanete, por apelido.<\/span><br \/>\n<span style=\"font-family: arial,helvetica,sans-serif\">Jo\u00e3o Doro \u2013 Agricultor.<\/span><br \/>\n<span style=\"font-family: arial,helvetica,sans-serif\">\u00c2ngelo Artuso \u2013 Agricultor.<\/span><br \/>\n<span style=\"font-family: arial,helvetica,sans-serif\">\u00c2ngelo Ceron &#8211; Agricultor.<\/span><br \/>\n<span style=\"font-family: arial,helvetica,sans-serif\">\u00c2ngelo Tavanetti &#8211; Agricultor.<\/span><br \/>\n<span style=\"font-family: arial,helvetica,sans-serif\">\u00c2ngelo Camelatto \u2013 Agricultor, solteiro.<\/span><br \/>\n<span style=\"font-family: arial,helvetica,sans-serif\">Ant\u00f4nio Maggiatto \u2013 Agricultor.<\/span><br \/>\n<span style=\"font-family: arial,helvetica,sans-serif\">Josu\u00e9 Bonnano \u2013 Agricultor.<\/span><br \/>\n<span style=\"font-family: arial,helvetica,sans-serif\">Luiz Zafallon \u2013 Agricultor.<\/span><br \/>\n<span style=\"font-family: arial,helvetica,sans-serif\">Abraham Stocco \u2013 Agricultor.<\/span><br \/>\n<span style=\"font-family: arial,helvetica,sans-serif\">Sebasti\u00e3o Formentin \u2013 Agricultor.<\/span><br \/>\n<span style=\"font-family: arial,helvetica,sans-serif\">Ant\u00f4nio Giaconnin \u2013 Agricultor.<\/span><br \/>\n<span style=\"font-family: arial,helvetica,sans-serif\">Eugenio Cavalin \u2013 Agricultor.<\/span><br \/>\n<span style=\"font-family: arial,helvetica,sans-serif\">Antonio Pegoraro \u2013 Agricultor \u2013 pai de Pedro, \u00c2ngelo e Gi\u00e1como.<\/span><br \/>\n<span style=\"font-family: arial,helvetica,sans-serif\">Luiz Zanatto \u2013 Agricultor.<\/span><br \/>\n<span style=\"font-family: arial,helvetica,sans-serif\">Estevam Zanatto \u2013 Agricultor.<\/span><br \/>\n<span style=\"font-family: arial,helvetica,sans-serif\">Eug\u00eanio Zoia (Zoggia) \u2013 Agricultor.<\/span><br \/>\n<span style=\"font-family: arial,helvetica,sans-serif\">Antonio Zanetti \u2013 Agricultor.<\/span><br \/>\n<span style=\"font-family: arial,helvetica,sans-serif\">Antonio Zanetti Sobrinho \u2013 Agricultor.<\/span><br \/>\n<span style=\"font-family: arial,helvetica,sans-serif\">Bartolo Balbinotti \u2013 Agricultor.<\/span><br \/>\n<span style=\"font-family: arial,helvetica,sans-serif\">Giusto Casarin \u2013 Agricultor.<\/span><br \/>\n<span style=\"font-family: arial,helvetica,sans-serif\">Antonio Portancciolo \u2013 Agricultor.<\/span><br \/>\n<span style=\"font-family: arial,helvetica,sans-serif\">Vicente Meggiatto \u2013 Agricultor.<\/span><br \/>\n<span style=\"font-family: arial,helvetica,sans-serif\">Innocenti Voltan \u2013 Agricultor.<\/span><br \/>\n<span style=\"font-family: arial,helvetica,sans-serif\">Eugenio Morello \u2013 Agricultor.<\/span><br \/>\n<span style=\"font-family: arial,helvetica,sans-serif\">Jos\u00e9 Bassi \u2013 Agricultor.<\/span><br \/>\n<span style=\"font-family: arial,helvetica,sans-serif\">Jos\u00e9 Zanotti \u2013 por apelido Bi\u00e9lla.<\/span><br \/>\n<span style=\"font-family: arial,helvetica,sans-serif\">Natal Marcolin \u2013 por apelido Scatola.<\/span><\/p>\n<div id=\"attachment_399\" style=\"width: 434px\" class=\"wp-caption aligncenter\"><a href=\"https:\/\/wp.ufpel.edu.br\/museumaciel\/files\/2017\/09\/06.01.1167.jpg\"><img loading=\"lazy\" decoding=\"async\" aria-describedby=\"caption-attachment-399\" class=\"wp-image-399 size-medium\" src=\"https:\/\/wp.ufpel.edu.br\/museumaciel\/files\/2017\/09\/06.01.1167-424x308.jpg\" alt=\"\" width=\"424\" height=\"308\" srcset=\"https:\/\/wp.ufpel.edu.br\/museumaciel\/files\/2017\/09\/06.01.1167-424x308.jpg 424w, https:\/\/wp.ufpel.edu.br\/museumaciel\/files\/2017\/09\/06.01.1167-212x154.jpg 212w, https:\/\/wp.ufpel.edu.br\/museumaciel\/files\/2017\/09\/06.01.1167-768x559.jpg 768w, https:\/\/wp.ufpel.edu.br\/museumaciel\/files\/2017\/09\/06.01.1167-945x688.jpg 945w, https:\/\/wp.ufpel.edu.br\/museumaciel\/files\/2017\/09\/06.01.1167-600x437.jpg 600w\" sizes=\"auto, (max-width: 424px) 100vw, 424px\" \/><\/a><p id=\"caption-attachment-399\" class=\"wp-caption-text\">Representantes das primeiras fam\u00edlias.<\/p><\/div>\n","protected":false},"excerpt":{"rendered":"<p>No Livro Tombo da Igreja Matriz da Par\u00f3quia de Sant&#8217;Anna existe a rela\u00e7\u00e3o com os nomes e as profiss\u00f5es das primeiras fam\u00edlias que vieram \u00e0 Col\u00f4nia Maciel. Transcrevemos na sequ\u00eancia esta rela\u00e7\u00e3o: 1884 a 1886 No\u00e9 Talamini \u2013 Moleiro, construiu&#8230; <a class=\"more-link\" href=\"https:\/\/wp.ufpel.edu.br\/museumaciel\/os-primeiros-imigrantes\/\">Continue lendo &rarr;<\/a><\/p>\n","protected":false},"author":493,"featured_media":0,"parent":0,"menu_order":0,"comment_status":"closed","ping_status":"closed","template":"","meta":{"footnotes":""},"class_list":["post-415","page","type-page","status-publish","hentry"],"_links":{"self":[{"href":"https:\/\/wp.ufpel.edu.br\/museumaciel\/wp-json\/wp\/v2\/pages\/415","targetHints":{"allow":["GET"]}}],"collection":[{"href":"https:\/\/wp.ufpel.edu.br\/museumaciel\/wp-json\/wp\/v2\/pages"}],"about":[{"href":"https:\/\/wp.ufpel.edu.br\/museumaciel\/wp-json\/wp\/v2\/types\/page"}],"author":[{"embeddable":true,"href":"https:\/\/wp.ufpel.edu.br\/museumaciel\/wp-json\/wp\/v2\/users\/493"}],"replies":[{"embeddable":true,"href":"https:\/\/wp.ufpel.edu.br\/museumaciel\/wp-json\/wp\/v2\/comments?post=415"}],"version-history":[{"count":3,"href":"https:\/\/wp.ufpel.edu.br\/museumaciel\/wp-json\/wp\/v2\/pages\/415\/revisions"}],"predecessor-version":[{"id":420,"href":"https:\/\/wp.ufpel.edu.br\/museumaciel\/wp-json\/wp\/v2\/pages\/415\/revisions\/420"}],"wp:attachment":[{"href":"https:\/\/wp.ufpel.edu.br\/museumaciel\/wp-json\/wp\/v2\/media?parent=415"}],"curies":[{"name":"wp","href":"https:\/\/api.w.org\/{rel}","templated":true}]}}