{"id":351,"date":"2017-09-14T14:38:13","date_gmt":"2017-09-14T17:38:13","guid":{"rendered":"https:\/\/wp.ufpel.edu.br\/museumaciel\/?page_id=351"},"modified":"2017-09-14T14:38:13","modified_gmt":"2017-09-14T17:38:13","slug":"apoiadores","status":"publish","type":"page","link":"https:\/\/wp.ufpel.edu.br\/museumaciel\/apoiadores\/","title":{"rendered":"Apoiadores"},"content":{"rendered":"<p><a href=\"http:\/\/portal.ufpel.edu.br\/\">Universidade Federal de Pelotas<\/a><\/p>\n<p><a href=\"http:\/\/www.pelotas.com.br\/\">Prefeitura Municipal de Pelotas<\/a><\/p>\n<p><a href=\"https:\/\/wp.ufpel.edu.br\/lepaarq\/\">Laborat\u00f3rio de Ensino e Pesquisa em Antropologia e Arqueologia<\/a><\/p>\n<p><a href=\"http:\/\/imprs.com.br\/\">Instituto de Mem\u00f3ria e Patrim\u00f4nio <\/a><\/p>\n<p><a href=\"https:\/\/wp.ufpel.edu.br\/ppgh\/\">Programa de P\u00f3s-Gradua\u00e7\u00e3o em Hist\u00f3ria\/UFPEL<\/a><\/p>\n<p><a href=\"https:\/\/wp.ufpel.edu.br\/ppgmp\/\">Programa de P\u00f3s-Gradua\u00e7\u00e3o em Mem\u00f3ria Social e Patrim\u00f4nio Cultural\/UFPEL<\/a><\/p>\n<p>&nbsp;<\/p>\n","protected":false},"excerpt":{"rendered":"<p>Universidade Federal de Pelotas Prefeitura Municipal de Pelotas Laborat\u00f3rio de Ensino e Pesquisa em Antropologia e Arqueologia Instituto de Mem\u00f3ria e Patrim\u00f4nio Programa de P\u00f3s-Gradua\u00e7\u00e3o em Hist\u00f3ria\/UFPEL Programa de P\u00f3s-Gradua\u00e7\u00e3o em Mem\u00f3ria Social e Patrim\u00f4nio Cultural\/UFPEL &nbsp;<\/p>\n","protected":false},"author":493,"featured_media":0,"parent":0,"menu_order":0,"comment_status":"closed","ping_status":"closed","template":"","meta":{"footnotes":""},"class_list":["post-351","page","type-page","status-publish","hentry"],"_links":{"self":[{"href":"https:\/\/wp.ufpel.edu.br\/museumaciel\/wp-json\/wp\/v2\/pages\/351","targetHints":{"allow":["GET"]}}],"collection":[{"href":"https:\/\/wp.ufpel.edu.br\/museumaciel\/wp-json\/wp\/v2\/pages"}],"about":[{"href":"https:\/\/wp.ufpel.edu.br\/museumaciel\/wp-json\/wp\/v2\/types\/page"}],"author":[{"embeddable":true,"href":"https:\/\/wp.ufpel.edu.br\/museumaciel\/wp-json\/wp\/v2\/users\/493"}],"replies":[{"embeddable":true,"href":"https:\/\/wp.ufpel.edu.br\/museumaciel\/wp-json\/wp\/v2\/comments?post=351"}],"version-history":[{"count":2,"href":"https:\/\/wp.ufpel.edu.br\/museumaciel\/wp-json\/wp\/v2\/pages\/351\/revisions"}],"predecessor-version":[{"id":361,"href":"https:\/\/wp.ufpel.edu.br\/museumaciel\/wp-json\/wp\/v2\/pages\/351\/revisions\/361"}],"wp:attachment":[{"href":"https:\/\/wp.ufpel.edu.br\/museumaciel\/wp-json\/wp\/v2\/media?parent=351"}],"curies":[{"name":"wp","href":"https:\/\/api.w.org\/{rel}","templated":true}]}}