{"id":345,"date":"2017-09-14T14:25:24","date_gmt":"2017-09-14T17:25:24","guid":{"rendered":"https:\/\/wp.ufpel.edu.br\/museumaciel\/?page_id=345"},"modified":"2017-09-14T14:25:24","modified_gmt":"2017-09-14T17:25:24","slug":"missao","status":"publish","type":"page","link":"https:\/\/wp.ufpel.edu.br\/museumaciel\/missao\/","title":{"rendered":"Miss\u00e3o"},"content":{"rendered":"<p style=\"text-align: justify\">O Museu Etnogr\u00e1fico da Col\u00f4nia Maciel tem como miss\u00e3o promover o conhecimento e a reflex\u00e3o sobre a trajet\u00f3ria hist\u00f3rica da comunidade \u00edtalo-descendente do munic\u00edpio de Pelotas, estabelecida originalmente no s\u00e9c. XIX na Serra dos Tapes. Por meio da identifica\u00e7\u00e3o e conserva\u00e7\u00e3o das refer\u00eancias culturais orais, materiais, visuais e paisag\u00edstica do patrim\u00f4nio da imigra\u00e7\u00e3o, procura proporcionar a preserva\u00e7\u00e3o da mem\u00f3ria e fomento da identidade resultante da imigra\u00e7\u00e3o italiana na regi\u00e3o, ensejando a reflex\u00e3o sobre a import\u00e2ncia deste processo migrat\u00f3rio e suas implica\u00e7\u00f5es sobre a sociedade atual.<\/p>\n","protected":false},"excerpt":{"rendered":"<p>O Museu Etnogr\u00e1fico da Col\u00f4nia Maciel tem como miss\u00e3o promover o conhecimento e a reflex\u00e3o sobre a trajet\u00f3ria hist\u00f3rica da comunidade \u00edtalo-descendente do munic\u00edpio de Pelotas, estabelecida originalmente no s\u00e9c. XIX na Serra dos Tapes. Por meio da identifica\u00e7\u00e3o e&#8230; <a class=\"more-link\" href=\"https:\/\/wp.ufpel.edu.br\/museumaciel\/missao\/\">Continue lendo &rarr;<\/a><\/p>\n","protected":false},"author":493,"featured_media":0,"parent":0,"menu_order":0,"comment_status":"closed","ping_status":"closed","template":"","meta":{"footnotes":""},"class_list":["post-345","page","type-page","status-publish","hentry"],"_links":{"self":[{"href":"https:\/\/wp.ufpel.edu.br\/museumaciel\/wp-json\/wp\/v2\/pages\/345","targetHints":{"allow":["GET"]}}],"collection":[{"href":"https:\/\/wp.ufpel.edu.br\/museumaciel\/wp-json\/wp\/v2\/pages"}],"about":[{"href":"https:\/\/wp.ufpel.edu.br\/museumaciel\/wp-json\/wp\/v2\/types\/page"}],"author":[{"embeddable":true,"href":"https:\/\/wp.ufpel.edu.br\/museumaciel\/wp-json\/wp\/v2\/users\/493"}],"replies":[{"embeddable":true,"href":"https:\/\/wp.ufpel.edu.br\/museumaciel\/wp-json\/wp\/v2\/comments?post=345"}],"version-history":[{"count":1,"href":"https:\/\/wp.ufpel.edu.br\/museumaciel\/wp-json\/wp\/v2\/pages\/345\/revisions"}],"predecessor-version":[{"id":348,"href":"https:\/\/wp.ufpel.edu.br\/museumaciel\/wp-json\/wp\/v2\/pages\/345\/revisions\/348"}],"wp:attachment":[{"href":"https:\/\/wp.ufpel.edu.br\/museumaciel\/wp-json\/wp\/v2\/media?parent=345"}],"curies":[{"name":"wp","href":"https:\/\/api.w.org\/{rel}","templated":true}]}}