{"id":303,"date":"2017-09-14T13:55:00","date_gmt":"2017-09-14T16:55:00","guid":{"rendered":"https:\/\/wp.ufpel.edu.br\/museumaciel\/?page_id=303"},"modified":"2017-09-28T16:11:53","modified_gmt":"2017-09-28T19:11:53","slug":"imigracao-italiana-em-pelotas","status":"publish","type":"page","link":"https:\/\/wp.ufpel.edu.br\/museumaciel\/imigracao-italiana-em-pelotas\/","title":{"rendered":"Imigra\u00e7\u00e3o Italiana em Pelotas"},"content":{"rendered":"<p style=\"text-align: justify\">No S\u00e9c. XIX, havia em Pelotas imigrantes citadinos e rurais. Os rurais, denominados colonos, concentraram-se na Col\u00f4nia Maciel, chegando a partir de 1884. Os citadinos chegaram a partir dos anos 40, num movimento migrat\u00f3ria espont\u00e2neo. Em 1843. Existia em Pelotas um hotel de italianos. A demanda por servi\u00e7os t\u00e9cnicos especializados de imigrantes europeus aumentava \u00e0 medida em que a cidade crescia, com o avan\u00e7o da economia charqueadora.<\/p>\n<p style=\"text-align: justify\">Em 1873, os imigrantes italianos criaram a sociedade <em>Unione e Philantropia,<\/em> origem da atual Sociedade Italiana Pelotense. Dedicavam-se a of\u00edcios artesanais e liberais, entre eles havendo m\u00e9dicos, arquitetos, m\u00fasicos e professores, al\u00e9m de alfaiates, sapateiras, chapeleiros, ferreiros, funileiros, pedreiros, barbeiros, carpinteiros, t\u00e9cnicos industriais, fot\u00f3grafos, operadores de cinemat\u00f3grafos (no in\u00edcio do s\u00e9c. XX) e muitos comerciantes. Alguns deles foram respons\u00e1veis pela cria\u00e7\u00e3o de ind\u00fastrias, como<\/p>\n","protected":false},"excerpt":{"rendered":"<p>No S\u00e9c. XIX, havia em Pelotas imigrantes citadinos e rurais. Os rurais, denominados colonos, concentraram-se na Col\u00f4nia Maciel, chegando a partir de 1884. Os citadinos chegaram a partir dos anos 40, num movimento migrat\u00f3ria espont\u00e2neo. Em 1843. Existia em Pelotas&#8230; <a class=\"more-link\" href=\"https:\/\/wp.ufpel.edu.br\/museumaciel\/imigracao-italiana-em-pelotas\/\">Continue lendo &rarr;<\/a><\/p>\n","protected":false},"author":493,"featured_media":0,"parent":0,"menu_order":0,"comment_status":"closed","ping_status":"closed","template":"","meta":{"footnotes":""},"class_list":["post-303","page","type-page","status-publish","hentry"],"_links":{"self":[{"href":"https:\/\/wp.ufpel.edu.br\/museumaciel\/wp-json\/wp\/v2\/pages\/303","targetHints":{"allow":["GET"]}}],"collection":[{"href":"https:\/\/wp.ufpel.edu.br\/museumaciel\/wp-json\/wp\/v2\/pages"}],"about":[{"href":"https:\/\/wp.ufpel.edu.br\/museumaciel\/wp-json\/wp\/v2\/types\/page"}],"author":[{"embeddable":true,"href":"https:\/\/wp.ufpel.edu.br\/museumaciel\/wp-json\/wp\/v2\/users\/493"}],"replies":[{"embeddable":true,"href":"https:\/\/wp.ufpel.edu.br\/museumaciel\/wp-json\/wp\/v2\/comments?post=303"}],"version-history":[{"count":2,"href":"https:\/\/wp.ufpel.edu.br\/museumaciel\/wp-json\/wp\/v2\/pages\/303\/revisions"}],"predecessor-version":[{"id":505,"href":"https:\/\/wp.ufpel.edu.br\/museumaciel\/wp-json\/wp\/v2\/pages\/303\/revisions\/505"}],"wp:attachment":[{"href":"https:\/\/wp.ufpel.edu.br\/museumaciel\/wp-json\/wp\/v2\/media?parent=303"}],"curies":[{"name":"wp","href":"https:\/\/api.w.org\/{rel}","templated":true}]}}