{"id":29,"date":"2015-04-24T15:43:49","date_gmt":"2015-04-24T18:43:49","guid":{"rendered":"https:\/\/wp.ufpel.edu.br\/museumaciel\/?page_id=29"},"modified":"2017-09-10T19:01:18","modified_gmt":"2017-09-10T22:01:18","slug":"acervo","status":"publish","type":"page","link":"https:\/\/wp.ufpel.edu.br\/museumaciel\/acervo\/","title":{"rendered":"Acervo"},"content":{"rendered":"<pre style=\"text-align: left\"><span style=\"font-family: arial,helvetica,sans-serif\">\u00a0Algumas fotos e informa\u00e7\u00f5es sobre o acervo:<\/span><a href=\"https:\/\/wp.ufpel.edu.br\/museumaciel\/files\/2015\/04\/e-016803.jpg\">\r\n<img loading=\"lazy\" decoding=\"async\" class=\"size-medium wp-image-59 aligncenter\" src=\"https:\/\/wp.ufpel.edu.br\/museumaciel\/files\/2015\/04\/e-016803-424x318.jpg\" alt=\"\" width=\"424\" height=\"318\" srcset=\"https:\/\/wp.ufpel.edu.br\/museumaciel\/files\/2015\/04\/e-016803-424x318.jpg 424w, https:\/\/wp.ufpel.edu.br\/museumaciel\/files\/2015\/04\/e-016803-212x159.jpg 212w, https:\/\/wp.ufpel.edu.br\/museumaciel\/files\/2015\/04\/e-016803-768x576.jpg 768w\" sizes=\"auto, (max-width: 424px) 100vw, 424px\" \/><\/a><span style=\"font-family: arial,helvetica,sans-serif;font-size: 12pt\"><strong>N\u00ba invent\u00e1rio:<\/strong> 05.03.0955\r\n<strong>Nome do objeto:<\/strong> Jogo de bocha\r\n<strong>Hist\u00f3rico: <\/strong>O\u00a0 objeto foi comprado pelo senhor Em\u00edlio Casarin na Ferragem Vieira e Silva\r\n<strong>Data\u00e7\u00e3o aproximada:<\/strong> 1960<\/span>\r\n<span style=\"font-family: arial,helvetica,sans-serif;font-size: 12pt\"><strong>Doador:<\/strong> Jo\u00e3o Casarin<\/span>\r\n\r\n<span style=\"font-family: arial,helvetica,sans-serif;font-size: 12pt\"><a href=\"https:\/\/wp.ufpel.edu.br\/museumaciel\/files\/2015\/04\/e-018302.jpg\"><img loading=\"lazy\" decoding=\"async\" class=\"aligncenter size-medium wp-image-60\" src=\"https:\/\/wp.ufpel.edu.br\/museumaciel\/files\/2015\/04\/e-018302-424x288.jpg\" alt=\"\" width=\"424\" height=\"288\" srcset=\"https:\/\/wp.ufpel.edu.br\/museumaciel\/files\/2015\/04\/e-018302-424x288.jpg 424w, https:\/\/wp.ufpel.edu.br\/museumaciel\/files\/2015\/04\/e-018302-212x144.jpg 212w, https:\/\/wp.ufpel.edu.br\/museumaciel\/files\/2015\/04\/e-018302-768x521.jpg 768w, https:\/\/wp.ufpel.edu.br\/museumaciel\/files\/2015\/04\/e-018302.jpg 2041w\" sizes=\"auto, (max-width: 424px) 100vw, 424px\" \/><\/a><\/span><span style=\"font-family: arial,helvetica,sans-serif;font-size: 12pt\"><strong>N\u00ba invent\u00e1rio:<\/strong> 05.03.0982<\/span>\r\n<span style=\"font-family: arial,helvetica,sans-serif;font-size: 12pt\"><strong>Nome do objeto:<\/strong> M\u00e1quina de descascar frutas<\/span>\r\n<span style=\"font-family: arial,helvetica,sans-serif;font-size: 12pt\"><strong>Hist\u00f3rico\/utiliza\u00e7\u00e3o: <\/strong>O\u00a0objeto era utilizada para descascar frutas e legumes.<\/span>\r\n<span style=\"font-family: arial,helvetica,sans-serif;font-size: 12pt\"><strong>Data\u00e7\u00e3o aproximada:<\/strong>1945<\/span>\r\n<span style=\"font-family: arial,helvetica,sans-serif;font-size: 12pt\"><strong>Doador<\/strong>: Jo\u00e3o Casarin<\/span>\r\n\r\n<span style=\"font-family: arial,helvetica,sans-serif;font-size: 12pt\"><a href=\"https:\/\/wp.ufpel.edu.br\/museumaciel\/files\/2015\/04\/e-011702.jpg\"><img loading=\"lazy\" decoding=\"async\" class=\"aligncenter size-medium wp-image-58\" src=\"https:\/\/wp.ufpel.edu.br\/museumaciel\/files\/2015\/04\/e-011702-424x316.jpg\" alt=\"\" width=\"424\" height=\"316\" srcset=\"https:\/\/wp.ufpel.edu.br\/museumaciel\/files\/2015\/04\/e-011702-424x316.jpg 424w, https:\/\/wp.ufpel.edu.br\/museumaciel\/files\/2015\/04\/e-011702-212x159.jpg 212w, https:\/\/wp.ufpel.edu.br\/museumaciel\/files\/2015\/04\/e-011702-768x573.jpg 768w, https:\/\/wp.ufpel.edu.br\/museumaciel\/files\/2015\/04\/e-011702.jpg 1825w\" sizes=\"auto, (max-width: 424px) 100vw, 424px\" \/><\/a><\/span><span style=\"font-family: arial,helvetica,sans-serif;font-size: 12pt\"><strong>N\u00ba invent\u00e1rio:<\/strong> 05.03.0358<\/span>\r\n<span style=\"font-family: arial,helvetica,sans-serif;font-size: 12pt\"><strong>Nome do objeto:<\/strong> Coador de vinho<\/span>\r\n<span style=\"font-family: arial,helvetica,sans-serif;font-size: 12pt\"><strong>Hist\u00f3rico\/utiliza\u00e7\u00e3o: <\/strong>O\u00a0objeto era utilizado para coar o vinho.<\/span>\r\n<span style=\"font-family: arial,helvetica,sans-serif;font-size: 12pt\"><strong>Data\u00e7\u00e3o aproximada:<\/strong>1930<\/span>\r\n<span style=\"font-family: arial,helvetica,sans-serif;font-size: 12pt\"><strong>Doador<\/strong>: Jo\u00e3o Casarin<\/span>\r\n\r\n<span style=\"font-family: arial,helvetica,sans-serif;font-size: 12pt\"> <a href=\"https:\/\/wp.ufpel.edu.br\/museumaciel\/files\/2015\/04\/e-009002.jpg\"><img loading=\"lazy\" decoding=\"async\" class=\"aligncenter size-medium wp-image-57\" src=\"https:\/\/wp.ufpel.edu.br\/museumaciel\/files\/2015\/04\/e-009002-424x267.jpg\" alt=\"\" width=\"424\" height=\"267\" srcset=\"https:\/\/wp.ufpel.edu.br\/museumaciel\/files\/2015\/04\/e-009002-424x267.jpg 424w, https:\/\/wp.ufpel.edu.br\/museumaciel\/files\/2015\/04\/e-009002-212x134.jpg 212w, https:\/\/wp.ufpel.edu.br\/museumaciel\/files\/2015\/04\/e-009002-768x484.jpg 768w, https:\/\/wp.ufpel.edu.br\/museumaciel\/files\/2015\/04\/e-009002.jpg 1561w\" sizes=\"auto, (max-width: 424px) 100vw, 424px\" \/><\/a><\/span><span style=\"font-family: arial,helvetica,sans-serif;font-size: 12pt\"><strong>N\u00ba invent\u00e1rio:<\/strong> 05.03.0485<\/span>\r\n<span style=\"font-family: arial,helvetica,sans-serif;font-size: 12pt\"><strong>Nome do objeto:<\/strong> Roldana<\/span>\r\n<span style=\"font-family: arial,helvetica,sans-serif;font-size: 12pt\"><strong>Hist\u00f3rico\/utiliza\u00e7\u00e3o: <\/strong>O\u00a0objeto era utilizado para enfardar alfafa.<\/span>\r\n<span style=\"font-family: arial,helvetica,sans-serif;font-size: 12pt\"><strong>Data\u00e7\u00e3o aproximada:<\/strong>1945<\/span>\r\n<span style=\"font-family: arial,helvetica,sans-serif;font-size: 12pt\"><strong>Doador<\/strong>: Carlito Blas<\/span>\r\n\r\n<span style=\"font-family: arial,helvetica,sans-serif;font-size: 12pt\"> <a href=\"https:\/\/wp.ufpel.edu.br\/museumaciel\/files\/2015\/04\/e-008102.jpg\"><img loading=\"lazy\" decoding=\"async\" class=\"aligncenter size-medium wp-image-56\" src=\"https:\/\/wp.ufpel.edu.br\/museumaciel\/files\/2015\/04\/e-008102-424x318.jpg\" alt=\"\" width=\"424\" height=\"318\" srcset=\"https:\/\/wp.ufpel.edu.br\/museumaciel\/files\/2015\/04\/e-008102-424x318.jpg 424w, https:\/\/wp.ufpel.edu.br\/museumaciel\/files\/2015\/04\/e-008102-212x159.jpg 212w, https:\/\/wp.ufpel.edu.br\/museumaciel\/files\/2015\/04\/e-008102-768x576.jpg 768w\" sizes=\"auto, (max-width: 424px) 100vw, 424px\" \/><\/a><\/span><span style=\"font-family: arial,helvetica,sans-serif;font-size: 12pt\"><strong>N\u00ba invent\u00e1rio:<\/strong> 05.03.0756<\/span>\r\n<span style=\"font-family: arial,helvetica,sans-serif;font-size: 12pt\"><strong>Nome do objeto:<\/strong> Batedor de asfalto<\/span>\r\n<span style=\"font-family: arial,helvetica,sans-serif;font-size: 12pt\"><strong>Hist\u00f3rico\/utiliza\u00e7\u00e3o: <\/strong>Brinquedo infantil. Usado pelos filhos de Antonio Casarin.<\/span>\r\n<span style=\"font-family: arial,helvetica,sans-serif;font-size: 12pt\"><strong>Data\u00e7\u00e3o aproximada:<\/strong>1960<\/span>\r\n<span style=\"font-family: arial,helvetica,sans-serif;font-size: 12pt\"><strong>Doador<\/strong>: Ol\u00e1vio Camelatto<\/span>\r\n\r\n<\/pre>\n<p>&nbsp;<\/p>\n","protected":false},"excerpt":{"rendered":"<p>\u00a0Algumas fotos e informa\u00e7\u00f5es sobre o acervo: N\u00ba invent\u00e1rio: 05.03.0955 Nome do objeto: Jogo de bocha Hist\u00f3rico: O\u00a0 objeto foi comprado pelo senhor Em\u00edlio Casarin na Ferragem Vieira e Silva Data\u00e7\u00e3o aproximada: 1960 Doador: Jo\u00e3o Casarin N\u00ba invent\u00e1rio: 05.03.0982 Nome&#8230; <a class=\"more-link\" href=\"https:\/\/wp.ufpel.edu.br\/museumaciel\/acervo\/\">Continue lendo &rarr;<\/a><\/p>\n","protected":false},"author":493,"featured_media":0,"parent":0,"menu_order":0,"comment_status":"closed","ping_status":"closed","template":"","meta":{"footnotes":""},"class_list":["post-29","page","type-page","status-publish","hentry"],"_links":{"self":[{"href":"https:\/\/wp.ufpel.edu.br\/museumaciel\/wp-json\/wp\/v2\/pages\/29","targetHints":{"allow":["GET"]}}],"collection":[{"href":"https:\/\/wp.ufpel.edu.br\/museumaciel\/wp-json\/wp\/v2\/pages"}],"about":[{"href":"https:\/\/wp.ufpel.edu.br\/museumaciel\/wp-json\/wp\/v2\/types\/page"}],"author":[{"embeddable":true,"href":"https:\/\/wp.ufpel.edu.br\/museumaciel\/wp-json\/wp\/v2\/users\/493"}],"replies":[{"embeddable":true,"href":"https:\/\/wp.ufpel.edu.br\/museumaciel\/wp-json\/wp\/v2\/comments?post=29"}],"version-history":[{"count":6,"href":"https:\/\/wp.ufpel.edu.br\/museumaciel\/wp-json\/wp\/v2\/pages\/29\/revisions"}],"predecessor-version":[{"id":119,"href":"https:\/\/wp.ufpel.edu.br\/museumaciel\/wp-json\/wp\/v2\/pages\/29\/revisions\/119"}],"wp:attachment":[{"href":"https:\/\/wp.ufpel.edu.br\/museumaciel\/wp-json\/wp\/v2\/media?parent=29"}],"curies":[{"name":"wp","href":"https:\/\/api.w.org\/{rel}","templated":true}]}}