{"id":267,"date":"2017-09-14T13:40:51","date_gmt":"2017-09-14T16:40:51","guid":{"rendered":"https:\/\/wp.ufpel.edu.br\/museumaciel\/?page_id=267"},"modified":"2017-09-22T21:59:28","modified_gmt":"2017-09-23T00:59:28","slug":"a-colonia-maciel","status":"publish","type":"page","link":"https:\/\/wp.ufpel.edu.br\/museumaciel\/a-colonia-maciel\/","title":{"rendered":"A Col\u00f4nia Maciel"},"content":{"rendered":"<p>Atualmente a Col\u00f4nia Maciel faz parte do 8\u00ba distrito do munic\u00edpio de Pelotas juntamente com a col\u00f4nia Triunfo. Segundo dados do IBGE no censo de 1996, a col\u00f4nia contava com uma popula\u00e7\u00e3o de 869 habitantes, divididos entre as \u00e1reas urbana e rural. O n\u00famero de resid\u00eancias era de 287 e o de im\u00f3veis comerciais era de 20. Na zona urbana est\u00e3o localizados, a sub-prefeitura do distrito, um posto de sa\u00fade, uma escola municipal e um posto da brigada. A col\u00f4nia conta ainda com uma r\u00e1dio comunit\u00e1ria, sob a coordena\u00e7\u00e3o do Padre Luiz Armindo Capone (PEIXOTO, 2001).<\/p>\n<p><a href=\"https:\/\/wp.ufpel.edu.br\/museumaciel\/files\/2017\/09\/mapa.jpg\"><img loading=\"lazy\" decoding=\"async\" class=\"aligncenter size-medium wp-image-454\" src=\"https:\/\/wp.ufpel.edu.br\/museumaciel\/files\/2017\/09\/mapa-383x318.jpg\" alt=\"\" width=\"383\" height=\"318\" srcset=\"https:\/\/wp.ufpel.edu.br\/museumaciel\/files\/2017\/09\/mapa-383x318.jpg 383w, https:\/\/wp.ufpel.edu.br\/museumaciel\/files\/2017\/09\/mapa-191x159.jpg 191w, https:\/\/wp.ufpel.edu.br\/museumaciel\/files\/2017\/09\/mapa-768x638.jpg 768w, https:\/\/wp.ufpel.edu.br\/museumaciel\/files\/2017\/09\/mapa-600x499.jpg 600w, https:\/\/wp.ufpel.edu.br\/museumaciel\/files\/2017\/09\/mapa.jpg 775w\" sizes=\"auto, (max-width: 383px) 100vw, 383px\" \/><\/a><\/p>\n<div id=\"attachment_412\" style=\"width: 434px\" class=\"wp-caption aligncenter\"><a href=\"https:\/\/wp.ufpel.edu.br\/museumaciel\/files\/2017\/09\/RP-06.01.0522.jpg\"><img loading=\"lazy\" decoding=\"async\" aria-describedby=\"caption-attachment-412\" class=\"size-medium wp-image-412\" src=\"https:\/\/wp.ufpel.edu.br\/museumaciel\/files\/2017\/09\/RP-06.01.0522-424x318.jpg\" alt=\"\" width=\"424\" height=\"318\" srcset=\"https:\/\/wp.ufpel.edu.br\/museumaciel\/files\/2017\/09\/RP-06.01.0522-424x318.jpg 424w, https:\/\/wp.ufpel.edu.br\/museumaciel\/files\/2017\/09\/RP-06.01.0522-212x159.jpg 212w, https:\/\/wp.ufpel.edu.br\/museumaciel\/files\/2017\/09\/RP-06.01.0522-768x576.jpg 768w, https:\/\/wp.ufpel.edu.br\/museumaciel\/files\/2017\/09\/RP-06.01.0522-945x709.jpg 945w, https:\/\/wp.ufpel.edu.br\/museumaciel\/files\/2017\/09\/RP-06.01.0522-600x450.jpg 600w\" sizes=\"auto, (max-width: 424px) 100vw, 424px\" \/><\/a><p id=\"caption-attachment-412\" class=\"wp-caption-text\">Parreiral da Fam\u00edlia Casarin. Autor: Rafael Marin (2006)<\/p><\/div>\n<div id=\"attachment_411\" style=\"width: 434px\" class=\"wp-caption aligncenter\"><a href=\"https:\/\/wp.ufpel.edu.br\/museumaciel\/files\/2017\/09\/P9090047.jpg\"><img loading=\"lazy\" decoding=\"async\" aria-describedby=\"caption-attachment-411\" class=\"size-medium wp-image-411\" src=\"https:\/\/wp.ufpel.edu.br\/museumaciel\/files\/2017\/09\/P9090047-424x318.jpg\" alt=\"\" width=\"424\" height=\"318\" srcset=\"https:\/\/wp.ufpel.edu.br\/museumaciel\/files\/2017\/09\/P9090047-424x318.jpg 424w, https:\/\/wp.ufpel.edu.br\/museumaciel\/files\/2017\/09\/P9090047-212x159.jpg 212w, https:\/\/wp.ufpel.edu.br\/museumaciel\/files\/2017\/09\/P9090047-768x576.jpg 768w, https:\/\/wp.ufpel.edu.br\/museumaciel\/files\/2017\/09\/P9090047-945x709.jpg 945w, https:\/\/wp.ufpel.edu.br\/museumaciel\/files\/2017\/09\/P9090047-600x450.jpg 600w, https:\/\/wp.ufpel.edu.br\/museumaciel\/files\/2017\/09\/P9090047.jpg 2048w\" sizes=\"auto, (max-width: 424px) 100vw, 424px\" \/><\/a><p id=\"caption-attachment-411\" class=\"wp-caption-text\">Cemit\u00e9rio Col\u00f4nia Maciel. Autor: Cristiano Gehrke (2009)<\/p><\/div>\n<div id=\"attachment_410\" style=\"width: 434px\" class=\"wp-caption aligncenter\"><a href=\"https:\/\/wp.ufpel.edu.br\/museumaciel\/files\/2017\/09\/P9090019.jpg\"><img loading=\"lazy\" decoding=\"async\" aria-describedby=\"caption-attachment-410\" class=\"size-medium wp-image-410\" src=\"https:\/\/wp.ufpel.edu.br\/museumaciel\/files\/2017\/09\/P9090019-424x318.jpg\" alt=\"\" width=\"424\" height=\"318\" srcset=\"https:\/\/wp.ufpel.edu.br\/museumaciel\/files\/2017\/09\/P9090019-424x318.jpg 424w, https:\/\/wp.ufpel.edu.br\/museumaciel\/files\/2017\/09\/P9090019-212x159.jpg 212w, https:\/\/wp.ufpel.edu.br\/museumaciel\/files\/2017\/09\/P9090019-768x576.jpg 768w, https:\/\/wp.ufpel.edu.br\/museumaciel\/files\/2017\/09\/P9090019-945x709.jpg 945w, https:\/\/wp.ufpel.edu.br\/museumaciel\/files\/2017\/09\/P9090019-600x450.jpg 600w, https:\/\/wp.ufpel.edu.br\/museumaciel\/files\/2017\/09\/P9090019.jpg 2048w\" sizes=\"auto, (max-width: 424px) 100vw, 424px\" \/><\/a><p id=\"caption-attachment-410\" class=\"wp-caption-text\">Cemit\u00e9rio Col\u00f4nia Maciel. Autor: Cristiano Gehrke (2010)<\/p><\/div>\n<div id=\"attachment_409\" style=\"width: 434px\" class=\"wp-caption aligncenter\"><a href=\"https:\/\/wp.ufpel.edu.br\/museumaciel\/files\/2017\/09\/DSC04791.jpg\"><img loading=\"lazy\" decoding=\"async\" aria-describedby=\"caption-attachment-409\" class=\"size-medium wp-image-409\" src=\"https:\/\/wp.ufpel.edu.br\/museumaciel\/files\/2017\/09\/DSC04791-424x318.jpg\" alt=\"\" width=\"424\" height=\"318\" srcset=\"https:\/\/wp.ufpel.edu.br\/museumaciel\/files\/2017\/09\/DSC04791-424x318.jpg 424w, https:\/\/wp.ufpel.edu.br\/museumaciel\/files\/2017\/09\/DSC04791-212x159.jpg 212w, https:\/\/wp.ufpel.edu.br\/museumaciel\/files\/2017\/09\/DSC04791-768x576.jpg 768w, https:\/\/wp.ufpel.edu.br\/museumaciel\/files\/2017\/09\/DSC04791-945x709.jpg 945w, https:\/\/wp.ufpel.edu.br\/museumaciel\/files\/2017\/09\/DSC04791-600x450.jpg 600w, https:\/\/wp.ufpel.edu.br\/museumaciel\/files\/2017\/09\/DSC04791.jpg 1280w\" sizes=\"auto, (max-width: 424px) 100vw, 424px\" \/><\/a><p id=\"caption-attachment-409\" class=\"wp-caption-text\">Casa de Pedra de Giusto Casarin. Autor: Cristiano Gehrke (2009)<\/p><\/div>\n<div id=\"attachment_408\" style=\"width: 434px\" class=\"wp-caption aligncenter\"><a href=\"https:\/\/wp.ufpel.edu.br\/museumaciel\/files\/2017\/09\/DSC02460.jpg\"><img loading=\"lazy\" decoding=\"async\" aria-describedby=\"caption-attachment-408\" class=\"size-medium wp-image-408\" src=\"https:\/\/wp.ufpel.edu.br\/museumaciel\/files\/2017\/09\/DSC02460-424x318.jpg\" alt=\"\" width=\"424\" height=\"318\" srcset=\"https:\/\/wp.ufpel.edu.br\/museumaciel\/files\/2017\/09\/DSC02460-424x318.jpg 424w, https:\/\/wp.ufpel.edu.br\/museumaciel\/files\/2017\/09\/DSC02460-212x159.jpg 212w, https:\/\/wp.ufpel.edu.br\/museumaciel\/files\/2017\/09\/DSC02460-768x576.jpg 768w, https:\/\/wp.ufpel.edu.br\/museumaciel\/files\/2017\/09\/DSC02460-945x709.jpg 945w, https:\/\/wp.ufpel.edu.br\/museumaciel\/files\/2017\/09\/DSC02460-600x450.jpg 600w\" sizes=\"auto, (max-width: 424px) 100vw, 424px\" \/><\/a><p id=\"caption-attachment-408\" class=\"wp-caption-text\">Igreja Matriz da Par\u00f3quia de Sant&#8217;Anna. Autor: Cristiano Gehrke (2009)<\/p><\/div>\n","protected":false},"excerpt":{"rendered":"<p>Atualmente a Col\u00f4nia Maciel faz parte do 8\u00ba distrito do munic\u00edpio de Pelotas juntamente com a col\u00f4nia Triunfo. Segundo dados do IBGE no censo de 1996, a col\u00f4nia contava com uma popula\u00e7\u00e3o de 869 habitantes, divididos entre as \u00e1reas urbana&#8230; <a class=\"more-link\" href=\"https:\/\/wp.ufpel.edu.br\/museumaciel\/a-colonia-maciel\/\">Continue lendo &rarr;<\/a><\/p>\n","protected":false},"author":493,"featured_media":0,"parent":0,"menu_order":0,"comment_status":"closed","ping_status":"closed","template":"","meta":{"footnotes":""},"class_list":["post-267","page","type-page","status-publish","hentry"],"_links":{"self":[{"href":"https:\/\/wp.ufpel.edu.br\/museumaciel\/wp-json\/wp\/v2\/pages\/267","targetHints":{"allow":["GET"]}}],"collection":[{"href":"https:\/\/wp.ufpel.edu.br\/museumaciel\/wp-json\/wp\/v2\/pages"}],"about":[{"href":"https:\/\/wp.ufpel.edu.br\/museumaciel\/wp-json\/wp\/v2\/types\/page"}],"author":[{"embeddable":true,"href":"https:\/\/wp.ufpel.edu.br\/museumaciel\/wp-json\/wp\/v2\/users\/493"}],"replies":[{"embeddable":true,"href":"https:\/\/wp.ufpel.edu.br\/museumaciel\/wp-json\/wp\/v2\/comments?post=267"}],"version-history":[{"count":4,"href":"https:\/\/wp.ufpel.edu.br\/museumaciel\/wp-json\/wp\/v2\/pages\/267\/revisions"}],"predecessor-version":[{"id":455,"href":"https:\/\/wp.ufpel.edu.br\/museumaciel\/wp-json\/wp\/v2\/pages\/267\/revisions\/455"}],"wp:attachment":[{"href":"https:\/\/wp.ufpel.edu.br\/museumaciel\/wp-json\/wp\/v2\/media?parent=267"}],"curies":[{"name":"wp","href":"https:\/\/api.w.org\/{rel}","templated":true}]}}