{"id":258,"date":"2017-09-14T13:38:57","date_gmt":"2017-09-14T16:38:57","guid":{"rendered":"https:\/\/wp.ufpel.edu.br\/museumaciel\/?page_id=258"},"modified":"2017-09-22T20:07:18","modified_gmt":"2017-09-22T23:07:18","slug":"projeto-2014","status":"publish","type":"page","link":"https:\/\/wp.ufpel.edu.br\/museumaciel\/projeto-2014\/","title":{"rendered":"Projeto 2014"},"content":{"rendered":"<p style=\"text-align: justify\">A realiza\u00e7\u00e3o do Projeto de Educa\u00e7\u00e3o Patrimonial tem como principal justificativa a necessidade de ampliar as a\u00e7\u00f5es do Museu no campo da educa\u00e7\u00e3o, fazendo com que ele deixe de ser apenas um espa\u00e7o de mem\u00f3ria, para tornar-se um instrumento de socializa\u00e7\u00e3o, onde esta mem\u00f3ria contribua para o conhecimento e para o entendimento da sociedade atual e das transforma\u00e7\u00f5es hist\u00f3ricas que a produziram.<\/p>\n<p style=\"text-align: justify\">Deste modo, pretendeu-se aproximar a comunidade estudantil do Museu e qualificar estas visitas, fazendo com que os alunos compreendessem o que \u00e9 um museu, para que ele serve e por que preservar estes objetos. Al\u00e9m disso pretendeu-se ainda possibilitar que os alunos e seus pais conhecessem um pouco da hist\u00f3ria da col\u00f4nia de Pelotas, que tanto contribuiu para o desenvolvimento s\u00f3cio econ\u00f4mico-cultural da regi\u00e3o; promover a autoestima da comunidade, bem como divulgar a mem\u00f3ria social local e o Circuito de Museus; colaborar com o desenvolvimento sustent\u00e1vel da regi\u00e3o colonial por meio do est\u00edmulo \u00e0 preserva\u00e7\u00e3o patrimonial (cultural e ambiental) e do fomento ao turismo cultural, de vertente rural.<\/p>\n<p style=\"text-align: justify\">Em rela\u00e7\u00e3o \u00e0 metodologia, o projeto de Educa\u00e7\u00e3o Patrimonial do Museu Etnogr\u00e1fico da Col\u00f4nia Maciel foi elaborado visando atender alunos da pr\u00f3pria comunidade da Vila Maciel e demais localidades abrangidas pelas escolas locais. A escolha deste p\u00fablico se deve ao fato de fazer com que os alunos se sintam pertencentes ao museu, encontrando nele traduzido o passado e a hist\u00f3ria de seus ancestrais.<\/p>\n<p style=\"text-align: justify\">As atividades propostas pelo projeto foram desenvolvidas ao longo de quatro encontros, nos quais foram trabalhados os pressupostos b\u00e1sicos da Educa\u00e7\u00e3o Patrimonial: observa\u00e7\u00e3o, registro, explora\u00e7\u00e3o e apropria\u00e7\u00e3o, tendo uma carga hor\u00e1ria de 8h\/aula.<\/p>\n<p style=\"text-align: justify\">A partir da aceita\u00e7\u00e3o da proposta pelas escolas, foram agendados os encontros que se desenvolveram quatro encontros;<\/p>\n<p style=\"text-align: justify\"><strong>I Encontro<\/strong><\/p>\n<p style=\"text-align: justify\">O primeiro encontro realizado nas depend\u00eancias da escola. Este encontro foi acompanhado pelo professor de Hist\u00f3ria das turmas em quest\u00e3o. Havendo interesse outros professores, estes puderam participar do Projeto, visto que v\u00e1rias disciplinas podem inserir os conte\u00fados da Educa\u00e7\u00e3o Patrimonial as suas atividades, al\u00e9m de engrandecer os resultados do projeto.<\/p>\n<p style=\"text-align: justify\">O primeiro encontro est\u00e1 dividido em cinco momentos:<\/p>\n<p style=\"text-align: justify\">1-A equipe do Museu apresentou um Power Point, no qual estar\u00e3o elencados os conceitos de patrim\u00f4nio, cultura, identidade, patrim\u00f4nio cultural e mem\u00f3ria.<\/p>\n<p style=\"text-align: justify\">2\u2013 A equipe do Museu se apresentou aos alunos e far\u00e1 um breve relato sobre o Museu, sua localiza\u00e7\u00e3o, seu acervo e sobre o projeto do qual eles participaram, explicando a metodologia de trabalho;<\/p>\n<p style=\"text-align: justify\">3 &#8211; Ap\u00f3s a apresenta\u00e7\u00e3o os alunos responderam a uma quest\u00e3o sobre os conceitos trabalhados anteriormente e em seguida apresentaram suas respostas.<\/p>\n<p style=\"text-align: justify\">4 &#8211; A equipe do Museu fez breves coment\u00e1rios sobre as respostas dadas e esclareceu as d\u00favidas. Os alunos ent\u00e3o responderam uma segunda quest\u00e3o, onde foram convidados a reconhecerem, elencarem exemplos dos diferentes tipos de patrim\u00f4nio.<\/p>\n<p style=\"text-align: justify\">5 &#8211; Por \u00faltimo, foi entregue aos alunos uma segunda atividade, trata-se de uma entrevista, a ser feita em casa com pessoas que pudessem responder sobre os temas eixo do museu, durante sua inf\u00e2ncia, adolesc\u00eancia na col\u00f4nia. Ou at\u00e9 mesmo sobre acontecimentos dos quais eles tivessem ouvido de seus familiares: S\u00e3o eles: Chegada(descend\u00eancia), Trabalho (Tecnologia), Casa (h\u00e1bitos alimentares, estrutura arquitet\u00f4nica, atividades dom\u00e9sticas), Lazer, Educa\u00e7\u00e3o e Religi\u00e3o.<\/p>\n<p style=\"text-align: justify\">O question\u00e1rio entregue pelos alunos \u00e9 de extrema import\u00e2ncia para que a equipe do museu possa continuar desenvolvendo as atividades, na qual foi feita uma breve an\u00e1lise com os alunos sobre as informa\u00e7\u00f5es colhidas.<\/p>\n<p style=\"text-align: justify\">Carga Hor\u00e1ria: 2h\/aula<\/p>\n<p style=\"text-align: justify\"><strong>II Encontro:<\/strong><\/p>\n<p style=\"text-align: justify\">O segundo foi realizado nas depend\u00eancias da escola e est\u00e1 dividido da seguinte maneira:<\/p>\n<p style=\"text-align: justify\">1\u00baRecebimento das entrevistas realizadas pelos alunos.<\/p>\n<p style=\"text-align: justify\">2\u00baOs alunos fizeram um breve compartilhamento das informa\u00e7\u00f5es contidas nas entrevistas realizadas e elencaram pontos comuns ou divergentes. Ao ouvir seus relatos, o mediador elenca no quadro negro as caracter\u00edsticas por eles citadas a partir dos eixos. Afim de que eles percebam o quanto suas hist\u00f3rias se mesclam apesar dos diferentes locais de origem.<\/p>\n<p style=\"text-align: justify\">3\u00baOs alunos foram preparados para o terceiro encontro.<\/p>\n<p style=\"text-align: justify\">Carga Hor\u00e1ria: 2h\/aula<\/p>\n<p style=\"text-align: justify\"><strong>III Encontro<\/strong><\/p>\n<p style=\"text-align: justify\">O terceiro encontro foi realizado nas depend\u00eancias do museu, e foi divido em:<\/p>\n<p style=\"text-align: justify\">1\u00ba Logo que os alunos chegaram ao museu, a equipe fez uma breve apresenta\u00e7\u00e3o dos diversos tipos de acervo pertencentes ao Museu.<\/p>\n<p style=\"text-align: justify\">2\u00ba Cada grupo, atrav\u00e9s dos temas eixos (Chegada, Trabalho, Casa, Educa\u00e7\u00e3o, Lazer e Religi\u00e3o) foram respons\u00e1veis por remontar a exposi\u00e7\u00e3o do Museu, tendo em vista que o acervo estar\u00e1 totalmente diferente de sua expografia original. Eles deveriam levar em conta os dados colhidos nas entrevistas.<\/p>\n<p style=\"text-align: justify\">3\u00ba Ap\u00f3s, os alunos fizeram registros de como ficou a expografia do museu seja atrav\u00e9s do uso de fotografias ou de blocos de anota\u00e7\u00f5es.<\/p>\n<p style=\"text-align: justify\">4\u00ba Por \u00faltimo , os alunos apresentaram os motivos que levaram a escolher os objetos e montar de tal maneira a expografia.<\/p>\n<p style=\"text-align: justify\">Carga Hor\u00e1ria: 2h\/aula<\/p>\n<p style=\"text-align: justify\"><strong>IV Encontro<\/strong><\/p>\n<p style=\"text-align: justify\">O quarto encontro foi realizado na escola e contou com os seguintes momentos:<\/p>\n<p style=\"text-align: justify\">1\u00ba Os alunos confeccionaram cartazes sobre a atividade realizada no III Encontro, mostrando como o museu ficou mediante a pr\u00f3pria interven\u00e7\u00e3o no acervo.<\/p>\n<p style=\"text-align: justify\">2\u00ba Ap\u00f3s a confec\u00e7\u00e3o dos cartazes, os alunos fixaram no hall de entrada da escola, para que os demais membros da comunidade escolar pudessem ver os resultados do projeto, e tamb\u00e9m para que se apropriassem dos conhecimentos.<\/p>\n<p style=\"text-align: justify\">Carga Hor\u00e1ria: 2h\/aula<a href=\"https:\/\/wp.ufpel.edu.br\/museumaciel\/files\/2017\/09\/945990_483561045076551_1818756204_n.jpg\"><img loading=\"lazy\" decoding=\"async\" class=\"aligncenter size-medium wp-image-438\" src=\"https:\/\/wp.ufpel.edu.br\/museumaciel\/files\/2017\/09\/945990_483561045076551_1818756204_n-424x318.jpg\" alt=\"\" width=\"424\" height=\"318\" srcset=\"https:\/\/wp.ufpel.edu.br\/museumaciel\/files\/2017\/09\/945990_483561045076551_1818756204_n-424x318.jpg 424w, https:\/\/wp.ufpel.edu.br\/museumaciel\/files\/2017\/09\/945990_483561045076551_1818756204_n-212x159.jpg 212w, https:\/\/wp.ufpel.edu.br\/museumaciel\/files\/2017\/09\/945990_483561045076551_1818756204_n-768x576.jpg 768w, https:\/\/wp.ufpel.edu.br\/museumaciel\/files\/2017\/09\/945990_483561045076551_1818756204_n-945x709.jpg 945w, https:\/\/wp.ufpel.edu.br\/museumaciel\/files\/2017\/09\/945990_483561045076551_1818756204_n-600x450.jpg 600w, https:\/\/wp.ufpel.edu.br\/museumaciel\/files\/2017\/09\/945990_483561045076551_1818756204_n.jpg 960w\" sizes=\"auto, (max-width: 424px) 100vw, 424px\" \/><\/a> <a href=\"https:\/\/wp.ufpel.edu.br\/museumaciel\/files\/2017\/09\/1381293_483561151743207_1411884179_n.jpg\"><img loading=\"lazy\" decoding=\"async\" class=\"aligncenter size-medium wp-image-439\" src=\"https:\/\/wp.ufpel.edu.br\/museumaciel\/files\/2017\/09\/1381293_483561151743207_1411884179_n-424x318.jpg\" alt=\"\" width=\"424\" height=\"318\" srcset=\"https:\/\/wp.ufpel.edu.br\/museumaciel\/files\/2017\/09\/1381293_483561151743207_1411884179_n-424x318.jpg 424w, https:\/\/wp.ufpel.edu.br\/museumaciel\/files\/2017\/09\/1381293_483561151743207_1411884179_n-212x159.jpg 212w, https:\/\/wp.ufpel.edu.br\/museumaciel\/files\/2017\/09\/1381293_483561151743207_1411884179_n-768x576.jpg 768w, https:\/\/wp.ufpel.edu.br\/museumaciel\/files\/2017\/09\/1381293_483561151743207_1411884179_n-945x709.jpg 945w, https:\/\/wp.ufpel.edu.br\/museumaciel\/files\/2017\/09\/1381293_483561151743207_1411884179_n-600x450.jpg 600w, https:\/\/wp.ufpel.edu.br\/museumaciel\/files\/2017\/09\/1381293_483561151743207_1411884179_n.jpg 960w\" sizes=\"auto, (max-width: 424px) 100vw, 424px\" \/><\/a> <a href=\"https:\/\/wp.ufpel.edu.br\/museumaciel\/files\/2017\/09\/1383335_483554731743849_1355565192_n.jpg\"><img loading=\"lazy\" decoding=\"async\" class=\"aligncenter size-medium wp-image-440\" src=\"https:\/\/wp.ufpel.edu.br\/museumaciel\/files\/2017\/09\/1383335_483554731743849_1355565192_n-424x318.jpg\" alt=\"\" width=\"424\" height=\"318\" srcset=\"https:\/\/wp.ufpel.edu.br\/museumaciel\/files\/2017\/09\/1383335_483554731743849_1355565192_n-424x318.jpg 424w, https:\/\/wp.ufpel.edu.br\/museumaciel\/files\/2017\/09\/1383335_483554731743849_1355565192_n-212x159.jpg 212w, https:\/\/wp.ufpel.edu.br\/museumaciel\/files\/2017\/09\/1383335_483554731743849_1355565192_n-768x576.jpg 768w, https:\/\/wp.ufpel.edu.br\/museumaciel\/files\/2017\/09\/1383335_483554731743849_1355565192_n-945x709.jpg 945w, https:\/\/wp.ufpel.edu.br\/museumaciel\/files\/2017\/09\/1383335_483554731743849_1355565192_n-600x450.jpg 600w, https:\/\/wp.ufpel.edu.br\/museumaciel\/files\/2017\/09\/1383335_483554731743849_1355565192_n.jpg 960w\" sizes=\"auto, (max-width: 424px) 100vw, 424px\" \/><\/a> <a href=\"https:\/\/wp.ufpel.edu.br\/museumaciel\/files\/2017\/09\/1424491_483561068409882_31659342_n.jpg\"><img loading=\"lazy\" decoding=\"async\" class=\"aligncenter size-medium wp-image-441\" src=\"https:\/\/wp.ufpel.edu.br\/museumaciel\/files\/2017\/09\/1424491_483561068409882_31659342_n-424x318.jpg\" alt=\"\" width=\"424\" height=\"318\" srcset=\"https:\/\/wp.ufpel.edu.br\/museumaciel\/files\/2017\/09\/1424491_483561068409882_31659342_n-424x318.jpg 424w, https:\/\/wp.ufpel.edu.br\/museumaciel\/files\/2017\/09\/1424491_483561068409882_31659342_n-212x159.jpg 212w, https:\/\/wp.ufpel.edu.br\/museumaciel\/files\/2017\/09\/1424491_483561068409882_31659342_n-768x576.jpg 768w, https:\/\/wp.ufpel.edu.br\/museumaciel\/files\/2017\/09\/1424491_483561068409882_31659342_n-945x709.jpg 945w, https:\/\/wp.ufpel.edu.br\/museumaciel\/files\/2017\/09\/1424491_483561068409882_31659342_n-600x450.jpg 600w, https:\/\/wp.ufpel.edu.br\/museumaciel\/files\/2017\/09\/1424491_483561068409882_31659342_n.jpg 960w\" sizes=\"auto, (max-width: 424px) 100vw, 424px\" \/><\/a><\/p>\n<p>&nbsp;<\/p>\n","protected":false},"excerpt":{"rendered":"<p>A realiza\u00e7\u00e3o do Projeto de Educa\u00e7\u00e3o Patrimonial tem como principal justificativa a necessidade de ampliar as a\u00e7\u00f5es do Museu no campo da educa\u00e7\u00e3o, fazendo com que ele deixe de ser apenas um espa\u00e7o de mem\u00f3ria, para tornar-se um instrumento de&#8230; <a class=\"more-link\" href=\"https:\/\/wp.ufpel.edu.br\/museumaciel\/projeto-2014\/\">Continue lendo &rarr;<\/a><\/p>\n","protected":false},"author":493,"featured_media":0,"parent":0,"menu_order":0,"comment_status":"closed","ping_status":"closed","template":"","meta":{"footnotes":""},"class_list":["post-258","page","type-page","status-publish","hentry"],"_links":{"self":[{"href":"https:\/\/wp.ufpel.edu.br\/museumaciel\/wp-json\/wp\/v2\/pages\/258","targetHints":{"allow":["GET"]}}],"collection":[{"href":"https:\/\/wp.ufpel.edu.br\/museumaciel\/wp-json\/wp\/v2\/pages"}],"about":[{"href":"https:\/\/wp.ufpel.edu.br\/museumaciel\/wp-json\/wp\/v2\/types\/page"}],"author":[{"embeddable":true,"href":"https:\/\/wp.ufpel.edu.br\/museumaciel\/wp-json\/wp\/v2\/users\/493"}],"replies":[{"embeddable":true,"href":"https:\/\/wp.ufpel.edu.br\/museumaciel\/wp-json\/wp\/v2\/comments?post=258"}],"version-history":[{"count":3,"href":"https:\/\/wp.ufpel.edu.br\/museumaciel\/wp-json\/wp\/v2\/pages\/258\/revisions"}],"predecessor-version":[{"id":442,"href":"https:\/\/wp.ufpel.edu.br\/museumaciel\/wp-json\/wp\/v2\/pages\/258\/revisions\/442"}],"wp:attachment":[{"href":"https:\/\/wp.ufpel.edu.br\/museumaciel\/wp-json\/wp\/v2\/media?parent=258"}],"curies":[{"name":"wp","href":"https:\/\/api.w.org\/{rel}","templated":true}]}}