{"id":254,"date":"2017-09-14T13:38:36","date_gmt":"2017-09-14T16:38:36","guid":{"rendered":"https:\/\/wp.ufpel.edu.br\/museumaciel\/?page_id=254"},"modified":"2017-09-14T14:12:08","modified_gmt":"2017-09-14T17:12:08","slug":"teses-e-dissertacoes","status":"publish","type":"page","link":"https:\/\/wp.ufpel.edu.br\/museumaciel\/teses-e-dissertacoes\/","title":{"rendered":"Teses e disserta\u00e7\u00f5es"},"content":{"rendered":"<p>GEHRKE, Cristiano. <strong><a href=\"https:\/\/wp.ufpel.edu.br\/ppgmp\/files\/2016\/11\/Cristiano-Gehrke.pdf\">Imigrantes italianos e seus descendentes na zona rural de Pelotas\/RS: representa\u00e7\u00f5es do cotidiano nas fotografias e depoimentos orais do Museu Etnogr\u00e1fico da Col\u00f4nia Maciel<\/a>.<\/strong> Programa de P\u00f3sGradua\u00e7\u00e3o em Mem\u00f3ria Social e Patrim\u00f4nio Cultural\u00a0 Universidade Federal de Pelotas [Disserta\u00e7\u00e3o de Mestrado] Pelotas, 2013.<\/p>\n<p>PANIS, Marcelo.<a href=\"http:\/\/repositorio.unicamp.br\/jspui\/handle\/REPOSIP\/287058\"> <strong>Turismo, patrim\u00f4nio cultural e desenvolvimento local: o distrito de Rinc\u00e3o da Cruz no munic\u00edpio de Pelotas\/RS.<\/strong><\/a> Programa de P\u00f3s-Gradua\u00e7\u00e3o em Geografia.. (Disserta\u00e7\u00e3o de Mestrado). Universidade Estadual de Campinas. Campinas, 2009.<\/p>\n<p>PANIS, Marcelo.<a href=\"http:\/\/repositorio.unicamp.br\/jspui\/handle\/REPOSIP\/286620\"> <strong>Circuitos tur\u00edsticos \u00cdtalo-descendentes : o uso contempor\u00e2neo das heran\u00e7as culturais no sul e sudeste do Brasil.<\/strong> <\/a>Programa de P\u00f3s-Gradua\u00e7\u00e3o em Geografia. (Tese de Doutorado) Universidade Estadual de Campinas: Campinas, 2014.<\/p>\n","protected":false},"excerpt":{"rendered":"<p>GEHRKE, Cristiano. Imigrantes italianos e seus descendentes na zona rural de Pelotas\/RS: representa\u00e7\u00f5es do cotidiano nas fotografias e depoimentos orais do Museu Etnogr\u00e1fico da Col\u00f4nia Maciel. Programa de P\u00f3sGradua\u00e7\u00e3o em Mem\u00f3ria Social e Patrim\u00f4nio Cultural\u00a0 Universidade Federal de Pelotas [Disserta\u00e7\u00e3o&#8230; <a class=\"more-link\" href=\"https:\/\/wp.ufpel.edu.br\/museumaciel\/teses-e-dissertacoes\/\">Continue lendo &rarr;<\/a><\/p>\n","protected":false},"author":493,"featured_media":0,"parent":0,"menu_order":0,"comment_status":"closed","ping_status":"closed","template":"","meta":{"footnotes":""},"class_list":["post-254","page","type-page","status-publish","hentry"],"_links":{"self":[{"href":"https:\/\/wp.ufpel.edu.br\/museumaciel\/wp-json\/wp\/v2\/pages\/254","targetHints":{"allow":["GET"]}}],"collection":[{"href":"https:\/\/wp.ufpel.edu.br\/museumaciel\/wp-json\/wp\/v2\/pages"}],"about":[{"href":"https:\/\/wp.ufpel.edu.br\/museumaciel\/wp-json\/wp\/v2\/types\/page"}],"author":[{"embeddable":true,"href":"https:\/\/wp.ufpel.edu.br\/museumaciel\/wp-json\/wp\/v2\/users\/493"}],"replies":[{"embeddable":true,"href":"https:\/\/wp.ufpel.edu.br\/museumaciel\/wp-json\/wp\/v2\/comments?post=254"}],"version-history":[{"count":2,"href":"https:\/\/wp.ufpel.edu.br\/museumaciel\/wp-json\/wp\/v2\/pages\/254\/revisions"}],"predecessor-version":[{"id":336,"href":"https:\/\/wp.ufpel.edu.br\/museumaciel\/wp-json\/wp\/v2\/pages\/254\/revisions\/336"}],"wp:attachment":[{"href":"https:\/\/wp.ufpel.edu.br\/museumaciel\/wp-json\/wp\/v2\/media?parent=254"}],"curies":[{"name":"wp","href":"https:\/\/api.w.org\/{rel}","templated":true}]}}