{"id":226,"date":"2017-09-14T13:35:45","date_gmt":"2017-09-14T16:35:45","guid":{"rendered":"https:\/\/wp.ufpel.edu.br\/museumaciel\/?page_id=226"},"modified":"2017-09-14T14:28:58","modified_gmt":"2017-09-14T17:28:58","slug":"museu-da-colonia-francesa","status":"publish","type":"page","link":"https:\/\/wp.ufpel.edu.br\/museumaciel\/museu-da-colonia-francesa\/","title":{"rendered":"Museu da Col\u00f4nia Francesa"},"content":{"rendered":"<p style=\"text-align: justify\">O Museu da Col\u00f4nia Francesa tem o prop\u00f3sito de contribuir para a preserva\u00e7\u00e3o da mem\u00f3ria das localidades da Vila Nova e Bachini, situadas no distrito do Quilombo, na Serra dos Tapes, no munic\u00edpio de Pelotas. Como tal, busca valorizar a singularidade hist\u00f3rica da presen\u00e7a da etnia francesa na Col\u00f4nia Francesa de Santo Ant\u00f4nio, fundada em 1880, assim como das rela\u00e7\u00f5es interculturais entre esta etnia e os demais grupos de imigrantes que se instalaram nesta regi\u00e3o (nomeadamente de origem teuto-germ\u00e2nica e italiana). Agrega-se aos compromissos deste museu a valoriza\u00e7\u00e3o da mem\u00f3ria e identidade do n\u00facleo quilombola existente nesta localidade (Quilombo do Alto do Caix\u00e3o), aspecto marcante que d\u00e1 nome ao arroio local e ao pr\u00f3prio oitavo distrito de Pelotas. Para tanto, o Museu da Col\u00f4nia Francesa busca realizar exposi\u00e7\u00f5es museol\u00f3gicas, atividades culturais e pesquisas que possibilitem a interatividade e promovam o conhecimento atrav\u00e9s de a\u00e7\u00f5es de educa\u00e7\u00e3o patrimoniais, sempre em conson\u00e2ncia com as rela\u00e7\u00f5es inter-\u00e9tnicas.<\/p>\n<p><strong>Localiza\u00e7\u00e3o e contatos <\/strong><\/p>\n<p>O Museu da Col\u00f4nia Francesa est\u00e1 localizado no s\u00e9timo distrito da cidade de Pelotas\/Rio Grande do Sul, na localidade denominada Vila Nova.<\/p>\n<p>Contatos podem ser realizados atrav\u00e9s da p\u00e1gina no <a href=\"https:\/\/www.facebook.com\/MuseuDaColoniaFrancesa\/\">Facebook<\/a> ou pelo e-mail: <a href=\"mailto:museudacoloniafrancesa@gmail.com\">museudacoloniafrancesa@gmail.com<\/a><\/p>\n<div id=\"attachment_149\" class=\"wp-caption aligncenter\">\n<p><a href=\"https:\/\/wp.ufpel.edu.br\/museumaciel\/files\/2017\/09\/Francesa.jpg\"><img loading=\"lazy\" decoding=\"async\" class=\"wp-image-149 size-medium\" src=\"https:\/\/wp.ufpel.edu.br\/museumaciel\/files\/2017\/09\/Francesa-424x318.jpg\" alt=\"\" width=\"424\" height=\"318\" srcset=\"https:\/\/wp.ufpel.edu.br\/museumaciel\/files\/2017\/09\/Francesa-424x318.jpg 424w, https:\/\/wp.ufpel.edu.br\/museumaciel\/files\/2017\/09\/Francesa-212x159.jpg 212w, https:\/\/wp.ufpel.edu.br\/museumaciel\/files\/2017\/09\/Francesa-768x576.jpg 768w, https:\/\/wp.ufpel.edu.br\/museumaciel\/files\/2017\/09\/Francesa-945x709.jpg 945w, https:\/\/wp.ufpel.edu.br\/museumaciel\/files\/2017\/09\/Francesa-600x450.jpg 600w, https:\/\/wp.ufpel.edu.br\/museumaciel\/files\/2017\/09\/Francesa.jpg 960w\" sizes=\"auto, (max-width: 424px) 100vw, 424px\" \/><\/a><\/p>\n<p class=\"wp-caption-text\">Fachada do Museu da Col\u00f4nia Francesa. Autor: Cristiano Gehrke (2015)<\/p>\n<\/div>\n<div id=\"attachment_147\" class=\"wp-caption aligncenter\">\n<p><a href=\"https:\/\/wp.ufpel.edu.br\/museumaciel\/files\/2017\/09\/fff.jpg\"><img loading=\"lazy\" decoding=\"async\" class=\"wp-image-147 size-medium\" src=\"https:\/\/wp.ufpel.edu.br\/museumaciel\/files\/2017\/09\/fff-424x318.jpg\" alt=\"\" width=\"424\" height=\"318\" srcset=\"https:\/\/wp.ufpel.edu.br\/museumaciel\/files\/2017\/09\/fff-424x318.jpg 424w, https:\/\/wp.ufpel.edu.br\/museumaciel\/files\/2017\/09\/fff-212x159.jpg 212w, https:\/\/wp.ufpel.edu.br\/museumaciel\/files\/2017\/09\/fff-768x576.jpg 768w, https:\/\/wp.ufpel.edu.br\/museumaciel\/files\/2017\/09\/fff-945x709.jpg 945w, https:\/\/wp.ufpel.edu.br\/museumaciel\/files\/2017\/09\/fff-600x450.jpg 600w, https:\/\/wp.ufpel.edu.br\/museumaciel\/files\/2017\/09\/fff.jpg 960w\" sizes=\"auto, (max-width: 424px) 100vw, 424px\" \/><\/a><\/p>\n<p class=\"wp-caption-text\">Visita\u00e7\u00e3o no Museu da Col\u00f4nia Francesa. Autor: F\u00e1bio Vergara (2015)<\/p>\n<\/div>\n<div id=\"attachment_148\" class=\"wp-caption aligncenter\">\n<p><a href=\"https:\/\/wp.ufpel.edu.br\/museumaciel\/files\/2017\/09\/fran.jpg\"><img loading=\"lazy\" decoding=\"async\" class=\"wp-image-148 size-medium\" src=\"https:\/\/wp.ufpel.edu.br\/museumaciel\/files\/2017\/09\/fran-424x318.jpg\" alt=\"\" width=\"424\" height=\"318\" srcset=\"https:\/\/wp.ufpel.edu.br\/museumaciel\/files\/2017\/09\/fran-424x318.jpg 424w, https:\/\/wp.ufpel.edu.br\/museumaciel\/files\/2017\/09\/fran-212x159.jpg 212w, https:\/\/wp.ufpel.edu.br\/museumaciel\/files\/2017\/09\/fran-768x576.jpg 768w, https:\/\/wp.ufpel.edu.br\/museumaciel\/files\/2017\/09\/fran-945x709.jpg 945w, https:\/\/wp.ufpel.edu.br\/museumaciel\/files\/2017\/09\/fran-600x450.jpg 600w, https:\/\/wp.ufpel.edu.br\/museumaciel\/files\/2017\/09\/fran.jpg 960w\" sizes=\"auto, (max-width: 424px) 100vw, 424px\" \/><\/a><\/p>\n<p class=\"wp-caption-text\">Vista geral do espa\u00e7o expositivo do Museu da Col\u00f4nia Francesa. Autor: Eliana Meneses (2015)<\/p>\n<\/div>\n","protected":false},"excerpt":{"rendered":"<p>O Museu da Col\u00f4nia Francesa tem o prop\u00f3sito de contribuir para a preserva\u00e7\u00e3o da mem\u00f3ria das localidades da Vila Nova e Bachini, situadas no distrito do Quilombo, na Serra dos Tapes, no munic\u00edpio de Pelotas. Como tal, busca valorizar a&#8230; <a class=\"more-link\" href=\"https:\/\/wp.ufpel.edu.br\/museumaciel\/museu-da-colonia-francesa\/\">Continue lendo &rarr;<\/a><\/p>\n","protected":false},"author":493,"featured_media":0,"parent":0,"menu_order":0,"comment_status":"closed","ping_status":"closed","template":"","meta":{"footnotes":""},"class_list":["post-226","page","type-page","status-publish","hentry"],"_links":{"self":[{"href":"https:\/\/wp.ufpel.edu.br\/museumaciel\/wp-json\/wp\/v2\/pages\/226","targetHints":{"allow":["GET"]}}],"collection":[{"href":"https:\/\/wp.ufpel.edu.br\/museumaciel\/wp-json\/wp\/v2\/pages"}],"about":[{"href":"https:\/\/wp.ufpel.edu.br\/museumaciel\/wp-json\/wp\/v2\/types\/page"}],"author":[{"embeddable":true,"href":"https:\/\/wp.ufpel.edu.br\/museumaciel\/wp-json\/wp\/v2\/users\/493"}],"replies":[{"embeddable":true,"href":"https:\/\/wp.ufpel.edu.br\/museumaciel\/wp-json\/wp\/v2\/comments?post=226"}],"version-history":[{"count":3,"href":"https:\/\/wp.ufpel.edu.br\/museumaciel\/wp-json\/wp\/v2\/pages\/226\/revisions"}],"predecessor-version":[{"id":350,"href":"https:\/\/wp.ufpel.edu.br\/museumaciel\/wp-json\/wp\/v2\/pages\/226\/revisions\/350"}],"wp:attachment":[{"href":"https:\/\/wp.ufpel.edu.br\/museumaciel\/wp-json\/wp\/v2\/media?parent=226"}],"curies":[{"name":"wp","href":"https:\/\/api.w.org\/{rel}","templated":true}]}}