{"id":204,"date":"2017-09-14T13:30:06","date_gmt":"2017-09-14T16:30:06","guid":{"rendered":"https:\/\/wp.ufpel.edu.br\/museumaciel\/?page_id=204"},"modified":"2017-09-14T14:24:23","modified_gmt":"2017-09-14T17:24:23","slug":"equipe-atual","status":"publish","type":"page","link":"https:\/\/wp.ufpel.edu.br\/museumaciel\/equipe-atual\/","title":{"rendered":"Equipe atual (2017)"},"content":{"rendered":"<p>Coordenador<\/p>\n<p>Professor Doutor F\u00e1bio Vergara Cerqueira<\/p>\n<p>&nbsp;<\/p>\n<p>T\u00e9cnico Administrativo<\/p>\n<p>Arque\u00f3loga Mestre Luciana Peixoto<\/p>\n<p>&nbsp;<\/p>\n<p>Pesquisadores<\/p>\n<p>Doutorando Cristiano Gehrke<\/p>\n<p>Mestre Fabiano Neis<\/p>\n<p>Conservadora e restauradora Vera Regina Cazaubon<\/p>\n<p>&nbsp;<\/p>\n<p>Bolsista<\/p>\n<p>Museol\u00f3go Marcelo Lima<\/p>\n<p>&nbsp;<\/p>\n<p>Colaboradores<\/p>\n<p>Acad\u00eamico Jonas Fachini<\/p>\n<p>Acad\u00eamico Ricardo Hammes Stone<\/p>\n<p>&nbsp;<\/p>\n","protected":false},"excerpt":{"rendered":"<p>Coordenador Professor Doutor F\u00e1bio Vergara Cerqueira &nbsp; T\u00e9cnico Administrativo Arque\u00f3loga Mestre Luciana Peixoto &nbsp; Pesquisadores Doutorando Cristiano Gehrke Mestre Fabiano Neis Conservadora e restauradora Vera Regina Cazaubon &nbsp; Bolsista Museol\u00f3go Marcelo Lima &nbsp; Colaboradores Acad\u00eamico Jonas Fachini Acad\u00eamico Ricardo Hammes&#8230; <a class=\"more-link\" href=\"https:\/\/wp.ufpel.edu.br\/museumaciel\/equipe-atual\/\">Continue lendo &rarr;<\/a><\/p>\n","protected":false},"author":493,"featured_media":0,"parent":0,"menu_order":0,"comment_status":"closed","ping_status":"closed","template":"","meta":{"footnotes":""},"class_list":["post-204","page","type-page","status-publish","hentry"],"_links":{"self":[{"href":"https:\/\/wp.ufpel.edu.br\/museumaciel\/wp-json\/wp\/v2\/pages\/204","targetHints":{"allow":["GET"]}}],"collection":[{"href":"https:\/\/wp.ufpel.edu.br\/museumaciel\/wp-json\/wp\/v2\/pages"}],"about":[{"href":"https:\/\/wp.ufpel.edu.br\/museumaciel\/wp-json\/wp\/v2\/types\/page"}],"author":[{"embeddable":true,"href":"https:\/\/wp.ufpel.edu.br\/museumaciel\/wp-json\/wp\/v2\/users\/493"}],"replies":[{"embeddable":true,"href":"https:\/\/wp.ufpel.edu.br\/museumaciel\/wp-json\/wp\/v2\/comments?post=204"}],"version-history":[{"count":3,"href":"https:\/\/wp.ufpel.edu.br\/museumaciel\/wp-json\/wp\/v2\/pages\/204\/revisions"}],"predecessor-version":[{"id":344,"href":"https:\/\/wp.ufpel.edu.br\/museumaciel\/wp-json\/wp\/v2\/pages\/204\/revisions\/344"}],"wp:attachment":[{"href":"https:\/\/wp.ufpel.edu.br\/museumaciel\/wp-json\/wp\/v2\/media?parent=204"}],"curies":[{"name":"wp","href":"https:\/\/api.w.org\/{rel}","templated":true}]}}