{"id":200,"date":"2017-09-14T13:29:44","date_gmt":"2017-09-14T16:29:44","guid":{"rendered":"https:\/\/wp.ufpel.edu.br\/museumaciel\/?page_id=200"},"modified":"2017-09-14T17:53:18","modified_gmt":"2017-09-14T20:53:18","slug":"socio-fundadores","status":"publish","type":"page","link":"https:\/\/wp.ufpel.edu.br\/museumaciel\/socio-fundadores\/","title":{"rendered":"S\u00f3cio-fundadores"},"content":{"rendered":"<p><span class=\"_5yl5\">S\u00e3o considerados s\u00f3cios-fundadores, todos aqueles que contribu\u00edram para a cria\u00e7\u00e3o do museu, doando objetos, fotografias e compartilhando suas mem\u00f3rias.<br \/>\n<\/span><br \/>\nAd\u00e3o Kovalski<br \/>\nAd\u00e3o Luis Schiavon<br \/>\nAlfredo Jos\u00e9 Signorini<br \/>\nAline Casarin Aldrighi<br \/>\nAm\u00e9lia Casarin Kurtz<br \/>\nAngelina Rosa Casarin Zanetti<br \/>\nAngelo Pegoraro<br \/>\nAntonio Aldrighi<br \/>\nAntonio Luis Portantiolo<br \/>\nAriano de Paiva Rodeghiero<br \/>\nCarlos Germano Osvaldo Blas<br \/>\nC\u00e9sario Zanetti<br \/>\nDavi Signorini<br \/>\nDelcira Maria Mayer Tessmer<br \/>\nEliane Scaglione Marini<br \/>\nElisabeth Portantiolo Rodeghiero<br \/>\nEm\u00edlia Laurinda Formentin Camelatto<br \/>\nErna Westendorf<br \/>\nErnerto Gruppelli<br \/>\nFrancisca Aurora Pegoraro Camelatto<br \/>\nFrederico Schiavon Zanetti<br \/>\nGema Voltan Zanetti Kurtz<br \/>\nGiacomo Pegoraro<br \/>\nGiovani Luiz Teixeira Zanetti<br \/>\nIn\u00eas Casarin<br \/>\nIrene Casarin Scaglioni<br \/>\nJacob Ceron<br \/>\nJo\u00e3o Casarin<br \/>\nJo\u00e3o Dias<br \/>\nJord\u00e3o Camelatto<br \/>\nJorge Blas<br \/>\nJos\u00e9 Antonio Verli Nogueira<br \/>\nJos\u00e9 Ant\u00f4nio Zanetti<br \/>\nJos\u00e9 C. Portantiolo<br \/>\nJos\u00e9 Luis Romano<br \/>\nJos\u00e9 Luiz Portantiolo<br \/>\nJos\u00e9 Roque Aldrighi<br \/>\nJ\u00falia Schiavon Machado<br \/>\nLino Ribes<br \/>\nLu\u00eds Antonio Casarin<br \/>\nLuis Carlos Zanetti<br \/>\nLuis Pegoraro<br \/>\nMafalda Portantiolo Casarin<br \/>\nMaria Am\u00e9lia Sturbelle Maron<br \/>\nMaria Lorenzon<br \/>\nMaria Zanetti Formentin<br \/>\nNatal Paiva Rodeghiero<br \/>\nNeiva Maria Casarin<br \/>\nNeiva Maria Hornke Tuchtenhagen<br \/>\nNo\u00eamia Casarin<br \/>\nOl\u00e1vio Camellatto<br \/>\nOldemar Zanetti Vergara<br \/>\nPadre Luiz Capone<br \/>\nPedro Gruppelli<br \/>\nPedro Potenza<br \/>\nRomeu Camelatto<br \/>\nRui Klug<br \/>\nSirlei Rodeghiero Lima<br \/>\nVirgilio Mozzilo<br \/>\nWilma Olinda Schuller<\/p>\n","protected":false},"excerpt":{"rendered":"<p>S\u00e3o considerados s\u00f3cios-fundadores, todos aqueles que contribu\u00edram para a cria\u00e7\u00e3o do museu, doando objetos, fotografias e compartilhando suas mem\u00f3rias. Ad\u00e3o Kovalski Ad\u00e3o Luis Schiavon Alfredo Jos\u00e9 Signorini Aline Casarin Aldrighi Am\u00e9lia Casarin Kurtz Angelina Rosa Casarin Zanetti Angelo Pegoraro Antonio&#8230; <a class=\"more-link\" href=\"https:\/\/wp.ufpel.edu.br\/museumaciel\/socio-fundadores\/\">Continue lendo &rarr;<\/a><\/p>\n","protected":false},"author":493,"featured_media":0,"parent":0,"menu_order":0,"comment_status":"closed","ping_status":"closed","template":"","meta":{"footnotes":""},"class_list":["post-200","page","type-page","status-publish","hentry"],"_links":{"self":[{"href":"https:\/\/wp.ufpel.edu.br\/museumaciel\/wp-json\/wp\/v2\/pages\/200","targetHints":{"allow":["GET"]}}],"collection":[{"href":"https:\/\/wp.ufpel.edu.br\/museumaciel\/wp-json\/wp\/v2\/pages"}],"about":[{"href":"https:\/\/wp.ufpel.edu.br\/museumaciel\/wp-json\/wp\/v2\/types\/page"}],"author":[{"embeddable":true,"href":"https:\/\/wp.ufpel.edu.br\/museumaciel\/wp-json\/wp\/v2\/users\/493"}],"replies":[{"embeddable":true,"href":"https:\/\/wp.ufpel.edu.br\/museumaciel\/wp-json\/wp\/v2\/comments?post=200"}],"version-history":[{"count":4,"href":"https:\/\/wp.ufpel.edu.br\/museumaciel\/wp-json\/wp\/v2\/pages\/200\/revisions"}],"predecessor-version":[{"id":424,"href":"https:\/\/wp.ufpel.edu.br\/museumaciel\/wp-json\/wp\/v2\/pages\/200\/revisions\/424"}],"wp:attachment":[{"href":"https:\/\/wp.ufpel.edu.br\/museumaciel\/wp-json\/wp\/v2\/media?parent=200"}],"curies":[{"name":"wp","href":"https:\/\/api.w.org\/{rel}","templated":true}]}}