{"id":192,"date":"2017-09-14T13:28:48","date_gmt":"2017-09-14T16:28:48","guid":{"rendered":"https:\/\/wp.ufpel.edu.br\/museumaciel\/?page_id=192"},"modified":"2017-09-14T18:03:45","modified_gmt":"2017-09-14T21:03:45","slug":"acervo-de-historia-oral","status":"publish","type":"page","link":"https:\/\/wp.ufpel.edu.br\/museumaciel\/acervo-de-historia-oral\/","title":{"rendered":"Acervo de Hist\u00f3ria Oral"},"content":{"rendered":"<p>&nbsp;<\/p>\n<p style=\"text-align: justify\"><span style=\"font-family: arial,helvetica,sans-serif\">Entre os anos de 2002 e 2006 foram realizadas uma s\u00e9rie de entrevistas com antigos moradores da regi\u00e3o colonial de Pelotas. Para ter acesso a estes relatos, entre em contato com nossa equipe e se informe sobre os procedimentos necess\u00e1rios para a sua consulta e utiliza\u00e7\u00e3o em pesquisas.<\/span><\/p>\n<p style=\"text-align: justify\"><span style=\"font-family: arial,helvetica,sans-serif\">Lista de pessoas entrevistadas:<\/span><\/p>\n<pre><span style=\"font-family: arial,helvetica,sans-serif\">Antonio Lu\u00edz Portantiolo\u00a0\u00a0\u00a0\u00a0\u00a0\u00a0\u00a0\u00a0\u00a0\u00a0\u00a0\u00a0\u00a0\u00a0\u00a0\u00a0\u00a0\u00a0\u00a0\u00a0\u00a0\u00a0\u00a0\u00a0\u00a0\u00a0\u00a0\u00a0\u00a0\u00a0\u00a0\u00a0\u00a0\u00a0\u00a0\u00a0\u00a0\u00a0\u00a0\u00a0\u00a0\u00a0\u00a0\u00a0\u00a0\u00a0\u00a0\u00a0\u00a0\u00a0\u00a0\u00a0\u00a0\u00a0\u00a0\u00a0\u00a0\u00a0\u00a0\u00a0\u00a0\u00a0\u00a0\u00a0\u00a0\u00a0\u00a0\u00a0\u00a0\u00a0\u00a0\u00a0\u00a0\u00a0\u00a0\u00a0\u00a0<\/span>\r\n <span style=\"font-family: arial,helvetica,sans-serif\">Ariano de Paiva Rodeguiero<\/span>\r\n <span style=\"font-family: arial,helvetica,sans-serif\">Assis Pedro Potenza\u00a0\u00a0\u00a0\u00a0\u00a0\u00a0\u00a0\u00a0\u00a0\u00a0\u00a0\u00a0\u00a0\u00a0\u00a0\u00a0\u00a0\u00a0\u00a0\u00a0\u00a0\u00a0\u00a0\u00a0\u00a0\u00a0\u00a0\u00a0\u00a0\u00a0\u00a0\u00a0\u00a0\u00a0\u00a0\u00a0\u00a0\u00a0\u00a0\u00a0\u00a0\u00a0\u00a0\u00a0\u00a0\u00a0\u00a0\u00a0\u00a0\u00a0\u00a0\u00a0\u00a0\u00a0\u00a0\u00a0\u00a0\u00a0\u00a0\u00a0\u00a0\u00a0\u00a0\u00a0\u00a0\u00a0\u00a0\u00a0 \u00a0\u00a0\u00a0\u00a0\u00a0\u00a0\u00a0\u00a0\u00a0\u00a0\u00a0\u00a0\u00a0\u00a0\u00a0\u00a0<\/span>\r\n <span style=\"font-family: arial,helvetica,sans-serif\">Carlos Germano Osvaldo Blas\r\n <\/span><span style=\"font-family: arial,helvetica,sans-serif\">Cesar Zanetti \u00a0\u00a0\u00a0\u00a0\u00a0\u00a0\u00a0\u00a0\u00a0\u00a0\u00a0\u00a0\u00a0\u00a0\u00a0\u00a0\u00a0\u00a0\u00a0\u00a0\u00a0\u00a0\u00a0\u00a0\u00a0\u00a0\u00a0\u00a0\u00a0\u00a0\u00a0\u00a0\u00a0\u00a0\u00a0\u00a0\u00a0\u00a0\u00a0\u00a0\u00a0\u00a0\u00a0\u00a0\u00a0\u00a0\u00a0\u00a0\u00a0\u00a0\u00a0\u00a0\u00a0\u00a0\u00a0\u00a0\u00a0\u00a0\u00a0\u00a0\u00a0\u00a0\u00a0\u00a0\u00a0\u00a0\u00a0\u00a0\u00a0\u00a0\u00a0\u00a0\u00a0\u00a0\u00a0\u00a0\u00a0\u00a0\u00a0\u00a0\u00a0\u00a0\u00a0\u00a0\u00a0\u00a0\u00a0\u00a0\u00a0\u00a0\u00a0\u00a0\u00a0\u00a0\u00a0\u00a0<\/span>\r\n <span style=\"font-family: arial,helvetica,sans-serif\">Delcira Maria Mayer\u00a0\u00a0\u00a0\u00a0\u00a0 \u00a0\u00a0\u00a0\u00a0\u00a0\u00a0\u00a0\u00a0\u00a0\u00a0\u00a0\u00a0\u00a0\u00a0\u00a0\u00a0\u00a0\u00a0\u00a0\u00a0\u00a0\u00a0\u00a0\u00a0\u00a0\u00a0\u00a0\u00a0\u00a0\u00a0\u00a0\u00a0\u00a0\u00a0\u00a0\u00a0\u00a0\u00a0\u00a0\u00a0\u00a0\u00a0\u00a0\u00a0\u00a0\u00a0\u00a0\u00a0\u00a0\u00a0\u00a0\u00a0\u00a0\u00a0\u00a0\u00a0\u00a0\u00a0\u00a0\u00a0\u00a0\u00a0\u00a0\u00a0\u00a0\u00a0\u00a0\u00a0\u00a0\u00a0\u00a0\u00a0\u00a0\u00a0\u00a0\u00a0<\/span>\r\n <span style=\"font-family: arial,helvetica,sans-serif\">Erna Westendorf<\/span>\r\n <span style=\"font-family: arial,helvetica,sans-serif\">Francisca Aurora Pegoraro Camelato\u00a0\u00a0\u00a0\u00a0\u00a0\u00a0\u00a0\u00a0\u00a0\u00a0\u00a0\u00a0\u00a0\u00a0\u00a0\u00a0\u00a0\u00a0\u00a0\u00a0\u00a0\u00a0\u00a0\u00a0\u00a0\u00a0\u00a0\u00a0\u00a0\u00a0\u00a0\u00a0\u00a0\u00a0\u00a0\u00a0\u00a0\u00a0\u00a0\u00a0\u00a0\u00a0\u00a0\u00a0\u00a0\u00a0\u00a0\u00a0\u00a0\u00a0\u00a0\u00a0\u00a0\u00a0\u00a0\u00a0\u00a0\u00a0<\/span>\r\n <span style=\"font-family: arial,helvetica,sans-serif\">Irene Casarin Scalione<\/span>\r\n <span style=\"font-family: arial,helvetica,sans-serif\">Irene Zafallon Gruppeli\u00a0\u00a0\u00a0\u00a0\u00a0\u00a0\u00a0\u00a0\u00a0\u00a0\u00a0\u00a0\u00a0\u00a0\u00a0\u00a0\u00a0\u00a0\u00a0\u00a0\u00a0\u00a0\u00a0\u00a0\u00a0\u00a0\u00a0\u00a0\u00a0\u00a0\u00a0\u00a0\u00a0\u00a0\u00a0\u00a0\u00a0\u00a0\u00a0\u00a0\u00a0\u00a0\u00a0\u00a0\u00a0\u00a0\u00a0\u00a0\u00a0\u00a0\u00a0\u00a0<\/span>\r\n <span style=\"font-family: arial,helvetica,sans-serif\">Jo\u00e3o Casarin\u00a0<\/span>\r\n <span style=\"font-family: arial,helvetica,sans-serif\">Jo\u00e3o Gruppeli<\/span>\r\n <span style=\"font-family: arial,helvetica,sans-serif\">Jord\u00e3o Camelatto\u00a0\u00a0\u00a0\u00a0\u00a0\u00a0\u00a0\u00a0\u00a0\u00a0\u00a0\u00a0\u00a0\u00a0\u00a0\u00a0\u00a0\u00a0\u00a0\u00a0\u00a0\u00a0\u00a0\u00a0\u00a0\u00a0\u00a0\u00a0\u00a0\u00a0\u00a0\u00a0\u00a0\u00a0\u00a0\u00a0\u00a0\u00a0\u00a0\u00a0\u00a0\u00a0\u00a0\u00a0\u00a0\u00a0\u00a0\u00a0\u00a0\u00a0\u00a0\u00a0\u00a0\u00a0\u00a0\u00a0\u00a0\u00a0\u00a0\u00a0\u00a0\u00a0\u00a0\u00a0\u00a0\u00a0\u00a0\u00a0\u00a0\u00a0\u00a0\u00a0\u00a0\u00a0\u00a0\u00a0\u00a0\u00a0\u00a0\u00a0\u00a0\u00a0\u00a0\u00a0\u00a0\u00a0\u00a0\u00a0\u00a0\u00a0<\/span>\r\n <span style=\"font-family: arial,helvetica,sans-serif\">Jorge Blas\u00a0<\/span>\r\n <span style=\"font-family: arial,helvetica,sans-serif\">Jos\u00e9 Lu\u00eds Portantiolo\u00a0 \u00a0\u00a0\u00a0\u00a0\u00a0\u00a0\u00a0\u00a0\u00a0\u00a0\u00a0\u00a0\u00a0\u00a0\u00a0\u00a0\u00a0\u00a0\u00a0\u00a0\u00a0\u00a0\u00a0\u00a0\u00a0\u00a0\u00a0\u00a0\u00a0\u00a0\u00a0\u00a0\u00a0\u00a0\u00a0\u00a0\u00a0\u00a0\u00a0\u00a0\u00a0\u00a0\u00a0\u00a0\u00a0\u00a0\u00a0\u00a0\u00a0\u00a0\u00a0\u00a0\u00a0\u00a0\u00a0\u00a0\u00a0\u00a0\u00a0\u00a0\u00a0\u00a0\u00a0\u00a0\u00a0\u00a0\u00a0\u00a0\u00a0\u00a0\u00a0\u00a0\u00a0\u00a0\u00a0\u00a0\u00a0\u00a0\u00a0\u00a0\u00a0\u00a0\u00a0<\/span>\r\n <span style=\"font-family: arial,helvetica,sans-serif\">J\u00falia Schiavon Machado\u00a0\u00a0\u00a0\u00a0\u00a0\u00a0\u00a0\u00a0\u00a0\u00a0\u00a0\u00a0\u00a0\u00a0\u00a0\u00a0\u00a0\u00a0\u00a0\u00a0\u00a0\u00a0\u00a0\u00a0\u00a0\u00a0\u00a0\u00a0\u00a0\u00a0\u00a0\u00a0\u00a0\u00a0\u00a0\u00a0\u00a0\u00a0\u00a0\u00a0\u00a0\u00a0\u00a0\u00a0\u00a0\u00a0\u00a0\u00a0\u00a0\u00a0\u00a0\u00a0\u00a0\u00a0\u00a0\u00a0\u00a0\u00a0\u00a0\u00a0\u00a0\u00a0\u00a0\u00a0\u00a0\u00a0\u00a0\u00a0\u00a0\u00a0\u00a0\u00a0\u00a0\u00a0\u00a0\u00a0\u00a0<\/span>\r\n <span style=\"font-family: arial,helvetica,sans-serif\">Lino Ribes\u00a0\u00a0\u00a0\u00a0<\/span>\r\n <span style=\"font-family: arial,helvetica,sans-serif\">Lu\u00eds Ant\u00f4nio Casarin<\/span>\r\n <span style=\"font-family: arial,helvetica,sans-serif\">Maria Am\u00e9lia Strublle Marron<\/span>\r\n <span style=\"font-family: arial,helvetica,sans-serif\">Maria Lorenzon<\/span>\r\n <span style=\"font-family: arial,helvetica,sans-serif\">Maria Zanetti\u00a0 Formentin\u00a0\u00a0\u00a0\u00a0\u00a0<\/span>\r\n <span style=\"font-family: arial,helvetica,sans-serif\">Natal de Paiva Rodeguiero <\/span>\r\n <span style=\"font-family: arial,helvetica,sans-serif\">No\u00eamia Casarin \u00a0\u00a0\u00a0\u00a0\u00a0\u00a0\u00a0\u00a0\u00a0\u00a0\u00a0\u00a0\u00a0\u00a0\u00a0\u00a0\u00a0\u00a0\u00a0\u00a0\u00a0 <\/span>\r\n <span style=\"font-family: arial,helvetica,sans-serif\">Romeu Camelatto<\/span>\r\n <span style=\"font-family: arial,helvetica,sans-serif\">Rui Klug<\/span>\r\n <span style=\"font-family: arial,helvetica,sans-serif\">Udo Carlos Weber<\/span>\r\n <span style=\"font-family: arial,helvetica,sans-serif\">Wilma Olinda Shuller<\/span><\/pre>\n<div id=\"attachment_364\" style=\"width: 453px\" class=\"wp-caption aligncenter\"><a href=\"https:\/\/wp.ufpel.edu.br\/museumaciel\/files\/2017\/09\/RP-06.01.0072.jpg\"><img loading=\"lazy\" decoding=\"async\" aria-describedby=\"caption-attachment-364\" class=\" wp-image-364\" src=\"https:\/\/wp.ufpel.edu.br\/museumaciel\/files\/2017\/09\/RP-06.01.0072-212x159.jpg\" alt=\"\" width=\"443\" height=\"332\" srcset=\"https:\/\/wp.ufpel.edu.br\/museumaciel\/files\/2017\/09\/RP-06.01.0072-212x159.jpg 212w, https:\/\/wp.ufpel.edu.br\/museumaciel\/files\/2017\/09\/RP-06.01.0072-424x318.jpg 424w, https:\/\/wp.ufpel.edu.br\/museumaciel\/files\/2017\/09\/RP-06.01.0072-768x576.jpg 768w, https:\/\/wp.ufpel.edu.br\/museumaciel\/files\/2017\/09\/RP-06.01.0072-945x709.jpg 945w, https:\/\/wp.ufpel.edu.br\/museumaciel\/files\/2017\/09\/RP-06.01.0072-600x450.jpg 600w, https:\/\/wp.ufpel.edu.br\/museumaciel\/files\/2017\/09\/RP-06.01.0072.jpg 1024w\" sizes=\"auto, (max-width: 443px) 100vw, 443px\" \/><\/a><p id=\"caption-attachment-364\" class=\"wp-caption-text\">Daniel Victoria entrevistando o senhor Pedro Gruppelli (2005)<\/p><\/div>\n<div id=\"attachment_365\" style=\"width: 450px\" class=\"wp-caption aligncenter\"><a href=\"https:\/\/wp.ufpel.edu.br\/museumaciel\/files\/2017\/09\/DSCN2252.jpg\"><img loading=\"lazy\" decoding=\"async\" aria-describedby=\"caption-attachment-365\" class=\" wp-image-365\" src=\"https:\/\/wp.ufpel.edu.br\/museumaciel\/files\/2017\/09\/DSCN2252-212x159.jpg\" alt=\"\" width=\"440\" height=\"330\" srcset=\"https:\/\/wp.ufpel.edu.br\/museumaciel\/files\/2017\/09\/DSCN2252-212x159.jpg 212w, https:\/\/wp.ufpel.edu.br\/museumaciel\/files\/2017\/09\/DSCN2252-424x318.jpg 424w, https:\/\/wp.ufpel.edu.br\/museumaciel\/files\/2017\/09\/DSCN2252-768x576.jpg 768w, https:\/\/wp.ufpel.edu.br\/museumaciel\/files\/2017\/09\/DSCN2252-945x709.jpg 945w, https:\/\/wp.ufpel.edu.br\/museumaciel\/files\/2017\/09\/DSCN2252-600x450.jpg 600w, https:\/\/wp.ufpel.edu.br\/museumaciel\/files\/2017\/09\/DSCN2252.jpg 2048w\" sizes=\"auto, (max-width: 440px) 100vw, 440px\" \/><\/a><p id=\"caption-attachment-365\" class=\"wp-caption-text\">Luciana Peixoto entrevistando a senhora Francisca Autora Pegoraro Camelatto (2005)<\/p><\/div>\n","protected":false},"excerpt":{"rendered":"<p>&nbsp; Entre os anos de 2002 e 2006 foram realizadas uma s\u00e9rie de entrevistas com antigos moradores da regi\u00e3o colonial de Pelotas. Para ter acesso a estes relatos, entre em contato com nossa equipe e se informe sobre os procedimentos&#8230; <a class=\"more-link\" href=\"https:\/\/wp.ufpel.edu.br\/museumaciel\/acervo-de-historia-oral\/\">Continue lendo &rarr;<\/a><\/p>\n","protected":false},"author":493,"featured_media":0,"parent":0,"menu_order":0,"comment_status":"closed","ping_status":"closed","template":"","meta":{"footnotes":""},"class_list":["post-192","page","type-page","status-publish","hentry"],"_links":{"self":[{"href":"https:\/\/wp.ufpel.edu.br\/museumaciel\/wp-json\/wp\/v2\/pages\/192","targetHints":{"allow":["GET"]}}],"collection":[{"href":"https:\/\/wp.ufpel.edu.br\/museumaciel\/wp-json\/wp\/v2\/pages"}],"about":[{"href":"https:\/\/wp.ufpel.edu.br\/museumaciel\/wp-json\/wp\/v2\/types\/page"}],"author":[{"embeddable":true,"href":"https:\/\/wp.ufpel.edu.br\/museumaciel\/wp-json\/wp\/v2\/users\/493"}],"replies":[{"embeddable":true,"href":"https:\/\/wp.ufpel.edu.br\/museumaciel\/wp-json\/wp\/v2\/comments?post=192"}],"version-history":[{"count":4,"href":"https:\/\/wp.ufpel.edu.br\/museumaciel\/wp-json\/wp\/v2\/pages\/192\/revisions"}],"predecessor-version":[{"id":425,"href":"https:\/\/wp.ufpel.edu.br\/museumaciel\/wp-json\/wp\/v2\/pages\/192\/revisions\/425"}],"wp:attachment":[{"href":"https:\/\/wp.ufpel.edu.br\/museumaciel\/wp-json\/wp\/v2\/media?parent=192"}],"curies":[{"name":"wp","href":"https:\/\/api.w.org\/{rel}","templated":true}]}}