{"id":19,"date":"2015-04-24T15:24:00","date_gmt":"2015-04-24T18:24:00","guid":{"rendered":"https:\/\/wp.ufpel.edu.br\/museumaciel\/?page_id=19"},"modified":"2017-09-10T22:35:32","modified_gmt":"2017-09-11T01:35:32","slug":"publicacoes","status":"publish","type":"page","link":"https:\/\/wp.ufpel.edu.br\/museumaciel\/publicacoes\/","title":{"rendered":"Publica\u00e7\u00f5es"},"content":{"rendered":"<p><span style=\"font-family: arial,helvetica,sans-serif;font-size: 12pt\">CERQUEIRA, F\u00e1bio Vergara. PEIXOTO, Luciana da Silva. GEHRKE, Cristiano. <a href=\"https:\/\/periodicos.ufpel.edu.br\/ojs2\/index.php\/Memoria\/article\/view\/9567\"><strong>Museu Etnogr\u00e1fico da Col\u00f4nia Maciel. A trajet\u00f3ria de um equipamento cultural dedicado \u00e0 mem\u00f3ria da comunidade \u00edtalo-descendente de Pelotas<\/strong>.<\/a> Revista Mem\u00f3ria em Rede, 2009.<\/span><\/p>\n<p><span style=\"font-family: arial,helvetica,sans-serif;font-size: 12pt\">GARCIA, Ticiane Pinto. <strong><a href=\"http:\/\/www.snh2015.anpuh.org\/resources\/anais\/39\/1427763616_ARQUIVO_ANPUH2015TicianeGarcia.pdf\">Construindo a identidade local atrav\u00e9s de um museu \u00e9tnico: relato de experi\u00eancia em educa\u00e7\u00e3o patrimonial<\/a>.<\/strong> Anais do XXVIII Simp\u00f3sio Nacional de Hist\u00f3ria\u00a0 ANPUH. Florian\u00f3polis, 2015. <\/span><\/p>\n<p><span style=\"font-family: arial,helvetica,sans-serif;font-size: 12pt\">GEHRKE, Cristiano.<a href=\"http:\/\/www.uel.br\/eventos\/eneimagem\/anais2011\/trabalhos\/pdf\/Cristiano%20Gehrke.pdf\"><strong> A utiliza\u00e7\u00e3o da fotografia como objeto expogr\u00e1fico<\/strong>.<\/a> Anais do III Encontro Nacional de Estudos da Imagem. Londrina, 2011.<\/span><\/p>\n<p><span style=\"font-family: arial,helvetica,sans-serif;font-size: 12pt\">GEHRKE, Cristiano<strong>.<a href=\"http:\/\/www.encontro2012.historiaoral.org.br\/resources\/anais\/3\/1340366145_ARQUIVO_TextocompletoCristianoGehrke.pdf\"> Valoriza\u00e7\u00e3o da mem\u00f3ria \u00e9tnica italiana: o caso Col\u00f4nia Maciel\/Pelotas-RS<\/a>.<\/strong> Anais do XI Encontro Nacional de Historia Oral. Rio de Janeiro, 2012. <\/span><\/p>\n<p class=\"textLayer\" style=\"text-align: justify\"><span style=\"font-size: 12pt;font-family: arial,helvetica,sans-serif\">GEHRKE, Cristiano. <strong><a href=\"https:\/\/wp.ufpel.edu.br\/ppgmp\/files\/2016\/11\/Cristiano-Gehrke.pdf\">Imigrantes italianos e seus descendentes na zona rural de Pelotas\/RS: representa\u00e7\u00f5es do cotidiano nas fotografias e depoimentos orais do Museu Etnogr\u00e1fico da Col\u00f4nia Maciel<\/a>.<\/strong> Programa de P\u00f3sGradua\u00e7\u00e3o em Mem\u00f3ria Social e Patrim\u00f4nio Cultural\u00a0 Universidade Federal de Pelotas [Disserta\u00e7\u00e3o de Mestrado] Pelotas, 2013.<\/span><\/p>\n<p>GEHRKE, Cristiano. CERQUEIRA, F\u00e1bio.<strong> <a href=\"https:\/\/publicacoes.unifal-mg.edu.br\/revistas\/index.php\/cultura_historica_patrimonio\/article\/view\/08_art_v2n2_gehrke-cerqueira\">A morte em foco: an\u00e1lise da fotografia do beb\u00ea Ot\u00edlia Bonat.<\/a> <\/strong>Cultura Hist\u00f3rica e Patrim\u00f4nio: Alfenas, 2014.<\/p>\n<p class=\"textLayer\" style=\"text-align: justify\"><span style=\"font-size: 12pt;font-family: arial,helvetica,sans-serif\">NEIS, Fabiano. <strong><a href=\"http:\/\/revistaseletronicas.pucrs.br\/ojs\/index.php\/oficinadohistoriador\/article\/view\/19064\">A imigra\u00e7\u00e3o italiana atrav\u00e9s da hist\u00f3ria oral das \u00edtalo-descedentes no Museu Etnogr\u00e1fico da Col\u00f4nia Maciel \u2013 Pelotas\/RS<\/a>. <\/strong>Oficina do Historiador: Porto Alegre, 2014. <\/span><\/p>\n<p><span style=\"font-family: arial,helvetica,sans-serif;font-size: 12pt\">PANIS, Marcelo. OLIVEIRA, Melissa Ramos da Silva. <a href=\"https:\/\/periodicos.sbu.unicamp.br\/ojs\/index.php\/labore\/article\/view\/234\"><strong>Paisagem e arquitetura rural: o caso da regi\u00e3o Pelotense\/RS. <\/strong><\/a>Labor e Engenho: Campinas, 2008.<\/span><\/p>\n<p><span style=\"font-family: arial,helvetica,sans-serif;font-size: 12pt\">PANIS, Marcelo.<a href=\"http:\/\/repositorio.unicamp.br\/jspui\/handle\/REPOSIP\/287058\"> <strong>Turismo, patrim\u00f4nio cultural e desenvolvimento local: o distrito de Rinc\u00e3o da Cruz no munic\u00edpio de Pelotas\/RS.<\/strong><\/a> Programa de P\u00f3s-Gradua\u00e7\u00e3o em Geografia.. (Disserta\u00e7\u00e3o de Mestrado). Universidade Estadual de Campinas. Campinas, 2009.<\/span><\/p>\n<p><span style=\"font-family: arial,helvetica,sans-serif;font-size: 12pt\">PANIS, Marcelo.<a href=\"http:\/\/repositorio.unicamp.br\/jspui\/handle\/REPOSIP\/286620\"> <strong>Circuitos tur\u00edsticos \u00cdtalo-descendentes : o uso contempor\u00e2neo das heran\u00e7as culturais no sul e sudeste do Brasil.<\/strong> <\/a>Programa de P\u00f3s-Gradua\u00e7\u00e3o em Geografia. (Tese de Doutorado) Universidade Estadual de Campinas: Campinas, 2014.<\/span><\/p>\n<p class=\"textLayer\"><span style=\"font-family: arial,helvetica,sans-serif;font-size: 12pt\">PEIXOTO, Luciana da Silva. CERQUEIRA, F\u00e1bio Vergara.<a href=\"http:\/\/www.ucs.br\/etc\/revistas\/index.php\/metis\/article\/view\/697\"><strong> Museu e identidade \u00edtalo-descendente na Serra dos Tapes, Pelotas\/RS: o projeto do Museu Etnogr\u00e1fico da Col\u00f4nia Maciel. <\/strong><\/a>M\u00e9tis: hist\u00f3ria e cultura: Caxias do Sul, 2008.<\/span><\/p>\n<table style=\"height: 5px\" width=\"711\">\n<tbody>\n<tr>\n<td><\/td>\n<\/tr>\n<\/tbody>\n<\/table>\n<p><\/p>\n","protected":false},"excerpt":{"rendered":"<p>CERQUEIRA, F\u00e1bio Vergara. PEIXOTO, Luciana da Silva. GEHRKE, Cristiano. Museu Etnogr\u00e1fico da Col\u00f4nia Maciel. A trajet\u00f3ria de um equipamento cultural dedicado \u00e0 mem\u00f3ria da comunidade \u00edtalo-descendente de Pelotas. Revista Mem\u00f3ria em Rede, 2009. GARCIA, Ticiane Pinto. Construindo a identidade local&#8230; <a class=\"more-link\" href=\"https:\/\/wp.ufpel.edu.br\/museumaciel\/publicacoes\/\">Continue lendo &rarr;<\/a><\/p>\n","protected":false},"author":493,"featured_media":0,"parent":0,"menu_order":0,"comment_status":"closed","ping_status":"closed","template":"","meta":{"footnotes":""},"class_list":["post-19","page","type-page","status-publish","hentry"],"_links":{"self":[{"href":"https:\/\/wp.ufpel.edu.br\/museumaciel\/wp-json\/wp\/v2\/pages\/19","targetHints":{"allow":["GET"]}}],"collection":[{"href":"https:\/\/wp.ufpel.edu.br\/museumaciel\/wp-json\/wp\/v2\/pages"}],"about":[{"href":"https:\/\/wp.ufpel.edu.br\/museumaciel\/wp-json\/wp\/v2\/types\/page"}],"author":[{"embeddable":true,"href":"https:\/\/wp.ufpel.edu.br\/museumaciel\/wp-json\/wp\/v2\/users\/493"}],"replies":[{"embeddable":true,"href":"https:\/\/wp.ufpel.edu.br\/museumaciel\/wp-json\/wp\/v2\/comments?post=19"}],"version-history":[{"count":8,"href":"https:\/\/wp.ufpel.edu.br\/museumaciel\/wp-json\/wp\/v2\/pages\/19\/revisions"}],"predecessor-version":[{"id":137,"href":"https:\/\/wp.ufpel.edu.br\/museumaciel\/wp-json\/wp\/v2\/pages\/19\/revisions\/137"}],"wp:attachment":[{"href":"https:\/\/wp.ufpel.edu.br\/museumaciel\/wp-json\/wp\/v2\/media?parent=19"}],"curies":[{"name":"wp","href":"https:\/\/api.w.org\/{rel}","templated":true}]}}