{"id":188,"date":"2017-09-14T13:28:16","date_gmt":"2017-09-14T16:28:16","guid":{"rendered":"https:\/\/wp.ufpel.edu.br\/museumaciel\/?page_id=188"},"modified":"2017-09-14T16:04:31","modified_gmt":"2017-09-14T19:04:31","slug":"acervo-fotografico","status":"publish","type":"page","link":"https:\/\/wp.ufpel.edu.br\/museumaciel\/acervo-fotografico\/","title":{"rendered":"Acervo fotogr\u00e1fico"},"content":{"rendered":"<p style=\"text-align: justify\">O Museu Etnogr\u00e1fico da Col\u00f4nia Maciel possui um acervo fotogr\u00e1fico\u00a0 com 397 itens cujos temas representados s\u00e3o bastante diversos. Educa\u00e7\u00e3o, religiosidade, trabalho e lazer s\u00e3o alguns dos temas destas fotografias que est\u00e3o datadas do final do s\u00e9culo XIX at\u00e9 meados do s\u00e9culo XX.<\/p>\n<p style=\"text-align: justify\">Todo o acervo est\u00e1 digitalizado e est\u00e1 dispon\u00edvel para realiza\u00e7\u00e3o de pesquisas. Para ter acesso a este material entre em contato com a nossa equipe e se informe sobre os procedimentos necess\u00e1rios para a sua consulta e utiliza\u00e7\u00e3o em pesquisas.<\/p>\n<div id=\"attachment_369\" style=\"width: 428px\" class=\"wp-caption aligncenter\"><a href=\"https:\/\/wp.ufpel.edu.br\/museumaciel\/files\/2017\/09\/04.01.0102.jpg\"><img loading=\"lazy\" decoding=\"async\" aria-describedby=\"caption-attachment-369\" class=\"wp-image-369 size-medium\" src=\"https:\/\/wp.ufpel.edu.br\/museumaciel\/files\/2017\/09\/04.01.0102-418x318.jpg\" alt=\"\" width=\"418\" height=\"318\" srcset=\"https:\/\/wp.ufpel.edu.br\/museumaciel\/files\/2017\/09\/04.01.0102-418x318.jpg 418w, https:\/\/wp.ufpel.edu.br\/museumaciel\/files\/2017\/09\/04.01.0102-209x159.jpg 209w, https:\/\/wp.ufpel.edu.br\/museumaciel\/files\/2017\/09\/04.01.0102.jpg 489w\" sizes=\"auto, (max-width: 418px) 100vw, 418px\" \/><\/a><p id=\"caption-attachment-369\" class=\"wp-caption-text\">N\u00ba invent\u00e1rio: 04.01.0102<\/p><\/div>\n<div id=\"attachment_368\" style=\"width: 431px\" class=\"wp-caption aligncenter\"><a href=\"https:\/\/wp.ufpel.edu.br\/museumaciel\/files\/2017\/09\/04.01.0101.jpg\"><img loading=\"lazy\" decoding=\"async\" aria-describedby=\"caption-attachment-368\" class=\"wp-image-368 size-medium\" src=\"https:\/\/wp.ufpel.edu.br\/museumaciel\/files\/2017\/09\/04.01.0101-421x318.jpg\" alt=\"\" width=\"421\" height=\"318\" srcset=\"https:\/\/wp.ufpel.edu.br\/museumaciel\/files\/2017\/09\/04.01.0101-421x318.jpg 421w, https:\/\/wp.ufpel.edu.br\/museumaciel\/files\/2017\/09\/04.01.0101-212x159.jpg 212w, https:\/\/wp.ufpel.edu.br\/museumaciel\/files\/2017\/09\/04.01.0101-600x453.jpg 600w, https:\/\/wp.ufpel.edu.br\/museumaciel\/files\/2017\/09\/04.01.0101.jpg 660w\" sizes=\"auto, (max-width: 421px) 100vw, 421px\" \/><\/a><p id=\"caption-attachment-368\" class=\"wp-caption-text\">N\u00ba invent\u00e1rio: 04.01.0101<\/p><\/div>\n<div id=\"attachment_371\" style=\"width: 201px\" class=\"wp-caption aligncenter\"><a href=\"https:\/\/wp.ufpel.edu.br\/museumaciel\/files\/2017\/09\/04.01.0118.jpg\"><img loading=\"lazy\" decoding=\"async\" aria-describedby=\"caption-attachment-371\" class=\"wp-image-371 size-medium\" src=\"https:\/\/wp.ufpel.edu.br\/museumaciel\/files\/2017\/09\/04.01.0118-191x318.jpg\" alt=\"\" width=\"191\" height=\"318\" srcset=\"https:\/\/wp.ufpel.edu.br\/museumaciel\/files\/2017\/09\/04.01.0118-191x318.jpg 191w, https:\/\/wp.ufpel.edu.br\/museumaciel\/files\/2017\/09\/04.01.0118-96x159.jpg 96w, https:\/\/wp.ufpel.edu.br\/museumaciel\/files\/2017\/09\/04.01.0118-600x997.jpg 600w, https:\/\/wp.ufpel.edu.br\/museumaciel\/files\/2017\/09\/04.01.0118.jpg 732w\" sizes=\"auto, (max-width: 191px) 100vw, 191px\" \/><\/a><p id=\"caption-attachment-371\" class=\"wp-caption-text\">N\u00ba invent\u00e1rio: 04.01.0118<\/p><\/div>\n<div id=\"attachment_370\" style=\"width: 424px\" class=\"wp-caption aligncenter\"><a href=\"https:\/\/wp.ufpel.edu.br\/museumaciel\/files\/2017\/09\/04.01.0103.jpg\"><img loading=\"lazy\" decoding=\"async\" aria-describedby=\"caption-attachment-370\" class=\"wp-image-370 size-medium\" src=\"https:\/\/wp.ufpel.edu.br\/museumaciel\/files\/2017\/09\/04.01.0103-414x318.jpg\" alt=\"\" width=\"414\" height=\"318\" srcset=\"https:\/\/wp.ufpel.edu.br\/museumaciel\/files\/2017\/09\/04.01.0103-414x318.jpg 414w, https:\/\/wp.ufpel.edu.br\/museumaciel\/files\/2017\/09\/04.01.0103-207x159.jpg 207w, https:\/\/wp.ufpel.edu.br\/museumaciel\/files\/2017\/09\/04.01.0103-600x461.jpg 600w, https:\/\/wp.ufpel.edu.br\/museumaciel\/files\/2017\/09\/04.01.0103.jpg 720w\" sizes=\"auto, (max-width: 414px) 100vw, 414px\" \/><\/a><p id=\"caption-attachment-370\" class=\"wp-caption-text\">N\u00ba invent\u00e1rio: 04.01.0103<\/p><\/div>\n<div id=\"attachment_372\" style=\"width: 212px\" class=\"wp-caption aligncenter\"><a href=\"https:\/\/wp.ufpel.edu.br\/museumaciel\/files\/2017\/09\/04.01.0119.jpg\"><img loading=\"lazy\" decoding=\"async\" aria-describedby=\"caption-attachment-372\" class=\"wp-image-372 size-medium\" src=\"https:\/\/wp.ufpel.edu.br\/museumaciel\/files\/2017\/09\/04.01.0119-202x318.jpg\" alt=\"\" width=\"202\" height=\"318\" srcset=\"https:\/\/wp.ufpel.edu.br\/museumaciel\/files\/2017\/09\/04.01.0119-202x318.jpg 202w, https:\/\/wp.ufpel.edu.br\/museumaciel\/files\/2017\/09\/04.01.0119-101x159.jpg 101w, https:\/\/wp.ufpel.edu.br\/museumaciel\/files\/2017\/09\/04.01.0119-600x943.jpg 600w, https:\/\/wp.ufpel.edu.br\/museumaciel\/files\/2017\/09\/04.01.0119.jpg 762w\" sizes=\"auto, (max-width: 202px) 100vw, 202px\" \/><\/a><p id=\"caption-attachment-372\" class=\"wp-caption-text\">N\u00ba invent\u00e1rio: 04.01.0119<\/p><\/div>\n<div id=\"attachment_374\" style=\"width: 333px\" class=\"wp-caption aligncenter\"><a href=\"https:\/\/wp.ufpel.edu.br\/museumaciel\/files\/2017\/09\/05.01.0848.jpg\"><img loading=\"lazy\" decoding=\"async\" aria-describedby=\"caption-attachment-374\" class=\"wp-image-374 size-large\" src=\"https:\/\/wp.ufpel.edu.br\/museumaciel\/files\/2017\/09\/05.01.0848-323x220.jpg\" alt=\"\" width=\"323\" height=\"220\" \/><\/a><p id=\"caption-attachment-374\" class=\"wp-caption-text\">N\u00ba invent\u00e1rio: 05.01.0848<\/p><\/div>\n","protected":false},"excerpt":{"rendered":"<p>O Museu Etnogr\u00e1fico da Col\u00f4nia Maciel possui um acervo fotogr\u00e1fico\u00a0 com 397 itens cujos temas representados s\u00e3o bastante diversos. Educa\u00e7\u00e3o, religiosidade, trabalho e lazer s\u00e3o alguns dos temas destas fotografias que est\u00e3o datadas do final do s\u00e9culo XIX at\u00e9 meados&#8230; <a class=\"more-link\" href=\"https:\/\/wp.ufpel.edu.br\/museumaciel\/acervo-fotografico\/\">Continue lendo &rarr;<\/a><\/p>\n","protected":false},"author":493,"featured_media":0,"parent":0,"menu_order":0,"comment_status":"closed","ping_status":"closed","template":"","meta":{"footnotes":""},"class_list":["post-188","page","type-page","status-publish","hentry"],"_links":{"self":[{"href":"https:\/\/wp.ufpel.edu.br\/museumaciel\/wp-json\/wp\/v2\/pages\/188","targetHints":{"allow":["GET"]}}],"collection":[{"href":"https:\/\/wp.ufpel.edu.br\/museumaciel\/wp-json\/wp\/v2\/pages"}],"about":[{"href":"https:\/\/wp.ufpel.edu.br\/museumaciel\/wp-json\/wp\/v2\/types\/page"}],"author":[{"embeddable":true,"href":"https:\/\/wp.ufpel.edu.br\/museumaciel\/wp-json\/wp\/v2\/users\/493"}],"replies":[{"embeddable":true,"href":"https:\/\/wp.ufpel.edu.br\/museumaciel\/wp-json\/wp\/v2\/comments?post=188"}],"version-history":[{"count":4,"href":"https:\/\/wp.ufpel.edu.br\/museumaciel\/wp-json\/wp\/v2\/pages\/188\/revisions"}],"predecessor-version":[{"id":376,"href":"https:\/\/wp.ufpel.edu.br\/museumaciel\/wp-json\/wp\/v2\/pages\/188\/revisions\/376"}],"wp:attachment":[{"href":"https:\/\/wp.ufpel.edu.br\/museumaciel\/wp-json\/wp\/v2\/media?parent=188"}],"curies":[{"name":"wp","href":"https:\/\/api.w.org\/{rel}","templated":true}]}}