{"id":184,"date":"2017-09-14T13:27:48","date_gmt":"2017-09-14T16:27:48","guid":{"rendered":"https:\/\/wp.ufpel.edu.br\/museumaciel\/?page_id=184"},"modified":"2017-09-16T12:42:05","modified_gmt":"2017-09-16T15:42:05","slug":"artigos","status":"publish","type":"page","link":"https:\/\/wp.ufpel.edu.br\/museumaciel\/artigos\/","title":{"rendered":"Artigos"},"content":{"rendered":"<p>CERQUEIRA, F\u00e1bio Vergara. PEIXOTO, Luciana da Silva. GEHRKE, Cristiano. <a href=\"https:\/\/periodicos.ufpel.edu.br\/ojs2\/index.php\/Memoria\/article\/view\/9567\"><strong>Museu Etnogr\u00e1fico da Col\u00f4nia Maciel. A trajet\u00f3ria de um equipamento cultural dedicado \u00e0 mem\u00f3ria da comunidade \u00edtalo-descendente de Pelotas<\/strong>.<\/a> Revista Mem\u00f3ria em Rede, 2009.<\/p>\n<p>CERQUEIRA, F\u00e1bio Vergara. <a href=\"https:\/\/simpufpel.files.wordpress.com\/2010\/09\/mesa-serra-dos-tapes.pdf\"><strong>Serra dos Tapes: mosaico de tradi\u00e7\u00f5es \u00e9tnicas e paisagens culturais<\/strong><\/a>. Anais do IV SIMP: Mem\u00f3ria, patrim\u00f4nio e tradi\u00e7\u00e3o. Pelotas, 2010.<\/p>\n<p>CERQUEIRA, F\u00e1bio Vergara. PEIXOTO, Luciana da Silva. GEHRKE, Cristiano. DAL FORNO, Rodrigo. <a href=\"https:\/\/simpufpel.files.wordpress.com\/2010\/09\/mesa-serra-dos-tapes.pdf\"><strong>Diversidade narrativa das mem\u00f3rias de \u00edtalo-descendentes no Museu Etnogr\u00e1fico da Col\u00f4nia Maciel, Pelotas, RS.<\/strong><\/a> Anais do IV SIMP: Mem\u00f3ria, patrim\u00f4nio e tradi\u00e7\u00e3o. Pelotas, 2010.<\/p>\n<p>GARCIA, Ticiane Pinto. <strong><a href=\"http:\/\/www.snh2015.anpuh.org\/resources\/anais\/39\/1427763616_ARQUIVO_ANPUH2015TicianeGarcia.pdf\">Construindo a identidade local atrav\u00e9s de um museu \u00e9tnico: relato de experi\u00eancia em educa\u00e7\u00e3o patrimonial<\/a>.<\/strong> Anais do XXVIII Simp\u00f3sio Nacional de Hist\u00f3ria\u00a0 ANPUH. Florian\u00f3polis, 2015.<\/p>\n<p>GEHRKE, Cristiano. CERQUEIRA, F\u00e1bio Vergara. <a href=\"https:\/\/periodicos.ufpel.edu.br\/ojs2\/index.php\/Memoria\/article\/view\/9548\"><strong>A confec\u00e7\u00e3o de pipas de madeira e a produ\u00e7\u00e3o artesanal do vinho na Col\u00f4nia Maciel \u2013 Pelotas\/RS.<\/strong><\/a> Revista Mem\u00f3ria em Rede. Vol. 2. N\u00ba 3, 2010.<\/p>\n<p>GEHRKE, Cristiano.<a href=\"http:\/\/www.uel.br\/eventos\/eneimagem\/anais2011\/trabalhos\/pdf\/Cristiano%20Gehrke.pdf\"><strong> A utiliza\u00e7\u00e3o da fotografia como objeto expogr\u00e1fico<\/strong>.<\/a> Anais do III Encontro Nacional de Estudos da Imagem. Londrina, 2011.<\/p>\n<p>GEHRKE, Cristiano<strong>.<a href=\"http:\/\/www.encontro2012.historiaoral.org.br\/resources\/anais\/3\/1340366145_ARQUIVO_TextocompletoCristianoGehrke.pdf\"> Valoriza\u00e7\u00e3o da mem\u00f3ria \u00e9tnica italiana: o caso Col\u00f4nia Maciel\/Pelotas-RS<\/a>.<\/strong> Anais do XI Encontro Nacional de Historia Oral. Rio de Janeiro, 2012.<\/p>\n<p>GEHRKE, Cristiano. CERQUEIRA, F\u00e1bio.<strong> <a href=\"https:\/\/publicacoes.unifal-mg.edu.br\/revistas\/index.php\/cultura_historica_patrimonio\/article\/view\/08_art_v2n2_gehrke-cerqueira\">A morte em foco: an\u00e1lise da fotografia do beb\u00ea Ot\u00edlia Bonat.<\/a> <\/strong>Cultura Hist\u00f3rica e Patrim\u00f4nio: Alfenas, 2014.<\/p>\n<p>CERQUEIRA, F\u00e1bio Vergara. PEIXOTO, Luciana da Silva. GEHRKE, Cristiano. Museo Etnografico de la Colonia Maciel:memoria italo-descendiente y diversidad cultural. IN: <em>Juan Andres (org.). <strong>La memoria historia y sus configuraciones tem\u00e1ticas. Una aproximaci\u00f3n interdisciplinaria. <\/strong>Ediciones Cruz del Sur. Montevideo, 2013.<\/em><\/p>\n<p>GEHRKE, Cristiano.\u00a0CERQUEIRA, F\u00e1bio Vergara.\u00a0 <strong><em>A educa\u00e7\u00e3o em col\u00f4nias de imigra\u00e7\u00e3o italiana no Rio Grande do Sul: o caso da Col\u00f4nia Maciel em Pelotas.<\/em><\/strong> Ediciones Cruz del Sur. Montevideo, 2016.<\/p>\n<p class=\"textLayer\">NEIS, Fabiano. <strong><a href=\"http:\/\/revistaseletronicas.pucrs.br\/ojs\/index.php\/oficinadohistoriador\/article\/view\/19064\">A imigra\u00e7\u00e3o italiana atrav\u00e9s da hist\u00f3ria oral das \u00edtalo-descedentes no Museu Etnogr\u00e1fico da Col\u00f4nia Maciel \u2013 Pelotas\/RS<\/a>. <\/strong>Oficina do Historiador: Porto Alegre, 2014.<\/p>\n<p>PANIS, Marcelo. OLIVEIRA, Melissa Ramos da Silva. <a href=\"https:\/\/periodicos.sbu.unicamp.br\/ojs\/index.php\/labore\/article\/view\/234\"><strong>Paisagem e arquitetura rural: o caso da regi\u00e3o Pelotense\/RS. <\/strong><\/a>Labor e Engenho: Campinas, 2008.<\/p>\n<p><strong>\u00a0<\/strong>PEIXOTO, Luciana da Silva. CERQUEIRA, F\u00e1bio Vergara. BARBOSA, Andrea Molina. GEHRKE, Cristiano. <strong>Museu e Identidade: o projeto da Col\u00f4nia Maciel. <\/strong>Anais SIGNO. Montevideo, 2008.<\/p>\n<p>PEIXOTO, Luciana da Silva. CERQUEIRA, F\u00e1bio Vergara.<a href=\"http:\/\/www.ucs.br\/etc\/revistas\/index.php\/metis\/article\/view\/697\"><strong> Museu e identidade \u00edtalo-descendente na Serra dos Tapes, Pelotas\/RS: o projeto do Museu Etnogr\u00e1fico da Col\u00f4nia Maciel. <\/strong><\/a>M\u00e9tis: hist\u00f3ria e cultura: Caxias do Sul, 2008.<\/p>\n<p>SILVA, Karen Melo da. <a href=\"https:\/\/simpufpel.files.wordpress.com\/2010\/09\/mesa-serra-dos-tapes.pdf\"><strong>O patrim\u00f4nio identificado e a ruralidade ressignificada na Col\u00f4nia de Pelotas\/RS<\/strong><\/a>. Anais do IV SIMP: Mem\u00f3ria, patrim\u00f4nio e tradi\u00e7\u00e3o. Pelotas, 2010.<\/p>\n<p>VICTORIA, Daniel Pete. <a href=\"https:\/\/simpufpel.files.wordpress.com\/2010\/09\/mesa-serra-dos-tapes.pdf\"><strong>O vinho e a italianidade na Vila Maciel. <\/strong><\/a>Anais do IV SIMP: Mem\u00f3ria, patrim\u00f4nio e tradi\u00e7\u00e3o. Pelotas, 2010.<\/p>\n<p>&nbsp;<\/p>\n","protected":false},"excerpt":{"rendered":"<p>CERQUEIRA, F\u00e1bio Vergara. PEIXOTO, Luciana da Silva. GEHRKE, Cristiano. Museu Etnogr\u00e1fico da Col\u00f4nia Maciel. A trajet\u00f3ria de um equipamento cultural dedicado \u00e0 mem\u00f3ria da comunidade \u00edtalo-descendente de Pelotas. Revista Mem\u00f3ria em Rede, 2009. CERQUEIRA, F\u00e1bio Vergara. Serra dos Tapes: mosaico&#8230; <a class=\"more-link\" href=\"https:\/\/wp.ufpel.edu.br\/museumaciel\/artigos\/\">Continue lendo &rarr;<\/a><\/p>\n","protected":false},"author":493,"featured_media":0,"parent":0,"menu_order":0,"comment_status":"closed","ping_status":"closed","template":"","meta":{"footnotes":""},"class_list":["post-184","page","type-page","status-publish","hentry"],"_links":{"self":[{"href":"https:\/\/wp.ufpel.edu.br\/museumaciel\/wp-json\/wp\/v2\/pages\/184","targetHints":{"allow":["GET"]}}],"collection":[{"href":"https:\/\/wp.ufpel.edu.br\/museumaciel\/wp-json\/wp\/v2\/pages"}],"about":[{"href":"https:\/\/wp.ufpel.edu.br\/museumaciel\/wp-json\/wp\/v2\/types\/page"}],"author":[{"embeddable":true,"href":"https:\/\/wp.ufpel.edu.br\/museumaciel\/wp-json\/wp\/v2\/users\/493"}],"replies":[{"embeddable":true,"href":"https:\/\/wp.ufpel.edu.br\/museumaciel\/wp-json\/wp\/v2\/comments?post=184"}],"version-history":[{"count":4,"href":"https:\/\/wp.ufpel.edu.br\/museumaciel\/wp-json\/wp\/v2\/pages\/184\/revisions"}],"predecessor-version":[{"id":427,"href":"https:\/\/wp.ufpel.edu.br\/museumaciel\/wp-json\/wp\/v2\/pages\/184\/revisions\/427"}],"wp:attachment":[{"href":"https:\/\/wp.ufpel.edu.br\/museumaciel\/wp-json\/wp\/v2\/media?parent=184"}],"curies":[{"name":"wp","href":"https:\/\/api.w.org\/{rel}","templated":true}]}}