{"id":142,"date":"2017-09-14T00:20:52","date_gmt":"2017-09-14T03:20:52","guid":{"rendered":"https:\/\/wp.ufpel.edu.br\/museumaciel\/?page_id=142"},"modified":"2017-09-23T14:13:50","modified_gmt":"2017-09-23T17:13:50","slug":"circuito-de-museus-etnicos","status":"publish","type":"page","link":"https:\/\/wp.ufpel.edu.br\/museumaciel\/circuito-de-museus-etnicos\/","title":{"rendered":"Circuito de Museus \u00c9tnicos"},"content":{"rendered":"<p style=\"text-align: justify\">O Circuito de Museus com concentra\u00e7\u00e3o tem\u00e1tica nas etnias \u00a0instalado na Serra dos Tapes, abrange inicialmente o territ\u00f3rio colonial do munic\u00edpio de Pelotas e Morro Redondo d\u00e1 express\u00e3o \u00e0 multiplicidade da composi\u00e7\u00e3o \u00e9tnica desta regi\u00e3o, para a qual aflu\u00edram, no s\u00e9culo XIX, imigrantes de origem alem\u00e3, pomerana, italiana e francesa, ocupando terras ent\u00e3o ocupadas por luso-brasileiros, negros aquilombados e remanescentes das popula\u00e7\u00f5es aut\u00f3ctones ind\u00edgenas. A constitui\u00e7\u00e3o do projeto de circuito de museus \u00e9tnicos iniciou com a inaugura\u00e7\u00e3o do Museu Etnogr\u00e1fico da Col\u00f4nia Maciel, em junho de 2006, e avan\u00e7ou com os projetos de qualifica\u00e7\u00e3o do Museu do Gruppelli e implanta\u00e7\u00e3o do Museu da Col\u00f4nia Francesa e do Museu do Morro Redondo. O Circuito de Museus \u00c9tnicos parte de um conceito territorial de museu, entendendo-se que este espa\u00e7o de mem\u00f3ria n\u00e3o se encerra no interior das paredes do museu, incluindo toda a regi\u00e3o circundante, com seus atributos culturais e paisag\u00edsticos (GEHRKE, ZORZI, CERQUEIRA, 2008).<\/p>\n<p><a href=\"https:\/\/wp.ufpel.edu.br\/museumaciel\/files\/2017\/09\/DSC_0038.jpg\"><img loading=\"lazy\" decoding=\"async\" class=\"aligncenter size-medium wp-image-457\" src=\"https:\/\/wp.ufpel.edu.br\/museumaciel\/files\/2017\/09\/DSC_0038-424x282.jpg\" alt=\"\" width=\"424\" height=\"282\" srcset=\"https:\/\/wp.ufpel.edu.br\/museumaciel\/files\/2017\/09\/DSC_0038-424x282.jpg 424w, https:\/\/wp.ufpel.edu.br\/museumaciel\/files\/2017\/09\/DSC_0038-212x141.jpg 212w, https:\/\/wp.ufpel.edu.br\/museumaciel\/files\/2017\/09\/DSC_0038-768x511.jpg 768w, https:\/\/wp.ufpel.edu.br\/museumaciel\/files\/2017\/09\/DSC_0038-945x628.jpg 945w, https:\/\/wp.ufpel.edu.br\/museumaciel\/files\/2017\/09\/DSC_0038-600x399.jpg 600w\" sizes=\"auto, (max-width: 424px) 100vw, 424px\" \/><\/a> <a href=\"https:\/\/wp.ufpel.edu.br\/museumaciel\/files\/2017\/09\/DSC_0043.jpg\"><img loading=\"lazy\" decoding=\"async\" class=\"aligncenter size-medium wp-image-458\" src=\"https:\/\/wp.ufpel.edu.br\/museumaciel\/files\/2017\/09\/DSC_0043-424x282.jpg\" alt=\"\" width=\"424\" height=\"282\" srcset=\"https:\/\/wp.ufpel.edu.br\/museumaciel\/files\/2017\/09\/DSC_0043-424x282.jpg 424w, https:\/\/wp.ufpel.edu.br\/museumaciel\/files\/2017\/09\/DSC_0043-212x141.jpg 212w, https:\/\/wp.ufpel.edu.br\/museumaciel\/files\/2017\/09\/DSC_0043-768x511.jpg 768w, https:\/\/wp.ufpel.edu.br\/museumaciel\/files\/2017\/09\/DSC_0043-945x628.jpg 945w, https:\/\/wp.ufpel.edu.br\/museumaciel\/files\/2017\/09\/DSC_0043-600x399.jpg 600w\" sizes=\"auto, (max-width: 424px) 100vw, 424px\" \/><\/a><\/p>\n","protected":false},"excerpt":{"rendered":"<p>O Circuito de Museus com concentra\u00e7\u00e3o tem\u00e1tica nas etnias \u00a0instalado na Serra dos Tapes, abrange inicialmente o territ\u00f3rio colonial do munic\u00edpio de Pelotas e Morro Redondo d\u00e1 express\u00e3o \u00e0 multiplicidade da composi\u00e7\u00e3o \u00e9tnica desta regi\u00e3o, para a qual aflu\u00edram, no&#8230; <a class=\"more-link\" href=\"https:\/\/wp.ufpel.edu.br\/museumaciel\/circuito-de-museus-etnicos\/\">Continue lendo &rarr;<\/a><\/p>\n","protected":false},"author":493,"featured_media":0,"parent":0,"menu_order":0,"comment_status":"closed","ping_status":"closed","template":"","meta":{"footnotes":""},"class_list":["post-142","page","type-page","status-publish","hentry"],"_links":{"self":[{"href":"https:\/\/wp.ufpel.edu.br\/museumaciel\/wp-json\/wp\/v2\/pages\/142","targetHints":{"allow":["GET"]}}],"collection":[{"href":"https:\/\/wp.ufpel.edu.br\/museumaciel\/wp-json\/wp\/v2\/pages"}],"about":[{"href":"https:\/\/wp.ufpel.edu.br\/museumaciel\/wp-json\/wp\/v2\/types\/page"}],"author":[{"embeddable":true,"href":"https:\/\/wp.ufpel.edu.br\/museumaciel\/wp-json\/wp\/v2\/users\/493"}],"replies":[{"embeddable":true,"href":"https:\/\/wp.ufpel.edu.br\/museumaciel\/wp-json\/wp\/v2\/comments?post=142"}],"version-history":[{"count":5,"href":"https:\/\/wp.ufpel.edu.br\/museumaciel\/wp-json\/wp\/v2\/pages\/142\/revisions"}],"predecessor-version":[{"id":459,"href":"https:\/\/wp.ufpel.edu.br\/museumaciel\/wp-json\/wp\/v2\/pages\/142\/revisions\/459"}],"wp:attachment":[{"href":"https:\/\/wp.ufpel.edu.br\/museumaciel\/wp-json\/wp\/v2\/media?parent=142"}],"curies":[{"name":"wp","href":"https:\/\/api.w.org\/{rel}","templated":true}]}}