{"id":10,"date":"2015-04-24T15:15:25","date_gmt":"2015-04-24T18:15:25","guid":{"rendered":"https:\/\/wp.ufpel.edu.br\/museumaciel\/?page_id=10"},"modified":"2017-09-14T14:18:05","modified_gmt":"2017-09-14T17:18:05","slug":"historico","status":"publish","type":"page","link":"https:\/\/wp.ufpel.edu.br\/museumaciel\/historico\/","title":{"rendered":"Hist\u00f3rico"},"content":{"rendered":"<p style=\"text-align: justify\">O Museu Etnogr\u00e1fico da Col\u00f4nia Maciel est\u00e1 localizado na Vila Maciel, 8\u00ba distrito do munic\u00edpio de Pelotas a, aproximadamente 45 km do centro urbano, atrav\u00e9s da BR 392 em dire\u00e7\u00e3o ao munic\u00edpio de Cangu\u00e7u. A ideia de cria\u00e7\u00e3o do museu surgiu entre os anos de 2000 e 2002, atrav\u00e9s de um projeto de pesquisa desenvolvido pelo Laborat\u00f3rio de Ensino e Pesquisa em Antropologia e Arqueologia da Universidade Federal de Pelotas (LEPAARQ\/UFPEL). Este projeto tinha como objetivo investigar a trajet\u00f3ria da imigra\u00e7\u00e3o italiana em Pelotas. A escolha da Col\u00f4nia Maciel como n\u00facleo central desta pesquisa se guiou por dois crit\u00e9rios: 1) \u00e9 a mais representativa da presen\u00e7a italiana na regi\u00e3o (ANJOS, 1999); 2) apesar ter sido implantada pelo governo imperial, nunca foi reconhecida como tal, gerando um forte descontentamento local. A partir do contato inicial com a comunidade de descendentes de imigrantes de italianos na Col\u00f4nia Maciel, propiciada pelo projeto de pesquisa, foi poss\u00edvel perceber a inten\u00e7\u00e3o na comunidade local em se ter um local destinado a preserva\u00e7\u00e3o da mem\u00f3ria de seus antepassados. A partir desta id\u00e9ia e vontade local, junto ao suporte t\u00e9cnico trazido pela Universidade, foi poss\u00edvel viabilizar a implanta\u00e7\u00e3o do Museu Etnogr\u00e1fico da Col\u00f4nia Maciel. No ano de 2004, o LEPAARQ apresentou um projeto de cria\u00e7\u00e3o do museu a Assembl\u00e9ia do COREDE-Sul para a vota\u00e7\u00e3o na Consulta Popular do Governo do Estado do Rio Grande do Sul. O projeto foi aprovado, sendo um dos mais bem votados. Juntamente \u00e1 isto, a Prefeitura Municipal de Pelotas, realizou a ced\u00eancia do pr\u00e9dio hist\u00f3rico da antiga Escola Garibaldi, pr\u00e9dio constru\u00eddo em 1928 para abrigar a primeira escola da Col\u00f4nia inaugurado em 1929, e que agora sediaria o museu. Com todos estes esfor\u00e7os, o MECOM pode ser inaugurado oficialmente em 04 de Junho de 2006, sendo mantido e funcionando desde ent\u00e3o atrav\u00e9s de uma parceria entre a Prefeitura Municipal de Pelotas, a Universidade Federal de Pelotas e o Instituto de Mem\u00f3ria e Patrim\u00f4nio.<a href=\"https:\/\/wp.ufpel.edu.br\/museumaciel\/files\/2015\/04\/11.06.2006-057.1.jpg\"><img loading=\"lazy\" decoding=\"async\" class=\"aligncenter size-medium wp-image-81\" src=\"https:\/\/wp.ufpel.edu.br\/museumaciel\/files\/2015\/04\/11.06.2006-057.1-424x236.jpg\" alt=\"\" width=\"424\" height=\"236\" srcset=\"https:\/\/wp.ufpel.edu.br\/museumaciel\/files\/2015\/04\/11.06.2006-057.1-424x236.jpg 424w, https:\/\/wp.ufpel.edu.br\/museumaciel\/files\/2015\/04\/11.06.2006-057.1-212x118.jpg 212w, https:\/\/wp.ufpel.edu.br\/museumaciel\/files\/2015\/04\/11.06.2006-057.1-768x428.jpg 768w\" sizes=\"auto, (max-width: 424px) 100vw, 424px\" \/><\/a><\/p>\n<p>&nbsp;<\/p>\n","protected":false},"excerpt":{"rendered":"<p>O Museu Etnogr\u00e1fico da Col\u00f4nia Maciel est\u00e1 localizado na Vila Maciel, 8\u00ba distrito do munic\u00edpio de Pelotas a, aproximadamente 45 km do centro urbano, atrav\u00e9s da BR 392 em dire\u00e7\u00e3o ao munic\u00edpio de Cangu\u00e7u. A ideia de cria\u00e7\u00e3o do museu&#8230; <a class=\"more-link\" href=\"https:\/\/wp.ufpel.edu.br\/museumaciel\/historico\/\">Continue lendo &rarr;<\/a><\/p>\n","protected":false},"author":493,"featured_media":0,"parent":0,"menu_order":0,"comment_status":"closed","ping_status":"closed","template":"","meta":{"footnotes":""},"class_list":["post-10","page","type-page","status-publish","hentry"],"_links":{"self":[{"href":"https:\/\/wp.ufpel.edu.br\/museumaciel\/wp-json\/wp\/v2\/pages\/10","targetHints":{"allow":["GET"]}}],"collection":[{"href":"https:\/\/wp.ufpel.edu.br\/museumaciel\/wp-json\/wp\/v2\/pages"}],"about":[{"href":"https:\/\/wp.ufpel.edu.br\/museumaciel\/wp-json\/wp\/v2\/types\/page"}],"author":[{"embeddable":true,"href":"https:\/\/wp.ufpel.edu.br\/museumaciel\/wp-json\/wp\/v2\/users\/493"}],"replies":[{"embeddable":true,"href":"https:\/\/wp.ufpel.edu.br\/museumaciel\/wp-json\/wp\/v2\/comments?post=10"}],"version-history":[{"count":6,"href":"https:\/\/wp.ufpel.edu.br\/museumaciel\/wp-json\/wp\/v2\/pages\/10\/revisions"}],"predecessor-version":[{"id":341,"href":"https:\/\/wp.ufpel.edu.br\/museumaciel\/wp-json\/wp\/v2\/pages\/10\/revisions\/341"}],"wp:attachment":[{"href":"https:\/\/wp.ufpel.edu.br\/museumaciel\/wp-json\/wp\/v2\/media?parent=10"}],"curies":[{"name":"wp","href":"https:\/\/api.w.org\/{rel}","templated":true}]}}