{"id":948,"date":"2020-12-01T14:19:00","date_gmt":"2020-12-01T17:19:00","guid":{"rendered":"https:\/\/wp.ufpel.edu.br\/museudodoce\/?page_id=948"},"modified":"2020-12-04T15:27:38","modified_gmt":"2020-12-04T18:27:38","slug":"foto-do-mes-de-novembro","status":"publish","type":"page","link":"https:\/\/wp.ufpel.edu.br\/museudodoce\/foto-do-mes-de-novembro\/","title":{"rendered":"FOTO DO M\u00caS DE NOVEMBRO"},"content":{"rendered":"<div id=\"pl-948\"  class=\"panel-layout\" ><div id=\"pg-948-0\"  class=\"panel-grid panel-no-style\" ><div id=\"pgc-948-0-0\"  class=\"panel-grid-cell\" ><div id=\"panel-948-0-0-0\" class=\"so-panel widget widget_sow-headline panel-first-child\" data-index=\"0\" ><div\n\t\t\t\n\t\t\tclass=\"so-widget-sow-headline so-widget-sow-headline-default-6649cea9e56b-948\"\n\t\t\t\n\t\t><div class=\"sow-headline-container \">\n\t\t\t\t\t\t\t<h3 class=\"sow-headline\">\n\t\t\t\t\t\tA FOTO DO M\u00caS\t\t\t\t\t\t<\/h3>\n\t\t\t\t\t\t<\/div>\n<\/div><\/div><div id=\"panel-948-0-0-1\" class=\"so-panel widget widget_sow-headline panel-last-child\" data-index=\"1\" ><div\n\t\t\t\n\t\t\tclass=\"so-widget-sow-headline so-widget-sow-headline-default-38b6e067216c-948\"\n\t\t\t\n\t\t><div class=\"sow-headline-container \">\n\t\t\t\t\t\t\t<h3 class=\"sow-headline\">\n\t\t\t\t\t\t\"...sele\u00e7\u00e3o Brasileira que disputou o mundial de futebol em 1958\"\t\t\t\t\t\t<\/h3>\n\t\t\t\t\t\t<\/div>\n<\/div><\/div><\/div><\/div><div id=\"pg-948-1\"  class=\"panel-grid panel-no-style\" ><div id=\"pgc-948-1-0\"  class=\"panel-grid-cell\" ><div id=\"panel-948-1-0-0\" class=\"so-panel widget widget_sow-image panel-first-child\" data-index=\"2\" ><div\n\t\t\t\n\t\t\tclass=\"so-widget-sow-image so-widget-sow-image-default-8b5b6f678277-948\"\n\t\t\t\n\t\t>\n<div class=\"sow-image-container\">\n\t\t<img \n\tsrc=\"https:\/\/wp.ufpel.edu.br\/museudodoce\/files\/2020\/12\/75564589_2472716086130830_6742587360338247680_o.jpg\" width=\"1840\" height=\"1367\" srcset=\"https:\/\/wp.ufpel.edu.br\/museudodoce\/files\/2020\/12\/75564589_2472716086130830_6742587360338247680_o.jpg 1840w, https:\/\/wp.ufpel.edu.br\/museudodoce\/files\/2020\/12\/75564589_2472716086130830_6742587360338247680_o-424x315.jpg 424w, https:\/\/wp.ufpel.edu.br\/museudodoce\/files\/2020\/12\/75564589_2472716086130830_6742587360338247680_o-212x159.jpg 212w, https:\/\/wp.ufpel.edu.br\/museudodoce\/files\/2020\/12\/75564589_2472716086130830_6742587360338247680_o-768x571.jpg 768w, https:\/\/wp.ufpel.edu.br\/museudodoce\/files\/2020\/12\/75564589_2472716086130830_6742587360338247680_o-1536x1141.jpg 1536w\" sizes=\"(max-width: 1840px) 100vw, 1840px\" alt=\"\" \t\tclass=\"so-widget-image\"\/>\n\t<\/div>\n\n<\/div><\/div><div id=\"panel-948-1-0-1\" class=\"so-panel widget widget_sow-editor panel-last-child\" data-index=\"3\" ><div\n\t\t\t\n\t\t\tclass=\"so-widget-sow-editor so-widget-sow-editor-base\"\n\t\t\t\n\t\t>\n<div class=\"siteorigin-widget-tinymce textwidget\">\n\t<p style=\"text-align: justify\">Ou\u00e7a a Audiodescri\u00e7\u00e3o:\u00a0<a class=\"oajrlxb2 g5ia77u1 qu0x051f esr5mh6w e9989ue4 r7d6kgcz rq0escxv nhd2j8a9 nc684nl6 p7hjln8o kvgmc6g5 cxmmr5t8 oygrvhab hcukyx3x jb3vyjys rz4wbd8a qt6c0cv9 a8nywdso i1ao9s8h esuyzwwr f1sip0of lzcic4wl py34i1dx gpro0wi8\" role=\"link\" href=\"https:\/\/soundcloud.com\/museu-do-doce-ufpel\/fotodo-mes-novembro?fbclid=IwAR2IRJHLVa9fcs3uhAtNYZ6o4dyQd6VJpBOOqUBOgTTIhnNmWHXP7EGaAl8\" target=\"_blank\" rel=\"nofollow noopener noreferrer\">https:\/\/soundcloud.com\/museu-do-doce...\/fotodo-mes-novembro<\/a><\/p>\n<p style=\"text-align: justify\">Na fotografia em preto e branco oito homens trajam ternos e gravatas e se encontram escorados sobre um balc\u00e3o. Seis deles tem diante de si um embrulho, enquanto os outros dois seguram um doce cada. Do outro lado do balc\u00e3o, o atendente uniformizado, parece argumentar enquanto gesticula.<br \/>\nO n\u00famero de confeitarias na cidade de Pelotas ampliou significativamente no per\u00edodo que vai no final do s\u00e9culo XIX ao in\u00edcio do XX, quando esses estabelecimentos se tornaram lugares de com\u00e9rcio e sociabilidade. Nos sal\u00f5es mais conhecidos eram feitos neg\u00f3cios, recep\u00e7\u00f5es, comemora\u00e7\u00f5es, e at\u00e9 mesmo se discutia pol\u00edtica.<br \/>\nNa segunda d\u00e9cada do s\u00e9culo XX j\u00e1 existiam v\u00e1rias empresas do ramo na cidade com caracter\u00edsticas tais como as citadas acima, a exemplo da Confeitaria Nogueira, localizada na Rua XV de Novembro; a Confeitaria Gaspar, junto da Pra\u00e7a Cel. Pedro Os\u00f3rio; a Confeitaria Dalila, na Rua Mal Floriano, e a Confeitaria Brauner, na rua XV de novembro.<br \/>\nA foto aqui reproduzida pertenceu \u00e0 fam\u00edlia Nogueira tendo tamb\u00e9m sido publicada no jornal Di\u00e1rio Popular, no ano de 1990, em edi\u00e7\u00e3o comemorativa ao centen\u00e1rio do peri\u00f3dico. Nela aparecem dirigentes e jogadores da Sele\u00e7\u00e3o Brasileira que disputou o mundial de futebol em 1958, ano em que foi conquistada a primeira Copa do Mundo pelo Brasil. Dentre os quais \u00e9 poss\u00edvel distinguir, na beira do balc\u00e3o, o jogador Dino Sani, volante, que participou dos primeiros jogos do mundial. Tamb\u00e9m se reconhece o zagueiro Mauro Ramos de Oliveira, que foi reserva no mesmo ano, e em 1962, no Bicampeonato brasileiro, atuado como capit\u00e3o.<br \/>\nA foto em destaque pertence ao acervo permanente do Museu do Doce do Instituto de Ci\u00eancias Humanas da Universidade Federal de Pelotas e ingressou no acervo da institui\u00e7\u00e3o no ano de 2016, em doa\u00e7\u00e3o realizada pela Senhora Norma Nogueira.<br \/>\nUma foto, muito conhecimento e muita hist\u00f3ria. Fiquem atentos e aqui todo m\u00eas aprenderemos um pouco mais sobre o passado das tradi\u00e7\u00f5es doceiras de Pelotas e da antiga Pelotas. A FOTO DO M\u00caS \u00e9 um projeto do Museu do Doce que iniciou em abril de 2019 e tem como objetivo destacar imagens do acervo preservado, com breve contexto hist\u00f3rico, de modo a divulgar ao p\u00fablico maior conhecimento sobre as tradi\u00e7\u00f5es doceiras da regi\u00e3o. A equipe do museu agradece a contribui\u00e7\u00e3o da professora<\/p>\n<div class=\"nc684nl6\" style=\"text-align: justify\">Noris Leal<\/div>\n<p style=\"text-align: justify\">\u00a0pelas informa\u00e7\u00f5es e refer\u00eancias para a confec\u00e7\u00e3o do texto.<\/p>\n<\/div>\n<\/div><\/div><\/div><\/div><\/div>","protected":false},"excerpt":{"rendered":"<p>Ou\u00e7a a Audiodescri\u00e7\u00e3o:\u00a0https:\/\/soundcloud.com\/museu-do-doce&#8230;\/fotodo-mes-novembro Na fotografia em preto e branco oito homens trajam ternos e gravatas e se encontram escorados sobre um balc\u00e3o. Seis deles tem diante de si um embrulho, enquanto os outros dois seguram um doce cada. Do outro lado do balc\u00e3o, o atendente uniformizado, parece argumentar enquanto gesticula. O n\u00famero de confeitarias na [&hellip;]<\/p>\n","protected":false},"author":1000,"featured_media":0,"parent":0,"menu_order":0,"comment_status":"closed","ping_status":"closed","template":"","meta":{"footnotes":""},"class_list":["post-948","page","type-page","status-publish","hentry","post"],"jetpack_sharing_enabled":true,"jetpack_likes_enabled":true,"_links":{"self":[{"href":"https:\/\/wp.ufpel.edu.br\/museudodoce\/wp-json\/wp\/v2\/pages\/948","targetHints":{"allow":["GET"]}}],"collection":[{"href":"https:\/\/wp.ufpel.edu.br\/museudodoce\/wp-json\/wp\/v2\/pages"}],"about":[{"href":"https:\/\/wp.ufpel.edu.br\/museudodoce\/wp-json\/wp\/v2\/types\/page"}],"author":[{"embeddable":true,"href":"https:\/\/wp.ufpel.edu.br\/museudodoce\/wp-json\/wp\/v2\/users\/1000"}],"replies":[{"embeddable":true,"href":"https:\/\/wp.ufpel.edu.br\/museudodoce\/wp-json\/wp\/v2\/comments?post=948"}],"version-history":[{"count":3,"href":"https:\/\/wp.ufpel.edu.br\/museudodoce\/wp-json\/wp\/v2\/pages\/948\/revisions"}],"predecessor-version":[{"id":951,"href":"https:\/\/wp.ufpel.edu.br\/museudodoce\/wp-json\/wp\/v2\/pages\/948\/revisions\/951"}],"wp:attachment":[{"href":"https:\/\/wp.ufpel.edu.br\/museudodoce\/wp-json\/wp\/v2\/media?parent=948"}],"curies":[{"name":"wp","href":"https:\/\/api.w.org\/{rel}","templated":true}]}}