{"id":926,"date":"2020-12-01T13:59:19","date_gmt":"2020-12-01T16:59:19","guid":{"rendered":"https:\/\/wp.ufpel.edu.br\/museudodoce\/?page_id=926"},"modified":"2020-12-04T15:25:02","modified_gmt":"2020-12-04T18:25:02","slug":"foto-mes-de-julho","status":"publish","type":"page","link":"https:\/\/wp.ufpel.edu.br\/museudodoce\/foto-mes-de-julho\/","title":{"rendered":"FOTO M\u00caS DE JULHO"},"content":{"rendered":"<div id=\"pl-926\"  class=\"panel-layout\" ><div id=\"pg-926-0\"  class=\"panel-grid panel-no-style\" ><div id=\"pgc-926-0-0\"  class=\"panel-grid-cell\" ><div id=\"panel-926-0-0-0\" class=\"so-panel widget widget_sow-headline panel-first-child\" data-index=\"0\" ><div\n\t\t\t\n\t\t\tclass=\"so-widget-sow-headline so-widget-sow-headline-default-6649cea9e56b-926\"\n\t\t\t\n\t\t><div class=\"sow-headline-container \">\n\t\t\t\t\t\t\t<h3 class=\"sow-headline\">\n\t\t\t\t\t\tA FOTO DO M\u00caS\t\t\t\t\t\t<\/h3>\n\t\t\t\t\t\t<\/div>\n<\/div><\/div><div id=\"panel-926-0-0-1\" class=\"so-panel widget widget_sow-headline panel-last-child\" data-index=\"1\" ><div\n\t\t\t\n\t\t\tclass=\"so-widget-sow-headline so-widget-sow-headline-default-38b6e067216c-926\"\n\t\t\t\n\t\t><div class=\"sow-headline-container \">\n\t\t\t\t\t\t\t<h3 class=\"sow-headline\">\n\t\t\t\t\t\t\"...consagrou a ind\u00fastria do p\u00eassego como marco socioecon\u00f4mico em toda a regi\u00e3o.\"\t\t\t\t\t\t<\/h3>\n\t\t\t\t\t\t<\/div>\n<\/div><\/div><\/div><\/div><div id=\"pg-926-1\"  class=\"panel-grid panel-no-style\" ><div id=\"pgc-926-1-0\"  class=\"panel-grid-cell\" ><div id=\"panel-926-1-0-0\" class=\"so-panel widget widget_sow-image panel-first-child\" data-index=\"2\" ><div\n\t\t\t\n\t\t\tclass=\"so-widget-sow-image so-widget-sow-image-default-8b5b6f678277-926\"\n\t\t\t\n\t\t>\n<div class=\"sow-image-container\">\n\t\t<img \n\tsrc=\"https:\/\/wp.ufpel.edu.br\/museudodoce\/files\/2020\/12\/67354814_2256540357748405_416525013538045952_o.jpg\" width=\"1768\" height=\"1150\" srcset=\"https:\/\/wp.ufpel.edu.br\/museudodoce\/files\/2020\/12\/67354814_2256540357748405_416525013538045952_o.jpg 1768w, https:\/\/wp.ufpel.edu.br\/museudodoce\/files\/2020\/12\/67354814_2256540357748405_416525013538045952_o-424x276.jpg 424w, https:\/\/wp.ufpel.edu.br\/museudodoce\/files\/2020\/12\/67354814_2256540357748405_416525013538045952_o-212x138.jpg 212w, https:\/\/wp.ufpel.edu.br\/museudodoce\/files\/2020\/12\/67354814_2256540357748405_416525013538045952_o-768x500.jpg 768w, https:\/\/wp.ufpel.edu.br\/museudodoce\/files\/2020\/12\/67354814_2256540357748405_416525013538045952_o-1536x999.jpg 1536w\" sizes=\"(max-width: 1768px) 100vw, 1768px\" alt=\"\" \t\tclass=\"so-widget-image\"\/>\n\t<\/div>\n\n<\/div><\/div><div id=\"panel-926-1-0-1\" class=\"so-panel widget widget_sow-editor panel-last-child\" data-index=\"3\" ><div\n\t\t\t\n\t\t\tclass=\"so-widget-sow-editor so-widget-sow-editor-base\"\n\t\t\t\n\t\t>\n<div class=\"siteorigin-widget-tinymce textwidget\">\n\t<p style=\"text-align: justify\">Ou\u00e7a a Audiodescri\u00e7\u00e3o:\u00a0<a class=\"oajrlxb2 g5ia77u1 qu0x051f esr5mh6w e9989ue4 r7d6kgcz rq0escxv nhd2j8a9 nc684nl6 p7hjln8o kvgmc6g5 cxmmr5t8 oygrvhab hcukyx3x jb3vyjys rz4wbd8a qt6c0cv9 a8nywdso i1ao9s8h esuyzwwr f1sip0of lzcic4wl py34i1dx gpro0wi8\" role=\"link\" href=\"https:\/\/soundcloud.com\/museu-do-doce-ufpel\/foto-do-mes-julho?fbclid=IwAR0S7gAK2Ev1UZ6l1iOwyqDCZ7vwiwarv2eoXJ30aocPLrHxHntdGIuZvrE\" target=\"_blank\" rel=\"nofollow noopener noreferrer\">https:\/\/soundcloud.com\/museu-do-doce-ufpel\/foto-do-mes-julho<\/a><\/p>\n<p style=\"text-align: justify\">Na fotografia v\u00ea-se em primeiro plano tr\u00eas homens trajando terno e gravata, dois deles usam \u00f3culos, juntamente com uma mulher que porta um vestido branco rodado. Todos os personagens do primeiro plano encaram uma exposi\u00e7\u00e3o de diversas variedades de p\u00eassegos, o que se identifica em raz\u00e3o da varia\u00e7\u00e3o de tons de cinza e texturas dessa foto em preto e branco. Esse acontecimento deu-se na Feira Nacional do P\u00eassego, a FENAP\u00caSSEGO em 1973. No plano de fundo outros personagens, em sua maioria homens vestindo terno e gravata, disputam o campo de vis\u00e3o, alguns apenas observam a cena, enquanto que outros fotografam os personagens principais, dentre eles, aquele que \u00e9 o centro das aten\u00e7\u00f5es da feira, o pr\u00f3prio p\u00eassego. No plano intermedi\u00e1rio, um adolescente vestindo uma camisa estilo \u201cpolo\u201d listrada e cal\u00e7as \u201cboca-de-sino\" chama aten\u00e7\u00e3o na imagem por seus trajes que destoam dos demais, por\u00e9m, sobretudo, destaca-se por seu olhar de curiosidade e admira\u00e7\u00e3o em rela\u00e7\u00e3o aos personagens do primeiro plano.<\/p>\n<p style=\"text-align: justify\">A FENAP\u00caSSEGO teve sua primeira edi\u00e7\u00e3o em dezembro de 1973, tendo sido promovida por meio de uma parceria entre a municipalidade de Pelotas-RS e a Associa\u00e7\u00e3o Ga\u00facha dos Produtores de P\u00eassego, na figura de seu presidente \u00e0 \u00e9poca Waldemar Fischer. Assim como outras feiras, a exemplo da Festa da Uva de Caxias do Sul, a FENAP\u00caSSEGO foi uma esp\u00e9cie de \u00e1pice das edi\u00e7\u00f5es de outros eventos agroindustriais que aconteciam desde 1956 na regi\u00e3o.<\/p>\n<p style=\"text-align: justify\">A FENAP\u00caSSEGO contou com boa repercuss\u00e3o na m\u00eddia. Um exemplo foi a nota na coluna social do peri\u00f3dico carioca \u201cCorreio da Manh\u00e3\u201d do dia 7 de dezembro de 1973 que destacava o acontecimento na cidade. O jornal evidenciou a ambi\u00e7\u00e3o do evento \u201c[...] cujos promotores pelos preparativos desejam que a promo\u00e7\u00e3o se transforme em acontecimento que marque \u00e9poca naquela cidade ga\u00facha e se torne uma das maiores festas do ano no estado e com repercuss\u00e3o no pa\u00eds e exterior.\u201d A nota ainda falava sobre outros aspectos do evento, que evidenciam o esp\u00edrito que at\u00e9 hoje move sua sucessora, a FENADOCE: \u201cO interesse de incrementar o turismo no Brasil, estimula iniciativas de festividades populares, sobretudo enquanto traduzem um fator de desenvolvimento produtivo e de interc\u00e2mbio socio-econ\u00f4mico e financeiro como cultural\u201d.<\/p>\n<p style=\"text-align: justify\">O evento demonstra a centralidade do p\u00eassego para a consolida\u00e7\u00e3o da tradi\u00e7\u00e3o doceira de Pelotas e regi\u00e3o, seja como mat\u00e9ria-prima nas f\u00e1bricas com caracter\u00edsticas mais artesanais e familiares da zona rural - que tiveram seu apogeu entre as d\u00e9cadas de 1950 e 1960 -, ou em \u00e2mbito urbano, onde a agroind\u00fastria floresceu entre 1960 e 1970, com um car\u00e1ter fortemente industrial. Nesse per\u00edodo, as safras e as linhas de produ\u00e7\u00e3o geravam milhares de empregos. Tal contexto consagrou a ind\u00fastria do p\u00eassego como marco socioecon\u00f4mico em toda a regi\u00e3o.<\/p>\n<p style=\"text-align: justify\">A foto em destaque pertence ao acervo permanente do Museu do Doce do Instituto de Ci\u00eancias Humanas da Universidade Federal de Pelotas, tendo recentemente ingressado na cole\u00e7\u00e3o a partir da doa\u00e7\u00e3o efetuada por<\/p>\n<div class=\"nc684nl6\" style=\"text-align: justify\">Claudiomar Fischer<\/div>\n<p style=\"text-align: justify\">, no m\u00eas de junho de 2019. Uma foto, muito conhecimento e muita hist\u00f3ria. Fiquem atentos e aqui todo m\u00eas aprenderemos um pouco mais sobre o passado das tradi\u00e7\u00f5es doceiras de Pelotas e Regi\u00e3o. A FOTO DO M\u00caS \u00e9 um projeto do Museu do Doce que iniciou em abril de 2019 e tem como objetivo destacar imagens do acervo preservado, com breve contexto hist\u00f3rico, de modo a divulgar ao p\u00fablico maior conhecimento sobre as tradi\u00e7\u00f5es doceiras da regi\u00e3o.<\/p>\n<\/div>\n<\/div><\/div><\/div><\/div><\/div>","protected":false},"excerpt":{"rendered":"<p>Ou\u00e7a a Audiodescri\u00e7\u00e3o:\u00a0https:\/\/soundcloud.com\/museu-do-doce-ufpel\/foto-do-mes-julho Na fotografia v\u00ea-se em primeiro plano tr\u00eas homens trajando terno e gravata, dois deles usam \u00f3culos, juntamente com uma mulher que porta um vestido branco rodado. Todos os personagens do primeiro plano encaram uma exposi\u00e7\u00e3o de diversas variedades de p\u00eassegos, o que se identifica em raz\u00e3o da varia\u00e7\u00e3o de tons de cinza [&hellip;]<\/p>\n","protected":false},"author":1000,"featured_media":0,"parent":0,"menu_order":0,"comment_status":"closed","ping_status":"closed","template":"","meta":{"footnotes":""},"class_list":["post-926","page","type-page","status-publish","hentry","post"],"jetpack_sharing_enabled":true,"jetpack_likes_enabled":true,"_links":{"self":[{"href":"https:\/\/wp.ufpel.edu.br\/museudodoce\/wp-json\/wp\/v2\/pages\/926","targetHints":{"allow":["GET"]}}],"collection":[{"href":"https:\/\/wp.ufpel.edu.br\/museudodoce\/wp-json\/wp\/v2\/pages"}],"about":[{"href":"https:\/\/wp.ufpel.edu.br\/museudodoce\/wp-json\/wp\/v2\/types\/page"}],"author":[{"embeddable":true,"href":"https:\/\/wp.ufpel.edu.br\/museudodoce\/wp-json\/wp\/v2\/users\/1000"}],"replies":[{"embeddable":true,"href":"https:\/\/wp.ufpel.edu.br\/museudodoce\/wp-json\/wp\/v2\/comments?post=926"}],"version-history":[{"count":3,"href":"https:\/\/wp.ufpel.edu.br\/museudodoce\/wp-json\/wp\/v2\/pages\/926\/revisions"}],"predecessor-version":[{"id":929,"href":"https:\/\/wp.ufpel.edu.br\/museudodoce\/wp-json\/wp\/v2\/pages\/926\/revisions\/929"}],"wp:attachment":[{"href":"https:\/\/wp.ufpel.edu.br\/museudodoce\/wp-json\/wp\/v2\/media?parent=926"}],"curies":[{"name":"wp","href":"https:\/\/api.w.org\/{rel}","templated":true}]}}