{"id":918,"date":"2020-12-01T14:20:31","date_gmt":"2020-12-01T17:20:31","guid":{"rendered":"https:\/\/wp.ufpel.edu.br\/museudodoce\/?page_id=918"},"modified":"2020-12-09T18:25:55","modified_gmt":"2020-12-09T21:25:55","slug":"a-foto-do-mes","status":"publish","type":"page","link":"https:\/\/wp.ufpel.edu.br\/museudodoce\/a-foto-do-mes\/","title":{"rendered":"A FOTO DO M\u00caS"},"content":{"rendered":"<div id=\"pl-918\"  class=\"panel-layout\" ><div id=\"pg-918-0\"  class=\"panel-grid panel-no-style\" ><div id=\"pgc-918-0-0\"  class=\"panel-grid-cell\" ><div id=\"panel-918-0-0-0\" class=\"so-panel widget widget_sow-headline panel-first-child panel-last-child\" data-index=\"0\" ><div\n\t\t\t\n\t\t\tclass=\"so-widget-sow-headline so-widget-sow-headline-default-6649cea9e56b-918\"\n\t\t\t\n\t\t><div class=\"sow-headline-container \">\n\t\t\t\t\t\t\t<h3 class=\"sow-headline\">\n\t\t\t\t\t\tA FOTO DO M\u00caS\t\t\t\t\t\t<\/h3>\n\t\t\t\t\t\t<\/div>\n<\/div><\/div><\/div><\/div><div id=\"pg-918-1\"  class=\"panel-grid panel-no-style\" ><div id=\"pgc-918-1-0\"  class=\"panel-grid-cell\" ><div id=\"panel-918-1-0-0\" class=\"so-panel widget widget_sow-editor panel-first-child panel-last-child\" data-index=\"1\" ><div\n\t\t\t\n\t\t\tclass=\"so-widget-sow-editor so-widget-sow-editor-base\"\n\t\t\t\n\t\t>\n<div class=\"siteorigin-widget-tinymce textwidget\">\n\t<p>A Foto do M\u00eas foi uma iniciativa promovida pelo Museu do Doce da Universidade Federal de Pelotas (UFPel) com vistas \u00e0 divulga\u00e7\u00e3o de parte do acervo fotogr\u00e1fico sob guarda da institui\u00e7\u00e3o. O projeto foi desenvolvido no ano de 2019 junto do museu e tamb\u00e9m por meio de sua p\u00e1gina nas redes sociais. Ao longo de meio ano uma foto foi selecionada a cada m\u00eas pela equipe de curadoria do projeto e exposta em um totem especialmente confeccionado para o mesmo, onde tamb\u00e9m eram dispostos equipamentos de \u00e1udio e som que reproduziam ininterruptamente uma grava\u00e7\u00e3o informativa em conjunto de um texto com o mesmo conte\u00fado. Texto e \u00e1udio foram sempre produ\u00e7\u00f5es realizadas especificamente para o projeto e desenvolvidas mediante estudos hist\u00f3ricos produzidos pela equipe de curadoria, a partir de pesquisa bibliogr\u00e1fica, consulta a material de arquivo e entrevistas com pesquisadores com experi\u00eancia no tema das tradi\u00e7\u00f5es doceiras locais. Todo esse material foi tamb\u00e9m publicado nas p\u00e1ginas do museu em redes sociais como <em>Facebook<\/em> e <em>Instagram<\/em>. Essa p\u00e1gina re\u00fane o material produzido pelo projeto para que o p\u00fablico possa continuar usufruindo do conte\u00fado.<\/p>\n<\/div>\n<\/div><\/div><\/div><\/div><div id=\"pg-918-2\"  class=\"panel-grid panel-has-style\" ><div class=\"siteorigin-panels-stretch panel-row-style panel-row-style-for-918-2\" data-stretch-type=\"full\" ><div id=\"pgc-918-2-0\"  class=\"panel-grid-cell\" ><div id=\"panel-918-2-0-0\" class=\"so-panel widget widget_sow-headline panel-first-child panel-last-child\" data-index=\"2\" ><div class=\"panel-widget-style panel-widget-style-for-918-2-0-0\" ><div\n\t\t\t\n\t\t\tclass=\"so-widget-sow-headline so-widget-sow-headline-default-08767f75f127-918\"\n\t\t\t\n\t\t><div class=\"sow-headline-container \">\n\t\t\t\t\t\t\t<h2 class=\"sow-headline\">\n\t\t\t\t\t\tCLIQUE EM UMA FOTO E CONHE\u00c7A UMA HIST\u00d3RIA\t\t\t\t\t\t<\/h2>\n\t\t\t\t\t\t<\/div>\n<\/div><\/div><\/div><\/div><\/div><\/div><div id=\"pg-918-3\"  class=\"panel-grid panel-no-style\" ><div id=\"pgc-918-3-0\"  class=\"panel-grid-cell\" ><div id=\"panel-918-3-0-0\" class=\"so-panel widget widget_sow-headline panel-first-child\" data-index=\"3\" ><div\n\t\t\t\n\t\t\tclass=\"so-widget-sow-headline so-widget-sow-headline-default-6b52635ceda7-918\"\n\t\t\t\n\t\t><div class=\"sow-headline-container \">\n\t<\/div>\n<\/div><\/div><div id=\"panel-918-3-0-1\" class=\"so-panel widget widget_sow-headline\" data-index=\"4\" ><div\n\t\t\t\n\t\t\tclass=\"so-widget-sow-headline so-widget-sow-headline-default-6b52635ceda7-918\"\n\t\t\t\n\t\t><div class=\"sow-headline-container \">\n\t<\/div>\n<\/div><\/div><div id=\"panel-918-3-0-2\" class=\"so-panel widget widget_sow-image\" data-index=\"5\" ><div\n\t\t\t\n\t\t\tclass=\"so-widget-sow-image so-widget-sow-image-default-dbf295114b96-918\"\n\t\t\t\n\t\t>\n<div class=\"sow-image-container\">\n\t\t\t<a href=\"https:\/\/wp.ufpel.edu.br\/museudodoce\/foto-do-mes-de-abril\/\"\n\t\t\ttarget=\"_blank\" rel=\"noopener noreferrer\" \t\t>\n\t\t\t<img \n\tsrc=\"https:\/\/wp.ufpel.edu.br\/museudodoce\/files\/2020\/12\/57422038_2097811820287927_7414963927886331904_o-1-720x380.jpg\" width=\"720\" height=\"380\" sizes=\"(max-width: 720px) 100vw, 720px\" title=\"57422038_2097811820287927_7414963927886331904_o\" alt=\"\" \t\tclass=\"so-widget-image\"\/>\n\t\t\t<\/a><\/div>\n\n<\/div><\/div><div id=\"panel-918-3-0-3\" class=\"so-panel widget widget_sow-image\" data-index=\"6\" ><div\n\t\t\t\n\t\t\tclass=\"so-widget-sow-image so-widget-sow-image-default-dbf295114b96-918\"\n\t\t\t\n\t\t>\n<div class=\"sow-image-container\">\n\t\t\t<a href=\"https:\/\/wp.ufpel.edu.br\/museudodoce\/foto-do-mes-de-junho\/\"\n\t\t\ttarget=\"_blank\" rel=\"noopener noreferrer\" \t\t>\n\t\t\t<img \n\tsrc=\"https:\/\/wp.ufpel.edu.br\/museudodoce\/files\/2020\/12\/64457378_2207357256000049_6407932214532636672_o-1-720x380.jpg\" width=\"720\" height=\"380\" sizes=\"(max-width: 720px) 100vw, 720px\" title=\"64457378_2207357256000049_6407932214532636672_o\" alt=\"\" \t\tclass=\"so-widget-image\"\/>\n\t\t\t<\/a><\/div>\n\n<\/div><\/div><div id=\"panel-918-3-0-4\" class=\"so-panel widget widget_sow-image panel-last-child\" data-index=\"7\" ><div\n\t\t\t\n\t\t\tclass=\"so-widget-sow-image so-widget-sow-image-default-dbf295114b96-918\"\n\t\t\t\n\t\t>\n<div class=\"sow-image-container\">\n\t\t\t<a href=\"https:\/\/wp.ufpel.edu.br\/museudodoce\/fotodomesdeagosto\/\"\n\t\t\ttarget=\"_blank\" rel=\"noopener noreferrer\" \t\t>\n\t\t\t<img \n\tsrc=\"https:\/\/wp.ufpel.edu.br\/museudodoce\/files\/2020\/12\/69711646_2324962477572859_9063058680269766656_o-720x380.jpg\" width=\"720\" height=\"380\" sizes=\"(max-width: 720px) 100vw, 720px\" alt=\"\" \t\tclass=\"so-widget-image\"\/>\n\t\t\t<\/a><\/div>\n\n<\/div><\/div><\/div><div id=\"pgc-918-3-1\"  class=\"panel-grid-cell\" ><div id=\"panel-918-3-1-0\" class=\"so-panel widget widget_sow-headline panel-first-child\" data-index=\"8\" ><div\n\t\t\t\n\t\t\tclass=\"so-widget-sow-headline so-widget-sow-headline-default-6b52635ceda7-918\"\n\t\t\t\n\t\t><div class=\"sow-headline-container \">\n\t<\/div>\n<\/div><\/div><div id=\"panel-918-3-1-1\" class=\"so-panel widget widget_sow-headline\" data-index=\"9\" ><div\n\t\t\t\n\t\t\tclass=\"so-widget-sow-headline so-widget-sow-headline-default-6b52635ceda7-918\"\n\t\t\t\n\t\t><div class=\"sow-headline-container \">\n\t<\/div>\n<\/div><\/div><div id=\"panel-918-3-1-2\" class=\"so-panel widget widget_sow-image\" data-index=\"10\" ><div\n\t\t\t\n\t\t\tclass=\"so-widget-sow-image so-widget-sow-image-default-dbf295114b96-918\"\n\t\t\t\n\t\t>\n<div class=\"sow-image-container\">\n\t\t\t<a href=\"https:\/\/wp.ufpel.edu.br\/museudodoce\/foto-do-mes-de-maio\/\"\n\t\t\ttarget=\"_blank\" rel=\"noopener noreferrer\" \t\t>\n\t\t\t<img \n\tsrc=\"https:\/\/wp.ufpel.edu.br\/museudodoce\/files\/2020\/12\/60350954_2147313992004376_3351516753782898688_o-1-720x380.jpg\" width=\"720\" height=\"380\" sizes=\"(max-width: 720px) 100vw, 720px\" title=\"60350954_2147313992004376_3351516753782898688_o\" alt=\"\" \t\tclass=\"so-widget-image\"\/>\n\t\t\t<\/a><\/div>\n\n<\/div><\/div><div id=\"panel-918-3-1-3\" class=\"so-panel widget widget_sow-image\" data-index=\"11\" ><div\n\t\t\t\n\t\t\tclass=\"so-widget-sow-image so-widget-sow-image-default-dbf295114b96-918\"\n\t\t\t\n\t\t>\n<div class=\"sow-image-container\">\n\t\t\t<a href=\"https:\/\/wp.ufpel.edu.br\/museudodoce\/foto-mes-de-julho\/\"\n\t\t\ttarget=\"_blank\" rel=\"noopener noreferrer\" \t\t>\n\t\t\t<img \n\tsrc=\"https:\/\/wp.ufpel.edu.br\/museudodoce\/files\/2020\/12\/67354814_2256540357748405_416525013538045952_o-720x380.jpg\" width=\"720\" height=\"380\" sizes=\"(max-width: 720px) 100vw, 720px\" alt=\"\" \t\tclass=\"so-widget-image\"\/>\n\t\t\t<\/a><\/div>\n\n<\/div><\/div><div id=\"panel-918-3-1-4\" class=\"so-panel widget widget_sow-image panel-last-child\" data-index=\"12\" ><div\n\t\t\t\n\t\t\tclass=\"so-widget-sow-image so-widget-sow-image-default-dbf295114b96-918\"\n\t\t\t\n\t\t>\n<div class=\"sow-image-container\">\n\t\t\t<a href=\"https:\/\/wp.ufpel.edu.br\/museudodoce\/foto-do-mes-de-novembro\/\"\n\t\t\ttarget=\"_blank\" rel=\"noopener noreferrer\" \t\t>\n\t\t\t<img \n\tsrc=\"https:\/\/wp.ufpel.edu.br\/museudodoce\/files\/2020\/12\/75564589_2472716086130830_6742587360338247680_o-1-720x380.jpg\" width=\"720\" height=\"380\" sizes=\"(max-width: 720px) 100vw, 720px\" title=\"75564589_2472716086130830_6742587360338247680_o\" alt=\"\" \t\tclass=\"so-widget-image\"\/>\n\t\t\t<\/a><\/div>\n\n<\/div><\/div><\/div><\/div><\/div>","protected":false},"excerpt":{"rendered":"<p>A Foto do M\u00eas foi uma iniciativa promovida pelo Museu do Doce da Universidade Federal de Pelotas (UFPel) com vistas \u00e0 divulga\u00e7\u00e3o de parte do acervo fotogr\u00e1fico sob guarda da institui\u00e7\u00e3o. O projeto foi desenvolvido no ano de 2019 junto do museu e tamb\u00e9m por meio de sua p\u00e1gina nas redes sociais. Ao longo de [&hellip;]<\/p>\n","protected":false},"author":1000,"featured_media":0,"parent":0,"menu_order":0,"comment_status":"closed","ping_status":"closed","template":"","meta":{"footnotes":""},"class_list":["post-918","page","type-page","status-publish","hentry","post"],"jetpack_sharing_enabled":true,"jetpack_likes_enabled":true,"_links":{"self":[{"href":"https:\/\/wp.ufpel.edu.br\/museudodoce\/wp-json\/wp\/v2\/pages\/918","targetHints":{"allow":["GET"]}}],"collection":[{"href":"https:\/\/wp.ufpel.edu.br\/museudodoce\/wp-json\/wp\/v2\/pages"}],"about":[{"href":"https:\/\/wp.ufpel.edu.br\/museudodoce\/wp-json\/wp\/v2\/types\/page"}],"author":[{"embeddable":true,"href":"https:\/\/wp.ufpel.edu.br\/museudodoce\/wp-json\/wp\/v2\/users\/1000"}],"replies":[{"embeddable":true,"href":"https:\/\/wp.ufpel.edu.br\/museudodoce\/wp-json\/wp\/v2\/comments?post=918"}],"version-history":[{"count":8,"href":"https:\/\/wp.ufpel.edu.br\/museudodoce\/wp-json\/wp\/v2\/pages\/918\/revisions"}],"predecessor-version":[{"id":1717,"href":"https:\/\/wp.ufpel.edu.br\/museudodoce\/wp-json\/wp\/v2\/pages\/918\/revisions\/1717"}],"wp:attachment":[{"href":"https:\/\/wp.ufpel.edu.br\/museudodoce\/wp-json\/wp\/v2\/media?parent=918"}],"curies":[{"name":"wp","href":"https:\/\/api.w.org\/{rel}","templated":true}]}}