{"id":831,"date":"2020-11-24T17:49:40","date_gmt":"2020-11-24T20:49:40","guid":{"rendered":"https:\/\/wp.ufpel.edu.br\/museudodoce\/?page_id=831"},"modified":"2020-12-28T16:20:10","modified_gmt":"2020-12-28T19:20:10","slug":"passeio-virtual","status":"publish","type":"page","link":"https:\/\/wp.ufpel.edu.br\/museudodoce\/passeio-virtual\/","title":{"rendered":"PASSEIO VIRTUAL"},"content":{"rendered":"<div id=\"pl-831\"  class=\"panel-layout\" ><div id=\"pg-831-0\"  class=\"panel-grid panel-no-style\" ><div id=\"pgc-831-0-0\"  class=\"panel-grid-cell\" ><div id=\"panel-831-0-0-0\" class=\"so-panel widget widget_sow-headline panel-first-child\" data-index=\"0\" ><div\n\t\t\t\n\t\t\tclass=\"so-widget-sow-headline so-widget-sow-headline-default-6649cea9e56b-831\"\n\t\t\t\n\t\t><div class=\"sow-headline-container \">\n\t\t\t\t\t\t\t<h3 class=\"sow-headline\">\n\t\t\t\t\t\tDESCUBRA SOBRE O MUSEU\t\t\t\t\t\t<\/h3>\n\t\t\t\t\t\t<\/div>\n<\/div><\/div><div id=\"panel-831-0-0-1\" class=\"so-panel widget widget_sow-headline panel-last-child\" data-index=\"1\" ><div class=\"panel-widget-style panel-widget-style-for-831-0-0-1\" ><div\n\t\t\t\n\t\t\tclass=\"so-widget-sow-headline so-widget-sow-headline-default-3088c3b9d20f-831\"\n\t\t\t\n\t\t><div class=\"sow-headline-container \">\n\t\t\t\t\t\t\t<h2 class=\"sow-headline\">\n\t\t\t\t\t\tPASSEIO VIRTUAL\t\t\t\t\t\t<\/h2>\n\t\t\t\t\t\t<\/div>\n<\/div><\/div><\/div><\/div><\/div><div id=\"pg-831-1\"  class=\"panel-grid panel-has-style\" ><div class=\"siteorigin-panels-stretch panel-row-style panel-row-style-for-831-1\" data-stretch-type=\"full-stretched-padded\" ><div id=\"pgc-831-1-0\"  class=\"panel-grid-cell\" ><div id=\"panel-831-1-0-0\" class=\"so-panel widget widget_sow-headline panel-first-child panel-last-child\" data-index=\"2\" ><div\n\t\t\t\n\t\t\tclass=\"so-widget-sow-headline so-widget-sow-headline-default-aa5180c98029-831 so-widget-fittext-wrapper\"\n\t\t\t data-fit-text-compressor=\"0.85\"\n\t\t><div class=\"sow-headline-container \">\n\t\t\t\t\t\t\t<h2 class=\"sow-headline\">\n\t\t\t\t\t\tCONHE\u00c7A UM POUCO SOBRE O MUSEU DO DOCE\t\t\t\t\t\t<\/h2>\n\t\t\t\t\t\t<\/div>\n<\/div><\/div><\/div><\/div><\/div><div id=\"pg-831-2\"  class=\"panel-grid panel-no-style\" ><div id=\"pgc-831-2-0\"  class=\"panel-grid-cell\" ><div id=\"panel-831-2-0-0\" class=\"so-panel widget widget_sow-headline panel-first-child\" data-index=\"3\" ><div\n\t\t\t\n\t\t\tclass=\"so-widget-sow-headline so-widget-sow-headline-default-6b52635ceda7-831\"\n\t\t\t\n\t\t><div class=\"sow-headline-container \">\n\t<\/div>\n<\/div><\/div><div id=\"panel-831-2-0-1\" class=\"so-panel widget widget_sow-headline\" data-index=\"4\" ><div\n\t\t\t\n\t\t\tclass=\"so-widget-sow-headline so-widget-sow-headline-default-6b52635ceda7-831\"\n\t\t\t\n\t\t><div class=\"sow-headline-container \">\n\t<\/div>\n<\/div><\/div><div id=\"panel-831-2-0-2\" class=\"so-panel widget widget_sow-editor\" data-index=\"5\" ><div\n\t\t\t\n\t\t\tclass=\"so-widget-sow-editor so-widget-sow-editor-base\"\n\t\t\t\n\t\t>\n<div class=\"siteorigin-widget-tinymce textwidget\">\n\t<p><span style=\"font-size: 14pt\">No ano de 2020 a s\u00e9rie televisiva \"Conhecendo Museus\" apresentou um epis\u00f3dio especial sobre o Museu do Doce veiculado na TV Brasil.<\/span><\/p>\n<p><span style=\"font-size: 14pt\">O programa est\u00e1 atualmente disponibilizado no canal da s\u00e9rie Conhecendo Museus no Youtube e voc\u00ea pode assist\u00ed-lo a partir do link abaixo:<\/span><\/p>\n<\/div>\n<\/div><\/div><div id=\"panel-831-2-0-3\" class=\"so-panel widget widget_sow-video\" data-index=\"6\" ><div\n\t\t\t\n\t\t\tclass=\"so-widget-sow-video so-widget-sow-video-default-c08170c47cfb-831\"\n\t\t\t\n\t\t>\n<div class=\"sow-video-wrapper\n\">\n\t\t\t<iframe loading=\"lazy\" title=\"Conhecendo Museus | Epis\u00f3dio: MUSEU DO DOCE\" width=\"720\" height=\"405\" src=\"https:\/\/www.youtube.com\/embed\/qQiyYUqMC5o?feature=oembed&enablejsapi=1\" frameborder=\"0\" allow=\"accelerometer; autoplay; clipboard-write; encrypted-media; gyroscope; picture-in-picture; web-share\" referrerpolicy=\"strict-origin-when-cross-origin\" allowfullscreen allowfullscreen mozallowfullscreen webkitallowfullscreen sandbox=\"allow-scripts allow-same-origin allow-presentation\"><\/iframe>\t<\/div>\n<\/div><\/div><div id=\"panel-831-2-0-4\" class=\"so-panel widget widget_sow-editor\" data-index=\"7\" ><div\n\t\t\t\n\t\t\tclass=\"so-widget-sow-editor so-widget-sow-editor-base\"\n\t\t\t\n\t\t>\n<div class=\"siteorigin-widget-tinymce textwidget\">\n\t<p><span style=\"font-size: 14pt\">V\u00eddeo de apresenta\u00e7\u00e3o do casar\u00e3o n\u00famero 8.<\/span><\/p>\n<\/div>\n<\/div><\/div><div id=\"panel-831-2-0-5\" class=\"so-panel widget widget_sow-video\" data-index=\"8\" ><div\n\t\t\t\n\t\t\tclass=\"so-widget-sow-video so-widget-sow-video-default-c08170c47cfb-831\"\n\t\t\t\n\t\t>\n<div class=\"sow-video-wrapper\n\">\n\t\t\t\t<\/div>\n<\/div><\/div><div id=\"panel-831-2-0-6\" class=\"so-panel widget widget_sow-editor\" data-index=\"9\" ><div\n\t\t\t\n\t\t\tclass=\"so-widget-sow-editor so-widget-sow-editor-base\"\n\t\t\t\n\t\t>\n<div class=\"siteorigin-widget-tinymce textwidget\">\n\t<p><span style=\"font-size: 14pt\">V\u00eddeo de apresenta\u00e7\u00e3o da exposi\u00e7\u00e3o Entre o Sal e o A\u00e7ucar: O doce Atrav\u00e9s dos Sentidos.<\/span><\/p>\n<p>&nbsp;<\/p>\n<\/div>\n<\/div><\/div><div id=\"panel-831-2-0-7\" class=\"so-panel widget widget_sow-video panel-last-child\" data-index=\"10\" ><div\n\t\t\t\n\t\t\tclass=\"so-widget-sow-video so-widget-sow-video-default-c08170c47cfb-831\"\n\t\t\t\n\t\t>\n<div class=\"sow-video-wrapper\n\">\n\t\t\t\t<\/div>\n<\/div><\/div><\/div><\/div><\/div>","protected":false},"excerpt":{"rendered":"<p>DESCUBRA SOBRE O MUSEU PASSEIO VIRTUAL CONHE\u00c7A UM POUCO SOBRE O MUSEU DO DOCE No ano de 2020 a s\u00e9rie televisiva &#8220;Conhecendo Museus&#8221; apresentou um epis\u00f3dio especial sobre o Museu do Doce veiculado na TV Brasil. O programa est\u00e1 atualmente disponibilizado no canal da s\u00e9rie Conhecendo Museus no Youtube e voc\u00ea pode assist\u00ed-lo a partir [&hellip;]<\/p>\n","protected":false},"author":1000,"featured_media":0,"parent":0,"menu_order":0,"comment_status":"closed","ping_status":"closed","template":"","meta":{"footnotes":""},"class_list":["post-831","page","type-page","status-publish","hentry","post"],"jetpack_sharing_enabled":true,"jetpack_likes_enabled":true,"_links":{"self":[{"href":"https:\/\/wp.ufpel.edu.br\/museudodoce\/wp-json\/wp\/v2\/pages\/831","targetHints":{"allow":["GET"]}}],"collection":[{"href":"https:\/\/wp.ufpel.edu.br\/museudodoce\/wp-json\/wp\/v2\/pages"}],"about":[{"href":"https:\/\/wp.ufpel.edu.br\/museudodoce\/wp-json\/wp\/v2\/types\/page"}],"author":[{"embeddable":true,"href":"https:\/\/wp.ufpel.edu.br\/museudodoce\/wp-json\/wp\/v2\/users\/1000"}],"replies":[{"embeddable":true,"href":"https:\/\/wp.ufpel.edu.br\/museudodoce\/wp-json\/wp\/v2\/comments?post=831"}],"version-history":[{"count":7,"href":"https:\/\/wp.ufpel.edu.br\/museudodoce\/wp-json\/wp\/v2\/pages\/831\/revisions"}],"predecessor-version":[{"id":1139,"href":"https:\/\/wp.ufpel.edu.br\/museudodoce\/wp-json\/wp\/v2\/pages\/831\/revisions\/1139"}],"wp:attachment":[{"href":"https:\/\/wp.ufpel.edu.br\/museudodoce\/wp-json\/wp\/v2\/media?parent=831"}],"curies":[{"name":"wp","href":"https:\/\/api.w.org\/{rel}","templated":true}]}}