{"id":1605,"date":"2021-11-29T12:01:52","date_gmt":"2021-11-29T15:01:52","guid":{"rendered":"https:\/\/wp.ufpel.edu.br\/museudodoce\/?page_id=1605"},"modified":"2021-12-03T11:06:07","modified_gmt":"2021-12-03T14:06:07","slug":"motivacaoapp","status":"publish","type":"page","link":"https:\/\/wp.ufpel.edu.br\/museudodoce\/motivacaoapp\/","title":{"rendered":"App MotivA\u00e7\u00e3o"},"content":{"rendered":"<div id=\"pl-1605\"  class=\"panel-layout\" ><div id=\"pg-1605-0\"  class=\"panel-grid panel-no-style\" ><div id=\"pgc-1605-0-0\"  class=\"panel-grid-cell\" ><div id=\"panel-1605-0-0-0\" class=\"so-panel widget widget_sow-headline panel-first-child panel-last-child\" data-index=\"0\" ><div\n\t\t\t\n\t\t\tclass=\"so-widget-sow-headline so-widget-sow-headline-default-f2a6ee8814e6-1605\"\n\t\t\t\n\t\t><div class=\"sow-headline-container \">\n\t\t\t\t\t\t\t<p class=\"sow-headline\">\n\t\t\t\t\t\tMOTIVA\u00c7\u00c3O: PATRIM\u00d4NIO CULTURAL\t\t\t\t\t\t<\/p>\n\t\t\t\t\t\t<\/div>\n<\/div><\/div><\/div><\/div><div id=\"pg-1605-1\"  class=\"panel-grid panel-has-style\" ><div class=\"siteorigin-panels-stretch panel-row-style panel-row-style-for-1605-1\" data-stretch-type=\"full-stretched-padded\" ><div id=\"pgc-1605-1-0\"  class=\"panel-grid-cell panel-grid-cell-empty\" ><\/div><\/div><\/div><div id=\"pg-1605-2\"  class=\"panel-grid panel-no-style\" ><div id=\"pgc-1605-2-0\"  class=\"panel-grid-cell\" ><div id=\"panel-1605-2-0-0\" class=\"so-panel widget widget_sow-headline panel-first-child\" data-index=\"1\" ><div\n\t\t\t\n\t\t\tclass=\"so-widget-sow-headline so-widget-sow-headline-default-a29379daa532-1605\"\n\t\t\t\n\t\t><div class=\"sow-headline-container \">\n\t<\/div>\n<\/div><\/div><div id=\"panel-1605-2-0-1\" class=\"so-panel widget widget_sow-editor\" data-index=\"2\" ><div\n\t\t\t\n\t\t\tclass=\"so-widget-sow-editor so-widget-sow-editor-base\"\n\t\t\t\n\t\t>\n<div class=\"siteorigin-widget-tinymce textwidget\">\n\t<p style=\"text-align: justify\"><span style=\"font-weight: 400;font-family: georgia, palatino, serif;font-size: 12pt\">Apoiado no conceito de tecnologia social, o projeto <strong>\u201cMotivA\u00e7\u00e3o - Patrim\u00f4nio Cultural\u201d<\/strong> foi desenvolvido pelo GEGRADI com prop\u00f3sito de editar imagens urbanas. MotivA\u00e7\u00e3o \u00e9 um aplicativo l\u00fadico e interativo que permite ao usu\u00e1rio editar imagens urbanas para explicitar desejos de transforma\u00e7\u00e3o social a partir da associa\u00e7\u00e3o entre altera\u00e7\u00f5es do ambiente urbano.\u00a0<\/span><span style=\"font-weight: 400;font-family: georgia, palatino, serif;font-size: 12pt\">Para elaborar o App, as imagens foram preparadas atrav\u00e9s da colabora\u00e7\u00e3o dos alunos de arquitetura com as escolas, trabalhando a perspectiva de altera\u00e7\u00f5es do ambiente urbano. As imagens editadas ent\u00e3o s\u00e3o inseridas no projeto constru\u00eddo em Unity 3D e o jogo \u00e9 exportado para formato Web, que facilita o acesso em diversos dispositivos.<\/span><\/p>\n<\/div>\n<\/div><\/div><div id=\"panel-1605-2-0-2\" class=\"so-panel widget widget_sow-headline\" data-index=\"3\" ><div\n\t\t\t\n\t\t\tclass=\"so-widget-sow-headline so-widget-sow-headline-default-a29379daa532-1605\"\n\t\t\t\n\t\t><div class=\"sow-headline-container \">\n\t<\/div>\n<\/div><\/div><div id=\"panel-1605-2-0-3\" class=\"so-panel widget widget_sow-headline\" data-index=\"4\" ><div\n\t\t\t\n\t\t\tclass=\"so-widget-sow-headline so-widget-sow-headline-default-287856a10f4a-1605\"\n\t\t\t\n\t\t><div class=\"sow-headline-container \">\n\t\t\t\t\t\t\t<p class=\"sow-headline\">\n\t\t\t\t\t\tEntenda como funciona o App:\t\t\t\t\t\t<\/p>\n\t\t\t\t\t\t\t\t\t\t\t<div class=\"decoration\">\n\t\t\t\t\t\t<div class=\"decoration-inside\"><\/div>\n\t\t\t\t\t<\/div>\n\t\t\t\t\t<\/div>\n<\/div><\/div><div id=\"panel-1605-2-0-4\" class=\"so-panel widget widget_sow-video panel-last-child\" data-index=\"5\" ><div\n\t\t\t\n\t\t\tclass=\"so-widget-sow-video so-widget-sow-video-default-c08170c47cfb-1605\"\n\t\t\t\n\t\t>\n<div class=\"sow-video-wrapper\n\">\n\t\t\t<iframe loading=\"lazy\" title=\"GEGRADI UFPEL - Projeto MotivA\u00e7\u00e3o - Demonstra\u00e7\u00e3o\" width=\"720\" height=\"405\" src=\"https:\/\/www.youtube.com\/embed\/hk5qAsmH6EE?feature=oembed&enablejsapi=1\" frameborder=\"0\" allow=\"accelerometer; autoplay; clipboard-write; encrypted-media; gyroscope; picture-in-picture; web-share\" referrerpolicy=\"strict-origin-when-cross-origin\" allowfullscreen allowfullscreen mozallowfullscreen webkitallowfullscreen sandbox=\"allow-scripts allow-same-origin allow-presentation\"><\/iframe>\t<\/div>\n<\/div><\/div><\/div><\/div><div id=\"pg-1605-3\"  class=\"panel-grid panel-no-style\" ><div id=\"pgc-1605-3-0\"  class=\"panel-grid-cell\" ><div id=\"panel-1605-3-0-0\" class=\"so-panel widget widget_sow-button panel-first-child\" data-index=\"6\" ><div\n\t\t\t\n\t\t\tclass=\"so-widget-sow-button so-widget-sow-button-atom-75ed3b0e877a-1605\"\n\t\t\t\n\t\t><div class=\"ow-button-base ow-button-align-center\"\n>\n\t\t\t<a\n\t\t\t\t\thref=\"https:\/\/gegradimotivacao.github.io\/PatrimonioCultural\/\"\n\t\t\t\t\tclass=\"sowb-button ow-icon-placement-left ow-button-hover\" \t>\n\t\t<span>\n\t\t\t\n\t\t\tACESSE E JOGUE\t\t<\/span>\n\t\t\t<\/a>\n\t<\/div>\n<\/div><\/div><div id=\"panel-1605-3-0-1\" class=\"so-panel widget widget_sow-headline\" data-index=\"7\" ><div\n\t\t\t\n\t\t\tclass=\"so-widget-sow-headline so-widget-sow-headline-default-a29379daa532-1605\"\n\t\t\t\n\t\t><div class=\"sow-headline-container \">\n\t<\/div>\n<\/div><\/div><div id=\"panel-1605-3-0-2\" class=\"so-panel widget widget_sow-headline\" data-index=\"8\" ><div\n\t\t\t\n\t\t\tclass=\"so-widget-sow-headline so-widget-sow-headline-default-287856a10f4a-1605\"\n\t\t\t\n\t\t><div class=\"sow-headline-container \">\n\t\t\t\t\t\t\t<p class=\"sow-headline\">\n\t\t\t\t\t\tEquipe que participou do trabalho: \t\t\t\t\t\t<\/p>\n\t\t\t\t\t\t\t\t\t\t\t<div class=\"decoration\">\n\t\t\t\t\t\t<div class=\"decoration-inside\"><\/div>\n\t\t\t\t\t<\/div>\n\t\t\t\t\t\t\t\t\t\t\t<p class=\"sow-sub-headline\">\n\t\t\t\t\t\tAdriane Borda; Claudia Freitas; Bruno Lost; Gabriel Bittencourt; Pedro Roque\t\t\t\t\t\t<\/p>\n\t\t\t\t\t\t<\/div>\n<\/div><\/div><div id=\"panel-1605-3-0-3\" class=\"so-panel widget widget_sow-headline panel-last-child\" data-index=\"9\" ><div\n\t\t\t\n\t\t\tclass=\"so-widget-sow-headline so-widget-sow-headline-default-a29379daa532-1605\"\n\t\t\t\n\t\t><div class=\"sow-headline-container \">\n\t<\/div>\n<\/div><\/div><\/div><\/div><div id=\"pg-1605-4\"  class=\"panel-grid panel-no-style\" ><div id=\"pgc-1605-4-0\"  class=\"panel-grid-cell\" ><div id=\"panel-1605-4-0-0\" class=\"so-panel widget widget_sow-headline panel-first-child panel-last-child\" data-index=\"10\" ><div\n\t\t\t\n\t\t\tclass=\"so-widget-sow-headline so-widget-sow-headline-default-f2a6ee8814e6-1605\"\n\t\t\t\n\t\t><div class=\"sow-headline-container \">\n\t\t\t\t\t\t\t<p class=\"sow-headline\">\n\t\t\t\t\t\tMOTIVA\u00c7\u00c3O: TRAJET\u00d3RIA SONORA\t\t\t\t\t\t<\/p>\n\t\t\t\t\t\t<\/div>\n<\/div><\/div><\/div><\/div><div id=\"pg-1605-5\"  class=\"panel-grid panel-has-style\" ><div class=\"siteorigin-panels-stretch panel-row-style panel-row-style-for-1605-5\" data-stretch-type=\"full-stretched-padded\" ><div id=\"pgc-1605-5-0\"  class=\"panel-grid-cell panel-grid-cell-empty panel-grid-cell-mobile-last\" ><\/div><div id=\"pgc-1605-5-1\"  class=\"panel-grid-cell panel-grid-cell-empty\" ><\/div><\/div><\/div><div id=\"pg-1605-6\"  class=\"panel-grid panel-no-style\" ><div id=\"pgc-1605-6-0\"  class=\"panel-grid-cell\" ><div id=\"panel-1605-6-0-0\" class=\"so-panel widget widget_sow-headline panel-first-child\" data-index=\"11\" ><div\n\t\t\t\n\t\t\tclass=\"so-widget-sow-headline so-widget-sow-headline-default-a29379daa532-1605\"\n\t\t\t\n\t\t><div class=\"sow-headline-container \">\n\t<\/div>\n<\/div><\/div><div id=\"panel-1605-6-0-1\" class=\"so-panel widget widget_sow-editor\" data-index=\"12\" ><div\n\t\t\t\n\t\t\tclass=\"so-widget-sow-editor so-widget-sow-editor-base\"\n\t\t\t\n\t\t>\n<div class=\"siteorigin-widget-tinymce textwidget\">\n\t<p style=\"text-align: justify\"><span style=\"font-family: georgia, palatino, serif;font-size: 12pt\">Ainda por meio da mesma plataforma de App, A Trajet\u00f3ria Sonora e Digital no entorno da Pra\u00e7a Coronel Pedro Os\u00f3rio se configura como um jogo digital, constitu\u00eddo por modelos 3D das edifica\u00e7\u00f5es hist\u00f3ricas do entorno da pra\u00e7a, sobrepostos a uma fotografia a\u00e9rea do local, como base para a representa\u00e7\u00e3o de sons caracter\u00edsticos desse lugar, os quais podem ser reproduzidos ao acionar o mouse sobre cada um dos modelos. O jogo possibilita agu\u00e7ar a percep\u00e7\u00e3o sonora como elemento identit\u00e1rio de um tempo e lugar, e ativar a mem\u00f3ria sobre um patrim\u00f4nio: o entorno da pra\u00e7a coronel Pedro Os\u00f3rio.<\/span><\/p>\n<\/div>\n<\/div><\/div><div id=\"panel-1605-6-0-2\" class=\"so-panel widget widget_sow-headline\" data-index=\"13\" ><div\n\t\t\t\n\t\t\tclass=\"so-widget-sow-headline so-widget-sow-headline-default-a29379daa532-1605\"\n\t\t\t\n\t\t><div class=\"sow-headline-container \">\n\t<\/div>\n<\/div><\/div><div id=\"panel-1605-6-0-3\" class=\"so-panel widget widget_sow-video\" data-index=\"14\" ><div\n\t\t\t\n\t\t\tclass=\"so-widget-sow-video so-widget-sow-video-default-c08170c47cfb-1605\"\n\t\t\t\n\t\t>\n<div class=\"sow-video-wrapper\n\">\n\t\t\t<iframe loading=\"lazy\" title=\"Apresenta\u00e7\u00e3o CIECIT 2021 Raquel Silva\" width=\"720\" height=\"405\" src=\"https:\/\/www.youtube.com\/embed\/b5uJf715JkA?feature=oembed&autoplay=1&mute=1&enablejsapi=1\" frameborder=\"0\" allow=\"accelerometer; autoplay; clipboard-write; encrypted-media; gyroscope; picture-in-picture; web-share\" referrerpolicy=\"strict-origin-when-cross-origin\" allowfullscreen allowfullscreen mozallowfullscreen webkitallowfullscreen sandbox=\"allow-scripts allow-same-origin allow-presentation\"><\/iframe>\t<\/div>\n<\/div><\/div><div id=\"panel-1605-6-0-4\" class=\"so-panel widget widget_sow-headline\" data-index=\"15\" ><div\n\t\t\t\n\t\t\tclass=\"so-widget-sow-headline so-widget-sow-headline-default-a29379daa532-1605\"\n\t\t\t\n\t\t><div class=\"sow-headline-container \">\n\t<\/div>\n<\/div><\/div><div id=\"panel-1605-6-0-5\" class=\"so-panel widget widget_sow-editor\" data-index=\"16\" ><div\n\t\t\t\n\t\t\tclass=\"so-widget-sow-editor so-widget-sow-editor-base\"\n\t\t\t\n\t\t>\n<div class=\"siteorigin-widget-tinymce textwidget\">\n\t<p style=\"text-align: justify\"><span style=\"font-family: georgia, palatino, serif;font-size: 12pt\">O m\u00e9todo de desenvolvimento do jogo, envolve o uso de ferramentas digitais de captura de som e de modelagem 3D para gerar um jogo interativo por meio da plataforma de jogo Unity. A exporta\u00e7\u00e3o do jogo, para acesso ao p\u00fablico, \u00e9 feita em formato Web.<\/span><\/p>\n<\/div>\n<\/div><\/div><div id=\"panel-1605-6-0-6\" class=\"so-panel widget widget_sow-headline\" data-index=\"17\" ><div\n\t\t\t\n\t\t\tclass=\"so-widget-sow-headline so-widget-sow-headline-default-a29379daa532-1605\"\n\t\t\t\n\t\t><div class=\"sow-headline-container \">\n\t<\/div>\n<\/div><\/div><div id=\"panel-1605-6-0-7\" class=\"so-panel widget widget_sow-headline\" data-index=\"18\" ><div\n\t\t\t\n\t\t\tclass=\"so-widget-sow-headline so-widget-sow-headline-default-d2220c03510e-1605\"\n\t\t\t\n\t\t><div class=\"sow-headline-container \">\n\t\t\t\t\t\t\t<p class=\"sow-headline\">\n\t\t\t\t\t\tCLIQUE AQUI PARA UMA EXPERI\u00caNCIA SONORA\t\t\t\t\t\t<\/p>\n\t\t\t\t\t\t\t\t\t\t\t<div class=\"decoration\">\n\t\t\t\t\t\t<div class=\"decoration-inside\"><\/div>\n\t\t\t\t\t<\/div>\n\t\t\t\t\t<\/div>\n<\/div><\/div><div id=\"panel-1605-6-0-8\" class=\"so-panel widget widget_sow-button\" data-index=\"19\" ><div\n\t\t\t\n\t\t\tclass=\"so-widget-sow-button so-widget-sow-button-atom-f6444e0798d5-1605\"\n\t\t\t\n\t\t><div class=\"ow-button-base ow-button-align-center\"\n>\n\t\t\t<a\n\t\t\t\t\thref=\"https:\/\/gegradimotivacao.github.io\/CenaMapaSonoro\/\"\n\t\t\t\t\tclass=\"sowb-button ow-icon-placement-left ow-button-hover\" \t>\n\t\t<span>\n\t\t\t\n\t\t\tMapa Sonoro\t\t<\/span>\n\t\t\t<\/a>\n\t<\/div>\n<\/div><\/div><div id=\"panel-1605-6-0-9\" class=\"so-panel widget widget_sow-headline\" data-index=\"20\" ><div\n\t\t\t\n\t\t\tclass=\"so-widget-sow-headline so-widget-sow-headline-default-a29379daa532-1605\"\n\t\t\t\n\t\t><div class=\"sow-headline-container \">\n\t<\/div>\n<\/div><\/div><div id=\"panel-1605-6-0-10\" class=\"so-panel widget widget_sow-headline\" data-index=\"21\" ><div\n\t\t\t\n\t\t\tclass=\"so-widget-sow-headline so-widget-sow-headline-default-a29379daa532-1605\"\n\t\t\t\n\t\t><div class=\"sow-headline-container \">\n\t<\/div>\n<\/div><\/div><div id=\"panel-1605-6-0-11\" class=\"so-panel widget widget_sow-headline\" data-index=\"22\" ><div\n\t\t\t\n\t\t\tclass=\"so-widget-sow-headline so-widget-sow-headline-default-287856a10f4a-1605\"\n\t\t\t\n\t\t><div class=\"sow-headline-container \">\n\t\t\t\t\t\t\t<p class=\"sow-headline\">\n\t\t\t\t\t\tOrientadora:\t\t\t\t\t\t<\/p>\n\t\t\t\t\t\t\t\t\t\t\t<div class=\"decoration\">\n\t\t\t\t\t\t<div class=\"decoration-inside\"><\/div>\n\t\t\t\t\t<\/div>\n\t\t\t\t\t\t\t\t\t\t\t<p class=\"sow-sub-headline\">\n\t\t\t\t\t\tAdriane Borda Almeida da Silva GEGRADI\/PROGRAU\/FAURB\/UFPel\t\t\t\t\t\t<\/p>\n\t\t\t\t\t\t<\/div>\n<\/div><\/div><div id=\"panel-1605-6-0-12\" class=\"so-panel widget widget_sow-headline panel-last-child\" data-index=\"23\" ><div\n\t\t\t\n\t\t\tclass=\"so-widget-sow-headline so-widget-sow-headline-default-287856a10f4a-1605\"\n\t\t\t\n\t\t><div class=\"sow-headline-container \">\n\t\t\t\t\t\t\t<p class=\"sow-headline\">\n\t\t\t\t\t\tAutores\t\t\t\t\t\t<\/p>\n\t\t\t\t\t\t\t\t\t\t\t<div class=\"decoration\">\n\t\t\t\t\t\t<div class=\"decoration-inside\"><\/div>\n\t\t\t\t\t<\/div>\n\t\t\t\t\t\t\t\t\t\t\t<p class=\"sow-sub-headline\">\n\t\t\t\t\t\tRaquel Silva (Mestranda PROGRAU\/FAURB\/UFPel:\/linha de pesquisa: Gr\u00e1fica Digital aplicada \u00e0 Arquitetura e Urbanismo; Bruno Lost (graduando Ci\u00eancia da Computa\u00e7\u00e3o\/UFPel); Gabriel Bittencourt (graduando Ci\u00eancia da Computa\u00e7\u00e3o\/UFPel); Pedro Roque (bolsista de extens\u00e3o\/graduando Ci\u00eancia da Computa\u00e7\u00e3o\/UFPel)\t\t\t\t\t\t<\/p>\n\t\t\t\t\t\t<\/div>\n<\/div><\/div><\/div><\/div><div id=\"pg-1605-7\"  class=\"panel-grid panel-no-style\" ><div id=\"pgc-1605-7-0\"  class=\"panel-grid-cell\" ><div id=\"panel-1605-7-0-0\" class=\"so-panel widget widget_sow-headline panel-first-child\" data-index=\"24\" ><div\n\t\t\t\n\t\t\tclass=\"so-widget-sow-headline so-widget-sow-headline-default-a29379daa532-1605\"\n\t\t\t\n\t\t><div class=\"sow-headline-container \">\n\t<\/div>\n<\/div><\/div><div id=\"panel-1605-7-0-1\" class=\"so-panel widget widget_sow-headline panel-last-child\" data-index=\"25\" ><div\n\t\t\t\n\t\t\tclass=\"so-widget-sow-headline so-widget-sow-headline-default-a29379daa532-1605\"\n\t\t\t\n\t\t><div class=\"sow-headline-container \">\n\t<\/div>\n<\/div><\/div><\/div><\/div><div id=\"pg-1605-8\"  class=\"panel-grid panel-no-style\" ><div id=\"pgc-1605-8-0\"  class=\"panel-grid-cell\" ><div id=\"panel-1605-8-0-0\" class=\"so-panel widget widget_sow-editor panel-first-child panel-last-child\" data-index=\"26\" ><div\n\t\t\t\n\t\t\tclass=\"so-widget-sow-editor so-widget-sow-editor-base\"\n\t\t\t\n\t\t>\n<div class=\"siteorigin-widget-tinymce textwidget\">\n\t<\/div>\n<\/div><\/div><\/div><\/div><\/div>","protected":false},"excerpt":{"rendered":"<p>MOTIVA\u00c7\u00c3O: PATRIM\u00d4NIO CULTURAL Apoiado no conceito de tecnologia social, o projeto \u201cMotivA\u00e7\u00e3o &#8211; Patrim\u00f4nio Cultural\u201d foi desenvolvido pelo GEGRADI com prop\u00f3sito de editar imagens urbanas. MotivA\u00e7\u00e3o \u00e9 um aplicativo l\u00fadico e interativo que permite ao usu\u00e1rio editar imagens urbanas para explicitar desejos de transforma\u00e7\u00e3o social a partir da associa\u00e7\u00e3o entre altera\u00e7\u00f5es do ambiente urbano.\u00a0Para elaborar [&hellip;]<\/p>\n","protected":false},"author":1000,"featured_media":0,"parent":0,"menu_order":0,"comment_status":"closed","ping_status":"closed","template":"","meta":{"footnotes":""},"class_list":["post-1605","page","type-page","status-publish","hentry","post"],"jetpack_sharing_enabled":true,"jetpack_likes_enabled":true,"_links":{"self":[{"href":"https:\/\/wp.ufpel.edu.br\/museudodoce\/wp-json\/wp\/v2\/pages\/1605","targetHints":{"allow":["GET"]}}],"collection":[{"href":"https:\/\/wp.ufpel.edu.br\/museudodoce\/wp-json\/wp\/v2\/pages"}],"about":[{"href":"https:\/\/wp.ufpel.edu.br\/museudodoce\/wp-json\/wp\/v2\/types\/page"}],"author":[{"embeddable":true,"href":"https:\/\/wp.ufpel.edu.br\/museudodoce\/wp-json\/wp\/v2\/users\/1000"}],"replies":[{"embeddable":true,"href":"https:\/\/wp.ufpel.edu.br\/museudodoce\/wp-json\/wp\/v2\/comments?post=1605"}],"version-history":[{"count":57,"href":"https:\/\/wp.ufpel.edu.br\/museudodoce\/wp-json\/wp\/v2\/pages\/1605\/revisions"}],"predecessor-version":[{"id":1812,"href":"https:\/\/wp.ufpel.edu.br\/museudodoce\/wp-json\/wp\/v2\/pages\/1605\/revisions\/1812"}],"wp:attachment":[{"href":"https:\/\/wp.ufpel.edu.br\/museudodoce\/wp-json\/wp\/v2\/media?parent=1605"}],"curies":[{"name":"wp","href":"https:\/\/api.w.org\/{rel}","templated":true}]}}