{"id":1468,"date":"2021-08-30T20:35:38","date_gmt":"2021-08-30T23:35:38","guid":{"rendered":"https:\/\/wp.ufpel.edu.br\/museudodoce\/?page_id=1468"},"modified":"2021-08-30T20:54:03","modified_gmt":"2021-08-30T23:54:03","slug":"serie-ilustrada","status":"publish","type":"page","link":"https:\/\/wp.ufpel.edu.br\/museudodoce\/serie-ilustrada\/","title":{"rendered":"S\u00c9RIE ILUSTRADA"},"content":{"rendered":"<div id=\"pl-1468\"  class=\"panel-layout\" ><div id=\"pg-1468-0\"  class=\"panel-grid panel-no-style\" ><div id=\"pgc-1468-0-0\"  class=\"panel-grid-cell\" ><div id=\"panel-1468-0-0-0\" class=\"so-panel widget widget_sow-headline panel-first-child panel-last-child\" data-index=\"0\" ><div\n\t\t\t\n\t\t\tclass=\"so-widget-sow-headline so-widget-sow-headline-default-4e0f2b1bb91d-1468\"\n\t\t\t\n\t\t><div class=\"sow-headline-container \">\n\t\t\t\t\t\t\t<h3 class=\"sow-headline\">\n\t\t\t\t\t\tS\u00c9RIE ILUSTRADA: MEM\u00d3RIA E TRADI\u00c7\u00c3O DOCEIRA DE PELOTAS\t\t\t\t\t\t<\/h3>\n\t\t\t\t\t\t<\/div>\n<\/div><\/div><\/div><\/div><div id=\"pg-1468-1\"  class=\"panel-grid panel-no-style\" ><div id=\"pgc-1468-1-0\"  class=\"panel-grid-cell\" ><div id=\"panel-1468-1-0-0\" class=\"so-panel widget widget_sow-editor panel-first-child panel-last-child\" data-index=\"1\" ><div\n\t\t\t\n\t\t\tclass=\"so-widget-sow-editor so-widget-sow-editor-base\"\n\t\t\t\n\t\t>\n<div class=\"siteorigin-widget-tinymce textwidget\">\n\t<p>Essa \u00e9 uma s\u00e9rie de publica\u00e7\u00f5es que explorou a tem\u00e1tica da sociabilidade do doce por meio da mem\u00f3ria, daquilo que faz bem lembrar. Esse percurso teve base tamb\u00e9m em elementos l\u00fadicos que desvelaram a ideia de que percebemos o mundo por meio de todos os sentidos.<\/p>\n<\/div>\n<\/div><\/div><\/div><\/div><div id=\"pg-1468-2\"  class=\"panel-grid panel-has-style\" ><div class=\"siteorigin-panels-stretch panel-row-style panel-row-style-for-1468-2\" data-stretch-type=\"full\" ><div id=\"pgc-1468-2-0\"  class=\"panel-grid-cell\" ><div id=\"panel-1468-2-0-0\" class=\"so-panel widget widget_sow-headline panel-first-child panel-last-child\" data-index=\"2\" ><div class=\"panel-widget-style panel-widget-style-for-1468-2-0-0\" ><div\n\t\t\t\n\t\t\tclass=\"so-widget-sow-headline so-widget-sow-headline-default-a47f6311a0d7-1468\"\n\t\t\t\n\t\t><div class=\"sow-headline-container \">\n\t\t\t\t\t\t\t<h2 class=\"sow-headline\">\n\t\t\t\t\t\tCLIQUE EM UMA IMAGEM E LEIA MAIS\t\t\t\t\t\t<\/h2>\n\t\t\t\t\t\t<\/div>\n<\/div><\/div><\/div><\/div><\/div><\/div><div id=\"pg-1468-3\"  class=\"panel-grid panel-no-style\" ><div id=\"pgc-1468-3-0\"  class=\"panel-grid-cell\" ><div id=\"panel-1468-3-0-0\" class=\"so-panel widget widget_sow-headline panel-first-child\" data-index=\"3\" ><div\n\t\t\t\n\t\t\tclass=\"so-widget-sow-headline so-widget-sow-headline-default-6b52635ceda7-1468\"\n\t\t\t\n\t\t><div class=\"sow-headline-container \">\n\t<\/div>\n<\/div><\/div><div id=\"panel-1468-3-0-1\" class=\"so-panel widget widget_sow-headline\" data-index=\"4\" ><div\n\t\t\t\n\t\t\tclass=\"so-widget-sow-headline so-widget-sow-headline-default-6b52635ceda7-1468\"\n\t\t\t\n\t\t><div class=\"sow-headline-container \">\n\t<\/div>\n<\/div><\/div><div id=\"panel-1468-3-0-2\" class=\"so-panel widget widget_sow-image\" data-index=\"5\" ><div\n\t\t\t\n\t\t\tclass=\"so-widget-sow-image so-widget-sow-image-default-dbf295114b96-1468\"\n\t\t\t\n\t\t><\/div><\/div><div id=\"panel-1468-3-0-3\" class=\"so-panel widget widget_sow-image\" data-index=\"6\" ><div\n\t\t\t\n\t\t\tclass=\"so-widget-sow-image so-widget-sow-image-default-dbf295114b96-1468\"\n\t\t\t\n\t\t>\n<div class=\"sow-image-container\">\n\t\t\t<a href=\"https:\/\/wp.ufpel.edu.br\/museudodoce\/serie-ilustrada-3\/\"\n\t\t\ttarget=\"_blank\" rel=\"noopener noreferrer\" \t\t>\n\t\t\t<img \n\tsrc=\"https:\/\/wp.ufpel.edu.br\/museudodoce\/files\/2021\/08\/CARD-3-1-720x380.png\" width=\"720\" height=\"380\" sizes=\"(max-width: 720px) 100vw, 720px\" title=\"CARD 3\" alt=\"\" \t\tclass=\"so-widget-image\"\/>\n\t\t\t<\/a><\/div>\n\n<\/div><\/div><div id=\"panel-1468-3-0-4\" class=\"so-panel widget widget_sow-image panel-last-child\" data-index=\"7\" ><div\n\t\t\t\n\t\t\tclass=\"so-widget-sow-image so-widget-sow-image-default-dbf295114b96-1468\"\n\t\t\t\n\t\t><\/div><\/div><\/div><div id=\"pgc-1468-3-1\"  class=\"panel-grid-cell\" ><div id=\"panel-1468-3-1-0\" class=\"so-panel widget widget_sow-headline panel-first-child\" data-index=\"8\" ><div\n\t\t\t\n\t\t\tclass=\"so-widget-sow-headline so-widget-sow-headline-default-6b52635ceda7-1468\"\n\t\t\t\n\t\t><div class=\"sow-headline-container \">\n\t<\/div>\n<\/div><\/div><div id=\"panel-1468-3-1-1\" class=\"so-panel widget widget_sow-headline\" data-index=\"9\" ><div\n\t\t\t\n\t\t\tclass=\"so-widget-sow-headline so-widget-sow-headline-default-6b52635ceda7-1468\"\n\t\t\t\n\t\t><div class=\"sow-headline-container \">\n\t<\/div>\n<\/div><\/div><div id=\"panel-1468-3-1-2\" class=\"so-panel widget widget_sow-image\" data-index=\"10\" ><div\n\t\t\t\n\t\t\tclass=\"so-widget-sow-image so-widget-sow-image-default-dbf295114b96-1468\"\n\t\t\t\n\t\t>\n<div class=\"sow-image-container\">\n\t\t\t<a href=\"https:\/\/wp.ufpel.edu.br\/museudodoce\/serie-ilustrada-2\"\n\t\t\ttarget=\"_blank\" rel=\"noopener noreferrer\" \t\t>\n\t\t\t<img \n\tsrc=\"https:\/\/wp.ufpel.edu.br\/museudodoce\/files\/2021\/08\/CARD-2-1-720x380.png\" width=\"720\" height=\"380\" sizes=\"(max-width: 720px) 100vw, 720px\" title=\"CARD 2\" alt=\"\" \t\tclass=\"so-widget-image\"\/>\n\t\t\t<\/a><\/div>\n\n<\/div><\/div><div id=\"panel-1468-3-1-3\" class=\"so-panel widget widget_sow-image\" data-index=\"11\" ><div\n\t\t\t\n\t\t\tclass=\"so-widget-sow-image so-widget-sow-image-default-dbf295114b96-1468\"\n\t\t\t\n\t\t><\/div><\/div><div id=\"panel-1468-3-1-4\" class=\"so-panel widget widget_sow-image panel-last-child\" data-index=\"12\" ><div\n\t\t\t\n\t\t\tclass=\"so-widget-sow-image so-widget-sow-image-default-dbf295114b96-1468\"\n\t\t\t\n\t\t><\/div><\/div><\/div><\/div><\/div>","protected":false},"excerpt":{"rendered":"<p>Essa \u00e9 uma s\u00e9rie de publica\u00e7\u00f5es que explorou a tem\u00e1tica da sociabilidade do doce por meio da mem\u00f3ria, daquilo que faz bem lembrar. Esse percurso teve base tamb\u00e9m em elementos l\u00fadicos que desvelaram a ideia de que percebemos o mundo por meio de todos os sentidos.<\/p>\n","protected":false},"author":1000,"featured_media":0,"parent":0,"menu_order":0,"comment_status":"closed","ping_status":"closed","template":"","meta":{"footnotes":""},"class_list":["post-1468","page","type-page","status-publish","hentry","post"],"jetpack_sharing_enabled":true,"jetpack_likes_enabled":true,"_links":{"self":[{"href":"https:\/\/wp.ufpel.edu.br\/museudodoce\/wp-json\/wp\/v2\/pages\/1468","targetHints":{"allow":["GET"]}}],"collection":[{"href":"https:\/\/wp.ufpel.edu.br\/museudodoce\/wp-json\/wp\/v2\/pages"}],"about":[{"href":"https:\/\/wp.ufpel.edu.br\/museudodoce\/wp-json\/wp\/v2\/types\/page"}],"author":[{"embeddable":true,"href":"https:\/\/wp.ufpel.edu.br\/museudodoce\/wp-json\/wp\/v2\/users\/1000"}],"replies":[{"embeddable":true,"href":"https:\/\/wp.ufpel.edu.br\/museudodoce\/wp-json\/wp\/v2\/comments?post=1468"}],"version-history":[{"count":13,"href":"https:\/\/wp.ufpel.edu.br\/museudodoce\/wp-json\/wp\/v2\/pages\/1468\/revisions"}],"predecessor-version":[{"id":1498,"href":"https:\/\/wp.ufpel.edu.br\/museudodoce\/wp-json\/wp\/v2\/pages\/1468\/revisions\/1498"}],"wp:attachment":[{"href":"https:\/\/wp.ufpel.edu.br\/museudodoce\/wp-json\/wp\/v2\/media?parent=1468"}],"curies":[{"name":"wp","href":"https:\/\/api.w.org\/{rel}","templated":true}]}}