{"id":1459,"date":"2021-08-30T18:52:11","date_gmt":"2021-08-30T21:52:11","guid":{"rendered":"https:\/\/wp.ufpel.edu.br\/museudodoce\/?page_id=1459"},"modified":"2021-08-30T20:52:10","modified_gmt":"2021-08-30T23:52:10","slug":"serie-ilustrada-3","status":"publish","type":"page","link":"https:\/\/wp.ufpel.edu.br\/museudodoce\/serie-ilustrada-3\/","title":{"rendered":"S\u00c9RIE ILUSTRADA 3"},"content":{"rendered":"<div id=\"pl-1459\"  class=\"panel-layout\" ><div id=\"pg-1459-0\"  class=\"panel-grid panel-no-style\" ><div id=\"pgc-1459-0-0\"  class=\"panel-grid-cell\" ><div id=\"panel-1459-0-0-0\" class=\"so-panel widget widget_sow-headline panel-first-child panel-last-child\" data-index=\"0\" ><div\n\t\t\t\n\t\t\tclass=\"so-widget-sow-headline so-widget-sow-headline-default-a17b0a8dc85b-1459\"\n\t\t\t\n\t\t><div class=\"sow-headline-container \">\n\t\t\t\t\t\t\t<h3 class=\"sow-headline\">\n\t\t\t\t\t\tS\u00c9RIE ILUSTRADA: MEM\u00d3RIA E TRADI\u00c7\u00c3O DOCEIRA DE PELOTAS\t\t\t\t\t\t<\/h3>\n\t\t\t\t\t\t<\/div>\n<\/div><\/div><\/div><\/div><div id=\"pg-1459-1\"  class=\"panel-grid panel-no-style\" ><div id=\"pgc-1459-1-0\"  class=\"panel-grid-cell\" ><div id=\"panel-1459-1-0-0\" class=\"so-panel widget widget_sow-editor panel-first-child panel-last-child\" data-index=\"1\" ><div\n\t\t\t\n\t\t\tclass=\"so-widget-sow-editor so-widget-sow-editor-base\"\n\t\t\t\n\t\t>\n<div class=\"siteorigin-widget-tinymce textwidget\">\n\t<p style=\"text-align: justify\">Tradicionalmente, diferentes culturas utilizam a comida como sinal de aprova\u00e7\u00e3o e celebra\u00e7\u00e3o. Al\u00e9m disso, muitas vezes, os momentos da refei\u00e7\u00e3o s\u00e3o compartilhados com a fam\u00edlia e os amigos e, nesse sentido, comida e afeto simultaneamente geram satisfa\u00e7\u00e3o. Isso nos leva a elaborar mem\u00f3rias de felicidade, o que torna a associa\u00e7\u00e3o entre comida e afeto muito poderosa.<\/p>\n<p style=\"text-align: justify\">Diante disso, popularmente, dizemos que \u201ccomer \u00e9 um dos prazeres da vida\u201d. H\u00e1, sem d\u00favida, quem se sinta melhor depois de ingerir certa quantidade de a\u00e7\u00facar, visto que, alimentos ricos em a\u00e7\u00facar liberam subst\u00e2ncias no c\u00e9rebro que podem diminuir a tens\u00e3o, irrita\u00e7\u00e3o, e causar moment\u00e2nea tranquilidade.<\/p>\n<p style=\"text-align: justify\">O quindim, por exemplo, \u00e9 um doce muito popular que comp\u00f5e a tradi\u00e7\u00e3o dos doces finos de pelotas, tamb\u00e9m popular em v\u00e1rias regi\u00f5es do pa\u00eds. Voc\u00ea j\u00e1 sentiu um enorme bem estar ao provar uma delicia a\u00e7ucarada que te abra\u00e7a depois de um dia estressante? J\u00e1 compartilhou a sensa\u00e7\u00e3o de degustar um delicioso quindim com quem ama?<\/p>\n<p style=\"text-align: justify\">Esse card faz parte de uma s\u00e9rie de publica\u00e7\u00f5es que ir\u00e1 explorar a tem\u00e1tica da sociabilidade do doce por meio da mem\u00f3ria, daquilo que faz bem lembrar. Esse percurso tem base tamb\u00e9m em elementos l\u00fadicos que desvelam a ideia de que percebemos o mundo por meio de todos os sentidos.<\/p>\n<p style=\"text-align: justify\"><img loading=\"lazy\" decoding=\"async\" class=\"aligncenter size-full wp-image-1460\" src=\"https:\/\/wp.ufpel.edu.br\/museudodoce\/files\/2021\/08\/CARD-3-1.png\" alt=\"\" width=\"1000\" height=\"1000\" srcset=\"https:\/\/wp.ufpel.edu.br\/museudodoce\/files\/2021\/08\/CARD-3-1.png 1000w, https:\/\/wp.ufpel.edu.br\/museudodoce\/files\/2021\/08\/CARD-3-1-318x318.png 318w, https:\/\/wp.ufpel.edu.br\/museudodoce\/files\/2021\/08\/CARD-3-1-159x159.png 159w, https:\/\/wp.ufpel.edu.br\/museudodoce\/files\/2021\/08\/CARD-3-1-768x768.png 768w\" sizes=\"auto, (max-width: 1000px) 100vw, 1000px\" \/><br \/>\n<a class=\" xil3i\" href=\"https:\/\/www.instagram.com\/explore\/tags\/paracegover\/\">#paracegover<\/a>: No centro do card, que possui um segundo plano com tom escuro e uma textura de malha, se encontra um elemento em forma circular que remete a representa\u00e7\u00e3o abstrata de profundidade e que adorna, ainda mais ao centro, a representa\u00e7\u00e3o de um quindim e do sol iluminando o doce. Na parte superior do card consta o seguinte texto: \u201cO doce que te abra\u00e7a depois de um dia estressante\u201d. No centro, contornando a forma circular acima citada, est\u00e1 escrito: \u201cO QUINDIM NO FIM DO T\u00daNEL\u201d. Na parte inferior consta: \u201cPode diminuir a tens\u00e3o, irrita\u00e7\u00e3o, e causar moment\u00e2nea tranquilidade\u201d.<\/p>\n<\/div>\n<\/div><\/div><\/div><\/div><div id=\"pg-1459-2\"  class=\"panel-grid panel-no-style\" ><div id=\"pgc-1459-2-0\"  class=\"panel-grid-cell\" ><div id=\"panel-1459-2-0-0\" class=\"so-panel widget widget_sow-headline panel-first-child panel-last-child\" data-index=\"2\" ><div\n\t\t\t\n\t\t\tclass=\"so-widget-sow-headline so-widget-sow-headline-default-6b8f69dbe452-1459\"\n\t\t\t\n\t\t><div class=\"sow-headline-container \">\n\t<\/div>\n<\/div><\/div><\/div><\/div><\/div>","protected":false},"excerpt":{"rendered":"<p>Tradicionalmente, diferentes culturas utilizam a comida como sinal de aprova\u00e7\u00e3o e celebra\u00e7\u00e3o. Al\u00e9m disso, muitas vezes, os momentos da refei\u00e7\u00e3o s\u00e3o compartilhados com a fam\u00edlia e os amigos e, nesse sentido, comida e afeto simultaneamente geram satisfa\u00e7\u00e3o. Isso nos leva a elaborar mem\u00f3rias de felicidade, o que torna a associa\u00e7\u00e3o entre comida e afeto muito [&hellip;]<\/p>\n","protected":false},"author":1000,"featured_media":0,"parent":0,"menu_order":0,"comment_status":"closed","ping_status":"closed","template":"","meta":{"footnotes":""},"class_list":["post-1459","page","type-page","status-publish","hentry","post"],"jetpack_sharing_enabled":true,"jetpack_likes_enabled":true,"_links":{"self":[{"href":"https:\/\/wp.ufpel.edu.br\/museudodoce\/wp-json\/wp\/v2\/pages\/1459","targetHints":{"allow":["GET"]}}],"collection":[{"href":"https:\/\/wp.ufpel.edu.br\/museudodoce\/wp-json\/wp\/v2\/pages"}],"about":[{"href":"https:\/\/wp.ufpel.edu.br\/museudodoce\/wp-json\/wp\/v2\/types\/page"}],"author":[{"embeddable":true,"href":"https:\/\/wp.ufpel.edu.br\/museudodoce\/wp-json\/wp\/v2\/users\/1000"}],"replies":[{"embeddable":true,"href":"https:\/\/wp.ufpel.edu.br\/museudodoce\/wp-json\/wp\/v2\/comments?post=1459"}],"version-history":[{"count":3,"href":"https:\/\/wp.ufpel.edu.br\/museudodoce\/wp-json\/wp\/v2\/pages\/1459\/revisions"}],"predecessor-version":[{"id":1495,"href":"https:\/\/wp.ufpel.edu.br\/museudodoce\/wp-json\/wp\/v2\/pages\/1459\/revisions\/1495"}],"wp:attachment":[{"href":"https:\/\/wp.ufpel.edu.br\/museudodoce\/wp-json\/wp\/v2\/media?parent=1459"}],"curies":[{"name":"wp","href":"https:\/\/api.w.org\/{rel}","templated":true}]}}