{"id":1381,"date":"2021-06-28T14:29:15","date_gmt":"2021-06-28T17:29:15","guid":{"rendered":"https:\/\/wp.ufpel.edu.br\/museudodoce\/?page_id=1381"},"modified":"2021-06-28T14:29:34","modified_gmt":"2021-06-28T17:29:34","slug":"dossie","status":"publish","type":"page","link":"https:\/\/wp.ufpel.edu.br\/museudodoce\/dossie\/","title":{"rendered":"DOSSI\u00ca"},"content":{"rendered":"<div id=\"pl-1381\"  class=\"panel-layout\" ><div id=\"pg-1381-0\"  class=\"panel-grid panel-no-style\" ><div id=\"pgc-1381-0-0\"  class=\"panel-grid-cell\" ><div id=\"panel-1381-0-0-0\" class=\"so-panel widget widget_sow-headline panel-first-child\" data-index=\"0\" ><div\n\t\t\t\n\t\t\tclass=\"so-widget-sow-headline so-widget-sow-headline-default-6649cea9e56b-1381\"\n\t\t\t\n\t\t><div class=\"sow-headline-container \">\n\t\t\t\t\t\t\t<h3 class=\"sow-headline\">\n\t\t\t\t\t\tDOSSI\u00ca DE REGISTRO DA REGI\u00c3O DOCEIRA DE PELOTAS E ANTIGA PELOTAS\t\t\t\t\t\t<\/h3>\n\t\t\t\t\t\t<\/div>\n<\/div><\/div><div id=\"panel-1381-0-0-1\" class=\"so-panel widget widget_sow-editor panel-last-child\" data-index=\"1\" ><div\n\t\t\t\n\t\t\tclass=\"so-widget-sow-editor so-widget-sow-editor-base\"\n\t\t\t\n\t\t>\n<div class=\"siteorigin-widget-tinymce textwidget\">\n\t<p>FREIRE, B. M., et al. Dossi\u00ea de Registro da Regi\u00e3o Doceira de Pelotas e Antiga Pelotas (Arroio do Padre, Cap\u00e3o do Le\u00e3o, Morro Redondo e Turu\u00e7u)\/RS. IPHAN, S\/D. Dispon\u00edvel em:<\/p>\n<p>&lt;http:\/\/portal.iphan.gov.br\/uploads\/ckfinder\/arquivos\/Dossie_%20tradicoes_doceiras_de_pelotas_antiga_pelotas.pdf<\/p>\n<\/div>\n<\/div><\/div><\/div><\/div><div id=\"pg-1381-1\"  class=\"panel-grid panel-no-style\" ><div id=\"pgc-1381-1-0\"  class=\"panel-grid-cell panel-grid-cell-empty\" ><\/div><\/div><\/div>","protected":false},"excerpt":{"rendered":"<p>FREIRE, B. M., et al. Dossi\u00ea de Registro da Regi\u00e3o Doceira de Pelotas e Antiga Pelotas (Arroio do Padre, Cap\u00e3o do Le\u00e3o, Morro Redondo e Turu\u00e7u)\/RS. IPHAN, S\/D. Dispon\u00edvel em: &lt;http:\/\/portal.iphan.gov.br\/uploads\/ckfinder\/arquivos\/Dossie_%20tradicoes_doceiras_de_pelotas_antiga_pelotas.pdf<\/p>\n","protected":false},"author":1000,"featured_media":0,"parent":0,"menu_order":0,"comment_status":"closed","ping_status":"closed","template":"","meta":{"footnotes":""},"class_list":["post-1381","page","type-page","status-publish","hentry","post"],"jetpack_sharing_enabled":true,"jetpack_likes_enabled":true,"_links":{"self":[{"href":"https:\/\/wp.ufpel.edu.br\/museudodoce\/wp-json\/wp\/v2\/pages\/1381","targetHints":{"allow":["GET"]}}],"collection":[{"href":"https:\/\/wp.ufpel.edu.br\/museudodoce\/wp-json\/wp\/v2\/pages"}],"about":[{"href":"https:\/\/wp.ufpel.edu.br\/museudodoce\/wp-json\/wp\/v2\/types\/page"}],"author":[{"embeddable":true,"href":"https:\/\/wp.ufpel.edu.br\/museudodoce\/wp-json\/wp\/v2\/users\/1000"}],"replies":[{"embeddable":true,"href":"https:\/\/wp.ufpel.edu.br\/museudodoce\/wp-json\/wp\/v2\/comments?post=1381"}],"version-history":[{"count":2,"href":"https:\/\/wp.ufpel.edu.br\/museudodoce\/wp-json\/wp\/v2\/pages\/1381\/revisions"}],"predecessor-version":[{"id":1383,"href":"https:\/\/wp.ufpel.edu.br\/museudodoce\/wp-json\/wp\/v2\/pages\/1381\/revisions\/1383"}],"wp:attachment":[{"href":"https:\/\/wp.ufpel.edu.br\/museudodoce\/wp-json\/wp\/v2\/media?parent=1381"}],"curies":[{"name":"wp","href":"https:\/\/api.w.org\/{rel}","templated":true}]}}