{"id":1364,"date":"2021-06-15T14:07:39","date_gmt":"2021-06-15T17:07:39","guid":{"rendered":"https:\/\/wp.ufpel.edu.br\/museudodoce\/?page_id=1364"},"modified":"2021-10-30T11:48:05","modified_gmt":"2021-10-30T14:48:05","slug":"entrevistas","status":"publish","type":"page","link":"https:\/\/wp.ufpel.edu.br\/museudodoce\/entrevistas\/","title":{"rendered":"ENTREVISTAS"},"content":{"rendered":"<div id=\"pl-1364\"  class=\"panel-layout\" ><div id=\"pg-1364-0\"  class=\"panel-grid panel-no-style\" ><div id=\"pgc-1364-0-0\"  class=\"panel-grid-cell\" ><div id=\"panel-1364-0-0-0\" class=\"so-panel widget widget_sow-headline panel-first-child\" data-index=\"0\" ><div\n\t\t\t\n\t\t\tclass=\"so-widget-sow-headline so-widget-sow-headline-default-9b53f8226ec7-1364\"\n\t\t\t\n\t\t><div class=\"sow-headline-container \">\n\t\t\t\t\t\t\t<h3 class=\"sow-headline\">\n\t\t\t\t\t\tACERVO DE ENTREVISTAS\t\t\t\t\t\t<\/h3>\n\t\t\t\t\t\t<\/div>\n<\/div><\/div><div id=\"panel-1364-0-0-1\" class=\"so-panel widget widget_sow-editor panel-last-child\" data-index=\"1\" ><div\n\t\t\t\n\t\t\tclass=\"so-widget-sow-editor so-widget-sow-editor-base\"\n\t\t\t\n\t\t>\n<div class=\"siteorigin-widget-tinymce textwidget\">\n\t<p><img loading=\"lazy\" decoding=\"async\" class=\" wp-image-1340 alignleft\" src=\"https:\/\/wp.ufpel.edu.br\/museudodoce\/files\/2021\/05\/Leticia-e1623775861114.png\" alt=\"\" width=\"300\" height=\"319\" srcset=\"https:\/\/wp.ufpel.edu.br\/museudodoce\/files\/2021\/05\/Leticia-e1623775861114.png 338w, https:\/\/wp.ufpel.edu.br\/museudodoce\/files\/2021\/05\/Leticia-e1623775861114-299x318.png 299w, https:\/\/wp.ufpel.edu.br\/museudodoce\/files\/2021\/05\/Leticia-e1623775861114-149x159.png 149w\" sizes=\"auto, (max-width: 300px) 100vw, 300px\" \/><\/p>\n<h3 style=\"text-align: justify\"><span style=\"color: #ff9900;font-size: 12pt;font-family: georgia, palatino, serif\"><strong>Maria Let\u00edcia Mazzucchi Ferreira<\/strong><\/span><\/h3>\n<p style=\"text-align: justify;padding-left: 40px\"><span style=\"font-family: georgia, palatino, serif\"><span style=\"font-size: 10pt\">Entrevista<span style=\"text-align: justify\">\u00a0com\u00a0<\/span><strong style=\"text-align: justify\">Maria Let\u00edcia Mazzucchi Ferreira<\/strong><span style=\"text-align: justify\">, professora Titular do Departamento de Museologia, Conserva\u00e7\u00e3o e Restauro (DMCOR) da Universidade Federal de Pelotas (UFPEL) e docente no Programa de P\u00f3s-Gradua\u00e7\u00e3o em Mem\u00f3ria Social e <\/span><\/span><span style=\"text-align: justify\"><span style=\"font-size: 10pt\">Patrim\u00f4nio Cultural da UFPEL. Ferreira integrou a equipe de pesquisadores do Invent\u00e1rio Nacional de Refer\u00eancias Culturais (INRC) das Tradi\u00e7\u00f5es Doceiras de Pelotas e da Antiga Pelotas, promovido pelo IPHAN, Monumenta e UNESCO. \u00a0\u00a0 \u00a0\u00a0 \u00a0\u00a0<\/span> \u00a0\u00a0 \u00a0\u00a0 \u00a0\u00a0 \u00a0\u00a0 \u00a0\u00a0 \u00a0\u00a0 \u00a0\u00a0 \u00a0\u00a0 \u00a0\u00a0 \u00a0\u00a0 \u00a0\u00a0 \u00a0\u00a0 \u00a0\u00a0 \u00a0\u00a0 \u00a0\u00a0 \u00a0\u00a0 \u00a0\u00a0 \u00a0\u00a0 \u00a0\u00a0 \u00a0\u00a0 \u00a0 \u00a0\u00a0 <\/span><\/span><\/p>\n<p style=\"text-align: justify;padding-left: 40px\"><span style=\"font-family: georgia, palatino, serif;font-size: 10pt\"><span style=\"color: #ff9900\"><a style=\"color: #ff9900\" href=\"https:\/\/wp.ufpel.edu.br\/museudodoce\/entrevista01\/\">LEIA NA \u00cdNTEGRA.<\/a><\/span><\/span><\/p>\n<p>&nbsp;<\/p>\n<p>&nbsp;<\/p>\n<p>&nbsp;<\/p>\n<p>&nbsp;<\/p>\n<p>&nbsp;<\/p>\n<p style=\"text-align: justify\"><img loading=\"lazy\" decoding=\"async\" class=\" wp-image-1341 alignleft\" src=\"https:\/\/wp.ufpel.edu.br\/museudodoce\/files\/2021\/05\/fabio-e1623774399671.png\" alt=\"\" width=\"300\" height=\"322\" srcset=\"https:\/\/wp.ufpel.edu.br\/museudodoce\/files\/2021\/05\/fabio-e1623774399671.png 338w, https:\/\/wp.ufpel.edu.br\/museudodoce\/files\/2021\/05\/fabio-e1623774399671-297x318.png 297w, https:\/\/wp.ufpel.edu.br\/museudodoce\/files\/2021\/05\/fabio-e1623774399671-148x159.png 148w\" sizes=\"auto, (max-width: 300px) 100vw, 300px\" \/><\/p>\n<h3 style=\"text-align: justify\"><span style=\"color: #ff9900;font-size: 12pt;font-family: georgia, palatino, serif\"><strong style=\"text-align: justify\">F\u00e1bio Vergara Cequeira\u00a0<\/strong><\/span><\/h3>\n<p style=\"text-align: justify\"><span style=\"font-family: georgia, palatino, serif;font-size: 10pt\">Entrevista com <strong>F\u00e1bio Vergara Cerqueira<\/strong>, Professor Titular do Departamento de Hist\u00f3ria da Universidade Federal de Pelotas (UFPel). Bolsista Produtividade CNPq PQ1d em Arqueologia. Pesquisador da Funda\u00e7\u00e3o Humboldt\/Alemanha - modalidade Pesquisador Experiente - Arqueologia Cl\u00e1ssica (desde 2014). Graduou-se no curso de Licenciatura em Hist\u00f3ria pela Universidade Federal do Rio Grande do Sul (1989) e concluiu doutorado em Antropologia Social, com concentra\u00e7\u00e3o em Arqueologia Cl\u00e1ssica, pela Universidade de S\u00e3o Paulo (2001). Desde 2007, professor permanente dos Cursos de Doutorado e Mestrado em Mem\u00f3ria Social e Patrim\u00f4nio Cultural\/UFPel, e, desde 2009, dos Cursos de Mestrado e Doutorado em Hist\u00f3ria\/UFPel. Dedica-se \u00e0s \u00e1reas de Mem\u00f3ria Social e Patrim\u00f4nio Cultural, bem como \u00e0 gest\u00e3o museol\u00f3gica. Cerqueira integrou a equipe de pesquisadores do Invent\u00e1rio Nacional de Refer\u00eancias Culturais (INRC) das Tradi\u00e7\u00f5es Doceiras de Pelotas e da Antiga Pelotas, promovido pelo IPHAN, Monumenta e UNESCO. <span style=\"color: #ff6600\"><a style=\"color: #ff6600\" href=\"https:\/\/wp.ufpel.edu.br\/museudodoce\/entrevista02\/\"><span style=\"color: #ff9900\">LEIA NA \u00cdNTEGRA.<\/span><\/a><\/span><\/span><\/p>\n<p>&nbsp;<\/p>\n<p>&nbsp;<\/p>\n<p>&nbsp;<\/p>\n<h3 style=\"text-align: justify\"><img loading=\"lazy\" decoding=\"async\" class=\"wp-image-1568 alignleft\" src=\"https:\/\/wp.ufpel.edu.br\/museudodoce\/files\/2021\/10\/Fernando-1-e1635467565194-285x318.png\" alt=\"\" width=\"302\" height=\"337\" srcset=\"https:\/\/wp.ufpel.edu.br\/museudodoce\/files\/2021\/10\/Fernando-1-e1635467565194-285x318.png 285w, https:\/\/wp.ufpel.edu.br\/museudodoce\/files\/2021\/10\/Fernando-1-e1635467565194-142x159.png 142w, https:\/\/wp.ufpel.edu.br\/museudodoce\/files\/2021\/10\/Fernando-1-e1635467565194-768x858.png 768w, https:\/\/wp.ufpel.edu.br\/museudodoce\/files\/2021\/10\/Fernando-1-e1635467565194.png 853w\" sizes=\"auto, (max-width: 302px) 100vw, 302px\" \/><\/h3>\n<h3 style=\"text-align: justify\"><span style=\"color: #ff9900;font-family: georgia, palatino, serif;font-size: 12pt\"><strong style=\"text-align: justify\">Jo\u00e3o Fernando Igansi Nunes<\/strong><\/span><\/h3>\n<p style=\"text-align: justify\"><span style=\"font-family: georgia, palatino, serif;font-size: 10pt\">Entrevista com<strong> Jo\u00e3o Fernando Igansi Nunes, <\/strong>doutor em Comunica\u00e7\u00e3o e Semi\u00f3tica, PUC\/SP, graduado em Licenciatura em Artes Visuais pela Universidade Federal de Pelotas, 1997. Docente permanente nos Cursos de Bacharelado em Design, Centro de Artes, UFPel e do Programa de P\u00f3s-Gradua\u00e7\u00e3o em Mem\u00f3ria Social e Patrim\u00f4nio Cultural, ICH\/UFPEL. Coordenador Adjunto do Projeto para implanta\u00e7\u00e3o do Polo Morro Redondo da C\u00e1tedra UNESCO-IPT. Dedica-se ao desenvolvimento de pesquisas em Design e Desenvolvimento Territorial. \u00c1reas de interesse e atua\u00e7\u00e3o em Comunica\u00e7\u00e3o, Semi\u00f3tica, Artes, Design, Interfaces Computacionais, Mem\u00f3ria Social e Patrim\u00f4nio Cultural.<\/span><\/p>\n<p style=\"text-align: justify\"><a href=\"https:\/\/wp.ufpel.edu.br\/museudodoce\/igansi\/\"><span style=\"font-family: georgia, palatino, serif;font-size: 10pt\"><span style=\"color: #ff6600\"><span style=\"color: #ff9900\">LEIA NA \u00cdNTEGRA.<\/span><\/span><\/span><\/a><\/p>\n<p>&nbsp;<\/p>\n<\/div>\n<\/div><\/div><\/div><\/div><div id=\"pg-1364-1\"  class=\"panel-grid panel-no-style\" ><div id=\"pgc-1364-1-0\"  class=\"panel-grid-cell\" ><div id=\"panel-1364-1-0-0\" class=\"so-panel widget widget_sow-headline panel-first-child panel-last-child\" data-index=\"2\" ><div\n\t\t\t\n\t\t\tclass=\"so-widget-sow-headline so-widget-sow-headline-default-6b8f69dbe452-1364\"\n\t\t\t\n\t\t><div class=\"sow-headline-container \">\n\t<\/div>\n<\/div><\/div><\/div><\/div><\/div>","protected":false},"excerpt":{"rendered":"<p>Maria Let\u00edcia Mazzucchi Ferreira Entrevista\u00a0com\u00a0Maria Let\u00edcia Mazzucchi Ferreira, professora Titular do Departamento de Museologia, Conserva\u00e7\u00e3o e Restauro (DMCOR) da Universidade Federal de Pelotas (UFPEL) e docente no Programa de P\u00f3s-Gradua\u00e7\u00e3o em Mem\u00f3ria Social e Patrim\u00f4nio Cultural da UFPEL. Ferreira integrou a equipe de pesquisadores do Invent\u00e1rio Nacional de Refer\u00eancias Culturais (INRC) das Tradi\u00e7\u00f5es Doceiras de [&hellip;]<\/p>\n","protected":false},"author":1000,"featured_media":0,"parent":0,"menu_order":0,"comment_status":"closed","ping_status":"closed","template":"","meta":{"footnotes":""},"class_list":["post-1364","page","type-page","status-publish","hentry","post"],"jetpack_sharing_enabled":true,"jetpack_likes_enabled":true,"_links":{"self":[{"href":"https:\/\/wp.ufpel.edu.br\/museudodoce\/wp-json\/wp\/v2\/pages\/1364","targetHints":{"allow":["GET"]}}],"collection":[{"href":"https:\/\/wp.ufpel.edu.br\/museudodoce\/wp-json\/wp\/v2\/pages"}],"about":[{"href":"https:\/\/wp.ufpel.edu.br\/museudodoce\/wp-json\/wp\/v2\/types\/page"}],"author":[{"embeddable":true,"href":"https:\/\/wp.ufpel.edu.br\/museudodoce\/wp-json\/wp\/v2\/users\/1000"}],"replies":[{"embeddable":true,"href":"https:\/\/wp.ufpel.edu.br\/museudodoce\/wp-json\/wp\/v2\/comments?post=1364"}],"version-history":[{"count":13,"href":"https:\/\/wp.ufpel.edu.br\/museudodoce\/wp-json\/wp\/v2\/pages\/1364\/revisions"}],"predecessor-version":[{"id":1601,"href":"https:\/\/wp.ufpel.edu.br\/museudodoce\/wp-json\/wp\/v2\/pages\/1364\/revisions\/1601"}],"wp:attachment":[{"href":"https:\/\/wp.ufpel.edu.br\/museudodoce\/wp-json\/wp\/v2\/media?parent=1364"}],"curies":[{"name":"wp","href":"https:\/\/api.w.org\/{rel}","templated":true}]}}