{"id":1289,"date":"2021-06-09T19:15:57","date_gmt":"2021-06-09T22:15:57","guid":{"rendered":"https:\/\/wp.ufpel.edu.br\/museudodoce\/?page_id=1289"},"modified":"2021-06-09T19:16:03","modified_gmt":"2021-06-09T22:16:03","slug":"teses","status":"publish","type":"page","link":"https:\/\/wp.ufpel.edu.br\/museudodoce\/teses\/","title":{"rendered":"TESES"},"content":{"rendered":"<div id=\"pl-1289\"  class=\"panel-layout\" ><div id=\"pg-1289-0\"  class=\"panel-grid panel-no-style\" ><div id=\"pgc-1289-0-0\"  class=\"panel-grid-cell\" ><div id=\"panel-1289-0-0-0\" class=\"so-panel widget widget_sow-headline panel-first-child\" data-index=\"0\" ><div\n\t\t\t\n\t\t\tclass=\"so-widget-sow-headline so-widget-sow-headline-default-6649cea9e56b-1289\"\n\t\t\t\n\t\t><div class=\"sow-headline-container \">\n\t\t\t\t\t\t\t<h3 class=\"sow-headline\">\n\t\t\t\t\t\tTESES\t\t\t\t\t\t<\/h3>\n\t\t\t\t\t\t<\/div>\n<\/div><\/div><div id=\"panel-1289-0-0-1\" class=\"so-panel widget widget_sow-editor panel-last-child\" data-index=\"1\" ><div\n\t\t\t\n\t\t\tclass=\"so-widget-sow-editor so-widget-sow-editor-base\"\n\t\t\t\n\t\t>\n<div class=\"siteorigin-widget-tinymce textwidget\">\n\t<p><span data-contrast=\"auto\">BACH, Alcir Nei.\u202f<\/span><b><span data-contrast=\"auto\">Patrim\u00f4nio Agroindustrial<\/span><\/b><span data-contrast=\"auto\">: invent\u00e1rio das f\u00e1bricas de compotas de p\u00eassego na \u00e1rea urbana de Pelotas (1959-1990). Tese (Doutorado). Programa de P\u00f3s-Gradua\u00e7\u00e3o em Mem\u00f3ria Social e Patrim\u00f4nio Cultural. Universidade Federal de Pelotas. Instituto de Ci\u00eancias Humanas. Pelotas, 2017.\u202f<\/span><span data-ccp-props=\"{&quot;201341983&quot;:0,&quot;335551550&quot;:6,&quot;335551620&quot;:6,&quot;335559739&quot;:160,&quot;335559740&quot;:240}\">\u00a0<\/span><\/p>\n<p><span data-contrast=\"auto\">Volume 1 dispon\u00edvel em:\u202f<\/span><span data-ccp-props=\"{&quot;201341983&quot;:0,&quot;335551550&quot;:6,&quot;335551620&quot;:6,&quot;335559739&quot;:160,&quot;335559740&quot;:240}\">\u00a0<\/span><\/p>\n<p><span data-contrast=\"auto\">&lt;https:\/\/wp.ufpel.edu.br\/ppgmp\/files\/2017\/05\/TESE_ALCIR_NEI_BACH_OUT2017_opt-V.1.pdf&gt;.<\/span><span data-ccp-props=\"{&quot;201341983&quot;:0,&quot;335551550&quot;:6,&quot;335551620&quot;:6,&quot;335559739&quot;:160,&quot;335559740&quot;:240}\">\u00a0<\/span><\/p>\n<p><span data-contrast=\"auto\">Volume 2 dispon\u00edvel em:\u202f<\/span><span data-ccp-props=\"{&quot;201341983&quot;:0,&quot;335551550&quot;:6,&quot;335551620&quot;:6,&quot;335559739&quot;:160,&quot;335559740&quot;:240}\">\u00a0<\/span><\/p>\n<p><span data-contrast=\"auto\">&lt;https:\/\/wp.ufpel.edu.br\/ppgmp\/files\/2017\/05\/TESE_ALCIR_NEI_BACH_V2_INVENT%C3%81RIO_OUT2017_opt-V.2.pdf&gt;<\/span><span data-ccp-props=\"{&quot;201341983&quot;:0,&quot;335551550&quot;:6,&quot;335551620&quot;:6,&quot;335559739&quot;:160,&quot;335559740&quot;:240}\">\u00a0<\/span><\/p>\n<p><span data-ccp-props=\"{&quot;201341983&quot;:0,&quot;335551550&quot;:6,&quot;335551620&quot;:6,&quot;335559739&quot;:160,&quot;335559740&quot;:240}\">\u00a0<\/span><\/p>\n<p><span data-contrast=\"auto\">FIGUEIREDO, Marina.\u202f<\/span><b><span data-contrast=\"auto\">A transmiss\u00e3o do saber-fazer como intencionalidade incorporada:\u202f<\/span><\/b><span data-contrast=\"auto\">etnografia em uma f\u00e1brica de doces em Pelotas, RS.<\/span><b><span data-contrast=\"auto\">\u202f<\/span><\/b><span data-contrast=\"auto\">2013. Programa de P\u00f3s\u2013Gradua\u00e7\u00e3o da Universidade Federal do Rio Grande do Sul.<\/span><span data-ccp-props=\"{&quot;201341983&quot;:0,&quot;335551550&quot;:6,&quot;335551620&quot;:6,&quot;335559739&quot;:160,&quot;335559740&quot;:240}\">\u00a0<\/span><\/p>\n<p><span data-ccp-props=\"{&quot;201341983&quot;:0,&quot;335551550&quot;:6,&quot;335551620&quot;:6,&quot;335559739&quot;:160,&quot;335559740&quot;:240}\">\u00a0<\/span><\/p>\n<p><span data-contrast=\"auto\">LEAL,\u00a0<\/span><span data-contrast=\"auto\">Noris<\/span><span data-contrast=\"auto\">\u00a0Mara Pacheco Martins.\u202f<\/span><b><span data-contrast=\"auto\">A trajet\u00f3ria de uma Constru\u00e7\u00e3o Patrimonial<\/span><\/b><span data-contrast=\"auto\">: A tradi\u00e7\u00e3o doceira de Pelotas e Antiga Pelotas na Constitui\u00e7\u00e3o do Museu do Doce da Universidade Federal de Pelotas\/\u00a0<\/span><span data-contrast=\"auto\">Noris<\/span><span data-contrast=\"auto\">\u00a0Mara Pacheco Martins Leal. \u2013 290 p.: il. \u2013 Tese (Doutorado). Programa de P\u00f3s-Gradua\u00e7\u00e3o em Mem\u00f3ria Social e Patrim\u00f4nio Cultural. Universidade Federal de Pelotas. Instituto de Ci\u00eancias Humanas. Pelotas, 2019. Dispon\u00edvel em: &lt;http:\/\/guaiaca.ufpel.edu.br\/<\/span><span data-contrast=\"auto\">handle<\/span><span data-contrast=\"auto\">\/<\/span><span data-contrast=\"auto\">prefix<\/span><span data-contrast=\"auto\">\/5484&gt;.\u202f<\/span><span data-ccp-props=\"{&quot;201341983&quot;:0,&quot;335551550&quot;:6,&quot;335551620&quot;:6,&quot;335559739&quot;:160,&quot;335559740&quot;:240}\">\u00a0<\/span><\/p>\n<p><span data-ccp-props=\"{&quot;201341983&quot;:0,&quot;335551550&quot;:6,&quot;335551620&quot;:6,&quot;335559739&quot;:160,&quot;335559740&quot;:240}\">\u00a0<\/span><\/p>\n<\/div>\n<\/div><\/div><\/div><\/div><div id=\"pg-1289-1\"  class=\"panel-grid panel-no-style\" ><div id=\"pgc-1289-1-0\"  class=\"panel-grid-cell panel-grid-cell-empty\" ><\/div><\/div><\/div>","protected":false},"excerpt":{"rendered":"<p>BACH, Alcir Nei.\u202fPatrim\u00f4nio Agroindustrial: invent\u00e1rio das f\u00e1bricas de compotas de p\u00eassego na \u00e1rea urbana de Pelotas (1959-1990). Tese (Doutorado). Programa de P\u00f3s-Gradua\u00e7\u00e3o em Mem\u00f3ria Social e Patrim\u00f4nio Cultural. Universidade Federal de Pelotas. Instituto de Ci\u00eancias Humanas. Pelotas, 2017.\u202f\u00a0 Volume 1 dispon\u00edvel em:\u202f\u00a0 &lt;https:\/\/wp.ufpel.edu.br\/ppgmp\/files\/2017\/05\/TESE_ALCIR_NEI_BACH_OUT2017_opt-V.1.pdf&gt;.\u00a0 Volume 2 dispon\u00edvel em:\u202f\u00a0 &lt;https:\/\/wp.ufpel.edu.br\/ppgmp\/files\/2017\/05\/TESE_ALCIR_NEI_BACH_V2_INVENT%C3%81RIO_OUT2017_opt-V.2.pdf&gt;\u00a0 \u00a0 FIGUEIREDO, Marina.\u202fA transmiss\u00e3o do saber-fazer como [&hellip;]<\/p>\n","protected":false},"author":1000,"featured_media":0,"parent":0,"menu_order":0,"comment_status":"closed","ping_status":"closed","template":"","meta":{"footnotes":""},"class_list":["post-1289","page","type-page","status-publish","hentry","post"],"jetpack_sharing_enabled":true,"jetpack_likes_enabled":true,"_links":{"self":[{"href":"https:\/\/wp.ufpel.edu.br\/museudodoce\/wp-json\/wp\/v2\/pages\/1289","targetHints":{"allow":["GET"]}}],"collection":[{"href":"https:\/\/wp.ufpel.edu.br\/museudodoce\/wp-json\/wp\/v2\/pages"}],"about":[{"href":"https:\/\/wp.ufpel.edu.br\/museudodoce\/wp-json\/wp\/v2\/types\/page"}],"author":[{"embeddable":true,"href":"https:\/\/wp.ufpel.edu.br\/museudodoce\/wp-json\/wp\/v2\/users\/1000"}],"replies":[{"embeddable":true,"href":"https:\/\/wp.ufpel.edu.br\/museudodoce\/wp-json\/wp\/v2\/comments?post=1289"}],"version-history":[{"count":2,"href":"https:\/\/wp.ufpel.edu.br\/museudodoce\/wp-json\/wp\/v2\/pages\/1289\/revisions"}],"predecessor-version":[{"id":1291,"href":"https:\/\/wp.ufpel.edu.br\/museudodoce\/wp-json\/wp\/v2\/pages\/1289\/revisions\/1291"}],"wp:attachment":[{"href":"https:\/\/wp.ufpel.edu.br\/museudodoce\/wp-json\/wp\/v2\/media?parent=1289"}],"curies":[{"name":"wp","href":"https:\/\/api.w.org\/{rel}","templated":true}]}}