{"id":1284,"date":"2021-06-09T19:13:40","date_gmt":"2021-06-09T22:13:40","guid":{"rendered":"https:\/\/wp.ufpel.edu.br\/museudodoce\/?page_id=1284"},"modified":"2021-06-09T19:14:04","modified_gmt":"2021-06-09T22:14:04","slug":"dissertacoes","status":"publish","type":"page","link":"https:\/\/wp.ufpel.edu.br\/museudodoce\/dissertacoes\/","title":{"rendered":"DISSERTA\u00c7\u00d5ES"},"content":{"rendered":"<div id=\"pl-1284\"  class=\"panel-layout\" ><div id=\"pg-1284-0\"  class=\"panel-grid panel-no-style\" ><div id=\"pgc-1284-0-0\"  class=\"panel-grid-cell\" ><div id=\"panel-1284-0-0-0\" class=\"so-panel widget widget_sow-headline panel-first-child\" data-index=\"0\" ><div\n\t\t\t\n\t\t\tclass=\"so-widget-sow-headline so-widget-sow-headline-default-6649cea9e56b-1284\"\n\t\t\t\n\t\t><div class=\"sow-headline-container \">\n\t\t\t\t\t\t\t<h3 class=\"sow-headline\">\n\t\t\t\t\t\tDISSERTA\u00c7\u00d5ES\t\t\t\t\t\t<\/h3>\n\t\t\t\t\t\t<\/div>\n<\/div><\/div><div id=\"panel-1284-0-0-1\" class=\"so-panel widget widget_sow-editor panel-last-child\" data-index=\"1\" ><div\n\t\t\t\n\t\t\tclass=\"so-widget-sow-editor so-widget-sow-editor-base\"\n\t\t\t\n\t\t>\n<div class=\"siteorigin-widget-tinymce textwidget\">\n\t<p><span data-contrast=\"auto\">BACH, Alcir.\u202f<\/span><b><span data-contrast=\"auto\">Patrim\u00f4nio Agroindustrial:\u202f<\/span><\/b><span data-contrast=\"auto\">Invent\u00e1rio das f\u00e1bricas de compotas de p\u00eassego na \u00e1rea urbana de Pelotas (1950-1990).\u202f 2017. Programa de P\u00f3s-Gradua\u00e7\u00e3o Mem\u00f3ria Social e Patrim\u00f4nio Cultural da Universidade Federal de Pelotas.<\/span><span data-ccp-props=\"{&quot;201341983&quot;:0,&quot;335551550&quot;:6,&quot;335551620&quot;:6,&quot;335559739&quot;:160,&quot;335559740&quot;:240}\">\u00a0<\/span><\/p>\n<p><span data-ccp-props=\"{&quot;201341983&quot;:0,&quot;335551550&quot;:6,&quot;335551620&quot;:6,&quot;335559739&quot;:160,&quot;335559740&quot;:240}\">\u00a0<\/span><\/p>\n<p><span data-contrast=\"auto\">DUARTE, Veridiana de Vasconcelos.\u202f<\/span><b><span data-contrast=\"auto\">FENADOCE:\u202f<\/span><\/b><span data-contrast=\"auto\">representa\u00e7\u00e3o cultural atrav\u00e9s da preserva\u00e7\u00e3o da cultura popular pela m\u00eddia<\/span><b><span data-contrast=\"auto\">.\u202f<\/span><\/b><span data-contrast=\"auto\">Mar\u00edlia, 2008. P\u00f3s-gradua\u00e7\u00e3o na\u202fFaculdade de Comunica\u00e7\u00e3o, Educa\u00e7\u00e3o e Turismo, Universidade de Mar\u00edlia.<\/span><span data-ccp-props=\"{&quot;201341983&quot;:0,&quot;335551550&quot;:6,&quot;335551620&quot;:6,&quot;335559739&quot;:160,&quot;335559740&quot;:240}\">\u00a0<\/span><\/p>\n<p><span data-ccp-props=\"{&quot;201341983&quot;:0,&quot;335551550&quot;:6,&quot;335551620&quot;:6,&quot;335559739&quot;:160,&quot;335559740&quot;:240}\">\u00a0<\/span><\/p>\n<p><span data-contrast=\"auto\">MARTINS, Irapu\u00e3 Pacheco.\u202f<\/span><b><span data-contrast=\"auto\">Design, imagin\u00e1rio e cultura:\u202f<\/span><\/b><span data-contrast=\"auto\">mem\u00f3rias e representa\u00e7\u00f5es do doce de Pelotas como aportes na forma\u00e7\u00e3o do designer.\u202fPelotas, 2005. Programa de P\u00f3s-Gradua\u00e7\u00e3o da Faculdade de Educa\u00e7\u00e3o da Universidade Federal de Pelotas.<\/span><span data-ccp-props=\"{&quot;201341983&quot;:0,&quot;335551550&quot;:6,&quot;335551620&quot;:6,&quot;335559739&quot;:160,&quot;335559740&quot;:240}\">\u00a0<\/span><\/p>\n<p><span data-ccp-props=\"{&quot;201341983&quot;:0,&quot;335551550&quot;:6,&quot;335551620&quot;:6,&quot;335559739&quot;:160,&quot;335559740&quot;:240}\">\u00a0<\/span><\/p>\n<p><span data-contrast=\"auto\">NEDEL, Melissa.<\/span><b><span data-contrast=\"auto\">\u202fA produ\u00e7\u00e3o de compotas de p\u00eassego em Pelotas-RS:\u202f<\/span><\/b><span data-contrast=\"auto\">uma an\u00e1lise estrat\u00e9gica da agroind\u00fastria\u00a0<\/span><span data-contrast=\"auto\">Crochemore<\/span><span data-contrast=\"auto\">.<\/span><b><span data-contrast=\"auto\">\u202f<\/span><\/b><span data-contrast=\"auto\">2016.\u202fPrograma de P\u00f3s-Gradua\u00e7\u00e3o em Desenvolvimento Territorial e Sistemas Agroindustriais da Universidade Federal de Pelotas.<\/span><span data-ccp-props=\"{&quot;201341983&quot;:0,&quot;335551550&quot;:6,&quot;335551620&quot;:6,&quot;335559739&quot;:160,&quot;335559740&quot;:240}\">\u00a0<\/span><\/p>\n<p><span data-ccp-props=\"{&quot;201341983&quot;:0,&quot;335551550&quot;:6,&quot;335551620&quot;:6,&quot;335559739&quot;:160,&quot;335559740&quot;:240}\">\u00a0<\/span><\/p>\n<p><span data-contrast=\"auto\">PORCI\u00daNCULA, Cristina Russo Geraldes<\/span><b><span data-contrast=\"auto\">. O USO DE INSTRUMENTOS DE RELA\u00c7\u00d5ES P\u00daBLICAS NA CONSTRU\u00c7\u00c3O DA MEM\u00d3RIA INSTITUCIONAL ESTUDO DE CASO FENADOCE\u202f<\/span><\/b><span data-contrast=\"auto\">\u2013 FEIRA NACIONAL DO DOCE.\u202f2008, Porto Alegre. Programa de P\u00f3s\u2013Gradua\u00e7\u00e3o em Comunica\u00e7\u00e3o Social da Pontif\u00edcia Universidade Cat\u00f3lica do Rio Grande do Sul.\u202f<\/span><span data-ccp-props=\"{&quot;201341983&quot;:0,&quot;335551550&quot;:6,&quot;335551620&quot;:6,&quot;335559739&quot;:160,&quot;335559740&quot;:240}\">\u00a0<\/span><\/p>\n<p><span data-ccp-props=\"{&quot;201341983&quot;:0,&quot;335551550&quot;:6,&quot;335551620&quot;:6,&quot;335559739&quot;:160,&quot;335559740&quot;:240}\">\u00a0<\/span><\/p>\n<p><span data-contrast=\"auto\">SANTOS, Roberta.\u202f<\/span><b><span data-contrast=\"auto\">AN\u00c1LISE TIPOLOGICA E O PATRIM\u00d4NIO INDUSTRIAL:\u202f\u202f<\/span><\/b><span data-contrast=\"auto\">Estudo de f\u00e1bricas doceiras na zona rural de Pelotas, Rs<\/span><b><span data-contrast=\"auto\">.<\/span><\/b><span data-contrast=\"auto\">\u202f2011.\u00a0<\/span><span data-contrast=\"auto\">Programa de P\u00f3s-Gradua\u00e7\u00e3o em Mem\u00f3ria Social e Patrim\u00f4nio Cultural da Universidade Federal de Pelotas.<\/span><span data-ccp-props=\"{&quot;201341983&quot;:0,&quot;335551550&quot;:6,&quot;335551620&quot;:6,&quot;335559739&quot;:160,&quot;335559740&quot;:240}\">\u00a0<\/span><\/p>\n<p><span data-ccp-props=\"{&quot;201341983&quot;:0,&quot;335551550&quot;:6,&quot;335551620&quot;:6,&quot;335559739&quot;:160,&quot;335559740&quot;:240}\">\u00a0<\/span><\/p>\n<p><span data-contrast=\"auto\">SILVA, Cristiano.\u202f<\/span><b><span data-contrast=\"auto\">Da economia espacial solid\u00e1ria \u00e0 sustentabilidade do Trabalho cidad\u00e3o:\u202f<\/span><\/b><span data-contrast=\"auto\">o doce territ\u00f3rio da autonomia pelotense.\u202f2016. Programa de P\u00f3s-Gradua\u00e7\u00e3o em Geografia da Universidade federal do Rio Grande do Sul.<\/span><span data-ccp-props=\"{&quot;201341983&quot;:0,&quot;335551550&quot;:6,&quot;335551620&quot;:6,&quot;335559739&quot;:160,&quot;335559740&quot;:240}\">\u00a0<\/span><\/p>\n<\/div>\n<\/div><\/div><\/div><\/div><div id=\"pg-1284-1\"  class=\"panel-grid panel-no-style\" ><div id=\"pgc-1284-1-0\"  class=\"panel-grid-cell panel-grid-cell-empty\" ><\/div><\/div><\/div>","protected":false},"excerpt":{"rendered":"<p>BACH, Alcir.\u202fPatrim\u00f4nio Agroindustrial:\u202fInvent\u00e1rio das f\u00e1bricas de compotas de p\u00eassego na \u00e1rea urbana de Pelotas (1950-1990).\u202f 2017. Programa de P\u00f3s-Gradua\u00e7\u00e3o Mem\u00f3ria Social e Patrim\u00f4nio Cultural da Universidade Federal de Pelotas.\u00a0 \u00a0 DUARTE, Veridiana de Vasconcelos.\u202fFENADOCE:\u202frepresenta\u00e7\u00e3o cultural atrav\u00e9s da preserva\u00e7\u00e3o da cultura popular pela m\u00eddia.\u202fMar\u00edlia, 2008. P\u00f3s-gradua\u00e7\u00e3o na\u202fFaculdade de Comunica\u00e7\u00e3o, Educa\u00e7\u00e3o e Turismo, Universidade de Mar\u00edlia.\u00a0 \u00a0 [&hellip;]<\/p>\n","protected":false},"author":1000,"featured_media":0,"parent":0,"menu_order":0,"comment_status":"closed","ping_status":"closed","template":"","meta":{"footnotes":""},"class_list":["post-1284","page","type-page","status-publish","hentry","post"],"jetpack_sharing_enabled":true,"jetpack_likes_enabled":true,"_links":{"self":[{"href":"https:\/\/wp.ufpel.edu.br\/museudodoce\/wp-json\/wp\/v2\/pages\/1284","targetHints":{"allow":["GET"]}}],"collection":[{"href":"https:\/\/wp.ufpel.edu.br\/museudodoce\/wp-json\/wp\/v2\/pages"}],"about":[{"href":"https:\/\/wp.ufpel.edu.br\/museudodoce\/wp-json\/wp\/v2\/types\/page"}],"author":[{"embeddable":true,"href":"https:\/\/wp.ufpel.edu.br\/museudodoce\/wp-json\/wp\/v2\/users\/1000"}],"replies":[{"embeddable":true,"href":"https:\/\/wp.ufpel.edu.br\/museudodoce\/wp-json\/wp\/v2\/comments?post=1284"}],"version-history":[{"count":3,"href":"https:\/\/wp.ufpel.edu.br\/museudodoce\/wp-json\/wp\/v2\/pages\/1284\/revisions"}],"predecessor-version":[{"id":1288,"href":"https:\/\/wp.ufpel.edu.br\/museudodoce\/wp-json\/wp\/v2\/pages\/1284\/revisions\/1288"}],"wp:attachment":[{"href":"https:\/\/wp.ufpel.edu.br\/museudodoce\/wp-json\/wp\/v2\/media?parent=1284"}],"curies":[{"name":"wp","href":"https:\/\/api.w.org\/{rel}","templated":true}]}}