{"id":1277,"date":"2021-06-09T19:08:49","date_gmt":"2021-06-09T22:08:49","guid":{"rendered":"https:\/\/wp.ufpel.edu.br\/museudodoce\/?page_id=1277"},"modified":"2021-06-09T19:10:25","modified_gmt":"2021-06-09T22:10:25","slug":"monografias","status":"publish","type":"page","link":"https:\/\/wp.ufpel.edu.br\/museudodoce\/monografias\/","title":{"rendered":"MONOGRAFIAS"},"content":{"rendered":"<div id=\"pl-1277\"  class=\"panel-layout\" ><div id=\"pg-1277-0\"  class=\"panel-grid panel-no-style\" ><div id=\"pgc-1277-0-0\"  class=\"panel-grid-cell\" ><div id=\"panel-1277-0-0-0\" class=\"so-panel widget widget_sow-headline panel-first-child\" data-index=\"0\" ><div\n\t\t\t\n\t\t\tclass=\"so-widget-sow-headline so-widget-sow-headline-default-6649cea9e56b-1277\"\n\t\t\t\n\t\t><div class=\"sow-headline-container \">\n\t\t\t\t\t\t\t<h3 class=\"sow-headline\">\n\t\t\t\t\t\tMONOGRAFIAS\t\t\t\t\t\t<\/h3>\n\t\t\t\t\t\t<\/div>\n<\/div><\/div><div id=\"panel-1277-0-0-1\" class=\"so-panel widget widget_sow-editor panel-last-child\" data-index=\"1\" ><div\n\t\t\t\n\t\t\tclass=\"so-widget-sow-editor so-widget-sow-editor-base\"\n\t\t\t\n\t\t>\n<div class=\"siteorigin-widget-tinymce textwidget\">\n\t<p><span data-contrast=\"auto\">KOSBY, Mar\u00edlia\u00a0<\/span><span data-contrast=\"auto\">Flo\u00f4r<\/span><span data-contrast=\"auto\">.\u202f<\/span><b><span data-contrast=\"auto\">N\u00f3s cultuamos todas as do\u00e7uras:\u202f<\/span><\/b><span data-contrast=\"auto\">a contribui\u00e7\u00e3o negra para a tradi\u00e7\u00e3o doceira de Pelotas.\u202fPelotas, 2007. 57 f. TCC (Gradua\u00e7\u00e3o em\u00a0<\/span><span data-contrast=\"auto\">Ci\u00eancias Sociais) - Instituto de Sociologia e Pol\u00edtica. Universidade Federal de Pelotas, Pelotas, 2007.<\/span><span data-ccp-props=\"{&quot;201341983&quot;:0,&quot;335551550&quot;:6,&quot;335551620&quot;:6,&quot;335559739&quot;:160,&quot;335559740&quot;:240}\">\u00a0<\/span><\/p>\n<p><span data-ccp-props=\"{&quot;201341983&quot;:0,&quot;335551550&quot;:6,&quot;335551620&quot;:6,&quot;335559739&quot;:160,&quot;335559740&quot;:240}\">\u00a0<\/span><\/p>\n<p><span data-contrast=\"auto\">SILVA, Sabrine Amaral.\u202f<\/span><b><span data-contrast=\"auto\">A import\u00e2ncia da gastronomia doceira como atrativo para o turismo cultural de Pelotas<\/span><\/b><span data-contrast=\"auto\">\u202f\/ RS. Pelotas, 2009. 54 f. TCC (Gradua\u00e7\u00e3o em Turismo) - Faculdade de Administra\u00e7\u00e3o e Turismo, Universidade Federal de Pelotas, Pelotas, 2009<\/span><span data-ccp-props=\"{&quot;201341983&quot;:0,&quot;335551550&quot;:6,&quot;335551620&quot;:6,&quot;335559739&quot;:160,&quot;335559740&quot;:240}\">\u00a0<\/span><\/p>\n<p><span data-ccp-props=\"{&quot;201341983&quot;:0,&quot;335551550&quot;:6,&quot;335551620&quot;:6,&quot;335559739&quot;:160,&quot;335559740&quot;:240}\">\u00a0<\/span><\/p>\n<p><span data-contrast=\"auto\">TRIARCA,<\/span><span data-contrast=\"auto\">\u00a0<\/span><span data-contrast=\"auto\">Ta\u00edza<\/span><span data-contrast=\"auto\">.\u202f<\/span><b><span data-contrast=\"auto\">FENADOCE:\u202f<\/span><\/b><b><span data-contrast=\"auto\">Cultivando e divulgando o patrim\u00f4nio de Pelotas.<\/span><\/b><span data-contrast=\"auto\">\u202f2008. Programa de P\u00f3s-Gradua\u00e7\u00e3o em Artes do Instituto de Artes e Design da Universidade Federal de Pelotas. Dispon\u00edvel em: &lt;\u202fhttps:\/\/wp.ufpel.edu.br\/especializacaoemartesvisuais\/files\/2013\/12\/Luiza-Fabiana-Neitzke-de-Carvalho-%E2%80%93-2005.pdf&gt;.\u202f Acesso em 20 de maio de 2019.<\/span><span data-ccp-props=\"{&quot;201341983&quot;:0,&quot;335551550&quot;:6,&quot;335551620&quot;:6,&quot;335559739&quot;:160,&quot;335559740&quot;:240}\">\u00a0<\/span><\/p>\n<p><span data-ccp-props=\"{&quot;201341983&quot;:0,&quot;335551550&quot;:6,&quot;335551620&quot;:6,&quot;335559739&quot;:160,&quot;335559740&quot;:240}\">\u00a0<\/span><\/p>\n<p><span data-contrast=\"auto\">VALENTE,\u00a0<\/span><span data-contrast=\"auto\">Rochele<\/span><span data-contrast=\"auto\">.\u202f<\/span><b><span data-contrast=\"auto\">O Doce Patrim\u00f4nio \u2013\u202f<\/span><\/b><b><span data-contrast=\"auto\">Implementa\u00e7\u00e3o e Atividades no Museu do Doce da\u00a0<\/span><\/b><b><span data-contrast=\"auto\">UFPel<\/span><\/b><span data-contrast=\"auto\">.\u202f2017, 48 f.\u202f Trabalho de Conclus\u00e3o de Curso, Bacharelado em Museologia, Universidade Federal de Pelotas. Pelotas-Rs.<\/span><span data-ccp-props=\"{&quot;201341983&quot;:0,&quot;335551550&quot;:6,&quot;335551620&quot;:6,&quot;335559739&quot;:160,&quot;335559740&quot;:240}\">\u00a0<\/span><\/p>\n<\/div>\n<\/div><\/div><\/div><\/div><div id=\"pg-1277-1\"  class=\"panel-grid panel-no-style\" ><div id=\"pgc-1277-1-0\"  class=\"panel-grid-cell panel-grid-cell-empty\" ><\/div><\/div><\/div>","protected":false},"excerpt":{"rendered":"<p>KOSBY, Mar\u00edlia\u00a0Flo\u00f4r.\u202fN\u00f3s cultuamos todas as do\u00e7uras:\u202fa contribui\u00e7\u00e3o negra para a tradi\u00e7\u00e3o doceira de Pelotas.\u202fPelotas, 2007. 57 f. TCC (Gradua\u00e7\u00e3o em\u00a0Ci\u00eancias Sociais) &#8211; Instituto de Sociologia e Pol\u00edtica. Universidade Federal de Pelotas, Pelotas, 2007.\u00a0 \u00a0 SILVA, Sabrine Amaral.\u202fA import\u00e2ncia da gastronomia doceira como atrativo para o turismo cultural de Pelotas\u202f\/ RS. Pelotas, 2009. 54 f. TCC [&hellip;]<\/p>\n","protected":false},"author":1000,"featured_media":0,"parent":0,"menu_order":0,"comment_status":"closed","ping_status":"closed","template":"","meta":{"footnotes":""},"class_list":["post-1277","page","type-page","status-publish","hentry","post"],"jetpack_sharing_enabled":true,"jetpack_likes_enabled":true,"_links":{"self":[{"href":"https:\/\/wp.ufpel.edu.br\/museudodoce\/wp-json\/wp\/v2\/pages\/1277","targetHints":{"allow":["GET"]}}],"collection":[{"href":"https:\/\/wp.ufpel.edu.br\/museudodoce\/wp-json\/wp\/v2\/pages"}],"about":[{"href":"https:\/\/wp.ufpel.edu.br\/museudodoce\/wp-json\/wp\/v2\/types\/page"}],"author":[{"embeddable":true,"href":"https:\/\/wp.ufpel.edu.br\/museudodoce\/wp-json\/wp\/v2\/users\/1000"}],"replies":[{"embeddable":true,"href":"https:\/\/wp.ufpel.edu.br\/museudodoce\/wp-json\/wp\/v2\/comments?post=1277"}],"version-history":[{"count":6,"href":"https:\/\/wp.ufpel.edu.br\/museudodoce\/wp-json\/wp\/v2\/pages\/1277\/revisions"}],"predecessor-version":[{"id":1307,"href":"https:\/\/wp.ufpel.edu.br\/museudodoce\/wp-json\/wp\/v2\/pages\/1277\/revisions\/1307"}],"wp:attachment":[{"href":"https:\/\/wp.ufpel.edu.br\/museudodoce\/wp-json\/wp\/v2\/media?parent=1277"}],"curies":[{"name":"wp","href":"https:\/\/api.w.org\/{rel}","templated":true}]}}