{"id":1107,"date":"2020-12-21T15:14:46","date_gmt":"2020-12-21T18:14:46","guid":{"rendered":"https:\/\/wp.ufpel.edu.br\/museudodoce\/?page_id=1107"},"modified":"2020-12-21T15:23:43","modified_gmt":"2020-12-21T18:23:43","slug":"fotos-para-ouvir","status":"publish","type":"page","link":"https:\/\/wp.ufpel.edu.br\/museudodoce\/fotos-para-ouvir\/","title":{"rendered":"FOTOS PARA OUVIR"},"content":{"rendered":"<div id=\"pl-1107\"  class=\"panel-layout\" ><div id=\"pg-1107-0\"  class=\"panel-grid panel-no-style\" ><div id=\"pgc-1107-0-0\"  class=\"panel-grid-cell\" ><div id=\"panel-1107-0-0-0\" class=\"so-panel widget widget_sow-headline panel-first-child\" data-index=\"0\" ><div\n\t\t\t\n\t\t\tclass=\"so-widget-sow-headline so-widget-sow-headline-default-6649cea9e56b-1107\"\n\t\t\t\n\t\t><div class=\"sow-headline-container \">\n\t\t\t\t\t\t\t<h3 class=\"sow-headline\">\n\t\t\t\t\t\tFOTOS PARA OUVIR\t\t\t\t\t\t<\/h3>\n\t\t\t\t\t\t<\/div>\n<\/div><\/div><div id=\"panel-1107-0-0-1\" class=\"so-panel widget widget_sow-editor panel-last-child\" data-index=\"1\" ><div\n\t\t\t\n\t\t\tclass=\"so-widget-sow-editor so-widget-sow-editor-base\"\n\t\t\t\n\t\t>\n<div class=\"siteorigin-widget-tinymce textwidget\">\n\t<p style=\"text-align: justify\">Durante a Primavera dos Museus da UFPel, edi\u00e7\u00e3o 2020, foram desenvolvidas atividades em torno do tema gerador do evento: Mundo Digital - Museus em tranforma\u00e7\u00e3o. A partir dessa proposta o Museu do Doce integrou-se as atividades desenvolvidas pela Rede de Museus da UFPel tendo participado do projeto \"Museus para ouvir\".<br \/>\nEntre 21 e 27 de setembro foram veiculados spots com cerca de tr\u00eas minutos de dura\u00e7\u00e3o na R\u00e1dio Federal FM com audiodescri\u00e7\u00e3o de pe\u00e7as dos acervos dos museus da UFPel, dentre eles do Museu do Doce. Convidamos voc\u00ea a explorar abaixo os spots referentes ao acervo do Museu do Doce. Aproveite a oportunidade para conhecer mais sobre as tradi\u00e7\u00f5es doceiras de Pelotas, assim como itens relativos a essa manifesta\u00e7\u00e3o do patrim\u00f4nio cultural imaterial brasileiro, por meio dessa estrat\u00e9gia que promove tamb\u00e9m a acessibilidade cultural.<\/p>\n<\/div>\n<\/div><\/div><\/div><\/div><div id=\"pg-1107-1\"  class=\"panel-grid panel-no-style\" ><div id=\"pgc-1107-1-0\"  class=\"panel-grid-cell\" ><div id=\"panel-1107-1-0-0\" class=\"so-panel widget widget_sow-image panel-first-child panel-last-child\" data-index=\"2\" ><div\n\t\t\t\n\t\t\tclass=\"so-widget-sow-image so-widget-sow-image-default-8b5b6f678277-1107\"\n\t\t\t\n\t\t>\n<div class=\"sow-image-container\">\n\t\t<img \n\tsrc=\"https:\/\/wp.ufpel.edu.br\/museudodoce\/files\/2020\/12\/Prancheta-1-1.png\" width=\"480\" height=\"480\" srcset=\"https:\/\/wp.ufpel.edu.br\/museudodoce\/files\/2020\/12\/Prancheta-1-1.png 480w, https:\/\/wp.ufpel.edu.br\/museudodoce\/files\/2020\/12\/Prancheta-1-1-318x318.png 318w, https:\/\/wp.ufpel.edu.br\/museudodoce\/files\/2020\/12\/Prancheta-1-1-159x159.png 159w\" sizes=\"(max-width: 480px) 100vw, 480px\" title=\"Prancheta 1\" alt=\"\" \t\tclass=\"so-widget-image\"\/>\n\t<\/div>\n\n<\/div><\/div><\/div><div id=\"pgc-1107-1-1\"  class=\"panel-grid-cell\" ><div id=\"panel-1107-1-1-0\" class=\"so-panel widget widget_sow-editor panel-first-child\" data-index=\"3\" ><div\n\t\t\t\n\t\t\tclass=\"so-widget-sow-editor so-widget-sow-editor-base\"\n\t\t\t\n\t\t>\n<div class=\"siteorigin-widget-tinymce textwidget\">\n\t<p><span style=\"font-size: 14pt\"><strong>Uma c\u00e9lebre doceira em sem ambiente de trabalho.<\/strong><\/span><\/p>\n<\/div>\n<\/div><\/div><div id=\"panel-1107-1-1-1\" class=\"so-panel widget widget_media_audio panel-last-child\" data-index=\"4\" ><audio class=\"wp-audio-shortcode\" id=\"audio-1107-1\" preload=\"none\" style=\"width: 100%;\" controls=\"controls\"><source type=\"audio\/mpeg\" src=\"https:\/\/wp.ufpel.edu.br\/museudodoce\/files\/2020\/12\/RETRATO-09.mp3?_=1\" \/><source type=\"audio\/mpeg\" src=\"https:\/\/wp.ufpel.edu.br\/museudodoce\/files\/2020\/12\/RETRATO-09.mp3?_=1\" \/><a href=\"https:\/\/wp.ufpel.edu.br\/museudodoce\/files\/2020\/12\/RETRATO-09.mp3\">https:\/\/wp.ufpel.edu.br\/museudodoce\/files\/2020\/12\/RETRATO-09.mp3<\/a><\/audio><\/div><\/div><\/div><div id=\"pg-1107-2\"  class=\"panel-grid panel-no-style\" ><div id=\"pgc-1107-2-0\"  class=\"panel-grid-cell\" ><div id=\"panel-1107-2-0-0\" class=\"so-panel widget widget_sow-image panel-first-child panel-last-child\" data-index=\"5\" ><div\n\t\t\t\n\t\t\tclass=\"so-widget-sow-image so-widget-sow-image-default-8b5b6f678277-1107\"\n\t\t\t\n\t\t>\n<div class=\"sow-image-container\">\n\t\t<img \n\tsrc=\"https:\/\/wp.ufpel.edu.br\/museudodoce\/files\/2020\/12\/Prancheta-2-1.png\" width=\"480\" height=\"480\" srcset=\"https:\/\/wp.ufpel.edu.br\/museudodoce\/files\/2020\/12\/Prancheta-2-1.png 480w, https:\/\/wp.ufpel.edu.br\/museudodoce\/files\/2020\/12\/Prancheta-2-1-318x318.png 318w, https:\/\/wp.ufpel.edu.br\/museudodoce\/files\/2020\/12\/Prancheta-2-1-159x159.png 159w\" sizes=\"(max-width: 480px) 100vw, 480px\" title=\"Prancheta 2\" alt=\"\" \t\tclass=\"so-widget-image\"\/>\n\t<\/div>\n\n<\/div><\/div><\/div><div id=\"pgc-1107-2-1\"  class=\"panel-grid-cell\" ><div id=\"panel-1107-2-1-0\" class=\"so-panel widget widget_sow-editor panel-first-child\" data-index=\"6\" ><div\n\t\t\t\n\t\t\tclass=\"so-widget-sow-editor so-widget-sow-editor-base\"\n\t\t\t\n\t\t>\n<div class=\"siteorigin-widget-tinymce textwidget\">\n\t<p><span style=\"font-size: 14pt\"><strong>Quando campe\u00f5es provam o doce de Pelotas.<\/strong><\/span><\/p>\n<\/div>\n<\/div><\/div><div id=\"panel-1107-2-1-1\" class=\"so-panel widget widget_media_audio panel-last-child\" data-index=\"7\" ><audio class=\"wp-audio-shortcode\" id=\"audio-1107-2\" preload=\"none\" style=\"width: 100%;\" controls=\"controls\"><source type=\"audio\/mpeg\" src=\"https:\/\/wp.ufpel.edu.br\/museudodoce\/files\/2020\/12\/RETRATO-10.mp3?_=2\" \/><source type=\"audio\/mpeg\" src=\"https:\/\/wp.ufpel.edu.br\/museudodoce\/files\/2020\/12\/RETRATO-10.mp3?_=2\" \/><a href=\"https:\/\/wp.ufpel.edu.br\/museudodoce\/files\/2020\/12\/RETRATO-10.mp3\">https:\/\/wp.ufpel.edu.br\/museudodoce\/files\/2020\/12\/RETRATO-10.mp3<\/a><\/audio><\/div><\/div><\/div><div id=\"pg-1107-3\"  class=\"panel-grid panel-no-style\" ><div id=\"pgc-1107-3-0\"  class=\"panel-grid-cell\" ><div id=\"panel-1107-3-0-0\" class=\"so-panel widget widget_sow-image panel-first-child panel-last-child\" data-index=\"8\" ><div\n\t\t\t\n\t\t\tclass=\"so-widget-sow-image so-widget-sow-image-default-8b5b6f678277-1107\"\n\t\t\t\n\t\t>\n<div class=\"sow-image-container\">\n\t\t<img \n\tsrc=\"https:\/\/wp.ufpel.edu.br\/museudodoce\/files\/2020\/12\/Prancheta-3-1.png\" width=\"480\" height=\"480\" srcset=\"https:\/\/wp.ufpel.edu.br\/museudodoce\/files\/2020\/12\/Prancheta-3-1.png 480w, https:\/\/wp.ufpel.edu.br\/museudodoce\/files\/2020\/12\/Prancheta-3-1-318x318.png 318w, https:\/\/wp.ufpel.edu.br\/museudodoce\/files\/2020\/12\/Prancheta-3-1-159x159.png 159w\" sizes=\"(max-width: 480px) 100vw, 480px\" title=\"Prancheta 3\" alt=\"\" \t\tclass=\"so-widget-image\"\/>\n\t<\/div>\n\n<\/div><\/div><\/div><div id=\"pgc-1107-3-1\"  class=\"panel-grid-cell\" ><div id=\"panel-1107-3-1-0\" class=\"so-panel widget widget_sow-editor panel-first-child\" data-index=\"9\" ><div\n\t\t\t\n\t\t\tclass=\"so-widget-sow-editor so-widget-sow-editor-base\"\n\t\t\t\n\t\t>\n<div class=\"siteorigin-widget-tinymce textwidget\">\n\t<p><span style=\"font-size: 14pt\"><strong>Os princ\u00edpios da comercializa\u00e7\u00e3o do doce em Pelotas.<\/strong><\/span><\/p>\n<\/div>\n<\/div><\/div><div id=\"panel-1107-3-1-1\" class=\"so-panel widget widget_media_audio panel-last-child\" data-index=\"10\" ><audio class=\"wp-audio-shortcode\" id=\"audio-1107-3\" preload=\"none\" style=\"width: 100%;\" controls=\"controls\"><source type=\"audio\/mpeg\" src=\"https:\/\/wp.ufpel.edu.br\/museudodoce\/files\/2020\/12\/RETRATO-11.mp3?_=3\" \/><source type=\"audio\/mpeg\" src=\"https:\/\/wp.ufpel.edu.br\/museudodoce\/files\/2020\/12\/RETRATO-11.mp3?_=3\" \/><a href=\"https:\/\/wp.ufpel.edu.br\/museudodoce\/files\/2020\/12\/RETRATO-11.mp3\">https:\/\/wp.ufpel.edu.br\/museudodoce\/files\/2020\/12\/RETRATO-11.mp3<\/a><\/audio><\/div><\/div><\/div><div id=\"pg-1107-4\"  class=\"panel-grid panel-no-style\" ><div id=\"pgc-1107-4-0\"  class=\"panel-grid-cell\" ><div id=\"panel-1107-4-0-0\" class=\"so-panel widget widget_sow-image panel-first-child panel-last-child\" data-index=\"11\" ><div\n\t\t\t\n\t\t\tclass=\"so-widget-sow-image so-widget-sow-image-default-8b5b6f678277-1107\"\n\t\t\t\n\t\t>\n<div class=\"sow-image-container\">\n\t\t<img \n\tsrc=\"https:\/\/wp.ufpel.edu.br\/museudodoce\/files\/2020\/12\/Prancheta-4-1.png\" width=\"480\" height=\"480\" srcset=\"https:\/\/wp.ufpel.edu.br\/museudodoce\/files\/2020\/12\/Prancheta-4-1.png 480w, https:\/\/wp.ufpel.edu.br\/museudodoce\/files\/2020\/12\/Prancheta-4-1-318x318.png 318w, https:\/\/wp.ufpel.edu.br\/museudodoce\/files\/2020\/12\/Prancheta-4-1-159x159.png 159w\" sizes=\"(max-width: 480px) 100vw, 480px\" title=\"Prancheta 4\" alt=\"\" \t\tclass=\"so-widget-image\"\/>\n\t<\/div>\n\n<\/div><\/div><\/div><div id=\"pgc-1107-4-1\"  class=\"panel-grid-cell\" ><div id=\"panel-1107-4-1-0\" class=\"so-panel widget widget_sow-editor panel-first-child\" data-index=\"12\" ><div\n\t\t\t\n\t\t\tclass=\"so-widget-sow-editor so-widget-sow-editor-base\"\n\t\t\t\n\t\t>\n<div class=\"siteorigin-widget-tinymce textwidget\">\n\t<p><strong><span style=\"font-size: 14pt\">Agroind\u00fastria e feiras em Pelotas.<\/span><\/strong><\/p>\n<\/div>\n<\/div><\/div><div id=\"panel-1107-4-1-1\" class=\"so-panel widget widget_media_audio panel-last-child\" data-index=\"13\" ><audio class=\"wp-audio-shortcode\" id=\"audio-1107-4\" preload=\"none\" style=\"width: 100%;\" controls=\"controls\"><source type=\"audio\/mpeg\" src=\"https:\/\/wp.ufpel.edu.br\/museudodoce\/files\/2020\/12\/RETRATO-12.mp3?_=4\" \/><source type=\"audio\/mpeg\" src=\"https:\/\/wp.ufpel.edu.br\/museudodoce\/files\/2020\/12\/RETRATO-12.mp3?_=4\" \/><a href=\"https:\/\/wp.ufpel.edu.br\/museudodoce\/files\/2020\/12\/RETRATO-12.mp3\">https:\/\/wp.ufpel.edu.br\/museudodoce\/files\/2020\/12\/RETRATO-12.mp3<\/a><\/audio><\/div><\/div><\/div><div id=\"pg-1107-5\"  class=\"panel-grid panel-no-style\" ><div id=\"pgc-1107-5-0\"  class=\"panel-grid-cell\" ><div id=\"panel-1107-5-0-0\" class=\"so-panel widget widget_sow-image panel-first-child panel-last-child\" data-index=\"14\" ><div\n\t\t\t\n\t\t\tclass=\"so-widget-sow-image so-widget-sow-image-default-8b5b6f678277-1107\"\n\t\t\t\n\t\t>\n<div class=\"sow-image-container\">\n\t\t<img \n\tsrc=\"https:\/\/wp.ufpel.edu.br\/museudodoce\/files\/2020\/12\/Prancheta-5-1.png\" width=\"480\" height=\"480\" srcset=\"https:\/\/wp.ufpel.edu.br\/museudodoce\/files\/2020\/12\/Prancheta-5-1.png 480w, https:\/\/wp.ufpel.edu.br\/museudodoce\/files\/2020\/12\/Prancheta-5-1-318x318.png 318w, https:\/\/wp.ufpel.edu.br\/museudodoce\/files\/2020\/12\/Prancheta-5-1-159x159.png 159w\" sizes=\"(max-width: 480px) 100vw, 480px\" title=\"Prancheta 5\" alt=\"\" \t\tclass=\"so-widget-image\"\/>\n\t<\/div>\n\n<\/div><\/div><\/div><div id=\"pgc-1107-5-1\"  class=\"panel-grid-cell\" ><div id=\"panel-1107-5-1-0\" class=\"so-panel widget widget_sow-editor panel-first-child\" data-index=\"15\" ><div\n\t\t\t\n\t\t\tclass=\"so-widget-sow-editor so-widget-sow-editor-base\"\n\t\t\t\n\t\t>\n<div class=\"siteorigin-widget-tinymce textwidget\">\n\t<p><strong><span style=\"font-size: 14pt\">Trabalho e cotidiano na ind\u00fastria conserveira de Pelotas.<\/span><\/strong><\/p>\n<\/div>\n<\/div><\/div><div id=\"panel-1107-5-1-1\" class=\"so-panel widget widget_media_audio panel-last-child\" data-index=\"16\" ><audio class=\"wp-audio-shortcode\" id=\"audio-1107-5\" preload=\"none\" style=\"width: 100%;\" controls=\"controls\"><source type=\"audio\/mpeg\" src=\"https:\/\/wp.ufpel.edu.br\/museudodoce\/files\/2020\/12\/RETRATO-13.mp3?_=5\" \/><source type=\"audio\/mpeg\" src=\"https:\/\/wp.ufpel.edu.br\/museudodoce\/files\/2020\/12\/RETRATO-13.mp3?_=5\" \/><a href=\"https:\/\/wp.ufpel.edu.br\/museudodoce\/files\/2020\/12\/RETRATO-13.mp3\">https:\/\/wp.ufpel.edu.br\/museudodoce\/files\/2020\/12\/RETRATO-13.mp3<\/a><\/audio><\/div><\/div><\/div><div id=\"pg-1107-6\"  class=\"panel-grid panel-no-style\" ><div id=\"pgc-1107-6-0\"  class=\"panel-grid-cell\" ><div id=\"panel-1107-6-0-0\" class=\"so-panel widget widget_sow-image panel-first-child panel-last-child\" data-index=\"17\" ><div\n\t\t\t\n\t\t\tclass=\"so-widget-sow-image so-widget-sow-image-default-8b5b6f678277-1107\"\n\t\t\t\n\t\t>\n<div class=\"sow-image-container\">\n\t\t<img \n\tsrc=\"https:\/\/wp.ufpel.edu.br\/museudodoce\/files\/2020\/12\/Prancheta-6-1.png\" width=\"480\" height=\"480\" srcset=\"https:\/\/wp.ufpel.edu.br\/museudodoce\/files\/2020\/12\/Prancheta-6-1.png 480w, https:\/\/wp.ufpel.edu.br\/museudodoce\/files\/2020\/12\/Prancheta-6-1-318x318.png 318w, https:\/\/wp.ufpel.edu.br\/museudodoce\/files\/2020\/12\/Prancheta-6-1-159x159.png 159w\" sizes=\"(max-width: 480px) 100vw, 480px\" title=\"Prancheta 6\" alt=\"\" \t\tclass=\"so-widget-image\"\/>\n\t<\/div>\n\n<\/div><\/div><\/div><div id=\"pgc-1107-6-1\"  class=\"panel-grid-cell\" ><div id=\"panel-1107-6-1-0\" class=\"so-panel widget widget_sow-editor panel-first-child\" data-index=\"18\" ><div\n\t\t\t\n\t\t\tclass=\"so-widget-sow-editor so-widget-sow-editor-base\"\n\t\t\t\n\t\t>\n<div class=\"siteorigin-widget-tinymce textwidget\">\n\t<p><span style=\"font-size: 14pt\"><strong>Os ciclos de produ\u00e7\u00e3o do p\u00eassego: a colheita.<\/strong><\/span><\/p>\n<\/div>\n<\/div><\/div><div id=\"panel-1107-6-1-1\" class=\"so-panel widget widget_media_audio panel-last-child\" data-index=\"19\" ><audio class=\"wp-audio-shortcode\" id=\"audio-1107-6\" preload=\"none\" style=\"width: 100%;\" controls=\"controls\"><source type=\"audio\/mpeg\" src=\"https:\/\/wp.ufpel.edu.br\/museudodoce\/files\/2020\/12\/RETRATO-14.mp3?_=6\" \/><source type=\"audio\/mpeg\" src=\"https:\/\/wp.ufpel.edu.br\/museudodoce\/files\/2020\/12\/RETRATO-14.mp3?_=6\" \/><a href=\"https:\/\/wp.ufpel.edu.br\/museudodoce\/files\/2020\/12\/RETRATO-14.mp3\">https:\/\/wp.ufpel.edu.br\/museudodoce\/files\/2020\/12\/RETRATO-14.mp3<\/a><\/audio><\/div><\/div><\/div><div id=\"pg-1107-7\"  class=\"panel-grid panel-no-style\" ><div id=\"pgc-1107-7-0\"  class=\"panel-grid-cell\" ><div id=\"panel-1107-7-0-0\" class=\"so-panel widget widget_sow-image panel-first-child panel-last-child\" data-index=\"20\" ><div\n\t\t\t\n\t\t\tclass=\"so-widget-sow-image so-widget-sow-image-default-8b5b6f678277-1107\"\n\t\t\t\n\t\t>\n<div class=\"sow-image-container\">\n\t\t<img \n\tsrc=\"https:\/\/wp.ufpel.edu.br\/museudodoce\/files\/2020\/12\/Prancheta-7.png\" width=\"480\" height=\"480\" srcset=\"https:\/\/wp.ufpel.edu.br\/museudodoce\/files\/2020\/12\/Prancheta-7.png 480w, https:\/\/wp.ufpel.edu.br\/museudodoce\/files\/2020\/12\/Prancheta-7-318x318.png 318w, https:\/\/wp.ufpel.edu.br\/museudodoce\/files\/2020\/12\/Prancheta-7-159x159.png 159w\" sizes=\"(max-width: 480px) 100vw, 480px\" title=\"Prancheta 7\" alt=\"\" \t\tclass=\"so-widget-image\"\/>\n\t<\/div>\n\n<\/div><\/div><\/div><div id=\"pgc-1107-7-1\"  class=\"panel-grid-cell\" ><div id=\"panel-1107-7-1-0\" class=\"so-panel widget widget_sow-editor panel-first-child\" data-index=\"21\" ><div\n\t\t\t\n\t\t\tclass=\"so-widget-sow-editor so-widget-sow-editor-base\"\n\t\t\t\n\t\t>\n<div class=\"siteorigin-widget-tinymce textwidget\">\n\t<p><span style=\"font-size: 14pt\"><strong>As doceiras negras e a origem das tradi\u00e7\u00f5es.<\/strong><\/span><\/p>\n<\/div>\n<\/div><\/div><div id=\"panel-1107-7-1-1\" class=\"so-panel widget widget_media_audio panel-last-child\" data-index=\"22\" ><audio class=\"wp-audio-shortcode\" id=\"audio-1107-7\" preload=\"none\" style=\"width: 100%;\" controls=\"controls\"><source type=\"audio\/mpeg\" src=\"https:\/\/wp.ufpel.edu.br\/museudodoce\/files\/2020\/12\/RETRATO-15.mp3?_=7\" \/><source type=\"audio\/mpeg\" src=\"https:\/\/wp.ufpel.edu.br\/museudodoce\/files\/2020\/12\/RETRATO-15.mp3?_=7\" \/><a href=\"https:\/\/wp.ufpel.edu.br\/museudodoce\/files\/2020\/12\/RETRATO-15.mp3\">https:\/\/wp.ufpel.edu.br\/museudodoce\/files\/2020\/12\/RETRATO-15.mp3<\/a><\/audio><\/div><\/div><\/div><div id=\"pg-1107-8\"  class=\"panel-grid panel-no-style\" ><div id=\"pgc-1107-8-0\"  class=\"panel-grid-cell\" ><div id=\"panel-1107-8-0-0\" class=\"so-panel widget widget_sow-image panel-first-child panel-last-child\" data-index=\"23\" ><div\n\t\t\t\n\t\t\tclass=\"so-widget-sow-image so-widget-sow-image-default-8b5b6f678277-1107\"\n\t\t\t\n\t\t>\n<div class=\"sow-image-container\">\n\t\t<img \n\tsrc=\"https:\/\/wp.ufpel.edu.br\/museudodoce\/files\/2020\/12\/Prancheta-8.png\" width=\"480\" height=\"480\" srcset=\"https:\/\/wp.ufpel.edu.br\/museudodoce\/files\/2020\/12\/Prancheta-8.png 480w, https:\/\/wp.ufpel.edu.br\/museudodoce\/files\/2020\/12\/Prancheta-8-318x318.png 318w, https:\/\/wp.ufpel.edu.br\/museudodoce\/files\/2020\/12\/Prancheta-8-159x159.png 159w\" sizes=\"(max-width: 480px) 100vw, 480px\" title=\"Prancheta 8\" alt=\"\" \t\tclass=\"so-widget-image\"\/>\n\t<\/div>\n\n<\/div><\/div><\/div><div id=\"pgc-1107-8-1\"  class=\"panel-grid-cell\" ><div id=\"panel-1107-8-1-0\" class=\"so-panel widget widget_sow-editor panel-first-child\" data-index=\"24\" ><div\n\t\t\t\n\t\t\tclass=\"so-widget-sow-editor so-widget-sow-editor-base\"\n\t\t\t\n\t\t>\n<div class=\"siteorigin-widget-tinymce textwidget\">\n\t<p><span style=\"font-size: 14pt\"><strong>Esse popular expositor de caramelos.<\/strong><\/span><\/p>\n<\/div>\n<\/div><\/div><div id=\"panel-1107-8-1-1\" class=\"so-panel widget widget_media_audio panel-last-child\" data-index=\"25\" ><audio class=\"wp-audio-shortcode\" id=\"audio-1107-8\" preload=\"none\" style=\"width: 100%;\" controls=\"controls\"><source type=\"audio\/mpeg\" src=\"https:\/\/wp.ufpel.edu.br\/museudodoce\/files\/2020\/12\/RETRATO-16.mp3?_=8\" \/><source type=\"audio\/mpeg\" src=\"https:\/\/wp.ufpel.edu.br\/museudodoce\/files\/2020\/12\/RETRATO-16.mp3?_=8\" \/><a href=\"https:\/\/wp.ufpel.edu.br\/museudodoce\/files\/2020\/12\/RETRATO-16.mp3\">https:\/\/wp.ufpel.edu.br\/museudodoce\/files\/2020\/12\/RETRATO-16.mp3<\/a><\/audio><\/div><\/div><\/div><\/div>","protected":false},"excerpt":{"rendered":"<p>Durante a Primavera dos Museus da UFPel, edi\u00e7\u00e3o 2020, foram desenvolvidas atividades em torno do tema gerador do evento: Mundo Digital &#8211; Museus em tranforma\u00e7\u00e3o. A partir dessa proposta o Museu do Doce integrou-se as atividades desenvolvidas pela Rede de Museus da UFPel tendo participado do projeto &#8220;Museus para ouvir&#8221;. Entre 21 e 27 de [&hellip;]<\/p>\n","protected":false},"author":1000,"featured_media":0,"parent":0,"menu_order":0,"comment_status":"closed","ping_status":"closed","template":"","meta":{"footnotes":""},"class_list":["post-1107","page","type-page","status-publish","hentry","post"],"jetpack_sharing_enabled":true,"jetpack_likes_enabled":true,"_links":{"self":[{"href":"https:\/\/wp.ufpel.edu.br\/museudodoce\/wp-json\/wp\/v2\/pages\/1107","targetHints":{"allow":["GET"]}}],"collection":[{"href":"https:\/\/wp.ufpel.edu.br\/museudodoce\/wp-json\/wp\/v2\/pages"}],"about":[{"href":"https:\/\/wp.ufpel.edu.br\/museudodoce\/wp-json\/wp\/v2\/types\/page"}],"author":[{"embeddable":true,"href":"https:\/\/wp.ufpel.edu.br\/museudodoce\/wp-json\/wp\/v2\/users\/1000"}],"replies":[{"embeddable":true,"href":"https:\/\/wp.ufpel.edu.br\/museudodoce\/wp-json\/wp\/v2\/comments?post=1107"}],"version-history":[{"count":10,"href":"https:\/\/wp.ufpel.edu.br\/museudodoce\/wp-json\/wp\/v2\/pages\/1107\/revisions"}],"predecessor-version":[{"id":1135,"href":"https:\/\/wp.ufpel.edu.br\/museudodoce\/wp-json\/wp\/v2\/pages\/1107\/revisions\/1135"}],"wp:attachment":[{"href":"https:\/\/wp.ufpel.edu.br\/museudodoce\/wp-json\/wp\/v2\/media?parent=1107"}],"curies":[{"name":"wp","href":"https:\/\/api.w.org\/{rel}","templated":true}]}}