{"id":901,"date":"2020-09-08T11:18:06","date_gmt":"2020-09-08T14:18:06","guid":{"rendered":"https:\/\/wp.ufpel.edu.br\/museudesolosrochaseminerais\/?page_id=901"},"modified":"2021-03-01T12:26:19","modified_gmt":"2021-03-01T15:26:19","slug":"terra-preta-de-indio","status":"publish","type":"page","link":"https:\/\/wp.ufpel.edu.br\/museudesolosrochaseminerais\/monolitos\/terra-preta-de-indio\/","title":{"rendered":"Terra Preta de \u00cdndio"},"content":{"rendered":"<div id=\"pl-901\"  class=\"panel-layout\" ><div id=\"pg-901-0\"  class=\"panel-grid panel-no-style\" ><div id=\"pgc-901-0-0\"  class=\"panel-grid-cell\" ><div id=\"panel-901-0-0-0\" class=\"so-panel widget widget_sow-editor panel-first-child panel-last-child\" data-index=\"0\" ><div\n\t\t\t\n\t\t\tclass=\"so-widget-sow-editor so-widget-sow-editor-base\"\n\t\t\t\n\t\t>\n<div class=\"siteorigin-widget-tinymce textwidget\">\n\t<p dir=\"ltr\">Terras Pretas de \u00cdndio (TPI) \u00e9 a denomina\u00e7\u00e3o regional na Amaz\u00f4nia para os solos que apresentam horizontes superficiais escuros. Estudos demonstraram que a origem destes horizontes \u00e9 antr\u00f3pica (resultante de a\u00e7\u00e3o humana), ocasionada principalmente pelo ac\u00famulo de res\u00edduos org\u00e2nicos e uso do fogo na sua carboniza\u00e7\u00e3o. As TPIs apresentam tamb\u00e9m elevada fertilidade, contrastando com os solos adjacentes, destacando-se os altos teores de f\u00f3sforo, c\u00e1lcio, zinco e mangan\u00eas, al\u00e9m dos elevados estoques de carbono org\u00e2nico nestes solos, com estimativa de at\u00e9 cem vezes superiores aos solos adjacentes. As TPIs tamb\u00e9m se caracterizam por apresentarem artefatos cer\u00e2micos pr\u00e9-colombianos, corroborando sua origem antr\u00f3pica.<\/p>\n<h6 style=\"text-align: right\">fonte: Embrapa Amazonas<\/h6>\n\n\t\t<style type=\"text\/css\">\n\t\t\t#gallery-1 {\n\t\t\t\tmargin: auto;\n\t\t\t}\n\t\t\t#gallery-1 .gallery-item {\n\t\t\t\tfloat: left;\n\t\t\t\tmargin-top: 10px;\n\t\t\t\ttext-align: center;\n\t\t\t\twidth: 33%;\n\t\t\t}\n\t\t\t#gallery-1 img {\n\t\t\t\tborder: 2px solid #cfcfcf;\n\t\t\t}\n\t\t\t#gallery-1 .gallery-caption {\n\t\t\t\tmargin-left: 0;\n\t\t\t}\n\t\t\t\/* see gallery_shortcode() in wp-includes\/media.php *\/\n\t\t<\/style>\n\t\t<div id='gallery-1' class='gallery galleryid-901 gallery-columns-3 gallery-size-thumbnail'><dl class='gallery-item'>\n\t\t\t<dt class='gallery-icon portrait'>\n\t\t\t\t<a href='https:\/\/wp.ufpel.edu.br\/museudesolosrochaseminerais\/nanomonolitos\/dsc_0894\/#main'><img loading=\"lazy\" decoding=\"async\" width=\"200\" height=\"200\" src=\"https:\/\/wp.ufpel.edu.br\/museudesolosrochaseminerais\/files\/2021\/03\/DSC_0894-200x200.png\" class=\"attachment-thumbnail size-thumbnail\" alt=\"\" \/><\/a>\n\t\t\t<\/dt><\/dl>\n\t\t\t<br style='clear: both' \/>\n\t\t<\/div>\n\n<p class=\"zfr3Q\" dir=\"ltr\" style=\"text-align: left\">\n<p class=\"zfr3Q\" dir=\"ltr\" style=\"text-align: left\"><strong>Local:<\/strong> Fazenda Caldeir\u00e3o<\/p>\n<p class=\"zfr3Q\" dir=\"ltr\" style=\"text-align: left\">\u00a0<strong>UF:<\/strong> Amazonas<\/p>\n<p class=\"zfr3Q\" dir=\"ltr\" style=\"text-align: left\"><strong>\u00a0Dimens\u00f5es:<\/strong> 10,7cm x 3,7 cm<\/p>\n<p dir=\"ltr\" style=\"text-align: center\"><strong>Acervo hist\u00f3rico do departamento de solos - Ufpel<\/strong><\/p>\n<p dir=\"ltr\">\n<\/div>\n<\/div><\/div><\/div><\/div><\/div>","protected":false},"excerpt":{"rendered":"<p>Terras Pretas de \u00cdndio (TPI) \u00e9 a denomina\u00e7\u00e3o regional na Amaz\u00f4nia para os solos que apresentam horizontes superficiais escuros. Estudos demonstraram que a origem destes horizontes \u00e9 antr\u00f3pica (resultante de a\u00e7\u00e3o humana), ocasionada principalmente pelo ac\u00famulo de res\u00edduos org\u00e2nicos e uso do fogo na sua carboniza\u00e7\u00e3o. As TPIs apresentam tamb\u00e9m elevada fertilidade, contrastando com os [&hellip;]<\/p>\n","protected":false},"author":1048,"featured_media":0,"parent":50,"menu_order":0,"comment_status":"closed","ping_status":"closed","template":"","meta":{"footnotes":""},"class_list":["post-901","page","type-page","status-publish","hentry","post"],"_links":{"self":[{"href":"https:\/\/wp.ufpel.edu.br\/museudesolosrochaseminerais\/wp-json\/wp\/v2\/pages\/901","targetHints":{"allow":["GET"]}}],"collection":[{"href":"https:\/\/wp.ufpel.edu.br\/museudesolosrochaseminerais\/wp-json\/wp\/v2\/pages"}],"about":[{"href":"https:\/\/wp.ufpel.edu.br\/museudesolosrochaseminerais\/wp-json\/wp\/v2\/types\/page"}],"author":[{"embeddable":true,"href":"https:\/\/wp.ufpel.edu.br\/museudesolosrochaseminerais\/wp-json\/wp\/v2\/users\/1048"}],"replies":[{"embeddable":true,"href":"https:\/\/wp.ufpel.edu.br\/museudesolosrochaseminerais\/wp-json\/wp\/v2\/comments?post=901"}],"version-history":[{"count":8,"href":"https:\/\/wp.ufpel.edu.br\/museudesolosrochaseminerais\/wp-json\/wp\/v2\/pages\/901\/revisions"}],"predecessor-version":[{"id":912,"href":"https:\/\/wp.ufpel.edu.br\/museudesolosrochaseminerais\/wp-json\/wp\/v2\/pages\/901\/revisions\/912"}],"up":[{"embeddable":true,"href":"https:\/\/wp.ufpel.edu.br\/museudesolosrochaseminerais\/wp-json\/wp\/v2\/pages\/50"}],"wp:attachment":[{"href":"https:\/\/wp.ufpel.edu.br\/museudesolosrochaseminerais\/wp-json\/wp\/v2\/media?parent=901"}],"curies":[{"name":"wp","href":"https:\/\/api.w.org\/{rel}","templated":true}]}}