{"id":81,"date":"2020-07-17T13:22:50","date_gmt":"2020-07-17T16:22:50","guid":{"rendered":"https:\/\/wp.ufpel.edu.br\/museudesolosrochaseminerais\/?page_id=81"},"modified":"2022-01-20T10:30:24","modified_gmt":"2022-01-20T13:30:24","slug":"pagina-inicial","status":"publish","type":"page","link":"https:\/\/wp.ufpel.edu.br\/museudesolosrochaseminerais\/","title":{"rendered":"P\u00e1gina inicial"},"content":{"rendered":"<div id=\"pl-81\"  class=\"panel-layout\" ><div id=\"pg-81-0\"  class=\"panel-grid panel-no-style\" ><div id=\"pgc-81-0-0\"  class=\"panel-grid-cell\" ><div id=\"panel-81-0-0-0\" class=\"so-panel widget widget_headline-widget panel-first-child panel-last-child\" data-index=\"0\" ><div class=\"panel-widget-style panel-widget-style-for-81-0-0-0\" >\t\t<h1>O museu virtual de solos, rochas e minerais tem o intuito de proporcionar o acesso a informa\u00e7\u00e3o e ao acervo do departamento de solos da Universidade Federal de Pelotas.<\/h1>\n\t\t<div class=\"decoration\"><div class=\"decoration-inside\"><\/div><\/div>\n\t\t<h3><\/h3>\n\t\t<\/div><\/div><\/div><\/div><div id=\"pg-81-1\"  class=\"panel-grid panel-no-style\" ><div id=\"pgc-81-1-0\"  class=\"panel-grid-cell\" ><div id=\"panel-81-1-0-0\" class=\"so-panel widget widget_sow-image panel-first-child panel-last-child\" data-index=\"1\" ><div\n\t\t\t\n\t\t\tclass=\"so-widget-sow-image so-widget-sow-image-default-8b5b6f678277-81\"\n\t\t\t\n\t\t>\n<div class=\"sow-image-container\">\n\t\t\t<a href=\"https:\/\/wp.ufpel.edu.br\/museudesolosrochaseminerais\/monolitos\/solos-do-rio-grande-do-sul\/\"\n\t\t\t\t\t>\n\t\t\t<img \n\tsrc=\"https:\/\/wp.ufpel.edu.br\/museudesolosrochaseminerais\/files\/2022\/01\/Design-sem-nome-200x200.png\" width=\"200\" height=\"200\" srcset=\"https:\/\/wp.ufpel.edu.br\/museudesolosrochaseminerais\/files\/2022\/01\/Design-sem-nome-200x200.png 200w, https:\/\/wp.ufpel.edu.br\/museudesolosrochaseminerais\/files\/2022\/01\/Design-sem-nome-400x400.png 400w, https:\/\/wp.ufpel.edu.br\/museudesolosrochaseminerais\/files\/2022\/01\/Design-sem-nome.png 500w\" sizes=\"(max-width: 200px) 100vw, 200px\" title=\"Design sem nome\" alt=\"\" \t\tclass=\"so-widget-image\"\/>\n\t\t\t<\/a><\/div>\n\n<\/div><\/div><\/div><div id=\"pgc-81-1-1\"  class=\"panel-grid-cell\" ><div id=\"panel-81-1-1-0\" class=\"so-panel widget widget_sow-image panel-first-child panel-last-child\" data-index=\"2\" ><div\n\t\t\t\n\t\t\tclass=\"so-widget-sow-image so-widget-sow-image-default-8b5b6f678277-81\"\n\t\t\t\n\t\t>\n<div class=\"sow-image-container\">\n\t\t\t<a href=\"https:\/\/wp.ufpel.edu.br\/museudesolosrochaseminerais\/rochas\/\"\n\t\t\t\t\t>\n\t\t\t<img \n\tsrc=\"https:\/\/wp.ufpel.edu.br\/museudesolosrochaseminerais\/files\/2022\/01\/ROCHAS-200x200.png\" width=\"200\" height=\"200\" srcset=\"https:\/\/wp.ufpel.edu.br\/museudesolosrochaseminerais\/files\/2022\/01\/ROCHAS-200x200.png 200w, https:\/\/wp.ufpel.edu.br\/museudesolosrochaseminerais\/files\/2022\/01\/ROCHAS-400x400.png 400w, https:\/\/wp.ufpel.edu.br\/museudesolosrochaseminerais\/files\/2022\/01\/ROCHAS.png 500w\" sizes=\"(max-width: 200px) 100vw, 200px\" alt=\"\" \t\tclass=\"so-widget-image\"\/>\n\t\t\t<\/a><\/div>\n\n<\/div><\/div><\/div><div id=\"pgc-81-1-2\"  class=\"panel-grid-cell\" ><div id=\"panel-81-1-2-0\" class=\"so-panel widget widget_sow-image panel-first-child panel-last-child\" data-index=\"3\" ><div\n\t\t\t\n\t\t\tclass=\"so-widget-sow-image so-widget-sow-image-default-8b5b6f678277-81\"\n\t\t\t\n\t\t>\n<div class=\"sow-image-container\">\n\t\t\t<a href=\"https:\/\/wp.ufpel.edu.br\/museudesolosrochaseminerais\/minerais\/\"\n\t\t\t\t\t>\n\t\t\t<img \n\tsrc=\"https:\/\/wp.ufpel.edu.br\/museudesolosrochaseminerais\/files\/2022\/01\/ROCHAS-1-200x200.png\" width=\"200\" height=\"200\" srcset=\"https:\/\/wp.ufpel.edu.br\/museudesolosrochaseminerais\/files\/2022\/01\/ROCHAS-1-200x200.png 200w, https:\/\/wp.ufpel.edu.br\/museudesolosrochaseminerais\/files\/2022\/01\/ROCHAS-1-400x400.png 400w, https:\/\/wp.ufpel.edu.br\/museudesolosrochaseminerais\/files\/2022\/01\/ROCHAS-1.png 500w\" sizes=\"(max-width: 200px) 100vw, 200px\" title=\"ROCHAS (1)\" alt=\"\" \t\tclass=\"so-widget-image\"\/>\n\t\t\t<\/a><\/div>\n\n<\/div><\/div><\/div><\/div><div id=\"pg-81-2\"  class=\"panel-grid panel-no-style\" ><div id=\"pgc-81-2-0\"  class=\"panel-grid-cell\" ><div id=\"panel-81-2-0-0\" class=\"so-panel widget widget_headline-widget panel-first-child panel-last-child\" data-index=\"4\" ><div class=\"panel-widget-style panel-widget-style-for-81-2-0-0\" >\t\t<h1>\"O homem \u00e9 o que o solo faz dele\" <\/h1>\n\t\t<div class=\"decoration\"><div class=\"decoration-inside\"><\/div><\/div>\n\t\t<h3>Ana Primavesi<\/h3>\n\t\t<\/div><\/div><\/div><\/div><div id=\"pg-81-3\"  class=\"panel-grid panel-no-style\" ><div id=\"pgc-81-3-0\"  class=\"panel-grid-cell\" ><div id=\"panel-81-3-0-0\" class=\"so-panel widget widget_circleicon-widget panel-first-child panel-last-child\" data-index=\"5\" >\t\t<div class=\"circle-icon-box circle-icon-position-top circle-icon-hide-box circle-icon-size-small \">\n\t\t\t\t\t\t\t<div class=\"circle-icon-wrapper\">\n\t\t\t\t\t\t\t\t\t\t<div class=\"circle-icon\" >\n\t\t\t\t\t\t\t\t\t\t\t\t\t<div\n\t\t\t\t\t\t\t\tclass=\"fa fa-university\"\n\t\t\t\t\t\t\t\t\t\t\t\t\t\t\t><\/div>\n\t\t\t\t\t\t\t\t\t\t\t<\/div>\n\t\t\t\t\t\t\t\t\t<\/div>\n\t\t\t\n\t\t\t\t\t\t\t\t\t\t<h4 style=\"color: #000000\">\n\t\t\t\t\tEnsino\t\t\t\t<\/h4>\n\t\t\t\t\t\t\n\t\t\t\t\t\t\t<p class=\"text\" >\n\t\t\t\tCom intuito de auxiliar o aprendizado de acad\u00eamicos, o site proporciona um espa\u00e7o extra para contato com materiais pedag\u00f3gicos em formato de \u00e1udio, v\u00eddeo e texto.\t\t\t<\/p>\n\t\t\t\t\t\t\t\t\t\t<a\n\t\t\t\t\thref=\"https:\/\/wp.ufpel.edu.br\/museudesolosrochaseminerais\/materiaisdidaticos\/\"\n\t\t\t\t\tclass=\"more-button\"\n\t\t\t\t\t\t\t\t\t>\n\t\t\t\t\tSaiba mais\t\t\t\t\t<i><\/i>\n\t\t\t\t<\/a>\n\t\t\t\t\t<\/div>\n\t\t<\/div><\/div><div id=\"pgc-81-3-1\"  class=\"panel-grid-cell\" ><div id=\"panel-81-3-1-0\" class=\"so-panel widget widget_circleicon-widget panel-first-child panel-last-child\" data-index=\"6\" >\t\t<div class=\"circle-icon-box circle-icon-position-top circle-icon-hide-box circle-icon-size-small \">\n\t\t\t\t\t\t\t<div class=\"circle-icon-wrapper\">\n\t\t\t\t\t\t\t\t\t\t<div class=\"circle-icon\" >\n\t\t\t\t\t\t\t\t\t\t\t\t\t<div\n\t\t\t\t\t\t\t\tclass=\"fa fa-search\"\n\t\t\t\t\t\t\t\t\t\t\t\t\t\t\t><\/div>\n\t\t\t\t\t\t\t\t\t\t\t<\/div>\n\t\t\t\t\t\t\t\t\t<\/div>\n\t\t\t\n\t\t\t\t\t\t\t\t\t\t<h4 style=\"color: #000000\">\n\t\t\t\t\tPesquisa\t\t\t\t<\/h4>\n\t\t\t\t\t\t\n\t\t\t\t\t\t\t<p class=\"text\" >\n\t\t\t\tO acervo do museu contempla as produ\u00e7\u00f5es cient\u00edficas desenvolvidas no departamento de solos.\t\t\t<\/p>\n\t\t\t\t\t\t\t\t\t\t<a\n\t\t\t\t\thref=\"https:\/\/wp.ufpel.edu.br\/museudesolosrochaseminerais\/publicacoes\/\"\n\t\t\t\t\tclass=\"more-button\"\n\t\t\t\t\t\t\t\t\t>\n\t\t\t\t\tSaiba mais\t\t\t\t\t<i><\/i>\n\t\t\t\t<\/a>\n\t\t\t\t\t<\/div>\n\t\t<\/div><\/div><div id=\"pgc-81-3-2\"  class=\"panel-grid-cell\" ><div id=\"panel-81-3-2-0\" class=\"so-panel widget widget_circleicon-widget panel-first-child panel-last-child\" data-index=\"7\" >\t\t<div class=\"circle-icon-box circle-icon-position-top circle-icon-hide-box circle-icon-size-small \">\n\t\t\t\t\t\t\t<div class=\"circle-icon-wrapper\">\n\t\t\t\t\t\t\t\t\t\t<div class=\"circle-icon\" >\n\t\t\t\t\t\t\t\t\t\t\t\t\t<div\n\t\t\t\t\t\t\t\tclass=\"fa fa-spinner\"\n\t\t\t\t\t\t\t\t\t\t\t\t\t\t\t><\/div>\n\t\t\t\t\t\t\t\t\t\t\t<\/div>\n\t\t\t\t\t\t\t\t\t<\/div>\n\t\t\t\n\t\t\t\t\t\t\t\t\t\t<h4 style=\"color: #000000\">\n\t\t\t\t\tExtens\u00e3o\t\t\t\t<\/h4>\n\t\t\t\t\t\t\n\t\t\t\t\t\t\t<p class=\"text\" >\n\t\t\t\tA plataforma tem a finalidade de expandir as fronteiras da universidade, proporcionando \u00e0 comunidade o acesso as informa\u00e7\u00f5es sobre classifica\u00e7\u00e3o do solo, rochas e minerais.\t\t\t<\/p>\n\t\t\t\t\t\t\t\t\t\t<a\n\t\t\t\t\thref=\"https:\/\/wp.ufpel.edu.br\/museudesolosrochaseminerais\/projetos-2\/\"\n\t\t\t\t\tclass=\"more-button\"\n\t\t\t\t\t\t\t\t\t>\n\t\t\t\t\tSaiba mais\t\t\t\t\t<i><\/i>\n\t\t\t\t<\/a>\n\t\t\t\t\t<\/div>\n\t\t<\/div><\/div><\/div><div id=\"pg-81-4\"  class=\"panel-grid panel-no-style\" ><div id=\"pgc-81-4-0\"  class=\"panel-grid-cell panel-grid-cell-mobile-last\" ><div id=\"panel-81-4-0-0\" class=\"so-panel widget widget_sow-video panel-first-child panel-last-child\" data-index=\"8\" ><div\n\t\t\t\n\t\t\tclass=\"so-widget-sow-video so-widget-sow-video-default-f379b959fc93-81\"\n\t\t\t\n\t\t>\n<div class=\"sow-video-wrapper\n\">\n\t\t\t<video\n\t\t\tid=\"sow-player-1\" class=\"sow-video-widget\" preload=\"auto\" style=\"width:100%;height:100%;\" controls \t\t>\n\t\t\t\t\t\t\t<source type=\"\" src=\"https:\/\/www.youtube.com\/watch?v=XtAWUmJURBg\"\/>\n\t\t\t\t\t<\/video>\n\t<\/div>\n<\/div><\/div><\/div><div id=\"pgc-81-4-1\"  class=\"panel-grid-cell panel-grid-cell-empty\" ><\/div><\/div><div id=\"pg-81-5\"  class=\"panel-grid panel-no-style\" ><div id=\"pgc-81-5-0\"  class=\"panel-grid-cell\" ><div id=\"panel-81-5-0-0\" class=\"so-panel widget widget_siteorigin-panels-postloop panel-first-child panel-last-child\" data-index=\"9\" ><h3 class=\"widget-title\"><span class=\"vantage-carousel-title\"><span class=\"vantage-carousel-title-text\">\u00daltimos posts<\/span><a href=\"#\" class=\"next\" title=\"Pr\u00f3ximo\"><span class=\"vantage-icon-arrow-right\"><\/span><\/a><a href=\"#\" class=\"previous\" title=\"Anterior\"><span class=\"vantage-icon-arrow-left\"><\/span><\/a><\/span><\/h3><div class=\"vantage-carousel-wrapper\">\n\t\n\t<ul\n\t\tclass=\"vantage-carousel\"\n\t\tdata-query=\"{&quot;post_status&quot;:&quot;publish&quot;,&quot;posts_per_page&quot;:4,&quot;post_type&quot;:&quot;post&quot;,&quot;date_type&quot;:&quot;specific&quot;,&quot;date_query&quot;:{&quot;after&quot;:&quot;&quot;,&quot;before&quot;:&quot;&quot;,&quot;inclusive&quot;:true},&quot;date_query_relative&quot;:&quot;{\\&quot;from\\&quot;:{\\&quot;value\\&quot;:0,\\&quot;unit\\&quot;:\\&quot;days\\&quot;},\\&quot;to\\&quot;:{\\&quot;value\\&quot;:0,\\&quot;unit\\&quot;:\\&quot;days\\&quot;}}&quot;,&quot;orderby&quot;:&quot;date&quot;,&quot;order&quot;:&quot;DESC&quot;,&quot;post__not_in&quot;:[81,81],&quot;paged&quot;:1,&quot;fields&quot;:&quot;all&quot;,&quot;lazy_load_term_meta&quot;:true}\"\n\t\tdata-ajax-url=\"https:\/\/wp.ufpel.edu.br\/museudesolosrochaseminerais\/wp-admin\/admin-ajax.php?vantage_carousel_nonce=104db53b64\"\n\t>\n\t\t\t\t\t<li class=\"carousel-entry\">\n\t\t\t\t<div class=\"thumbnail\">\n\t\t\t\t\t\t\t\t\t\t\t<a href=\"https:\/\/wp.ufpel.edu.br\/museudesolosrochaseminerais\/2021\/10\/06\/ii-competicao-brasileira-virtual-de-solos-2\/\" style=\"background-image: url(https:\/\/wp.ufpel.edu.br\/museudesolosrochaseminerais\/files\/2021\/10\/WhatsApp-Image-2021-10-06-at-10.28.49-272x182.jpeg)\">\n\t\t\t\t\t\t<\/a>\n\t\t\t\t\t\t\t\t\t<\/div>\n\t\t\t\t\t\t\t\t<h3><a href=\"https:\/\/wp.ufpel.edu.br\/museudesolosrochaseminerais\/2021\/10\/06\/ii-competicao-brasileira-virtual-de-solos-2\/\">II Competi\u00e7\u00e3o Brasileira Virtual de Solos<\/a><\/h3>\n\t\t\t<\/li>\n\t\t\t\t\t<li class=\"carousel-entry\">\n\t\t\t\t<div class=\"thumbnail\">\n\t\t\t\t\t\t\t\t\t\t\t<a href=\"https:\/\/wp.ufpel.edu.br\/museudesolosrochaseminerais\/2020\/10\/09\/1541\/\" style=\"background-image: url(https:\/\/wp.ufpel.edu.br\/museudesolosrochaseminerais\/files\/2020\/10\/site_em_construcao-272x182.jpg)\">\n\t\t\t\t\t\t<\/a>\n\t\t\t\t\t\t\t\t\t<\/div>\n\t\t\t\t\t\t\t\t<h3><a href=\"https:\/\/wp.ufpel.edu.br\/museudesolosrochaseminerais\/2020\/10\/09\/1541\/\">Site em constru\u00e7\u00e3o<\/a><\/h3>\n\t\t\t<\/li>\n\t\t\t<\/ul>\n<\/div>\n<\/div><\/div><div id=\"pgc-81-5-1\"  class=\"panel-grid-cell\" ><div id=\"panel-81-5-1-0\" class=\"so-panel widget widget_previsaoinst-widget previsao-cppmet panel-first-child panel-last-child\" data-index=\"10\" ><h3 class=\"widget-title\">Tempo em Pelotas, RS<\/h3><div class=\"previsao-conteudo\">\t\t\t<div class=\"previsao-bloco\">\n\t\t\t\t<div class=\"previsao-dia\">Sexta<\/div>\n\t\t\t\t<i class=\"previsao-icone previsao-icone-7\" title=\"C\u00e9u claro com per\u00edodos de  parcialmente nublado. Ventos de oeste\/sudoeste, fracos a moderados\"> <\/i>\n\t\t\t\t<div class=\"previsao-maxima\">23<\/div>\n\t\t\t\t<div class=\"previsao-minima\">12<\/div>\n\t\t\t<\/div>\n\t\t\t<div class=\"previsao-bloco\">\n\t\t\t\t<div class=\"previsao-dia\">S\u00e1bado<\/div>\n\t\t\t\t<i class=\"previsao-icone previsao-icone-8\" title=\"C\u00e9u parcialmente nublado com per\u00edodos de  claro   - nevoeiro. Ventos de leste\/nordeste, fracos a moderados\"> <\/i>\n\t\t\t\t<div class=\"previsao-maxima\">25<\/div>\n\t\t\t\t<div class=\"previsao-minima\">14<\/div>\n\t\t\t<\/div>\n\t\t\t<div class=\"previsao-bloco\">\n\t\t\t\t<div class=\"previsao-dia\">Domingo<\/div>\n\t\t\t\t<i class=\"previsao-icone previsao-icone-6\" title=\"C\u00e9u nublado com pancadas de chuva e trovoadas. Ventos de nordeste, fracos a moderados com rajadas\"> <\/i>\n\t\t\t\t<div class=\"previsao-maxima\">24<\/div>\n\t\t\t\t<div class=\"previsao-minima\">19<\/div>\n\t\t\t<\/div>\n<\/div><div class=\"previsao-info\"><a href=\"https:\/\/cppmet.ufpel.edu.br\" target=\"_blank\">Fonte: CPPMet \/ UFPel<\/a><\/div><\/div><\/div><\/div><div id=\"pg-81-6\"  class=\"panel-grid panel-no-style\" ><div id=\"pgc-81-6-0\"  class=\"panel-grid-cell\" ><div id=\"panel-81-6-0-0\" class=\"so-panel widget widget_headline-widget panel-first-child panel-last-child\" data-index=\"11\" >\t\t<h1>                                                                                         OBRIGADO POR VISITAR O NOSSO SITE !<\/h1>\n\t\t<div class=\"decoration\"><div class=\"decoration-inside\"><\/div><\/div>\n\t\t<h3><\/h3>\n\t\t<\/div><\/div><\/div><\/div>","protected":false},"excerpt":{"rendered":"","protected":false},"author":1048,"featured_media":0,"parent":0,"menu_order":0,"comment_status":"closed","ping_status":"closed","template":"templates\/template-full.php","meta":{"footnotes":""},"class_list":["post-81","page","type-page","status-publish","hentry","post","post-with-thumbnail","post-with-thumbnail-large"],"_links":{"self":[{"href":"https:\/\/wp.ufpel.edu.br\/museudesolosrochaseminerais\/wp-json\/wp\/v2\/pages\/81","targetHints":{"allow":["GET"]}}],"collection":[{"href":"https:\/\/wp.ufpel.edu.br\/museudesolosrochaseminerais\/wp-json\/wp\/v2\/pages"}],"about":[{"href":"https:\/\/wp.ufpel.edu.br\/museudesolosrochaseminerais\/wp-json\/wp\/v2\/types\/page"}],"author":[{"embeddable":true,"href":"https:\/\/wp.ufpel.edu.br\/museudesolosrochaseminerais\/wp-json\/wp\/v2\/users\/1048"}],"replies":[{"embeddable":true,"href":"https:\/\/wp.ufpel.edu.br\/museudesolosrochaseminerais\/wp-json\/wp\/v2\/comments?post=81"}],"version-history":[{"count":53,"href":"https:\/\/wp.ufpel.edu.br\/museudesolosrochaseminerais\/wp-json\/wp\/v2\/pages\/81\/revisions"}],"predecessor-version":[{"id":2189,"href":"https:\/\/wp.ufpel.edu.br\/museudesolosrochaseminerais\/wp-json\/wp\/v2\/pages\/81\/revisions\/2189"}],"wp:attachment":[{"href":"https:\/\/wp.ufpel.edu.br\/museudesolosrochaseminerais\/wp-json\/wp\/v2\/media?parent=81"}],"curies":[{"name":"wp","href":"https:\/\/api.w.org\/{rel}","templated":true}]}}