{"id":68,"date":"2020-07-17T12:45:05","date_gmt":"2020-07-17T15:45:05","guid":{"rendered":"https:\/\/wp.ufpel.edu.br\/museudesolosrochaseminerais\/?page_id=68"},"modified":"2020-10-07T13:06:11","modified_gmt":"2020-10-07T16:06:11","slug":"sedimentares","status":"publish","type":"page","link":"https:\/\/wp.ufpel.edu.br\/museudesolosrochaseminerais\/rochas\/sedimentares\/","title":{"rendered":"Sedimentares"},"content":{"rendered":"<div id=\"pl-68\" class=\"panel-layout\">\n<div id=\"pg-68-0\" class=\"panel-grid panel-no-style\">\n<div id=\"pgc-68-0-0\" class=\"panel-grid-cell\" data-weight=\"1\">\n<div id=\"panel-68-0-0-0\" class=\"so-panel widget widget_sow-editor panel-first-child panel-last-child\" data-index=\"0\">\n<div class=\"so-widget-sow-editor so-widget-sow-editor-base\">\n<div class=\"siteorigin-widget-tinymce textwidget\">\n<p>S\u00e3o rochas que se formam na superf\u00edcie da crosta terrestre sob temperaturas e press\u00f5es relativamente baixas, pela desagrega\u00e7\u00e3o de rochas pr\u00e9-existentes seguida de transporte e de deposi\u00e7\u00e3o dos detritos ou, menos comumente, por acumula\u00e7\u00e3o qu\u00edmica. Conforme a natureza desse material podem ser detr\u00edticas\u00a0ou\u00a0n\u00e3o detr\u00edticas.<\/p>\n<p>Possuem porosidade e permeabilidade, uma marcante estratifica\u00e7\u00e3o e baixa resist\u00eancia mec\u00e2nica. S\u00e3o muito dif\u00edceis de polir e podem conter f\u00f3sseis. As camadas de rochas sedimentares podem totalizar v\u00e1rios quil\u00f4metros de espessura.<\/p>\n<p>Exemplos de rochas sedimentares muito conhecidas no Brasil s\u00e3o as que formam os morros de Vila Velha (PR), a Chapada Diamantina (BA) e a Gruta de Maquin\u00e9 (MG). No exterior, \u00e9 muito conhecido o Gran Canyon (Colorado, EUA).<\/p>\n<p>De um modo geral e amplo, as rochas sedimentares mais comuns podem ser divididas em arenosas (detr\u00edticas), argilosas (detr\u00edticas) e carbonatadas (n\u00e3o detr\u00edticas), estas \u00faltimas subdivididas em calc\u00e1rios e dolomitos.<\/p>\n<p><strong>Rochas sedimentares detr\u00edticas\u00a0<\/strong>(tamb\u00e9m chamadas de\u00a0cl\u00e1sticas) s\u00e3o aquelas formadas pela deposi\u00e7\u00e3o de fragmentos de outras rochas (\u00edgneas, metam\u00f3rficas ou mesmo sedimentares). Esses fragmentos, principalmente quartzo e silicatos, constituem os\u00a0sedimentos\u00a0e surgem por efeito da eros\u00e3o. Chuva, vento, calor e gelo v\u00e3o fragmentando as rochas e os peda\u00e7os que se soltam s\u00e3o transportados para lugares mais baixos pela a\u00e7\u00e3o da gravidade, de rios, de geleiras ou do vento.<\/p>\n<p>O mais extenso e mais duradouro dos ambientes de deposi\u00e7\u00e3o \u00e9 o marinho. Ele \u00e9 o destino final de todos os sedimentos e nele est\u00e3o a maior parte dos sedimentos detr\u00edticos.<\/p>\n<p>Conforme o di\u00e2metro dos gr\u00e3os desses sedimentos, eles podem ser, do maior para o menor: cascalho, areia, silte ou argila (conforme tabela a seguir). Cascalhos formam conglomerados e brechas, areias formam arenitos, siltes formam siltitos e argilas formam argilitos.<\/p>\n<p><img loading=\"lazy\" decoding=\"async\" class=\"alignnone size-full wp-image-1317 aligncenter\" src=\"https:\/\/wp.ufpel.edu.br\/museudesolosrochaseminerais\/files\/2020\/10\/tabela-1.png\" alt=\"\" width=\"591\" height=\"440\" \/><\/p>\n<\/div>\n<p>Esses sedimentos s\u00e3o transportados at\u00e9 uma bacia sedimentar, deserto ou delta de rio e, ent\u00e3o, come\u00e7am a ser compactados pelo peso de mais sedimentos que sobre eles se depositam. As rochas argilosas s\u00e3o as mais abundantes das rochas sedimentares, mas tamb\u00e9m as mais dif\u00edceis de estudar, devido \u00e0 granula\u00e7\u00e3o fina dos sedimentos que as formam. A deposi\u00e7\u00e3o come\u00e7a sempre pelas part\u00edculas maiores e mais pesadas. As menores, mais leves e menos esf\u00e9ricas tendem a prosseguir, sendo depositadas depois e mais adiante.<\/p>\n<p>Com o tempo, os gr\u00e3os ou seixos v\u00e3o se unindo, muitas vezes pela precipita\u00e7\u00e3o, entre eles os de \u00f3xido de ferro ou de carbonato de c\u00e1lcio, de modo a ficarem cimentados, originando ent\u00e3o a rocha sedimentar. Se o sedimento for areia, formar\u00e1 um arenito; se for argila, formar\u00e1 uma argilito etc., conforme visto na tabela acima.<\/p>\n<p>As mudan\u00e7as na textura e na composi\u00e7\u00e3o sofridas pelos sedimentos em temperaturas relativamente baixas e que levam \u00e0 forma\u00e7\u00e3o da rocha sedimentar chamam-se\u00a0<strong>diag\u00eanese<\/strong>. Ela pode ocorrer logo ap\u00f3s a deposi\u00e7\u00e3o ou bem depois.<\/p>\n<p><strong>Rochas sedimentares\u00a0n\u00e3o detr\u00edticas<\/strong>\u00a0surgem pela precipita\u00e7\u00e3o qu\u00edmica de sais ou pela acumula\u00e7\u00e3o de restos org\u00e2nicos de animais e plantas. Quando formadas por sais, s\u00e3o chamadas de\u00a0qu\u00edmicas. Ex.: calc\u00e1rio e evaporito. Se formadas por restos org\u00e2nicas, s\u00e3o chamadas de\u00a0org\u00e2nicas. Ex.: guano e carv\u00e3o.<\/p>\n<p>As rochas sedimentares qu\u00edmicas s\u00e3o formadas principalmente por carbonatos, sulfatos, s\u00edlica, fosfatos e haloides. As principais rochas calc\u00e1rias s\u00e3o o calc\u00e1rio (composto essencialmente de calcita) e o dolomito (composto de dolomita). Tipos mistos s\u00e3o os calc\u00e1rios dolom\u00edticos. Afora os carbonatos, costumam conter quartzo, argila e outros minerais.<\/p>\n<p>As rochas sedimentares costumam ser muito porosas, o que permite que nelas se acumule \u00e1gua. S\u00e3o, por isso, importantes fontes de \u00e1gua subterr\u00e2nea. Aquelas que possuem \u00e1gua em poros que se interconectam (isso \u00e9, que s\u00e3o porosas e perme\u00e1veis) constituem\u00a0aqu\u00edferos, ou seja, massa rochosa capaz de armazenar e fornecer \u00e1gua. Arenitos costumam ser \u00f3timos aqu\u00edferos.<\/p>\n<\/div>\n<p>&nbsp;<\/p>\n<p style=\"text-align: left\"><span style=\"text-align: right\"><strong>Fonte:<\/strong> BRANCO, P\u00e9rcio de Moraes. <em>As rochas<\/em>\u00a0(curso de extens\u00e3o para professores do Ensino M\u00e9dio). (In\u00e9dito)________.<\/span><\/p>\n<p><em>Dicion\u00e1rio de Mineralogia e Gemologia<\/em>. S\u00e3o Paulo: Oficina de Textos, 2008. 608 p. il.<\/p>\n<p>ENCYCLOPAEDIA Britannica do Brasil Publica\u00e7\u00f5es Ltda.<\/p>\n<div class=\"so-widget-sow-editor so-widget-sow-editor-base\">\n<div align=\"right\"><\/div>\n<\/div>\n<\/div>\n<\/div>\n<\/div>\n<\/div>\n","protected":false},"excerpt":{"rendered":"<p>S\u00e3o rochas que se formam na superf\u00edcie da crosta terrestre sob temperaturas e press\u00f5es relativamente baixas, pela desagrega\u00e7\u00e3o de rochas pr\u00e9-existentes seguida de transporte e de deposi\u00e7\u00e3o dos detritos ou, menos comumente, por acumula\u00e7\u00e3o qu\u00edmica. Conforme a natureza desse material podem ser detr\u00edticas\u00a0ou\u00a0n\u00e3o detr\u00edticas. Possuem porosidade e permeabilidade, uma marcante estratifica\u00e7\u00e3o e baixa resist\u00eancia mec\u00e2nica. [&hellip;]<\/p>\n","protected":false},"author":1048,"featured_media":0,"parent":42,"menu_order":0,"comment_status":"closed","ping_status":"closed","template":"","meta":{"footnotes":""},"class_list":["post-68","page","type-page","status-publish","hentry","post"],"_links":{"self":[{"href":"https:\/\/wp.ufpel.edu.br\/museudesolosrochaseminerais\/wp-json\/wp\/v2\/pages\/68","targetHints":{"allow":["GET"]}}],"collection":[{"href":"https:\/\/wp.ufpel.edu.br\/museudesolosrochaseminerais\/wp-json\/wp\/v2\/pages"}],"about":[{"href":"https:\/\/wp.ufpel.edu.br\/museudesolosrochaseminerais\/wp-json\/wp\/v2\/types\/page"}],"author":[{"embeddable":true,"href":"https:\/\/wp.ufpel.edu.br\/museudesolosrochaseminerais\/wp-json\/wp\/v2\/users\/1048"}],"replies":[{"embeddable":true,"href":"https:\/\/wp.ufpel.edu.br\/museudesolosrochaseminerais\/wp-json\/wp\/v2\/comments?post=68"}],"version-history":[{"count":11,"href":"https:\/\/wp.ufpel.edu.br\/museudesolosrochaseminerais\/wp-json\/wp\/v2\/pages\/68\/revisions"}],"predecessor-version":[{"id":1318,"href":"https:\/\/wp.ufpel.edu.br\/museudesolosrochaseminerais\/wp-json\/wp\/v2\/pages\/68\/revisions\/1318"}],"up":[{"embeddable":true,"href":"https:\/\/wp.ufpel.edu.br\/museudesolosrochaseminerais\/wp-json\/wp\/v2\/pages\/42"}],"wp:attachment":[{"href":"https:\/\/wp.ufpel.edu.br\/museudesolosrochaseminerais\/wp-json\/wp\/v2\/media?parent=68"}],"curies":[{"name":"wp","href":"https:\/\/api.w.org\/{rel}","templated":true}]}}