{"id":65,"date":"2020-07-17T12:44:05","date_gmt":"2020-07-17T15:44:05","guid":{"rendered":"https:\/\/wp.ufpel.edu.br\/museudesolosrochaseminerais\/?page_id=65"},"modified":"2020-10-05T19:38:51","modified_gmt":"2020-10-05T22:38:51","slug":"metamorficas","status":"publish","type":"page","link":"https:\/\/wp.ufpel.edu.br\/museudesolosrochaseminerais\/rochas\/metamorficas\/","title":{"rendered":"Met\u00e1morficas"},"content":{"rendered":"<p>S\u00e3o aquelas formadas a partir de outra rocha (sedimentar, \u00edgnea ou metam\u00f3rfica) por a\u00e7\u00e3o do metamorfismo. Entende-se por metamorfismo \u00a0o crescimento de cristais no estado s\u00f3lido, sem fus\u00e3o. A mudan\u00e7a nas condi\u00e7\u00f5es de press\u00e3o e temperatura provoca mudan\u00e7as na composi\u00e7\u00e3o mineral\u00f3gica da rocha ou pelo menos deforma\u00e7\u00f5es f\u00edsicas.<\/p>\n<p>Um calc\u00e1rio, por exemplo, submetido a um aumento de press\u00e3o e temperatura, transforma-se em m\u00e1rmore; um arenito transforma-se em quartzito; um folhelho (rocha sedimentar argilosa) transforma-se em ard\u00f3sia.<\/p>\n<p>O limite entre rochas sedimentares e metam\u00f3rficas \u00e9 arbitr\u00e1rio e dif\u00edcil de estabelecer, exceto onde o calor e os esfor\u00e7os tenham sido primordiais nas mudan\u00e7as. J\u00e1 a distin\u00e7\u00e3o entre rochas sedimentares e \u00edgneas \u00e9 f\u00e1cil, a n\u00e3o ser quando se trata de rochas \u00edgneas pirocl\u00e1sticas.<\/p>\n<p>Uma caracter\u00edstica t\u00edpica das rochas metam\u00f3rficas \u00e9 a folia\u00e7\u00e3o (xistosidade), estrutura paralela que produz parti\u00e7\u00e3o mais ou menos plana na rocha.<\/p>\n<p>O conjunto de rochas metam\u00f3rficas de qualquer composi\u00e7\u00e3o que tenham se formado nos mesmos intervalos de press\u00e3o e temperatura constitui uma\u00a0<u>f\u00e1cies metam\u00f3rfica<\/u>. H\u00e1 sete f\u00e1cies metam\u00f3rficas principais: f\u00e1cies pirox\u00eanio-hornfels, f\u00e1cies granulito, f\u00e1cies eclogito, f\u00e1cies anfibolito, f\u00e1cies albita-ep\u00eddoto-anfibolito, f\u00e1cies xistos verdes e f\u00e1cies sanidinito.<\/p>\n<p>A rocha levada a um determinado grau de metamorfismo pode depois sofrer metamorfismo parcial em temperatura mais baixa, chamado de retrometamorfismo.<\/p>\n<p>As rochas metam\u00f3rficas distribuem-se principalmente nas regi\u00f5es montanhosas. A mais antiga de todas as rochas encontradas at\u00e9 hoje na Terra \u00e9 uma rocha metam\u00f3rfica que existe no Canad\u00e1, o Gnaisse Acasta, de 3,96 bilh\u00f5es de anos, descoberto em maio de 1984.<\/p>\n<p>O metamorfismo, processo que gera uma rocha metam\u00f3rfica, pode ser:<\/p>\n<p>a) <strong>metamorfismo de contato<\/strong> &#8211; o que surge pela a\u00e7\u00e3o de um magma sobre as rochas vizinhas. Ocorre principalmente nas proximidades de rochas plut\u00f4nicas \u00e1cidas.<\/p>\n<p>b) <strong>metamorfismo regional\u00a0<\/strong>&#8211; aquele que surge em massas de rocha que s\u00e3o enterradas e submetidas a determinadas condi\u00e7\u00f5es de press\u00e3o e temperatura. Pode ser de baixo, m\u00e9dio ou alto grau. Afeta \u00e1reas com at\u00e9 milhares de quil\u00f4metros quadrados e em grandes profundidades. Quando a temperatura ultrapassa a faixa de 700-800 \u00baC, as rochas come\u00e7am a se fundir, produzindo magma.<\/p>\n<p>c) <strong>metamorfismo din\u00e2mico ( ou cinem\u00e1tico)<\/strong>\u00a0&#8211; aquele que ocorre em zonas de deforma\u00e7\u00e3o estreitas, com intenso deslocamento.<\/p>\n<p>d) <strong>metamorfismo de impacto<\/strong> &#8211; o que ocorre em decorr\u00eancia do impacto de um meteorito.<\/p>\n<div class=\"fig right\">\n<div class=\"lg\">\n<p>&nbsp;<\/p>\n<p>Habitualmente se distinguem as rochas <strong><u>ortometam\u00f3rficas<\/u><\/strong>, originadas das \u00edgneas, e as\u00a0<strong><u>parametam\u00f3rficas<\/u><\/strong>, resultantes da transforma\u00e7\u00e3o de rochas sedimentares.<\/p>\n<\/div>\n<\/div>\n<p>De acordo com a textura, as principais classes de rochas metam\u00f3rficas s\u00e3o:<\/p>\n<ul>\n<li>&#8211;\u00a0<u>Hornfels<\/u>\u00a0(<u>cornubianitos<\/u>): rochas sem folia\u00e7\u00e3o, gr\u00e3os equidimensionais, formados por metamorfismo de contato.<\/li>\n<li>&#8211;\u00a0<u>Ard\u00f3sias<\/u>: granula\u00e7\u00e3o fina (cristais microsc\u00f3picos), folia\u00e7\u00e3o tabular perfeita (clivagem ardosiana), mas sem faixas, formadas por metamorfismo regional sobre rochas sedimentares cl\u00e1sticas finas (argilitos e siltitos).<\/li>\n<li>&#8211;\u00a0<u>Filitos<\/u>: xistosas; de granula\u00e7\u00e3o fina, mesma origem das ard\u00f3sias; mas com granula\u00e7\u00e3o maior, \u00e0s vezes com faixas incipientes; brilho sedoso.<\/li>\n<li>&#8211;\u00a0<u>Xistos<\/u>: acentuadamente foliados, com gr\u00e3os que permitem f\u00e1cil identifica\u00e7\u00e3o dos principais componentes, ricos em mica, formados por metamorfismo regional ou de deslocamento profundo.<\/li>\n<li><em>&#8211;<\/em>\u00a0<u>Anfibolitos<\/u>: granula\u00e7\u00e3o m\u00e9dia a grossa composta principalmente de hornblenda e plagiocl\u00e1sio, folia\u00e7\u00e3o menos n\u00edtida que nos xistos t\u00edpicos formados por metamorfismo regional de grau m\u00e9dio a alto.<\/li>\n<li>&#8211;\u00a0<u>Gnaisses<\/u>: granula\u00e7\u00e3o grossa, bandas irregulares, predom\u00ednio do quartzo e do feldspato sobre as micas, tornando a folia\u00e7\u00e3o menos vis\u00edvel. Metamorfismo regional de grau alto.<\/li>\n<li>&#8211;\u00a0<u>Granulitos<\/u>: rochas equigranulares, sem micas e sem anfib\u00f3lios, portanto sem folia\u00e7\u00e3o n\u00edtida. Metamorfismo regional de alto grau.<\/li>\n<li>&#8211;\u00a0<u>M\u00e1rmores<\/u>: compostos de calcita ou dolomita usualmente pouco foliados. Forma corpos lenticulares.<\/li>\n<li>&#8211;\u00a0<u>Cataclasitos<\/u>: formados por deforma\u00e7\u00e3o sem altera\u00e7\u00e3o qu\u00edmica. Aumentando a deforma\u00e7\u00e3o e surgindo faixas e listras, passam a milonitos.<\/li>\n<li>&#8211;\u00a0<u>Milonitos<\/u>: rochas de granula\u00e7\u00e3o fina resultantes da tritura\u00e7\u00e3o de rochas mais grossas. T\u00eam aspecto de s\u00edlex e formam-se por metamorfismo de deslocamento extremo, sem altera\u00e7\u00e3o qu\u00edmica digna de nota.<\/li>\n<li>&#8211;\u00a0<u>Filonitos<\/u>: aspecto semelhante ao de filitos, formadas como os milonitos, mas com pronunciada reconstitui\u00e7\u00e3o qu\u00edmica, surgindo pel\u00edculas de mica nos planos de folia\u00e7\u00e3o.<\/li>\n<\/ul>\n<p>&nbsp;<\/p>\n<p>&nbsp;<\/p>\n<p>&nbsp;<\/p>\n<p>&nbsp;<\/p>\n<p>Fonte:<\/p>\n<p>BRANCO, P\u00e9rcio de Moraes.\u00a0<em>As rochas<\/em>\u00a0(curso de extens\u00e3o para professores do Ensino M\u00e9dio). (In\u00e9dito)________.<\/p>\n<p><em>Dicion\u00e1rio de Mineralogia e Gemologia<\/em>. S\u00e3o Paulo: Oficina de Textos, 2008. 608 p. il.<\/p>\n<p>ENCYCLOPAEDIA Britannica do Brasil Publica\u00e7\u00f5es Ltda.<\/p>\n","protected":false},"excerpt":{"rendered":"<p>S\u00e3o aquelas formadas a partir de outra rocha (sedimentar, \u00edgnea ou metam\u00f3rfica) por a\u00e7\u00e3o do metamorfismo. Entende-se por metamorfismo \u00a0o crescimento de cristais no estado s\u00f3lido, sem fus\u00e3o. A mudan\u00e7a nas condi\u00e7\u00f5es de press\u00e3o e temperatura provoca mudan\u00e7as na composi\u00e7\u00e3o mineral\u00f3gica da rocha ou pelo menos deforma\u00e7\u00f5es f\u00edsicas. Um calc\u00e1rio, por exemplo, submetido a um [&hellip;]<\/p>\n","protected":false},"author":1048,"featured_media":0,"parent":42,"menu_order":0,"comment_status":"closed","ping_status":"closed","template":"","meta":{"footnotes":""},"class_list":["post-65","page","type-page","status-publish","hentry","post"],"_links":{"self":[{"href":"https:\/\/wp.ufpel.edu.br\/museudesolosrochaseminerais\/wp-json\/wp\/v2\/pages\/65","targetHints":{"allow":["GET"]}}],"collection":[{"href":"https:\/\/wp.ufpel.edu.br\/museudesolosrochaseminerais\/wp-json\/wp\/v2\/pages"}],"about":[{"href":"https:\/\/wp.ufpel.edu.br\/museudesolosrochaseminerais\/wp-json\/wp\/v2\/types\/page"}],"author":[{"embeddable":true,"href":"https:\/\/wp.ufpel.edu.br\/museudesolosrochaseminerais\/wp-json\/wp\/v2\/users\/1048"}],"replies":[{"embeddable":true,"href":"https:\/\/wp.ufpel.edu.br\/museudesolosrochaseminerais\/wp-json\/wp\/v2\/comments?post=65"}],"version-history":[{"count":4,"href":"https:\/\/wp.ufpel.edu.br\/museudesolosrochaseminerais\/wp-json\/wp\/v2\/pages\/65\/revisions"}],"predecessor-version":[{"id":1256,"href":"https:\/\/wp.ufpel.edu.br\/museudesolosrochaseminerais\/wp-json\/wp\/v2\/pages\/65\/revisions\/1256"}],"up":[{"embeddable":true,"href":"https:\/\/wp.ufpel.edu.br\/museudesolosrochaseminerais\/wp-json\/wp\/v2\/pages\/42"}],"wp:attachment":[{"href":"https:\/\/wp.ufpel.edu.br\/museudesolosrochaseminerais\/wp-json\/wp\/v2\/media?parent=65"}],"curies":[{"name":"wp","href":"https:\/\/api.w.org\/{rel}","templated":true}]}}