{"id":62,"date":"2020-07-17T12:43:33","date_gmt":"2020-07-17T15:43:33","guid":{"rendered":"https:\/\/wp.ufpel.edu.br\/museudesolosrochaseminerais\/?page_id=62"},"modified":"2020-10-07T13:07:15","modified_gmt":"2020-10-07T16:07:15","slug":"igneas","status":"publish","type":"page","link":"https:\/\/wp.ufpel.edu.br\/museudesolosrochaseminerais\/rochas\/igneas\/","title":{"rendered":"\u00cdgneas"},"content":{"rendered":"<p>Tamb\u00e9m chamadas de <strong>magm\u00e1ticas<\/strong>, s\u00e3o rochas que se formaram pelo resfriamento e solidifica\u00e7\u00e3o de um magma.\u00a0 <strong>Magma<\/strong> \u00e9 o material em estado de fus\u00e3o que existe abaixo da superf\u00edcie terrestre e que pode extravasar atrav\u00e9s dos vulc\u00f5es (passando ent\u00e3o a se chamar <u>lava<\/u>). De sua composi\u00e7\u00e3o vai depender a composi\u00e7\u00e3o da rocha magm\u00e1tica a se formar.<\/p>\n<p>A textura das rochas magm\u00e1ticas se define pelo tamanho dos gr\u00e3os minerais que as constituem e pelas rela\u00e7\u00f5es espaciais entre eles. Se os gr\u00e3os t\u00eam:<\/p>\n<ul>\n<li>at\u00e9 1 mm de di\u00e2metro, ela \u00e9 fina;<\/li>\n<li>t\u00eam de 1 a 5 mm, \u00e9 m\u00e9dia;<\/li>\n<li>t\u00eam mais de 5 mm, \u00e9 grossa.<\/li>\n<\/ul>\n<div class=\"fig right\">\n<div class=\"lg\">\n<p>Do ponto de vista qu\u00edmico, as rochas \u00edgneas s\u00e3o classificadas em:<\/p>\n<ul>\n<li>\u00a0<strong>\u00c1cidas<\/strong> (mais de 66% de s\u00edlica), como o granito e o riolito;<\/li>\n<li><span style=\"background-color: #ffffff\"><strong>\u00a0Intermedi\u00e1rias<\/strong><\/span>\u00a0(52 a 66% de s\u00edlica), como o sienito e diorito;<\/li>\n<li>\u00a0<strong>B\u00e1sicas<\/strong> (45 a 52% de s\u00edlica), como o gabro e o basalto;<\/li>\n<li><strong>Ultrab\u00e1sicas<\/strong> (menos de 45% de s\u00edlica), como o peridotito.<\/li>\n<\/ul>\n<p>Essa classifica\u00e7\u00e3o nada tem a ver com o conceito de acidez (pH) usado em qu\u00edmica, e a quantidade de s\u00edlica tem pouca rela\u00e7\u00e3o com quantidade de quartzo. As <strong>rochas \u00e1cidas<\/strong> s\u00e3o geralmente <strong>claras<\/strong> e as <strong>ultrab\u00e1sicas<\/strong>, <strong>escuras<\/strong>.<\/p>\n<\/div>\n<\/div>\n<p>De acordo com a maior ou menor presen\u00e7a de minerais escuros (minerais ferro-magne-sianos) nas rochas, elas podem ser:<\/p>\n<ul>\n<li>\u00a0Leucocr\u00e1ticas (claras);<\/li>\n<li>\u00a0Melanocr\u00e1ticas (escuras) ;<\/li>\n<li>\u00a0Mesocr\u00e1ticas (intermedi\u00e1rias).<\/li>\n<li><span style=\"background-color: #ffffff\">Quando possuem mais de 90% de minerais escuros, podem ser chamadas de hipermelanocr\u00e1ticas.<\/span><\/li>\n<\/ul>\n<div class=\"fig left\">\n<div class=\"lg\">\n<p>As rochas vulc\u00e2nicas costumam conter cavidades formadas por gases que ficaram aprisionados durante o resfriamento. Essas cavidades podem ter desde alguns mil\u00edmetros at\u00e9 alguns metros de di\u00e2metro e s\u00e3o chamadas de: ves\u00edculas, quando vazias, ou\u00a0am\u00edgdalas, quando est\u00e3o preenchidas por minerais. J\u00e1 as plut\u00f4nicas s\u00e3o geralmente maci\u00e7as e, quando cont\u00eam cavidades, elas s\u00e3o milim\u00e9tricas.<\/p>\n<\/div>\n<\/div>\n<p>Os minerais mais comuns nas rochas \u00edgneas s\u00e3o todos do grupo dos silicatos: feldspatos, feldspatoides, quartzos, olivinas, pirox\u00eanios, anfib\u00f3lios e micas. Os elementos qu\u00edmicos mais abundantes nelas s\u00e3o o sil\u00edcio e o oxig\u00eanio (75% do total), mas s\u00e3o tamb\u00e9m importantes o alum\u00ednio, ferro, c\u00e1lcio, s\u00f3dio, pot\u00e1ssio, magn\u00e9sio e tit\u00e2nio.<\/p>\n<div>\n<div>\n<p>Um tipo especial de rochas \u00edgneas s\u00e3o as rochas pirocl\u00e1sticas, aquelas formadas nas erup\u00e7\u00f5es vulc\u00e2nicas explosivas. Elas s\u00e3o formadas de\u00a0ejet\u00f3litos, que podem ser blocos (mais de 32 mm, totalmente s\u00f3lidos), bombas (mais de 32 mm, total ou parcialmente fundidos), lap\u00edli (4 a 32 mm) ou cinzas (menos de 4 mm).<\/p>\n<\/div>\n<\/div>\n<p>As bombas formam\u00a0aglomerados vulc\u00e2nicos; os blocos,\u00a0brechas vulc\u00e2nicas; os lap\u00edli,\u00a0lap\u00edli-tufos; e as cinzas,\u00a0tufos vulc\u00e2nicos.<\/p>\n<div class=\"fig left\">\n<div class=\"lg\">\n<p>As rochas \u00edgneas costumam ser maci\u00e7as, ter boa resist\u00eancia mec\u00e2nica e cristais bem formados. Proporcionam bom polimento e s\u00e3o, por isso, muito valiosas como rochas ornamentais.<\/p>\n<p>Para reconhecer se a rocha \u00e9 <a href=\"https:\/\/wp.ufpel.edu.br\/museudesolosrochaseminerais\/rochas\/igneas\/intrusiva\/\"><strong>intrusiva<\/strong><\/a> ou <a href=\"https:\/\/wp.ufpel.edu.br\/museudesolosrochaseminerais\/rochas\/igneas\/extrusivas\/\"><strong>extrusiva<\/strong><\/a> \u00e9 necess\u00e1rio avaliar a textura.<\/p>\n<\/div>\n<\/div>\n<p>&nbsp;<\/p>\n<p><strong style=\"text-align: right\">Fonte:<\/strong><span style=\"text-align: right\"> BRANCO, P\u00e9rcio de Moraes. <\/span><em style=\"text-align: right\">As rochas<\/em><span style=\"text-align: right\">\u00a0(curso de extens\u00e3o para professores do Ensino M\u00e9dio). (In\u00e9dito)________.<\/span><\/p>\n<div class=\"fig left\">\n<div class=\"lg\">\n<p><em>Dicion\u00e1rio de Mineralogia e Gemologia<\/em>. S\u00e3o Paulo: Oficina de Textos, 2008. 608 p. il.<\/p>\n<p>ENCYCLOPAEDIA Britannica do Brasil Publica\u00e7\u00f5es Ltda.<\/p>\n<\/div>\n<\/div>\n<p>&nbsp;<\/p>\n","protected":false},"excerpt":{"rendered":"<p>Tamb\u00e9m chamadas de magm\u00e1ticas, s\u00e3o rochas que se formaram pelo resfriamento e solidifica\u00e7\u00e3o de um magma.\u00a0 Magma \u00e9 o material em estado de fus\u00e3o que existe abaixo da superf\u00edcie terrestre e que pode extravasar atrav\u00e9s dos vulc\u00f5es (passando ent\u00e3o a se chamar lava). De sua composi\u00e7\u00e3o vai depender a composi\u00e7\u00e3o da rocha magm\u00e1tica a se [&hellip;]<\/p>\n","protected":false},"author":1048,"featured_media":0,"parent":42,"menu_order":0,"comment_status":"closed","ping_status":"closed","template":"","meta":{"footnotes":""},"class_list":["post-62","page","type-page","status-publish","hentry","post"],"_links":{"self":[{"href":"https:\/\/wp.ufpel.edu.br\/museudesolosrochaseminerais\/wp-json\/wp\/v2\/pages\/62","targetHints":{"allow":["GET"]}}],"collection":[{"href":"https:\/\/wp.ufpel.edu.br\/museudesolosrochaseminerais\/wp-json\/wp\/v2\/pages"}],"about":[{"href":"https:\/\/wp.ufpel.edu.br\/museudesolosrochaseminerais\/wp-json\/wp\/v2\/types\/page"}],"author":[{"embeddable":true,"href":"https:\/\/wp.ufpel.edu.br\/museudesolosrochaseminerais\/wp-json\/wp\/v2\/users\/1048"}],"replies":[{"embeddable":true,"href":"https:\/\/wp.ufpel.edu.br\/museudesolosrochaseminerais\/wp-json\/wp\/v2\/comments?post=62"}],"version-history":[{"count":11,"href":"https:\/\/wp.ufpel.edu.br\/museudesolosrochaseminerais\/wp-json\/wp\/v2\/pages\/62\/revisions"}],"predecessor-version":[{"id":1319,"href":"https:\/\/wp.ufpel.edu.br\/museudesolosrochaseminerais\/wp-json\/wp\/v2\/pages\/62\/revisions\/1319"}],"up":[{"embeddable":true,"href":"https:\/\/wp.ufpel.edu.br\/museudesolosrochaseminerais\/wp-json\/wp\/v2\/pages\/42"}],"wp:attachment":[{"href":"https:\/\/wp.ufpel.edu.br\/museudesolosrochaseminerais\/wp-json\/wp\/v2\/media?parent=62"}],"curies":[{"name":"wp","href":"https:\/\/api.w.org\/{rel}","templated":true}]}}