{"id":42,"date":"2020-07-17T12:02:36","date_gmt":"2020-07-17T15:02:36","guid":{"rendered":"https:\/\/wp.ufpel.edu.br\/museudesolosrochaseminerais\/?page_id=42"},"modified":"2022-01-20T11:13:07","modified_gmt":"2022-01-20T14:13:07","slug":"rochas","status":"publish","type":"page","link":"https:\/\/wp.ufpel.edu.br\/museudesolosrochaseminerais\/rochas\/","title":{"rendered":"Rochas"},"content":{"rendered":"<div id=\"pl-42\"  class=\"panel-layout\" ><div id=\"pg-42-0\"  class=\"panel-grid panel-no-style\" ><div id=\"pgc-42-0-0\"  class=\"panel-grid-cell\" ><div id=\"panel-42-0-0-0\" class=\"so-panel widget widget_sow-editor panel-first-child panel-last-child\" data-index=\"0\" ><div\n\t\t\t\n\t\t\tclass=\"so-widget-sow-editor so-widget-sow-editor-base\"\n\t\t\t\n\t\t>\n<div class=\"siteorigin-widget-tinymce textwidget\">\n\t<h2 style=\"text-align: center\">O<strong> que s\u00e3o rochas ?<\/strong><\/h2>\n<div id=\"attachment_157\" style=\"width: 325px\" class=\"wp-caption alignleft\"><img aria-describedby=\"caption-attachment-157\" loading=\"lazy\" decoding=\"async\" class=\"wp-image-157 size-full\" src=\"https:\/\/wp.ufpel.edu.br\/museudesolosrochaseminerais\/files\/2020\/07\/ebad120dee009228a7711d8b2f59b3e3.jpg\" alt=\"\" width=\"315\" height=\"208\" \/><p id=\"caption-attachment-157\" class=\"wp-caption-text\">Fonte: Grand Canyon nos EUA-Arizona<\/p><\/div>\n<p>O termo rocha \u00e9 usado para descrever uma associa\u00e7\u00e3o de minerais que, por diferentes motivos geol\u00f3gico, acabam ficando intimamente unidos. Embora coesa e, muitas vezes, dura , a rocha n\u00e3o \u00e9 homog\u00eanea. Ela n\u00e3o tem continuidade f\u00edsica de um mineral e, portanto, pode ser subdividida em todos os seus minerais constituintes.<\/p>\n<p style=\"text-align: left\">S\u00e3o classificadas em <a href=\"https:\/\/wp.ufpel.edu.br\/museudesolosrochaseminerais\/rochas\/igneas\/\"><strong>\u00cdgneas<\/strong>,<\/a> <a href=\"https:\/\/wp.ufpel.edu.br\/museudesolosrochaseminerais\/rochas\/sedimentares\/\"><strong>Sedimentares<\/strong><\/a> e <a href=\"https:\/\/wp.ufpel.edu.br\/museudesolosrochaseminerais\/rochas\/metamorficas\/\"><strong>Metam\u00f3rficas<\/strong>.<\/a><\/p>\n<h2 style=\"text-align: left\">Ciclo das rochas<\/h2>\n<div>\n<p><strong>As rochas, em geral, como sistemas abertos que s\u00e3o<\/strong>, compostas por mine\u00adrais (que neste contexto podemos entender como sub-sistemas), perdem esta\u00adbilidade sempre que saem do ambiente em que foram geradas. Ainda que muito lentamente, \u00e0 escala humana de avalia\u00e7\u00e3o do tempo, os minerais dessas rochas tendem a adaptar-se aos novos par\u00e2metros termodin\u00e2micos e qu\u00edmicos, modi\u00adficando-se qu\u00edmica e estruturalmente.<\/p>\n<div id=\"attachment_1552\" style=\"width: 510px\" class=\"wp-caption aligncenter\"><img aria-describedby=\"caption-attachment-1552\" loading=\"lazy\" decoding=\"async\" class=\"wp-image-1552 size-full\" src=\"https:\/\/wp.ufpel.edu.br\/museudesolosrochaseminerais\/files\/2020\/10\/metamorfismo.jpg\" alt=\"\" width=\"500\" height=\"274\" srcset=\"https:\/\/wp.ufpel.edu.br\/museudesolosrochaseminerais\/files\/2020\/10\/metamorfismo.jpg 500w, https:\/\/wp.ufpel.edu.br\/museudesolosrochaseminerais\/files\/2020\/10\/metamorfismo-400x219.jpg 400w\" sizes=\"auto, (max-width: 500px) 100vw, 500px\" \/><p id=\"caption-attachment-1552\" class=\"wp-caption-text\">Fonte: https:\/\/abre.ai\/cesk<\/p><\/div>\n<\/div>\n<div>\n<p style=\"font-weight: 400\">As modifica\u00e7\u00f5es geol\u00f3gicas, geogr\u00e1ficas e biol\u00f3gicas est\u00e3o registadas e preser\u00advadas nas rochas que se geraram ao longo de cada epis\u00f3dio da hist\u00f3ria da Terra. As rochas s\u00e3o geradas por processos naturais, desde \u00e9pocas remotas, e teste\u00admunham as condi\u00e7\u00f5es em que se originaram. Quando a rocha \u00e9 sujeita a outras condi\u00e7\u00f5es, a sua textura e\/ou os seus minerais transformam-se por modifica\u00e7\u00f5es no estado s\u00f3lido, por fus\u00e3o parcial ou total ou por meteoriza\u00e7\u00e3o f\u00edsica e\/ou qu\u00edmica.<\/p>\n<p style=\"font-weight: 400\">Portanto, rochas sedimentares, rochas metam\u00f3rficas e rochas magm\u00e1ticas est\u00e3o profundamente relacionadas, pois a mesma mat\u00e9ria pode integrar diferentes tipos litol\u00f3gicos.<\/p>\n<div id=\"attachment_1553\" style=\"width: 510px\" class=\"wp-caption aligncenter\"><img aria-describedby=\"caption-attachment-1553\" loading=\"lazy\" decoding=\"async\" class=\"wp-image-1553 size-full\" src=\"https:\/\/wp.ufpel.edu.br\/museudesolosrochaseminerais\/files\/2020\/10\/Ciclo-das-Rochas-1.jpg\" alt=\"\" width=\"500\" height=\"354\" srcset=\"https:\/\/wp.ufpel.edu.br\/museudesolosrochaseminerais\/files\/2020\/10\/Ciclo-das-Rochas-1.jpg 500w, https:\/\/wp.ufpel.edu.br\/museudesolosrochaseminerais\/files\/2020\/10\/Ciclo-das-Rochas-1-400x283.jpg 400w\" sizes=\"auto, (max-width: 500px) 100vw, 500px\" \/><p id=\"caption-attachment-1553\" class=\"wp-caption-text\">Fonte: http:\/\/cienciasdavidaedaterra25.blogspot.com\/2011\/09\/ciclo-das-rochas.html<\/p><\/div>\n<p style=\"font-weight: 400\">Nesta sequ\u00eancia de processos das rochas podem considerar-se diferentes etapas:<\/p>\n<ul>\n<li>As rochas sedimentares s\u00e3o produto de processos externos que caracterizam o dom\u00ednio sedimentar. Meteoriza\u00e7\u00e3o, eros\u00e3o, sedimenta\u00e7\u00e3o e diag\u00e9nese s\u00e3o proces\u00adsos caracter\u00edsticos deste dom\u00ednio.<\/li>\n<li style=\"font-weight: 400\">\u00a0Se as rochas sedimentares aprofundam na crusta, ficam submetidas ao peso das rochas suprajacentes. Podem ainda ser comprimidas, devido a tens\u00f5es que se geram no interior da Terra, experimentando simultaneamente um aquecimento progressivo.<\/li>\n<li style=\"font-weight: 400\">Quando os valores das tens\u00f5es e da temperatura ultrapassam os limites supe\u00adriores da diag\u00e9nese, as rochas entram no dom\u00ednio do metamorfismo, em que se verificam altera\u00e7\u00f5es essencialmente no estado s\u00f3lido. Formam-se assim novos minerais a partir dos minerais das rochas preexistentes, que assumem nova forma e orienta\u00e7\u00e3o.<\/li>\n<li style=\"font-weight: 400\">\u00a0Se as condi\u00e7\u00f5es de temperatura e de press\u00e3o s\u00e3o tais que provocam a fus\u00e3o dos minerais que constituem as rochas, passa-se ao dom\u00ednio do magmatismo, origi\u00adnando-se magmas. Os magmas, ao movimentarem-se na crusta, podem experi\u00admentar um arrefecimento progressivo, o que leva \u00e0 consolida\u00e7\u00e3o e forma\u00e7\u00e3o de rochas magm\u00e1ticas.<\/li>\n<li style=\"font-weight: 400\">\u00a0As rochas geradas em profundidade, quer sejam magm\u00e1ticas quer sejam metam\u00f3rficas, podem ser soerguidas devido aos movimentos da crusta. A remo\u00e7\u00e3o das rochas suprajacentes pela eros\u00e3o acaba por p\u00f4r as rochas que se formaram em profundidade a descoberto, expostas na superf\u00edcie terrestre.<\/li>\n<\/ul>\n<p>&nbsp;<\/p>\n<p><strong>Fonte: <\/strong>http:\/\/cienciasdavidaedaterra25.blogspot.com\/2011\/09\/ciclo-das-rochas.html<\/p>\n<p>&nbsp;<\/p>\n<\/div>\n<\/div>\n<\/div><\/div><\/div><\/div><\/div>","protected":false},"excerpt":{"rendered":"<p>O que s\u00e3o rochas ? O termo rocha \u00e9 usado para descrever uma associa\u00e7\u00e3o de minerais que, por diferentes motivos geol\u00f3gico, acabam ficando intimamente unidos. Embora coesa e, muitas vezes, dura , a rocha n\u00e3o \u00e9 homog\u00eanea. Ela n\u00e3o tem continuidade f\u00edsica de um mineral e, portanto, pode ser subdividida em todos os seus minerais [&hellip;]<\/p>\n","protected":false},"author":1048,"featured_media":0,"parent":0,"menu_order":0,"comment_status":"closed","ping_status":"closed","template":"","meta":{"footnotes":""},"class_list":["post-42","page","type-page","status-publish","hentry","post"],"_links":{"self":[{"href":"https:\/\/wp.ufpel.edu.br\/museudesolosrochaseminerais\/wp-json\/wp\/v2\/pages\/42","targetHints":{"allow":["GET"]}}],"collection":[{"href":"https:\/\/wp.ufpel.edu.br\/museudesolosrochaseminerais\/wp-json\/wp\/v2\/pages"}],"about":[{"href":"https:\/\/wp.ufpel.edu.br\/museudesolosrochaseminerais\/wp-json\/wp\/v2\/types\/page"}],"author":[{"embeddable":true,"href":"https:\/\/wp.ufpel.edu.br\/museudesolosrochaseminerais\/wp-json\/wp\/v2\/users\/1048"}],"replies":[{"embeddable":true,"href":"https:\/\/wp.ufpel.edu.br\/museudesolosrochaseminerais\/wp-json\/wp\/v2\/comments?post=42"}],"version-history":[{"count":8,"href":"https:\/\/wp.ufpel.edu.br\/museudesolosrochaseminerais\/wp-json\/wp\/v2\/pages\/42\/revisions"}],"predecessor-version":[{"id":2203,"href":"https:\/\/wp.ufpel.edu.br\/museudesolosrochaseminerais\/wp-json\/wp\/v2\/pages\/42\/revisions\/2203"}],"wp:attachment":[{"href":"https:\/\/wp.ufpel.edu.br\/museudesolosrochaseminerais\/wp-json\/wp\/v2\/media?parent=42"}],"curies":[{"name":"wp","href":"https:\/\/api.w.org\/{rel}","templated":true}]}}