{"id":195,"date":"2020-08-01T15:10:28","date_gmt":"2020-08-01T18:10:28","guid":{"rendered":"https:\/\/wp.ufpel.edu.br\/museudesolosrochaseminerais\/?page_id=195"},"modified":"2022-01-20T12:07:11","modified_gmt":"2022-01-20T15:07:11","slug":"equipe","status":"publish","type":"page","link":"https:\/\/wp.ufpel.edu.br\/museudesolosrochaseminerais\/quem-somos\/equipe\/","title":{"rendered":"Equipe"},"content":{"rendered":"<p><strong>Coordenadores\u00a0<\/strong><\/p>\n<p><a href=\"https:\/\/wp.ufpel.edu.br\/museudesolosrochaseminerais\/pessoas\/pablo-miguel\/\">Prof. Dr.\u00a0 Pablo Miguel<\/a><\/p>\n<p><a href=\"https:\/\/wp.ufpel.edu.br\/museudesolosrochaseminerais\/pessoas\/luiz-fernando-spinelli-pinto\/\">Prof. Dr. Luiz Fernando Spinelli Pinto<\/a><\/p>\n<p>&nbsp;<\/p>\n<p><strong>Alunos de P\u00f3s-Gradua\u00e7\u00e3o<\/strong><\/p>\n<p>Tecn\u00f3logo em Geoprocessamento MSc. Stefan Domingues Nachtigall<\/p>\n<p>Engenheiro Agr\u00f4nomo Ad\u00e3o Pagani Junior<\/p>\n<p>Engenheiro Agr\u00f4nomo\u00a0 Jeferson Diego Leidemer<\/p>\n<p>Engenheiro Agr\u00f4nomo\u00a0 Lucas Barbosa<\/p>\n<p>&nbsp;<\/p>\n<p><strong>Alunos de Gradua\u00e7\u00e3o<\/strong><\/p>\n<p>Beatriz Bruno do Nascimento (Agronomia)<\/p>\n<p>Jos\u00e9 Vitor Peroba (Agronomia)<\/p>\n<p>Livia Oliveira Islab\u00e3o (Agronomia)<\/p>\n<p>Lu\u00edsa Menezes da Silveira (Agronomia)<\/p>\n<p>Th\u00e1bata Barbosa Duarte (Agronomia)<\/p>\n<p>&nbsp;<\/p>\n<p>&nbsp;<\/p>\n<p><strong>Professores Colaboradores<\/strong><\/p>\n<p><a href=\"https:\/\/wp.ufpel.edu.br\/museudesolosrochaseminerais\/pessoas\/flavia-fontana-fernandes\/\">Prof\u00aa. Dr\u00aa Flavia Fontana Fernandes<\/a><\/p>\n<p><a href=\"https:\/\/wp.ufpel.edu.br\/museudesolosrochaseminerais\/pessoas\/rosa-maria-vargas-castilhos\/\">Prof\u00aa. Dr\u00aa Rosa Maria Vargas Castilhos<\/a><\/p>\n<p><a href=\"https:\/\/wp.ufpel.edu.br\/museudesolosrochaseminerais\/pessoas\/lizete-stumpf\/\">Prof\u00aa. Dr\u00aa Lizete Stumpf<\/a><\/p>\n","protected":false},"excerpt":{"rendered":"<p>Coordenadores\u00a0 Prof. Dr.\u00a0 Pablo Miguel Prof. Dr. Luiz Fernando Spinelli Pinto &nbsp; Alunos de P\u00f3s-Gradua\u00e7\u00e3o Tecn\u00f3logo em Geoprocessamento MSc. Stefan Domingues Nachtigall Engenheiro Agr\u00f4nomo Ad\u00e3o Pagani Junior Engenheiro Agr\u00f4nomo\u00a0 Jeferson Diego Leidemer Engenheiro Agr\u00f4nomo\u00a0 Lucas Barbosa &nbsp; Alunos de Gradua\u00e7\u00e3o Beatriz Bruno do Nascimento (Agronomia) Jos\u00e9 Vitor Peroba (Agronomia) Livia Oliveira Islab\u00e3o (Agronomia) Lu\u00edsa Menezes [&hellip;]<\/p>\n","protected":false},"author":1048,"featured_media":0,"parent":218,"menu_order":0,"comment_status":"closed","ping_status":"closed","template":"","meta":{"footnotes":""},"class_list":["post-195","page","type-page","status-publish","hentry","post"],"_links":{"self":[{"href":"https:\/\/wp.ufpel.edu.br\/museudesolosrochaseminerais\/wp-json\/wp\/v2\/pages\/195","targetHints":{"allow":["GET"]}}],"collection":[{"href":"https:\/\/wp.ufpel.edu.br\/museudesolosrochaseminerais\/wp-json\/wp\/v2\/pages"}],"about":[{"href":"https:\/\/wp.ufpel.edu.br\/museudesolosrochaseminerais\/wp-json\/wp\/v2\/types\/page"}],"author":[{"embeddable":true,"href":"https:\/\/wp.ufpel.edu.br\/museudesolosrochaseminerais\/wp-json\/wp\/v2\/users\/1048"}],"replies":[{"embeddable":true,"href":"https:\/\/wp.ufpel.edu.br\/museudesolosrochaseminerais\/wp-json\/wp\/v2\/comments?post=195"}],"version-history":[{"count":22,"href":"https:\/\/wp.ufpel.edu.br\/museudesolosrochaseminerais\/wp-json\/wp\/v2\/pages\/195\/revisions"}],"predecessor-version":[{"id":2205,"href":"https:\/\/wp.ufpel.edu.br\/museudesolosrochaseminerais\/wp-json\/wp\/v2\/pages\/195\/revisions\/2205"}],"up":[{"embeddable":true,"href":"https:\/\/wp.ufpel.edu.br\/museudesolosrochaseminerais\/wp-json\/wp\/v2\/pages\/218"}],"wp:attachment":[{"href":"https:\/\/wp.ufpel.edu.br\/museudesolosrochaseminerais\/wp-json\/wp\/v2\/media?parent=195"}],"curies":[{"name":"wp","href":"https:\/\/api.w.org\/{rel}","templated":true}]}}