{"id":183,"date":"2020-07-24T18:02:37","date_gmt":"2020-07-24T21:02:37","guid":{"rendered":"https:\/\/wp.ufpel.edu.br\/museudesolosrochaseminerais\/?page_id=183"},"modified":"2021-02-03T13:07:08","modified_gmt":"2021-02-03T16:07:08","slug":"cassiterita","status":"publish","type":"page","link":"https:\/\/wp.ufpel.edu.br\/museudesolosrochaseminerais\/minerais\/cassiterita\/","title":{"rendered":"Cassiterita"},"content":{"rendered":"<div id=\"pl-183\"  class=\"panel-layout\" ><div id=\"pg-183-0\"  class=\"panel-grid panel-no-style\" ><div id=\"pgc-183-0-0\"  class=\"panel-grid-cell\" ><div id=\"panel-183-0-0-0\" class=\"so-panel widget widget_sow-editor panel-first-child panel-last-child\" data-index=\"0\" ><div\n\t\t\t\n\t\t\tclass=\"so-widget-sow-editor so-widget-sow-editor-base\"\n\t\t\t\n\t\t>\n<div class=\"siteorigin-widget-tinymce textwidget\">\n\t<p dir=\"ltr\"><span style=\"font-size: 14pt\"><strong>Descri\u00e7\u00e3o:<\/strong><\/span> A cassiterita \u00e9 um di\u00f3xido natural e principal min\u00e9rio de estanho \u00a0(SnO<sub>2<\/sub>),\u00a0O nome prov\u00e9m do\u00a0<a title=\"L\u00edngua grega\" href=\"https:\/\/pt.wikipedia.org\/wiki\/L%C3%ADngua_grega\">grego<\/a>\u00a0<i>kass\u00edteros<\/i> (estanho) pelo latim <i>cassit\u0115ru-<\/i> e franc\u00eas <i>cassit\u00e9rite<\/i>.<sup id=\"cite_ref-In2019_1-0\" class=\"reference\"><\/sup><sup id=\"cite_ref-FOOTNOTEMichaelis2019_2-0\" class=\"reference\"><\/sup>\u00a0<sup id=\"cite_ref-Mu2019_3-0\" class=\"reference\"><\/sup>Reconhecida pela sua elevada densidade relativa, brilho adamantino e tra\u00e7o claro.<\/p>\n<p dir=\"ltr\"><span style=\"font-size: 14pt\"><strong>Cor:<\/strong> <\/span>Geralmente castanha ou preta; raramente amarela ou branca.<\/p>\n<p dir=\"ltr\"><span style=\"font-size: 14pt\"><strong>Textura:<\/strong><\/span> Geralmente Granular compacto, comumente com formas em formas reniformes com apar\u00eancia fibroradiada, dureza entre (6 e 7\u00a0 Mohs).<\/p>\n<p dir=\"ltr\"><span style=\"font-size: 14pt\"><strong>Aplica\u00e7\u00e3o:<\/strong><\/span> Principal min\u00e9rio de estanho foi na fabrica\u00e7\u00e3o de folha-de-flandes ou chapas de estanho para embalagem de alimentos.<\/p>\n\n\t\t<style type=\"text\/css\">\n\t\t\t#gallery-1 {\n\t\t\t\tmargin: auto;\n\t\t\t}\n\t\t\t#gallery-1 .gallery-item {\n\t\t\t\tfloat: left;\n\t\t\t\tmargin-top: 10px;\n\t\t\t\ttext-align: center;\n\t\t\t\twidth: 33%;\n\t\t\t}\n\t\t\t#gallery-1 img {\n\t\t\t\tborder: 2px solid #cfcfcf;\n\t\t\t}\n\t\t\t#gallery-1 .gallery-caption {\n\t\t\t\tmargin-left: 0;\n\t\t\t}\n\t\t\t\/* see gallery_shortcode() in wp-includes\/media.php *\/\n\t\t<\/style>\n\t\t<div id='gallery-1' class='gallery galleryid-183 gallery-columns-3 gallery-size-medium'><dl class='gallery-item'>\n\t\t\t<dt class='gallery-icon landscape'>\n\t\t\t\t<a href='https:\/\/wp.ufpel.edu.br\/museudesolosrochaseminerais\/minerais\/cassiterita\/cassiterita-1\/#main'><img loading=\"lazy\" decoding=\"async\" width=\"400\" height=\"268\" src=\"https:\/\/wp.ufpel.edu.br\/museudesolosrochaseminerais\/files\/2021\/01\/CASSITERITA-1-400x268.jpg\" class=\"attachment-medium size-medium\" alt=\"\" aria-describedby=\"gallery-1-2037\" srcset=\"https:\/\/wp.ufpel.edu.br\/museudesolosrochaseminerais\/files\/2021\/01\/CASSITERITA-1-400x268.jpg 400w, https:\/\/wp.ufpel.edu.br\/museudesolosrochaseminerais\/files\/2021\/01\/CASSITERITA-1-1024x685.jpg 1024w, https:\/\/wp.ufpel.edu.br\/museudesolosrochaseminerais\/files\/2021\/01\/CASSITERITA-1-768x514.jpg 768w, https:\/\/wp.ufpel.edu.br\/museudesolosrochaseminerais\/files\/2021\/01\/CASSITERITA-1-272x182.jpg 272w, https:\/\/wp.ufpel.edu.br\/museudesolosrochaseminerais\/files\/2021\/01\/CASSITERITA-1.jpg 1536w\" sizes=\"auto, (max-width: 400px) 100vw, 400px\" \/><\/a>\n\t\t\t<\/dt>\n\t\t\t\t<dd class='wp-caption-text gallery-caption' id='gallery-1-2037'>\n\t\t\t\tCole\u00e7\u00e3o: Departamento de Solos Local: Encruzilhada- RS\n\t\t\t\t<\/dd><\/dl><dl class='gallery-item'>\n\t\t\t<dt class='gallery-icon landscape'>\n\t\t\t\t<a href='https:\/\/wp.ufpel.edu.br\/museudesolosrochaseminerais\/minerais\/cassiterita\/cassiterita-2\/#main'><img loading=\"lazy\" decoding=\"async\" width=\"400\" height=\"268\" src=\"https:\/\/wp.ufpel.edu.br\/museudesolosrochaseminerais\/files\/2021\/01\/CASSITERITA-2-400x268.jpg\" class=\"attachment-medium size-medium\" alt=\"\" aria-describedby=\"gallery-1-2038\" srcset=\"https:\/\/wp.ufpel.edu.br\/museudesolosrochaseminerais\/files\/2021\/01\/CASSITERITA-2-400x268.jpg 400w, https:\/\/wp.ufpel.edu.br\/museudesolosrochaseminerais\/files\/2021\/01\/CASSITERITA-2-1024x685.jpg 1024w, https:\/\/wp.ufpel.edu.br\/museudesolosrochaseminerais\/files\/2021\/01\/CASSITERITA-2-768x514.jpg 768w, https:\/\/wp.ufpel.edu.br\/museudesolosrochaseminerais\/files\/2021\/01\/CASSITERITA-2-272x182.jpg 272w, https:\/\/wp.ufpel.edu.br\/museudesolosrochaseminerais\/files\/2021\/01\/CASSITERITA-2.jpg 1536w\" sizes=\"auto, (max-width: 400px) 100vw, 400px\" \/><\/a>\n\t\t\t<\/dt>\n\t\t\t\t<dd class='wp-caption-text gallery-caption' id='gallery-1-2038'>\n\t\t\t\tCole\u00e7\u00e3o: Departamento de Solos Local: Encruzilhada- RS\n\t\t\t\t<\/dd><\/dl><dl class='gallery-item'>\n\t\t\t<dt class='gallery-icon landscape'>\n\t\t\t\t<a href='https:\/\/wp.ufpel.edu.br\/museudesolosrochaseminerais\/minerais\/cassiterita\/cassiterita-3\/#main'><img loading=\"lazy\" decoding=\"async\" width=\"400\" height=\"268\" src=\"https:\/\/wp.ufpel.edu.br\/museudesolosrochaseminerais\/files\/2021\/01\/CASSITERITA-3-400x268.jpg\" class=\"attachment-medium size-medium\" alt=\"\" aria-describedby=\"gallery-1-2039\" srcset=\"https:\/\/wp.ufpel.edu.br\/museudesolosrochaseminerais\/files\/2021\/01\/CASSITERITA-3-400x268.jpg 400w, https:\/\/wp.ufpel.edu.br\/museudesolosrochaseminerais\/files\/2021\/01\/CASSITERITA-3-1024x685.jpg 1024w, https:\/\/wp.ufpel.edu.br\/museudesolosrochaseminerais\/files\/2021\/01\/CASSITERITA-3-768x514.jpg 768w, https:\/\/wp.ufpel.edu.br\/museudesolosrochaseminerais\/files\/2021\/01\/CASSITERITA-3-272x182.jpg 272w, https:\/\/wp.ufpel.edu.br\/museudesolosrochaseminerais\/files\/2021\/01\/CASSITERITA-3.jpg 1536w\" sizes=\"auto, (max-width: 400px) 100vw, 400px\" \/><\/a>\n\t\t\t<\/dt>\n\t\t\t\t<dd class='wp-caption-text gallery-caption' id='gallery-1-2039'>\n\t\t\t\tCole\u00e7\u00e3o: Departamento de Solos Local: Encruzilhada- RS\n\t\t\t\t<\/dd><\/dl><br style=\"clear: both\" \/><dl class='gallery-item'>\n\t\t\t<dt class='gallery-icon landscape'>\n\t\t\t\t<a href='https:\/\/wp.ufpel.edu.br\/museudesolosrochaseminerais\/minerais\/cassiterita\/cassiterita-4\/#main'><img loading=\"lazy\" decoding=\"async\" width=\"400\" height=\"268\" src=\"https:\/\/wp.ufpel.edu.br\/museudesolosrochaseminerais\/files\/2021\/01\/CASSITERITA-4-400x268.jpg\" class=\"attachment-medium size-medium\" alt=\"\" aria-describedby=\"gallery-1-2040\" srcset=\"https:\/\/wp.ufpel.edu.br\/museudesolosrochaseminerais\/files\/2021\/01\/CASSITERITA-4-400x268.jpg 400w, https:\/\/wp.ufpel.edu.br\/museudesolosrochaseminerais\/files\/2021\/01\/CASSITERITA-4-1024x685.jpg 1024w, https:\/\/wp.ufpel.edu.br\/museudesolosrochaseminerais\/files\/2021\/01\/CASSITERITA-4-768x514.jpg 768w, https:\/\/wp.ufpel.edu.br\/museudesolosrochaseminerais\/files\/2021\/01\/CASSITERITA-4-272x182.jpg 272w, https:\/\/wp.ufpel.edu.br\/museudesolosrochaseminerais\/files\/2021\/01\/CASSITERITA-4.jpg 1536w\" sizes=\"auto, (max-width: 400px) 100vw, 400px\" \/><\/a>\n\t\t\t<\/dt>\n\t\t\t\t<dd class='wp-caption-text gallery-caption' id='gallery-1-2040'>\n\t\t\t\tCole\u00e7\u00e3o: Departamento de Solos Local: Encruzilhada- RS\n\t\t\t\t<\/dd><\/dl>\n\t\t\t<br style='clear: both' \/>\n\t\t<\/div>\n\n<p dir=\"ltr\" style=\"text-align: center\"><span style=\"font-size: 14pt\"><strong><a href=\"https:\/\/wp.ufpel.edu.br\/museudesolosrochaseminerais\/colecaominerais\/\">Voltar<\/a><\/strong><\/span><\/p>\n<h6 style=\"text-align: center\"><\/h6>\n<\/div>\n<\/div><\/div><\/div><\/div><\/div>","protected":false},"excerpt":{"rendered":"<p>Descri\u00e7\u00e3o: A cassiterita \u00e9 um di\u00f3xido natural e principal min\u00e9rio de estanho \u00a0(SnO2),\u00a0O nome prov\u00e9m do\u00a0grego\u00a0kass\u00edteros (estanho) pelo latim cassit\u0115ru- e franc\u00eas cassit\u00e9rite.\u00a0Reconhecida pela sua elevada densidade relativa, brilho adamantino e tra\u00e7o claro. Cor: Geralmente castanha ou preta; raramente amarela ou branca. Textura: Geralmente Granular compacto, comumente com formas em formas reniformes com apar\u00eancia fibroradiada, [&hellip;]<\/p>\n","protected":false},"author":1048,"featured_media":0,"parent":45,"menu_order":0,"comment_status":"closed","ping_status":"closed","template":"","meta":{"footnotes":""},"class_list":["post-183","page","type-page","status-publish","hentry","post"],"_links":{"self":[{"href":"https:\/\/wp.ufpel.edu.br\/museudesolosrochaseminerais\/wp-json\/wp\/v2\/pages\/183","targetHints":{"allow":["GET"]}}],"collection":[{"href":"https:\/\/wp.ufpel.edu.br\/museudesolosrochaseminerais\/wp-json\/wp\/v2\/pages"}],"about":[{"href":"https:\/\/wp.ufpel.edu.br\/museudesolosrochaseminerais\/wp-json\/wp\/v2\/types\/page"}],"author":[{"embeddable":true,"href":"https:\/\/wp.ufpel.edu.br\/museudesolosrochaseminerais\/wp-json\/wp\/v2\/users\/1048"}],"replies":[{"embeddable":true,"href":"https:\/\/wp.ufpel.edu.br\/museudesolosrochaseminerais\/wp-json\/wp\/v2\/comments?post=183"}],"version-history":[{"count":9,"href":"https:\/\/wp.ufpel.edu.br\/museudesolosrochaseminerais\/wp-json\/wp\/v2\/pages\/183\/revisions"}],"predecessor-version":[{"id":2122,"href":"https:\/\/wp.ufpel.edu.br\/museudesolosrochaseminerais\/wp-json\/wp\/v2\/pages\/183\/revisions\/2122"}],"up":[{"embeddable":true,"href":"https:\/\/wp.ufpel.edu.br\/museudesolosrochaseminerais\/wp-json\/wp\/v2\/pages\/45"}],"wp:attachment":[{"href":"https:\/\/wp.ufpel.edu.br\/museudesolosrochaseminerais\/wp-json\/wp\/v2\/media?parent=183"}],"curies":[{"name":"wp","href":"https:\/\/api.w.org\/{rel}","templated":true}]}}