{"id":1695,"date":"2020-10-22T18:57:50","date_gmt":"2020-10-22T21:57:50","guid":{"rendered":"https:\/\/wp.ufpel.edu.br\/museudesolosrochaseminerais\/?page_id=1695"},"modified":"2021-02-03T13:35:24","modified_gmt":"2021-02-03T16:35:24","slug":"estaurolita","status":"publish","type":"page","link":"https:\/\/wp.ufpel.edu.br\/museudesolosrochaseminerais\/estaurolita\/","title":{"rendered":"Estaurolita"},"content":{"rendered":"<div id=\"pl-1695\"  class=\"panel-layout\" ><div id=\"pg-1695-0\"  class=\"panel-grid panel-no-style\" ><div id=\"pgc-1695-0-0\"  class=\"panel-grid-cell\" ><div id=\"panel-1695-0-0-0\" class=\"so-panel widget widget_sow-editor panel-first-child panel-last-child\" data-index=\"0\" ><div\n\t\t\t\n\t\t\tclass=\"so-widget-sow-editor so-widget-sow-editor-base\"\n\t\t\t\n\t\t>\n<div class=\"siteorigin-widget-tinymce textwidget\">\n\t<p><span style=\"font-size: 14pt\"><strong>Defini\u00e7\u00e3o:<\/strong><span style=\"font-size: 12pt\"> <b>Estaurolite<\/b> \u00e9 um mineral \u00a0do grupo dos nesossilicatos, com tra\u00e7o branco-acinzentado Cristaliza no sistema monocl\u00ednico A sua f\u00f3rmula qu\u00edmica \u00e9 algo complexa: (Fe,Mg,Zn)<sub>2<\/sub>Al<sub>9<\/sub>(Si,Al)<sub>4<\/sub>O<sub>22<\/sub>OH<sub>2<\/sub>. O ferro o mang\u00e2nes e o zinco ocorrem em propor\u00e7\u00f5es muito vari\u00e1veis . A estaurolita apresenta a particularidade de frequentemente os seus cristais se apresentarem maclados numa caracter\u00edstica forma de cruz. Os cristais macrosc\u00f3picos apresentam h\u00e1bito prism\u00e1tico, sendo geralmente maiores que os minerais circundantes. Por isso seu h\u00e1bito \u00e9 classificado como cruciforme ou prism\u00e1tico .<\/span><\/span><\/p>\n<p><span style=\"font-size: 14pt\"><strong>Cor: <\/strong>C<span style=\"font-size: 12pt\">or vermelha a castanha, geralmente opaco.<\/span><\/span><\/p>\n<p><span style=\"font-size: 14pt\"><strong>Textura:<\/strong> <span style=\"font-size: 12pt\">Dureza (6 a 7.5) escala de mohs.<\/span><\/span><\/p>\n<p style=\"text-align: right\"><span style=\"font-size: 10pt\">Fonte:https:\/\/pt.wikipedia.org\/wiki\/Estaurolita<\/span><\/p>\n\n\t\t<style type=\"text\/css\">\n\t\t\t#gallery-1 {\n\t\t\t\tmargin: auto;\n\t\t\t}\n\t\t\t#gallery-1 .gallery-item {\n\t\t\t\tfloat: left;\n\t\t\t\tmargin-top: 10px;\n\t\t\t\ttext-align: center;\n\t\t\t\twidth: 33%;\n\t\t\t}\n\t\t\t#gallery-1 img {\n\t\t\t\tborder: 2px solid #cfcfcf;\n\t\t\t}\n\t\t\t#gallery-1 .gallery-caption {\n\t\t\t\tmargin-left: 0;\n\t\t\t}\n\t\t\t\/* see gallery_shortcode() in wp-includes\/media.php *\/\n\t\t<\/style>\n\t\t<div id='gallery-1' class='gallery galleryid-1695 gallery-columns-3 gallery-size-medium'><dl class='gallery-item'>\n\t\t\t<dt class='gallery-icon landscape'>\n\t\t\t\t<a href='https:\/\/wp.ufpel.edu.br\/museudesolosrochaseminerais\/estaurolita\/estaurolita-i\/#main'><img loading=\"lazy\" decoding=\"async\" width=\"400\" height=\"268\" src=\"https:\/\/wp.ufpel.edu.br\/museudesolosrochaseminerais\/files\/2021\/01\/ESTAUROLITA-I-400x268.jpg\" class=\"attachment-medium size-medium\" alt=\"\" aria-describedby=\"gallery-1-2091\" srcset=\"https:\/\/wp.ufpel.edu.br\/museudesolosrochaseminerais\/files\/2021\/01\/ESTAUROLITA-I-400x268.jpg 400w, https:\/\/wp.ufpel.edu.br\/museudesolosrochaseminerais\/files\/2021\/01\/ESTAUROLITA-I-1024x685.jpg 1024w, https:\/\/wp.ufpel.edu.br\/museudesolosrochaseminerais\/files\/2021\/01\/ESTAUROLITA-I-768x514.jpg 768w, https:\/\/wp.ufpel.edu.br\/museudesolosrochaseminerais\/files\/2021\/01\/ESTAUROLITA-I-272x182.jpg 272w, https:\/\/wp.ufpel.edu.br\/museudesolosrochaseminerais\/files\/2021\/01\/ESTAUROLITA-I.jpg 1536w\" sizes=\"auto, (max-width: 400px) 100vw, 400px\" \/><\/a>\n\t\t\t<\/dt>\n\t\t\t\t<dd class='wp-caption-text gallery-caption' id='gallery-1-2091'>\n\t\t\t\tCole\u00e7\u00e3o: Ph. Centrale- Paris Local: Bretanha Obs: sistema r\u00f4mbico\n\t\t\t\t<\/dd><\/dl><dl class='gallery-item'>\n\t\t\t<dt class='gallery-icon landscape'>\n\t\t\t\t<a href='https:\/\/wp.ufpel.edu.br\/museudesolosrochaseminerais\/estaurolita\/estaurolita-ii\/#main'><img loading=\"lazy\" decoding=\"async\" width=\"400\" height=\"268\" src=\"https:\/\/wp.ufpel.edu.br\/museudesolosrochaseminerais\/files\/2021\/01\/ESTAUROLITA-II-400x268.jpg\" class=\"attachment-medium size-medium\" alt=\"\" aria-describedby=\"gallery-1-2092\" srcset=\"https:\/\/wp.ufpel.edu.br\/museudesolosrochaseminerais\/files\/2021\/01\/ESTAUROLITA-II-400x268.jpg 400w, https:\/\/wp.ufpel.edu.br\/museudesolosrochaseminerais\/files\/2021\/01\/ESTAUROLITA-II-1024x685.jpg 1024w, https:\/\/wp.ufpel.edu.br\/museudesolosrochaseminerais\/files\/2021\/01\/ESTAUROLITA-II-768x514.jpg 768w, https:\/\/wp.ufpel.edu.br\/museudesolosrochaseminerais\/files\/2021\/01\/ESTAUROLITA-II-272x182.jpg 272w, https:\/\/wp.ufpel.edu.br\/museudesolosrochaseminerais\/files\/2021\/01\/ESTAUROLITA-II.jpg 1536w\" sizes=\"auto, (max-width: 400px) 100vw, 400px\" \/><\/a>\n\t\t\t<\/dt>\n\t\t\t\t<dd class='wp-caption-text gallery-caption' id='gallery-1-2092'>\n\t\t\t\tCole\u00e7\u00e3o: Ph. Centrale- Paris Local: Bretanha Obs: sistema r\u00f4mbico\n\t\t\t\t<\/dd><\/dl><dl class='gallery-item'>\n\t\t\t<dt class='gallery-icon landscape'>\n\t\t\t\t<a href='https:\/\/wp.ufpel.edu.br\/museudesolosrochaseminerais\/estaurolita\/estaurolita-2\/#main'><img loading=\"lazy\" decoding=\"async\" width=\"400\" height=\"268\" src=\"https:\/\/wp.ufpel.edu.br\/museudesolosrochaseminerais\/files\/2021\/01\/ESTAUROLITA-400x268.jpg\" class=\"attachment-medium size-medium\" alt=\"\" aria-describedby=\"gallery-1-2093\" srcset=\"https:\/\/wp.ufpel.edu.br\/museudesolosrochaseminerais\/files\/2021\/01\/ESTAUROLITA-400x268.jpg 400w, https:\/\/wp.ufpel.edu.br\/museudesolosrochaseminerais\/files\/2021\/01\/ESTAUROLITA-1024x685.jpg 1024w, https:\/\/wp.ufpel.edu.br\/museudesolosrochaseminerais\/files\/2021\/01\/ESTAUROLITA-768x514.jpg 768w, https:\/\/wp.ufpel.edu.br\/museudesolosrochaseminerais\/files\/2021\/01\/ESTAUROLITA-272x182.jpg 272w, https:\/\/wp.ufpel.edu.br\/museudesolosrochaseminerais\/files\/2021\/01\/ESTAUROLITA.jpg 1536w\" sizes=\"auto, (max-width: 400px) 100vw, 400px\" \/><\/a>\n\t\t\t<\/dt>\n\t\t\t\t<dd class='wp-caption-text gallery-caption' id='gallery-1-2093'>\n\t\t\t\tCole\u00e7\u00e3o: Ph. Centrale- Paris Local: Bretanha Obs: sistema r\u00f4mbico\n\t\t\t\t<\/dd><\/dl><br style=\"clear: both\" \/>\n\t\t<\/div>\n\n<p>&nbsp;<\/p>\n<p style=\"text-align: right\"><span style=\"font-size: 10pt\">Fonte:https:\/\/pt.wikipedia.org\/wiki\/Estaurolita<\/span><\/p>\n<p>&nbsp;<\/p>\n<p style=\"text-align: center\"><a href=\"https:\/\/wp.ufpel.edu.br\/museudesolosrochaseminerais\/colecaominerais\/\"><span style=\"font-size: 14pt\"><strong>Voltar\u00a0<\/strong><\/span><\/a><\/p>\n<\/div>\n<\/div><\/div><\/div><\/div><\/div>","protected":false},"excerpt":{"rendered":"<p>Defini\u00e7\u00e3o: Estaurolite \u00e9 um mineral \u00a0do grupo dos nesossilicatos, com tra\u00e7o branco-acinzentado Cristaliza no sistema monocl\u00ednico A sua f\u00f3rmula qu\u00edmica \u00e9 algo complexa: (Fe,Mg,Zn)2Al9(Si,Al)4O22OH2. O ferro o mang\u00e2nes e o zinco ocorrem em propor\u00e7\u00f5es muito vari\u00e1veis . A estaurolita apresenta a particularidade de frequentemente os seus cristais se apresentarem maclados numa caracter\u00edstica forma de cruz. [&hellip;]<\/p>\n","protected":false},"author":1048,"featured_media":0,"parent":0,"menu_order":0,"comment_status":"closed","ping_status":"closed","template":"","meta":{"footnotes":""},"class_list":["post-1695","page","type-page","status-publish","hentry","post"],"_links":{"self":[{"href":"https:\/\/wp.ufpel.edu.br\/museudesolosrochaseminerais\/wp-json\/wp\/v2\/pages\/1695","targetHints":{"allow":["GET"]}}],"collection":[{"href":"https:\/\/wp.ufpel.edu.br\/museudesolosrochaseminerais\/wp-json\/wp\/v2\/pages"}],"about":[{"href":"https:\/\/wp.ufpel.edu.br\/museudesolosrochaseminerais\/wp-json\/wp\/v2\/types\/page"}],"author":[{"embeddable":true,"href":"https:\/\/wp.ufpel.edu.br\/museudesolosrochaseminerais\/wp-json\/wp\/v2\/users\/1048"}],"replies":[{"embeddable":true,"href":"https:\/\/wp.ufpel.edu.br\/museudesolosrochaseminerais\/wp-json\/wp\/v2\/comments?post=1695"}],"version-history":[{"count":6,"href":"https:\/\/wp.ufpel.edu.br\/museudesolosrochaseminerais\/wp-json\/wp\/v2\/pages\/1695\/revisions"}],"predecessor-version":[{"id":2124,"href":"https:\/\/wp.ufpel.edu.br\/museudesolosrochaseminerais\/wp-json\/wp\/v2\/pages\/1695\/revisions\/2124"}],"wp:attachment":[{"href":"https:\/\/wp.ufpel.edu.br\/museudesolosrochaseminerais\/wp-json\/wp\/v2\/media?parent=1695"}],"curies":[{"name":"wp","href":"https:\/\/api.w.org\/{rel}","templated":true}]}}