{"id":169,"date":"2020-07-24T17:39:12","date_gmt":"2020-07-24T20:39:12","guid":{"rendered":"https:\/\/wp.ufpel.edu.br\/museudesolosrochaseminerais\/?page_id=169"},"modified":"2020-07-24T17:48:05","modified_gmt":"2020-07-24T20:48:05","slug":"extrusivas","status":"publish","type":"page","link":"https:\/\/wp.ufpel.edu.br\/museudesolosrochaseminerais\/rochas\/igneas\/extrusivas\/","title":{"rendered":"Extrusivas"},"content":{"rendered":"<p dir=\"ltr\" style=\"text-align: left\">O resfriamento do magmas extrusivo\u00a0 \u00e9 muito mais\u00a0 r\u00e1pido. Muitas vezes, n\u00e3o h\u00e1 tempo suficiente para os cristais crescerem muito, A rocha extrusiva tende a ter, portanto, uma textura e granula\u00e7\u00e3o fina.<\/p>\n<div id=\"attachment_177\" style=\"width: 390px\" class=\"wp-caption aligncenter\"><img loading=\"lazy\" decoding=\"async\" aria-describedby=\"caption-attachment-177\" class=\"size-full wp-image-177\" src=\"https:\/\/wp.ufpel.edu.br\/museudesolosrochaseminerais\/files\/2020\/07\/rocha-ignea-vulcanica.jpg\" alt=\"Andesito, rocha vulc\u00e2nica que recebe esse nome por ser abundante na regi\u00e3o dos Andes\" width=\"380\" height=\"253\" \/><p id=\"caption-attachment-177\" class=\"wp-caption-text\">Fonte: Imagem https:\/\/brasilescola.uol.com.br\/<\/p><\/div>\n","protected":false},"excerpt":{"rendered":"<p>O resfriamento do magmas extrusivo\u00a0 \u00e9 muito mais\u00a0 r\u00e1pido. Muitas vezes, n\u00e3o h\u00e1 tempo suficiente para os cristais crescerem muito, A rocha extrusiva tende a ter, portanto, uma textura e granula\u00e7\u00e3o fina.<\/p>\n","protected":false},"author":1048,"featured_media":0,"parent":62,"menu_order":0,"comment_status":"closed","ping_status":"closed","template":"","meta":{"footnotes":""},"class_list":["post-169","page","type-page","status-publish","hentry","post"],"_links":{"self":[{"href":"https:\/\/wp.ufpel.edu.br\/museudesolosrochaseminerais\/wp-json\/wp\/v2\/pages\/169","targetHints":{"allow":["GET"]}}],"collection":[{"href":"https:\/\/wp.ufpel.edu.br\/museudesolosrochaseminerais\/wp-json\/wp\/v2\/pages"}],"about":[{"href":"https:\/\/wp.ufpel.edu.br\/museudesolosrochaseminerais\/wp-json\/wp\/v2\/types\/page"}],"author":[{"embeddable":true,"href":"https:\/\/wp.ufpel.edu.br\/museudesolosrochaseminerais\/wp-json\/wp\/v2\/users\/1048"}],"replies":[{"embeddable":true,"href":"https:\/\/wp.ufpel.edu.br\/museudesolosrochaseminerais\/wp-json\/wp\/v2\/comments?post=169"}],"version-history":[{"count":3,"href":"https:\/\/wp.ufpel.edu.br\/museudesolosrochaseminerais\/wp-json\/wp\/v2\/pages\/169\/revisions"}],"predecessor-version":[{"id":180,"href":"https:\/\/wp.ufpel.edu.br\/museudesolosrochaseminerais\/wp-json\/wp\/v2\/pages\/169\/revisions\/180"}],"up":[{"embeddable":true,"href":"https:\/\/wp.ufpel.edu.br\/museudesolosrochaseminerais\/wp-json\/wp\/v2\/pages\/62"}],"wp:attachment":[{"href":"https:\/\/wp.ufpel.edu.br\/museudesolosrochaseminerais\/wp-json\/wp\/v2\/media?parent=169"}],"curies":[{"name":"wp","href":"https:\/\/api.w.org\/{rel}","templated":true}]}}