{"id":1645,"date":"2020-10-19T17:54:17","date_gmt":"2020-10-19T20:54:17","guid":{"rendered":"https:\/\/wp.ufpel.edu.br\/museudesolosrochaseminerais\/?page_id=1645"},"modified":"2021-02-03T13:06:36","modified_gmt":"2021-02-03T16:06:36","slug":"calcita","status":"publish","type":"page","link":"https:\/\/wp.ufpel.edu.br\/museudesolosrochaseminerais\/calcita\/","title":{"rendered":"Calcita (CaCO3) &#8211; Mineral do Grupo dos Carbonatos"},"content":{"rendered":"<div id=\"pl-1645\"  class=\"panel-layout\" ><div id=\"pg-1645-0\"  class=\"panel-grid panel-no-style\" ><div id=\"pgc-1645-0-0\"  class=\"panel-grid-cell\" ><div id=\"panel-1645-0-0-0\" class=\"so-panel widget widget_sow-editor panel-first-child panel-last-child\" data-index=\"0\" ><div\n\t\t\t\n\t\t\tclass=\"so-widget-sow-editor so-widget-sow-editor-base\"\n\t\t\t\n\t\t>\n<div class=\"siteorigin-widget-tinymce textwidget\">\n\t<p><span style=\"font-size: 14pt\"><strong>Descri\u00e7\u00e3o:<\/strong><span style=\"font-size: 12pt\">\u00a0<\/span><\/span><span style=\"font-size: 14pt\"><span style=\"font-size: 12pt\">A Calcita \u00e9 o mineral constituinte do calc\u00e1rio junto com a aragonita. \u00c9 um mineral com composi\u00e7\u00e3o qu\u00edmica CaCO3, com clivagem ortorr\u00f4mbico perfeita. Principal constituinte dos calc\u00e1rios e m\u00e1rmores, tem o c\u00e1lcio como principal elemento formador e possui alta pureza e alvura.\u00a0 Distingue-se da dolomita pela efervesc\u00eancia em HCl, e da aragonita por ter menor densidade e clivagem\u00a0 rombo\u00e9drica.<\/span><\/span><\/p>\n<p><span style=\"font-size: 14pt\"><strong>Cor: <\/strong><span style=\"font-size: 12pt\">branco, amarelo, vermelho, laranja, azul, verde, marrom, cinza e incolor;<\/span><\/span><\/p>\n<p><span style=\"font-size: 14pt\"><strong>Textura: <\/strong><\/span>Dureza baixa (3,0), densidade leve.<\/p>\n<p><span style=\"font-size: 14pt\"><strong>Aplica\u00e7\u00e3o: <\/strong><\/span>Fabrica\u00e7\u00e3o de tintas, vernizes, borrachas, pl\u00e1sticos, ceras, colas, cosm\u00e9ticos;<\/p>\n<p>Fabrica\u00e7\u00e3o de produtos qu\u00edmicos, produtos farmac\u00eauticos e produtos aliment\u00edcios;<\/p>\n<p>M\u00e1rmore sint\u00e9tico (pias, cubas e lavat\u00f3rios);<\/p>\n<p>Revestimento de parede, massa de parede, grafiato e cer\u00e2micas;<\/p>\n<p>Filtros para gases e corre\u00e7\u00e3o de pH;<\/p>\n<p>Fabrica\u00e7\u00e3o de condu\u00edtes, tubos r\u00edgidos, espumas e mangueiras plastificadas;<\/p>\n\n\t\t<style type=\"text\/css\">\n\t\t\t#gallery-1 {\n\t\t\t\tmargin: auto;\n\t\t\t}\n\t\t\t#gallery-1 .gallery-item {\n\t\t\t\tfloat: left;\n\t\t\t\tmargin-top: 10px;\n\t\t\t\ttext-align: center;\n\t\t\t\twidth: 33%;\n\t\t\t}\n\t\t\t#gallery-1 img {\n\t\t\t\tborder: 2px solid #cfcfcf;\n\t\t\t}\n\t\t\t#gallery-1 .gallery-caption {\n\t\t\t\tmargin-left: 0;\n\t\t\t}\n\t\t\t\/* see gallery_shortcode() in wp-includes\/media.php *\/\n\t\t<\/style>\n\t\t<div id='gallery-1' class='gallery galleryid-1645 gallery-columns-3 gallery-size-medium'><dl class='gallery-item'>\n\t\t\t<dt class='gallery-icon landscape'>\n\t\t\t\t<a href='https:\/\/wp.ufpel.edu.br\/museudesolosrochaseminerais\/calcita\/calcita-1\/#main'><img loading=\"lazy\" decoding=\"async\" width=\"400\" height=\"268\" src=\"https:\/\/wp.ufpel.edu.br\/museudesolosrochaseminerais\/files\/2021\/01\/CALCITA-1-400x268.jpg\" class=\"attachment-medium size-medium\" alt=\"\" aria-describedby=\"gallery-1-2021\" srcset=\"https:\/\/wp.ufpel.edu.br\/museudesolosrochaseminerais\/files\/2021\/01\/CALCITA-1-400x268.jpg 400w, https:\/\/wp.ufpel.edu.br\/museudesolosrochaseminerais\/files\/2021\/01\/CALCITA-1-1024x685.jpg 1024w, https:\/\/wp.ufpel.edu.br\/museudesolosrochaseminerais\/files\/2021\/01\/CALCITA-1-768x514.jpg 768w, https:\/\/wp.ufpel.edu.br\/museudesolosrochaseminerais\/files\/2021\/01\/CALCITA-1-272x182.jpg 272w, https:\/\/wp.ufpel.edu.br\/museudesolosrochaseminerais\/files\/2021\/01\/CALCITA-1.jpg 1536w\" sizes=\"auto, (max-width: 400px) 100vw, 400px\" \/><\/a>\n\t\t\t<\/dt>\n\t\t\t\t<dd class='wp-caption-text gallery-caption' id='gallery-1-2021'>\n\t\t\t\tCole\u00e7\u00e3o: Departamento de Solos &#8211; UfpelLocaliza\u00e7\u00e3o: S\u00e3o Gabriel-RS\n\t\t\t\t<\/dd><\/dl><dl class='gallery-item'>\n\t\t\t<dt class='gallery-icon landscape'>\n\t\t\t\t<a href='https:\/\/wp.ufpel.edu.br\/museudesolosrochaseminerais\/calcita\/calcita-3\/#main'><img loading=\"lazy\" decoding=\"async\" width=\"400\" height=\"268\" src=\"https:\/\/wp.ufpel.edu.br\/museudesolosrochaseminerais\/files\/2021\/01\/CALCITA-3-400x268.jpg\" class=\"attachment-medium size-medium\" alt=\"\" aria-describedby=\"gallery-1-2023\" srcset=\"https:\/\/wp.ufpel.edu.br\/museudesolosrochaseminerais\/files\/2021\/01\/CALCITA-3-400x268.jpg 400w, https:\/\/wp.ufpel.edu.br\/museudesolosrochaseminerais\/files\/2021\/01\/CALCITA-3-1024x685.jpg 1024w, https:\/\/wp.ufpel.edu.br\/museudesolosrochaseminerais\/files\/2021\/01\/CALCITA-3-768x514.jpg 768w, https:\/\/wp.ufpel.edu.br\/museudesolosrochaseminerais\/files\/2021\/01\/CALCITA-3-272x182.jpg 272w, https:\/\/wp.ufpel.edu.br\/museudesolosrochaseminerais\/files\/2021\/01\/CALCITA-3.jpg 1536w\" sizes=\"auto, (max-width: 400px) 100vw, 400px\" \/><\/a>\n\t\t\t<\/dt>\n\t\t\t\t<dd class='wp-caption-text gallery-caption' id='gallery-1-2023'>\n\t\t\t\tCole\u00e7\u00e3o: Departamento de Solos &#8211; UfpelLocaliza\u00e7\u00e3o: S\u00e3o Gabriel-RS\n\t\t\t\t<\/dd><\/dl><dl class='gallery-item'>\n\t\t\t<dt class='gallery-icon landscape'>\n\t\t\t\t<a href='https:\/\/wp.ufpel.edu.br\/museudesolosrochaseminerais\/calcita\/calcita-2\/#main'><img loading=\"lazy\" decoding=\"async\" width=\"400\" height=\"268\" src=\"https:\/\/wp.ufpel.edu.br\/museudesolosrochaseminerais\/files\/2021\/01\/CALCITA-2-400x268.jpg\" class=\"attachment-medium size-medium\" alt=\"\" aria-describedby=\"gallery-1-2022\" srcset=\"https:\/\/wp.ufpel.edu.br\/museudesolosrochaseminerais\/files\/2021\/01\/CALCITA-2-400x268.jpg 400w, https:\/\/wp.ufpel.edu.br\/museudesolosrochaseminerais\/files\/2021\/01\/CALCITA-2-1024x685.jpg 1024w, https:\/\/wp.ufpel.edu.br\/museudesolosrochaseminerais\/files\/2021\/01\/CALCITA-2-768x514.jpg 768w, https:\/\/wp.ufpel.edu.br\/museudesolosrochaseminerais\/files\/2021\/01\/CALCITA-2-272x182.jpg 272w, https:\/\/wp.ufpel.edu.br\/museudesolosrochaseminerais\/files\/2021\/01\/CALCITA-2.jpg 1536w\" sizes=\"auto, (max-width: 400px) 100vw, 400px\" \/><\/a>\n\t\t\t<\/dt>\n\t\t\t\t<dd class='wp-caption-text gallery-caption' id='gallery-1-2022'>\n\t\t\t\tCole\u00e7\u00e3o: Departamento de Solos &#8211; UfpelLocaliza\u00e7\u00e3o: S\u00e3o Gabriel-RS\n\t\t\t\t<\/dd><\/dl><br style=\"clear: both\" \/><dl class='gallery-item'>\n\t\t\t<dt class='gallery-icon landscape'>\n\t\t\t\t<a href='https:\/\/wp.ufpel.edu.br\/museudesolosrochaseminerais\/calcita\/calcita-i-1\/#main'><img loading=\"lazy\" decoding=\"async\" width=\"400\" height=\"268\" src=\"https:\/\/wp.ufpel.edu.br\/museudesolosrochaseminerais\/files\/2021\/01\/CALCITA-I-1-400x268.jpg\" class=\"attachment-medium size-medium\" alt=\"\" aria-describedby=\"gallery-1-2025\" srcset=\"https:\/\/wp.ufpel.edu.br\/museudesolosrochaseminerais\/files\/2021\/01\/CALCITA-I-1-400x268.jpg 400w, https:\/\/wp.ufpel.edu.br\/museudesolosrochaseminerais\/files\/2021\/01\/CALCITA-I-1-1024x685.jpg 1024w, https:\/\/wp.ufpel.edu.br\/museudesolosrochaseminerais\/files\/2021\/01\/CALCITA-I-1-768x514.jpg 768w, https:\/\/wp.ufpel.edu.br\/museudesolosrochaseminerais\/files\/2021\/01\/CALCITA-I-1-272x182.jpg 272w, https:\/\/wp.ufpel.edu.br\/museudesolosrochaseminerais\/files\/2021\/01\/CALCITA-I-1.jpg 1536w\" sizes=\"auto, (max-width: 400px) 100vw, 400px\" \/><\/a>\n\t\t\t<\/dt>\n\t\t\t\t<dd class='wp-caption-text gallery-caption' id='gallery-1-2025'>\n\t\t\t\tDescri\u00e7\u00e3o: Calcita  Local: Ant\u00f4nio Prado- RS  Cole\u00e7\u00e3o: Miguel Go\u00e7alvez -1947  Acervo: Departamento de Solos- UFPel\n\t\t\t\t<\/dd><\/dl><dl class='gallery-item'>\n\t\t\t<dt class='gallery-icon landscape'>\n\t\t\t\t<a href='https:\/\/wp.ufpel.edu.br\/museudesolosrochaseminerais\/calcita\/calcita-i-2\/#main'><img loading=\"lazy\" decoding=\"async\" width=\"400\" height=\"268\" src=\"https:\/\/wp.ufpel.edu.br\/museudesolosrochaseminerais\/files\/2021\/01\/CALCITA-I-2-400x268.jpg\" class=\"attachment-medium size-medium\" alt=\"\" aria-describedby=\"gallery-1-2026\" srcset=\"https:\/\/wp.ufpel.edu.br\/museudesolosrochaseminerais\/files\/2021\/01\/CALCITA-I-2-400x268.jpg 400w, https:\/\/wp.ufpel.edu.br\/museudesolosrochaseminerais\/files\/2021\/01\/CALCITA-I-2-1024x685.jpg 1024w, https:\/\/wp.ufpel.edu.br\/museudesolosrochaseminerais\/files\/2021\/01\/CALCITA-I-2-768x514.jpg 768w, https:\/\/wp.ufpel.edu.br\/museudesolosrochaseminerais\/files\/2021\/01\/CALCITA-I-2-272x182.jpg 272w, https:\/\/wp.ufpel.edu.br\/museudesolosrochaseminerais\/files\/2021\/01\/CALCITA-I-2.jpg 1536w\" sizes=\"auto, (max-width: 400px) 100vw, 400px\" \/><\/a>\n\t\t\t<\/dt>\n\t\t\t\t<dd class='wp-caption-text gallery-caption' id='gallery-1-2026'>\n\t\t\t\tDescri\u00e7\u00e3o: Calcita  Local: Ant\u00f4nio Prado- RS  Cole\u00e7\u00e3o: Miguel Go\u00e7alvez -1947  Acervo: Departamento de Solos- UFPel\n\t\t\t\t<\/dd><\/dl><dl class='gallery-item'>\n\t\t\t<dt class='gallery-icon landscape'>\n\t\t\t\t<a href='https:\/\/wp.ufpel.edu.br\/museudesolosrochaseminerais\/calcita\/calcita-i-3\/#main'><img loading=\"lazy\" decoding=\"async\" width=\"400\" height=\"268\" src=\"https:\/\/wp.ufpel.edu.br\/museudesolosrochaseminerais\/files\/2021\/01\/CALCITA-I-3-400x268.jpg\" class=\"attachment-medium size-medium\" alt=\"\" aria-describedby=\"gallery-1-2027\" srcset=\"https:\/\/wp.ufpel.edu.br\/museudesolosrochaseminerais\/files\/2021\/01\/CALCITA-I-3-400x268.jpg 400w, https:\/\/wp.ufpel.edu.br\/museudesolosrochaseminerais\/files\/2021\/01\/CALCITA-I-3-1024x685.jpg 1024w, https:\/\/wp.ufpel.edu.br\/museudesolosrochaseminerais\/files\/2021\/01\/CALCITA-I-3-768x514.jpg 768w, https:\/\/wp.ufpel.edu.br\/museudesolosrochaseminerais\/files\/2021\/01\/CALCITA-I-3-272x182.jpg 272w, https:\/\/wp.ufpel.edu.br\/museudesolosrochaseminerais\/files\/2021\/01\/CALCITA-I-3.jpg 1536w\" sizes=\"auto, (max-width: 400px) 100vw, 400px\" \/><\/a>\n\t\t\t<\/dt>\n\t\t\t\t<dd class='wp-caption-text gallery-caption' id='gallery-1-2027'>\n\t\t\t\tDescri\u00e7\u00e3o: Calcita  Local: Ant\u00f4nio Prado- RS  Cole\u00e7\u00e3o: Miguel Go\u00e7alvez -1947  Acervo: Departamento de Solos- UFPel\n\t\t\t\t<\/dd><\/dl><br style=\"clear: both\" \/><dl class='gallery-item'>\n\t\t\t<dt class='gallery-icon landscape'>\n\t\t\t\t<a href='https:\/\/wp.ufpel.edu.br\/museudesolosrochaseminerais\/calcita\/calcita-i-4\/#main'><img loading=\"lazy\" decoding=\"async\" width=\"400\" height=\"268\" src=\"https:\/\/wp.ufpel.edu.br\/museudesolosrochaseminerais\/files\/2021\/01\/CALCITA-I-4-400x268.jpg\" class=\"attachment-medium size-medium\" alt=\"\" aria-describedby=\"gallery-1-2028\" srcset=\"https:\/\/wp.ufpel.edu.br\/museudesolosrochaseminerais\/files\/2021\/01\/CALCITA-I-4-400x268.jpg 400w, https:\/\/wp.ufpel.edu.br\/museudesolosrochaseminerais\/files\/2021\/01\/CALCITA-I-4-1024x685.jpg 1024w, https:\/\/wp.ufpel.edu.br\/museudesolosrochaseminerais\/files\/2021\/01\/CALCITA-I-4-768x514.jpg 768w, https:\/\/wp.ufpel.edu.br\/museudesolosrochaseminerais\/files\/2021\/01\/CALCITA-I-4-272x182.jpg 272w, https:\/\/wp.ufpel.edu.br\/museudesolosrochaseminerais\/files\/2021\/01\/CALCITA-I-4.jpg 1536w\" sizes=\"auto, (max-width: 400px) 100vw, 400px\" \/><\/a>\n\t\t\t<\/dt>\n\t\t\t\t<dd class='wp-caption-text gallery-caption' id='gallery-1-2028'>\n\t\t\t\tDescri\u00e7\u00e3o: Calcita  Local: Ant\u00f4nio Prado- RS  Cole\u00e7\u00e3o: Miguel Go\u00e7alvez -1947  Acervo: Departamento de Solos- UFPel\n\t\t\t\t<\/dd><\/dl><dl class='gallery-item'>\n\t\t\t<dt class='gallery-icon landscape'>\n\t\t\t\t<a href='https:\/\/wp.ufpel.edu.br\/museudesolosrochaseminerais\/calcita\/calcita-i-5\/#main'><img loading=\"lazy\" decoding=\"async\" width=\"400\" height=\"268\" src=\"https:\/\/wp.ufpel.edu.br\/museudesolosrochaseminerais\/files\/2021\/01\/CALCITA-I-5-400x268.jpg\" class=\"attachment-medium size-medium\" alt=\"\" aria-describedby=\"gallery-1-2029\" srcset=\"https:\/\/wp.ufpel.edu.br\/museudesolosrochaseminerais\/files\/2021\/01\/CALCITA-I-5-400x268.jpg 400w, https:\/\/wp.ufpel.edu.br\/museudesolosrochaseminerais\/files\/2021\/01\/CALCITA-I-5-1024x685.jpg 1024w, https:\/\/wp.ufpel.edu.br\/museudesolosrochaseminerais\/files\/2021\/01\/CALCITA-I-5-768x514.jpg 768w, https:\/\/wp.ufpel.edu.br\/museudesolosrochaseminerais\/files\/2021\/01\/CALCITA-I-5-272x182.jpg 272w, https:\/\/wp.ufpel.edu.br\/museudesolosrochaseminerais\/files\/2021\/01\/CALCITA-I-5.jpg 1536w\" sizes=\"auto, (max-width: 400px) 100vw, 400px\" \/><\/a>\n\t\t\t<\/dt>\n\t\t\t\t<dd class='wp-caption-text gallery-caption' id='gallery-1-2029'>\n\t\t\t\tDescri\u00e7\u00e3o: Calcita  Local: Ant\u00f4nio Prado- RS  Cole\u00e7\u00e3o: Miguel Go\u00e7alvez -1947  Acervo: Departamento de Solos- UFPel\n\t\t\t\t<\/dd><\/dl><dl class='gallery-item'>\n\t\t\t<dt class='gallery-icon landscape'>\n\t\t\t\t<a href='https:\/\/wp.ufpel.edu.br\/museudesolosrochaseminerais\/calcita\/calcita-i-6\/#main'><img loading=\"lazy\" decoding=\"async\" width=\"400\" height=\"268\" src=\"https:\/\/wp.ufpel.edu.br\/museudesolosrochaseminerais\/files\/2021\/01\/CALCITA-I-6-400x268.jpg\" class=\"attachment-medium size-medium\" alt=\"\" aria-describedby=\"gallery-1-2030\" srcset=\"https:\/\/wp.ufpel.edu.br\/museudesolosrochaseminerais\/files\/2021\/01\/CALCITA-I-6-400x268.jpg 400w, https:\/\/wp.ufpel.edu.br\/museudesolosrochaseminerais\/files\/2021\/01\/CALCITA-I-6-1024x685.jpg 1024w, https:\/\/wp.ufpel.edu.br\/museudesolosrochaseminerais\/files\/2021\/01\/CALCITA-I-6-768x514.jpg 768w, https:\/\/wp.ufpel.edu.br\/museudesolosrochaseminerais\/files\/2021\/01\/CALCITA-I-6-272x182.jpg 272w, https:\/\/wp.ufpel.edu.br\/museudesolosrochaseminerais\/files\/2021\/01\/CALCITA-I-6.jpg 1536w\" sizes=\"auto, (max-width: 400px) 100vw, 400px\" \/><\/a>\n\t\t\t<\/dt>\n\t\t\t\t<dd class='wp-caption-text gallery-caption' id='gallery-1-2030'>\n\t\t\t\tDescri\u00e7\u00e3o: Calcita  Local: Ant\u00f4nio Prado- RS  Cole\u00e7\u00e3o: Miguel Go\u00e7alvez -1947  Acervo: Departamento de Solos- UFPel\n\t\t\t\t<\/dd><\/dl><br style=\"clear: both\" \/><dl class='gallery-item'>\n\t\t\t<dt class='gallery-icon landscape'>\n\t\t\t\t<a href='https:\/\/wp.ufpel.edu.br\/museudesolosrochaseminerais\/calcita\/calcita-i-7\/#main'><img loading=\"lazy\" decoding=\"async\" width=\"400\" height=\"268\" src=\"https:\/\/wp.ufpel.edu.br\/museudesolosrochaseminerais\/files\/2021\/01\/CALCITA-I-7-400x268.jpg\" class=\"attachment-medium size-medium\" alt=\"\" aria-describedby=\"gallery-1-2031\" srcset=\"https:\/\/wp.ufpel.edu.br\/museudesolosrochaseminerais\/files\/2021\/01\/CALCITA-I-7-400x268.jpg 400w, https:\/\/wp.ufpel.edu.br\/museudesolosrochaseminerais\/files\/2021\/01\/CALCITA-I-7-1024x685.jpg 1024w, https:\/\/wp.ufpel.edu.br\/museudesolosrochaseminerais\/files\/2021\/01\/CALCITA-I-7-768x514.jpg 768w, https:\/\/wp.ufpel.edu.br\/museudesolosrochaseminerais\/files\/2021\/01\/CALCITA-I-7-272x182.jpg 272w, https:\/\/wp.ufpel.edu.br\/museudesolosrochaseminerais\/files\/2021\/01\/CALCITA-I-7.jpg 1536w\" sizes=\"auto, (max-width: 400px) 100vw, 400px\" \/><\/a>\n\t\t\t<\/dt>\n\t\t\t\t<dd class='wp-caption-text gallery-caption' id='gallery-1-2031'>\n\t\t\t\tDescri\u00e7\u00e3o: Calcita  Local: Ant\u00f4nio Prado- RS  Cole\u00e7\u00e3o: Miguel Go\u00e7alvez -1947  Acervo: Departamento de Solos- UFPel\n\t\t\t\t<\/dd><\/dl><dl class='gallery-item'>\n\t\t\t<dt class='gallery-icon landscape'>\n\t\t\t\t<a href='https:\/\/wp.ufpel.edu.br\/museudesolosrochaseminerais\/calcita\/calcita-i-8\/#main'><img loading=\"lazy\" decoding=\"async\" width=\"400\" height=\"268\" src=\"https:\/\/wp.ufpel.edu.br\/museudesolosrochaseminerais\/files\/2021\/01\/CALCITA-I-8-400x268.jpg\" class=\"attachment-medium size-medium\" alt=\"\" aria-describedby=\"gallery-1-2032\" srcset=\"https:\/\/wp.ufpel.edu.br\/museudesolosrochaseminerais\/files\/2021\/01\/CALCITA-I-8-400x268.jpg 400w, https:\/\/wp.ufpel.edu.br\/museudesolosrochaseminerais\/files\/2021\/01\/CALCITA-I-8-1024x685.jpg 1024w, https:\/\/wp.ufpel.edu.br\/museudesolosrochaseminerais\/files\/2021\/01\/CALCITA-I-8-768x514.jpg 768w, https:\/\/wp.ufpel.edu.br\/museudesolosrochaseminerais\/files\/2021\/01\/CALCITA-I-8-272x182.jpg 272w, https:\/\/wp.ufpel.edu.br\/museudesolosrochaseminerais\/files\/2021\/01\/CALCITA-I-8.jpg 1536w\" sizes=\"auto, (max-width: 400px) 100vw, 400px\" \/><\/a>\n\t\t\t<\/dt>\n\t\t\t\t<dd class='wp-caption-text gallery-caption' id='gallery-1-2032'>\n\t\t\t\tDescri\u00e7\u00e3o: Calcita  Local: Ant\u00f4nio Prado- RS  Cole\u00e7\u00e3o: Miguel Go\u00e7alvez -1947  Acervo: Departamento de Solos- UFPel\n\t\t\t\t<\/dd><\/dl><dl class='gallery-item'>\n\t\t\t<dt class='gallery-icon landscape'>\n\t\t\t\t<a href='https:\/\/wp.ufpel.edu.br\/museudesolosrochaseminerais\/calcita\/calcita-i-9\/#main'><img loading=\"lazy\" decoding=\"async\" width=\"400\" height=\"268\" src=\"https:\/\/wp.ufpel.edu.br\/museudesolosrochaseminerais\/files\/2021\/01\/CALCITA-I-9-400x268.jpg\" class=\"attachment-medium size-medium\" alt=\"\" aria-describedby=\"gallery-1-2033\" srcset=\"https:\/\/wp.ufpel.edu.br\/museudesolosrochaseminerais\/files\/2021\/01\/CALCITA-I-9-400x268.jpg 400w, https:\/\/wp.ufpel.edu.br\/museudesolosrochaseminerais\/files\/2021\/01\/CALCITA-I-9-1024x685.jpg 1024w, https:\/\/wp.ufpel.edu.br\/museudesolosrochaseminerais\/files\/2021\/01\/CALCITA-I-9-768x514.jpg 768w, https:\/\/wp.ufpel.edu.br\/museudesolosrochaseminerais\/files\/2021\/01\/CALCITA-I-9-272x182.jpg 272w, https:\/\/wp.ufpel.edu.br\/museudesolosrochaseminerais\/files\/2021\/01\/CALCITA-I-9.jpg 1536w\" sizes=\"auto, (max-width: 400px) 100vw, 400px\" \/><\/a>\n\t\t\t<\/dt>\n\t\t\t\t<dd class='wp-caption-text gallery-caption' id='gallery-1-2033'>\n\t\t\t\tDescri\u00e7\u00e3o: Calcita  Local: Ant\u00f4nio Prado- RS  Cole\u00e7\u00e3o: Miguel Go\u00e7alvez -1947  Acervo: Departamento de Solos- UFPel\n\t\t\t\t<\/dd><\/dl><br style=\"clear: both\" \/><dl class='gallery-item'>\n\t\t\t<dt class='gallery-icon landscape'>\n\t\t\t\t<a href='https:\/\/wp.ufpel.edu.br\/museudesolosrochaseminerais\/calcita\/calcita-i-10-2\/#main'><img loading=\"lazy\" decoding=\"async\" width=\"400\" height=\"268\" src=\"https:\/\/wp.ufpel.edu.br\/museudesolosrochaseminerais\/files\/2021\/01\/CALCITA-I-10-1-400x268.jpg\" class=\"attachment-medium size-medium\" alt=\"\" aria-describedby=\"gallery-1-2035\" srcset=\"https:\/\/wp.ufpel.edu.br\/museudesolosrochaseminerais\/files\/2021\/01\/CALCITA-I-10-1-400x268.jpg 400w, https:\/\/wp.ufpel.edu.br\/museudesolosrochaseminerais\/files\/2021\/01\/CALCITA-I-10-1-1024x685.jpg 1024w, https:\/\/wp.ufpel.edu.br\/museudesolosrochaseminerais\/files\/2021\/01\/CALCITA-I-10-1-768x514.jpg 768w, https:\/\/wp.ufpel.edu.br\/museudesolosrochaseminerais\/files\/2021\/01\/CALCITA-I-10-1-272x182.jpg 272w, https:\/\/wp.ufpel.edu.br\/museudesolosrochaseminerais\/files\/2021\/01\/CALCITA-I-10-1.jpg 1536w\" sizes=\"auto, (max-width: 400px) 100vw, 400px\" \/><\/a>\n\t\t\t<\/dt>\n\t\t\t\t<dd class='wp-caption-text gallery-caption' id='gallery-1-2035'>\n\t\t\t\tDescri\u00e7\u00e3o: Calcita  Local: Ant\u00f4nio Prado- RS  Cole\u00e7\u00e3o: Miguel Go\u00e7alvez -1947  Acervo: Departamento de Solos- UFPel\n\t\t\t\t<\/dd><\/dl>\n\t\t\t<br style='clear: both' \/>\n\t\t<\/div>\n\n<p>&nbsp;<\/p>\n<p style=\"text-align: center\"><a href=\"https:\/\/wp.ufpel.edu.br\/museudesolosrochaseminerais\/colecaominerais\/\">Voltar<\/a><\/p>\n<p>&nbsp;<\/p>\n<\/div>\n<\/div><\/div><\/div><\/div><\/div>","protected":false},"excerpt":{"rendered":"<p>Descri\u00e7\u00e3o:\u00a0A Calcita \u00e9 o mineral constituinte do calc\u00e1rio junto com a aragonita. \u00c9 um mineral com composi\u00e7\u00e3o qu\u00edmica CaCO3, com clivagem ortorr\u00f4mbico perfeita. Principal constituinte dos calc\u00e1rios e m\u00e1rmores, tem o c\u00e1lcio como principal elemento formador e possui alta pureza e alvura.\u00a0 Distingue-se da dolomita pela efervesc\u00eancia em HCl, e da aragonita por ter menor [&hellip;]<\/p>\n","protected":false},"author":1048,"featured_media":0,"parent":0,"menu_order":0,"comment_status":"closed","ping_status":"closed","template":"","meta":{"footnotes":""},"class_list":["post-1645","page","type-page","status-publish","hentry","post"],"_links":{"self":[{"href":"https:\/\/wp.ufpel.edu.br\/museudesolosrochaseminerais\/wp-json\/wp\/v2\/pages\/1645","targetHints":{"allow":["GET"]}}],"collection":[{"href":"https:\/\/wp.ufpel.edu.br\/museudesolosrochaseminerais\/wp-json\/wp\/v2\/pages"}],"about":[{"href":"https:\/\/wp.ufpel.edu.br\/museudesolosrochaseminerais\/wp-json\/wp\/v2\/types\/page"}],"author":[{"embeddable":true,"href":"https:\/\/wp.ufpel.edu.br\/museudesolosrochaseminerais\/wp-json\/wp\/v2\/users\/1048"}],"replies":[{"embeddable":true,"href":"https:\/\/wp.ufpel.edu.br\/museudesolosrochaseminerais\/wp-json\/wp\/v2\/comments?post=1645"}],"version-history":[{"count":8,"href":"https:\/\/wp.ufpel.edu.br\/museudesolosrochaseminerais\/wp-json\/wp\/v2\/pages\/1645\/revisions"}],"predecessor-version":[{"id":2120,"href":"https:\/\/wp.ufpel.edu.br\/museudesolosrochaseminerais\/wp-json\/wp\/v2\/pages\/1645\/revisions\/2120"}],"wp:attachment":[{"href":"https:\/\/wp.ufpel.edu.br\/museudesolosrochaseminerais\/wp-json\/wp\/v2\/media?parent=1645"}],"curies":[{"name":"wp","href":"https:\/\/api.w.org\/{rel}","templated":true}]}}